{"id":7402,"date":"2022-01-28T19:13:12","date_gmt":"2022-01-28T18:13:12","guid":{"rendered":"https:\/\/sirlima.eu\/?post_type=product&#038;p=7402"},"modified":"2023-07-01T00:00:09","modified_gmt":"2023-06-30T22:00:09","slug":"rinshana-upgrade-individualisierung-seelenauftrag","status":"publish","type":"product","link":"https:\/\/sirlima.eu\/en\/p\/rinshana-upgrade-individualisierung-seelenauftrag\/","title":{"rendered":"Rinshana Upgrade: Individualisierung auf deinen Seelenauftrag"},"content":{"rendered":"<div data-elementor-type=\"product-post\" data-elementor-id=\"7402\" class=\"elementor elementor-7402\" data-elementor-post-type=\"product\">\n\t\t\t\t\t\t<section class=\"elementor-section elementor-top-section elementor-element elementor-element-7b3bc492 elementor-section-boxed elementor-section-height-default elementor-section-height-default\" data-id=\"7b3bc492\" data-element_type=\"section\">\n\t\t\t\t\t\t<div class=\"elementor-container elementor-column-gap-default\">\n\t\t\t\t\t<div class=\"elementor-column elementor-col-100 elementor-top-column elementor-element elementor-element-94524cb\" data-id=\"94524cb\" data-element_type=\"column\">\n\t\t\t<div class=\"elementor-widget-wrap elementor-element-populated\">\n\t\t\t\t\t\t<div class=\"elementor-element elementor-element-758d6ed9 elementor-widget elementor-widget-text-editor\" data-id=\"758d6ed9\" data-element_type=\"widget\" data-widget_type=\"text-editor.default\">\n\t\t\t\t<div class=\"elementor-widget-container\">\n\t\t\t\t\t\t\t\t\t<p>Die energetische Individualisierung auf deinen Seelenauftrag ist jederzeit<br \/>als 5.dimensionales Upgrade zu deinem Rinshana Wirkring m\u00f6glich.<\/p><p>Dunia Anandara ben\u00f6tigt hierzu deinen Vor- und Nachnamen (Geburtsnamen),<br \/>mit welchem du in dieser Erdeninkarnation gestartet bist und dein Geburtsdatum.<br \/>Mit diesen &#8222;Koordinaten&#8220; wird dein Rinshana Ring durch Dunia Anandara entweder<br \/>a) \u00dcber die Ferne energetisch individualisiert. Dort wo sich dein Rinshana gerade befindet.<br \/>oder<br \/>b) Bei einer Neubestellung gleich energetisch bei uns im Hause auf dich aktiviert.<\/p><p>Generell sind alle Rinshana Ringe 5.dimensional aktiviert. Diese Individualisierung ist<br \/>nicht n\u00f6tig, um die volle Wirkung zu erleben. Sie bringt lediglich deine Seelenaufgabe<br \/>rascher in dein Bewusstsein, weil diese energetische Individualisierung etwas mehr<br \/>5D Energie in diesen Bereich einstr\u00f6men l\u00e4sst.<\/p><p>Diese Erweiterung kann jederzeit erfolgen. Auch noch nach Jahren. Ab Bestellung<br \/>ben\u00f6tigen wir ca. 14 Tage Zeit f\u00fcr die Durchf\u00fchrung und informieren dich per<br \/>E-Mail dar\u00fcber.<\/p><p>Eine Lesung zu deiner Seelenaufgabe findet hierbei nicht statt, k\u00f6nnte jedoch<br \/>gerne als Einzelberatung bei Dunia Anandara separat gebucht werden. Dies<br \/>nennen wir Seelen-Erstlesung. Bei Interesse und Terminanfragen maile<br \/>bitte an: office@sirlima.de<br \/>mit dem Betreff: Interesse an Seelen-Erstlesung<\/p>\t\t\t\t\t\t\t\t<\/div>\n\t\t\t\t<\/div>\n\t\t\t\t\t<\/div>\n\t\t<\/div>\n\t\t\t\t\t<\/div>\n\t\t<\/section>\n\t\t\t\t<\/div>","protected":false},"excerpt":{"rendered":"<figure id=\"attachment_3545\" aria-describedby=\"caption-attachment-3545\" style=\"width: 300px\" class=\"wp-caption alignnone\"><img fetchpriority=\"high\" decoding=\"async\" class=\"size-medium wp-image-3545\" src=\"https:\/\/sirlima.eu\/wp-content\/uploads\/2021\/07\/Rinshana-man-300x300.jpg\" alt=\"\" width=\"300\" height=\"300\" srcset=\"https:\/\/sirlima.eu\/wp-content\/uploads\/2021\/07\/Rinshana-man-300x300.jpg 300w, https:\/\/sirlima.eu\/wp-content\/uploads\/2021\/07\/Rinshana-man-scaled-100x100.jpg 100w, https:\/\/sirlima.eu\/wp-content\/uploads\/2021\/07\/Rinshana-man-scaled-370x370.jpg 370w, https:\/\/sirlima.eu\/wp-content\/uploads\/2021\/07\/Rinshana-man-1024x1024.jpg 1024w, https:\/\/sirlima.eu\/wp-content\/uploads\/2021\/07\/Rinshana-man-scaled-150x150.jpg 150w, https:\/\/sirlima.eu\/wp-content\/uploads\/2021\/07\/Rinshana-man-768x768.jpg 768w, https:\/\/sirlima.eu\/wp-content\/uploads\/2021\/07\/Rinshana-man-1536x1536.jpg 1536w, https:\/\/sirlima.eu\/wp-content\/uploads\/2021\/07\/Rinshana-man-2048x2048.jpg 2048w, https:\/\/sirlima.eu\/wp-content\/uploads\/2021\/07\/Rinshana-man-60x60.jpg 60w\" sizes=\"(max-width: 300px) 100vw, 300px\" \/><figcaption id=\"caption-attachment-3545\" class=\"wp-caption-text\">Detail: Fingers with Rinshana ring.<\/figcaption><\/figure>\n<p><strong>Achtung:<br \/>\nDieses Upgrade ist nur f\u00fcr Rinshana-Besitzer\/innen<br \/>\nm\u00f6glich. <\/strong><strong>Im Bild ist der Rinshana-Ring zu sehen.<br \/>\nDieser ist nicht Bestandteil dieses <\/strong><strong>Angebotes.<br \/>\nAuch nicht der Mann, der Rinshana tr\u00e4gt.<\/strong><\/p>\n<p>Hier bestellst du <strong>die energetische Individualisierung<br \/>\ndeines eigenen Rinshana Ringes.<\/strong><\/p>\n<p>Die energetische Individualisierung auf deinen Seelenauftrag<br \/>\nist jederzeit als 5.dimensionales Upgrade zu deinem<br \/>\nRinshana Wirkring m\u00f6glich.<\/p>\n<p>Dunia Anandara ben\u00f6tigt hierzu deinen Vor- und Nachnamen (Geburtsnamen),<br \/>\nmit welchem du in dieser Erdeninkarnation gestartet bist und dein Geburtsdatum.<\/p>\n<p>Mit diesen &#8222;Koordinaten&#8220; wird dein Rinshana Ring durch Dunia Anandara entweder<br \/>\na) \u00dcber die Ferne energetisch individualisiert. Dort wo sich dein Rinshana gerade befindet.<br \/>\noder<br \/>\nb) Bei einer Neubestellung gleich energetisch bei uns im Hause auf dich aktiviert.<\/p>","protected":false},"author":9,"featured_media":3539,"comment_status":"open","ping_status":"closed","template":"","meta":{"_acf_changed":false,"_kad_post_transparent":"default","_kad_post_title":"","_kad_post_layout":"default","_kad_post_sidebar_id":"","_kad_post_content_style":"default","_kad_post_vertical_padding":"default","_kad_post_feature":"","_kad_post_feature_position":"","_kad_post_header":false,"_kad_post_footer":false,"_kad_post_classname":""},"product_brand":[],"product_cat":[437,288,327],"product_tag":[470,469,468,466,471,467],"class_list":{"0":"post-7402","1":"product","2":"type-product","3":"status-publish","4":"has-post-thumbnail","6":"product_cat-5d-lebens-energie-anwendung","7":"product_cat-5d-wirkprodukte","8":"product_cat-5d-wirkschmuck","9":"product_tag-5d-ring","10":"product_tag-aktivierung-rinshana","11":"product_tag-dunia-anandara-design","12":"product_tag-rinshana-ring","13":"product_tag-sirlima-ring-rinshana","14":"product_tag-wirk-ring-aus-lemuria","16":"first","17":"instock","18":"virtual","19":"purchasable","20":"product-type-simple","21":"entry","22":"content-bg","23":"loop-entry"},"acf":[],"wcpa_form_fields":null,"yoast_head":"<!-- This site is optimized with the Yoast SEO plugin v27.4 - https:\/\/yoast.com\/product\/yoast-seo-wordpress\/ -->\n<title>Rinshana Upgrade: Individualisierung auf deinen Seelenauftrag - Lemuria Institut by Dunia Anandara<\/title>\n<meta name=\"description\" content=\"Upgrade f\u00fcr Rinshana-Ring Besitzer\/innen f\u00fcr deinen Seelenauftrag. Energetische Individualisierung durch Dunia Anandara, \u00fcber die Ferne aktivierbar.\" \/>\n<meta name=\"robots\" content=\"index, follow, max-snippet:-1, max-image-preview:large, max-video-preview:-1\" \/>\n<link rel=\"canonical\" href=\"https:\/\/sirlima.eu\/en\/p\/rinshana-upgrade-individualisierung-seelenauftrag\/\" \/>\n<meta property=\"og:locale\" content=\"en_GB\" \/>\n<meta property=\"og:type\" content=\"article\" \/>\n<meta property=\"og:title\" content=\"Rinshana Upgrade: Individualisierung auf deinen Seelenauftrag - Lemuria Institut by Dunia Anandara\" \/>\n<meta property=\"og:description\" content=\"Upgrade f\u00fcr Rinshana-Ring Besitzer\/innen f\u00fcr deinen Seelenauftrag. Energetische Individualisierung durch Dunia Anandara, \u00fcber die Ferne aktivierbar.\" \/>\n<meta property=\"og:url\" content=\"https:\/\/sirlima.eu\/en\/p\/rinshana-upgrade-individualisierung-seelenauftrag\/\" \/>\n<meta property=\"og:site_name\" content=\"Lemuria Institut by Dunia Anandara\" \/>\n<meta property=\"article:modified_time\" content=\"2023-06-30T22:00:09+00:00\" \/>\n<meta property=\"og:image\" content=\"https:\/\/sirlima.eu\/wp-content\/uploads\/2021\/07\/image-6-1024x1024.jpg\" \/>\n\t<meta property=\"og:image:width\" content=\"1024\" \/>\n\t<meta property=\"og:image:height\" content=\"1024\" \/>\n\t<meta property=\"og:image:type\" content=\"image\/jpeg\" \/>\n<meta name=\"twitter:card\" content=\"summary_large_image\" \/>\n<meta name=\"twitter:label1\" content=\"Estimated reading time\" \/>\n\t<meta name=\"twitter:data1\" content=\"1 minute\" \/>\n<script type=\"application\/ld+json\" class=\"yoast-schema-graph\">{\"@context\":\"https:\\\/\\\/schema.org\",\"@graph\":[{\"@type\":\"WebPage\",\"@id\":\"https:\\\/\\\/sirlima.eu\\\/p\\\/rinshana-upgrade-individualisierung-seelenauftrag\\\/\",\"url\":\"https:\\\/\\\/sirlima.eu\\\/p\\\/rinshana-upgrade-individualisierung-seelenauftrag\\\/\",\"name\":\"Rinshana Upgrade: Individualisierung auf deinen Seelenauftrag - Lemuria Institut by Dunia Anandara\",\"isPartOf\":{\"@id\":\"https:\\\/\\\/sirlima.eu\\\/#website\"},\"primaryImageOfPage\":{\"@id\":\"https:\\\/\\\/sirlima.eu\\\/p\\\/rinshana-upgrade-individualisierung-seelenauftrag\\\/#primaryimage\"},\"image\":{\"@id\":\"https:\\\/\\\/sirlima.eu\\\/p\\\/rinshana-upgrade-individualisierung-seelenauftrag\\\/#primaryimage\"},\"thumbnailUrl\":\"https:\\\/\\\/sirlima.eu\\\/wp-content\\\/uploads\\\/2021\\\/07\\\/image-6.jpg\",\"datePublished\":\"2022-01-28T18:13:12+00:00\",\"dateModified\":\"2023-06-30T22:00:09+00:00\",\"description\":\"Upgrade f\u00fcr Rinshana-Ring Besitzer\\\/innen f\u00fcr deinen Seelenauftrag. Energetische Individualisierung durch Dunia Anandara, \u00fcber die Ferne aktivierbar.\",\"breadcrumb\":{\"@id\":\"https:\\\/\\\/sirlima.eu\\\/p\\\/rinshana-upgrade-individualisierung-seelenauftrag\\\/#breadcrumb\"},\"inLanguage\":\"en-GB\",\"potentialAction\":[{\"@type\":\"ReadAction\",\"target\":[\"https:\\\/\\\/sirlima.eu\\\/p\\\/rinshana-upgrade-individualisierung-seelenauftrag\\\/\"]}]},{\"@type\":\"ImageObject\",\"inLanguage\":\"en-GB\",\"@id\":\"https:\\\/\\\/sirlima.eu\\\/p\\\/rinshana-upgrade-individualisierung-seelenauftrag\\\/#primaryimage\",\"url\":\"https:\\\/\\\/sirlima.eu\\\/wp-content\\\/uploads\\\/2021\\\/07\\\/image-6.jpg\",\"contentUrl\":\"https:\\\/\\\/sirlima.eu\\\/wp-content\\\/uploads\\\/2021\\\/07\\\/image-6.jpg\",\"width\":2000,\"height\":2000,\"caption\":\"Rinshana ring\"},{\"@type\":\"BreadcrumbList\",\"@id\":\"https:\\\/\\\/sirlima.eu\\\/p\\\/rinshana-upgrade-individualisierung-seelenauftrag\\\/#breadcrumb\",\"itemListElement\":[{\"@type\":\"ListItem\",\"position\":1,\"name\":\"Home\",\"item\":\"https:\\\/\\\/sirlima.eu\\\/\"},{\"@type\":\"ListItem\",\"position\":2,\"name\":\"Lemuria Vereinserzeugnisse\",\"item\":\"https:\\\/\\\/sirlima.eu\\\/shop\\\/\"},{\"@type\":\"ListItem\",\"position\":3,\"name\":\"Rinshana Upgrade: Individualisierung auf deinen Seelenauftrag\"}]},{\"@type\":\"WebSite\",\"@id\":\"https:\\\/\\\/sirlima.eu\\\/#website\",\"url\":\"https:\\\/\\\/sirlima.eu\\\/\",\"name\":\"Lemuria Institut by Dunia Anandara\",\"description\":\"Energetic-Natural-Spiritual Lemuria Lifestyle\",\"publisher\":{\"@id\":\"https:\\\/\\\/sirlima.eu\\\/#organization\"},\"potentialAction\":[{\"@type\":\"SearchAction\",\"target\":{\"@type\":\"EntryPoint\",\"urlTemplate\":\"https:\\\/\\\/sirlima.eu\\\/?s={search_term_string}\"},\"query-input\":{\"@type\":\"PropertyValueSpecification\",\"valueRequired\":true,\"valueName\":\"search_term_string\"}}],\"inLanguage\":\"en-GB\"},{\"@type\":\"Organization\",\"@id\":\"https:\\\/\\\/sirlima.eu\\\/#organization\",\"name\":\"Sirlima Lebensr\u00e4ume GbR\",\"url\":\"https:\\\/\\\/sirlima.eu\\\/\",\"logo\":{\"@type\":\"ImageObject\",\"inLanguage\":\"en-GB\",\"@id\":\"https:\\\/\\\/sirlima.eu\\\/#\\\/schema\\\/logo\\\/image\\\/\",\"url\":\"https:\\\/\\\/sirlima.eu\\\/wp-content\\\/uploads\\\/2021\\\/06\\\/cropped-2021-02-Logo-Sirlima.jpg\",\"contentUrl\":\"https:\\\/\\\/sirlima.eu\\\/wp-content\\\/uploads\\\/2021\\\/06\\\/cropped-2021-02-Logo-Sirlima.jpg\",\"width\":676,\"height\":443,\"caption\":\"Sirlima Lebensr\u00e4ume GbR\"},\"image\":{\"@id\":\"https:\\\/\\\/sirlima.eu\\\/#\\\/schema\\\/logo\\\/image\\\/\"}}]}<\/script>\n<!-- \/ Yoast SEO plugin. -->","yoast_head_json":{"title":"Rinshana Upgrade: Individualisierung auf deinen Seelenauftrag - Lemuria Institut by Dunia Anandara","description":"Upgrade f\u00fcr Rinshana-Ring Besitzer\/innen f\u00fcr deinen Seelenauftrag. Energetische Individualisierung durch Dunia Anandara, \u00fcber die Ferne aktivierbar.","robots":{"index":"index","follow":"follow","max-snippet":"max-snippet:-1","max-image-preview":"max-image-preview:large","max-video-preview":"max-video-preview:-1"},"canonical":"https:\/\/sirlima.eu\/en\/p\/rinshana-upgrade-individualisierung-seelenauftrag\/","og_locale":"en_GB","og_type":"article","og_title":"Rinshana Upgrade: Individualisierung auf deinen Seelenauftrag - Lemuria Institut by Dunia Anandara","og_description":"Upgrade f\u00fcr Rinshana-Ring Besitzer\/innen f\u00fcr deinen Seelenauftrag. Energetische Individualisierung durch Dunia Anandara, \u00fcber die Ferne aktivierbar.","og_url":"https:\/\/sirlima.eu\/en\/p\/rinshana-upgrade-individualisierung-seelenauftrag\/","og_site_name":"Lemuria Institut by Dunia Anandara","article_modified_time":"2023-06-30T22:00:09+00:00","og_image":[{"width":1024,"height":1024,"url":"https:\/\/sirlima.eu\/wp-content\/uploads\/2021\/07\/image-6-1024x1024.jpg","type":"image\/jpeg"}],"twitter_card":"summary_large_image","twitter_misc":{"Estimated reading time":"1 minute"},"schema":{"@context":"https:\/\/schema.org","@graph":[{"@type":"WebPage","@id":"https:\/\/sirlima.eu\/p\/rinshana-upgrade-individualisierung-seelenauftrag\/","url":"https:\/\/sirlima.eu\/p\/rinshana-upgrade-individualisierung-seelenauftrag\/","name":"Rinshana Upgrade: Individualisierung auf deinen Seelenauftrag - Lemuria Institut by Dunia Anandara","isPartOf":{"@id":"https:\/\/sirlima.eu\/#website"},"primaryImageOfPage":{"@id":"https:\/\/sirlima.eu\/p\/rinshana-upgrade-individualisierung-seelenauftrag\/#primaryimage"},"image":{"@id":"https:\/\/sirlima.eu\/p\/rinshana-upgrade-individualisierung-seelenauftrag\/#primaryimage"},"thumbnailUrl":"https:\/\/sirlima.eu\/wp-content\/uploads\/2021\/07\/image-6.jpg","datePublished":"2022-01-28T18:13:12+00:00","dateModified":"2023-06-30T22:00:09+00:00","description":"Upgrade f\u00fcr Rinshana-Ring Besitzer\/innen f\u00fcr deinen Seelenauftrag. Energetische Individualisierung durch Dunia Anandara, \u00fcber die Ferne aktivierbar.","breadcrumb":{"@id":"https:\/\/sirlima.eu\/p\/rinshana-upgrade-individualisierung-seelenauftrag\/#breadcrumb"},"inLanguage":"en-GB","potentialAction":[{"@type":"ReadAction","target":["https:\/\/sirlima.eu\/p\/rinshana-upgrade-individualisierung-seelenauftrag\/"]}]},{"@type":"ImageObject","inLanguage":"en-GB","@id":"https:\/\/sirlima.eu\/p\/rinshana-upgrade-individualisierung-seelenauftrag\/#primaryimage","url":"https:\/\/sirlima.eu\/wp-content\/uploads\/2021\/07\/image-6.jpg","contentUrl":"https:\/\/sirlima.eu\/wp-content\/uploads\/2021\/07\/image-6.jpg","width":2000,"height":2000,"caption":"Rinshana ring"},{"@type":"BreadcrumbList","@id":"https:\/\/sirlima.eu\/p\/rinshana-upgrade-individualisierung-seelenauftrag\/#breadcrumb","itemListElement":[{"@type":"ListItem","position":1,"name":"Home","item":"https:\/\/sirlima.eu\/"},{"@type":"ListItem","position":2,"name":"Lemuria Vereinserzeugnisse","item":"https:\/\/sirlima.eu\/shop\/"},{"@type":"ListItem","position":3,"name":"Rinshana Upgrade: Individualisierung auf deinen Seelenauftrag"}]},{"@type":"WebSite","@id":"https:\/\/sirlima.eu\/#website","url":"https:\/\/sirlima.eu\/","name":"Lemuria Institut by Dunia Anandara","description":"Energetic-Natural-Spiritual Lemuria Lifestyle","publisher":{"@id":"https:\/\/sirlima.eu\/#organization"},"potentialAction":[{"@type":"SearchAction","target":{"@type":"EntryPoint","urlTemplate":"https:\/\/sirlima.eu\/?s={search_term_string}"},"query-input":{"@type":"PropertyValueSpecification","valueRequired":true,"valueName":"search_term_string"}}],"inLanguage":"en-GB"},{"@type":"Organization","@id":"https:\/\/sirlima.eu\/#organization","name":"Sirlima Lebensr\u00e4ume GbR","url":"https:\/\/sirlima.eu\/","logo":{"@type":"ImageObject","inLanguage":"en-GB","@id":"https:\/\/sirlima.eu\/#\/schema\/logo\/image\/","url":"https:\/\/sirlima.eu\/wp-content\/uploads\/2021\/06\/cropped-2021-02-Logo-Sirlima.jpg","contentUrl":"https:\/\/sirlima.eu\/wp-content\/uploads\/2021\/06\/cropped-2021-02-Logo-Sirlima.jpg","width":676,"height":443,"caption":"Sirlima Lebensr\u00e4ume GbR"},"image":{"@id":"https:\/\/sirlima.eu\/#\/schema\/logo\/image\/"}}]}},"_links":{"self":[{"href":"https:\/\/sirlima.eu\/en\/wp-json\/wp\/v2\/product\/7402","targetHints":{"allow":["GET"]}}],"collection":[{"href":"https:\/\/sirlima.eu\/en\/wp-json\/wp\/v2\/product"}],"about":[{"href":"https:\/\/sirlima.eu\/en\/wp-json\/wp\/v2\/types\/product"}],"author":[{"embeddable":true,"href":"https:\/\/sirlima.eu\/en\/wp-json\/wp\/v2\/users\/9"}],"replies":[{"embeddable":true,"href":"https:\/\/sirlima.eu\/en\/wp-json\/wp\/v2\/comments?post=7402"}],"version-history":[{"count":1,"href":"https:\/\/sirlima.eu\/en\/wp-json\/wp\/v2\/product\/7402\/revisions"}],"predecessor-version":[{"id":15385,"href":"https:\/\/sirlima.eu\/en\/wp-json\/wp\/v2\/product\/7402\/revisions\/15385"}],"wp:featuredmedia":[{"embeddable":true,"href":"https:\/\/sirlima.eu\/en\/wp-json\/wp\/v2\/media\/3539"}],"wp:attachment":[{"href":"https:\/\/sirlima.eu\/en\/wp-json\/wp\/v2\/media?parent=7402"}],"wp:term":[{"taxonomy":"product_brand","embeddable":true,"href":"https:\/\/sirlima.eu\/en\/wp-json\/wp\/v2\/product_brand?post=7402"},{"taxonomy":"product_cat","embeddable":true,"href":"https:\/\/sirlima.eu\/en\/wp-json\/wp\/v2\/product_cat?post=7402"},{"taxonomy":"product_tag","embeddable":true,"href":"https:\/\/sirlima.eu\/en\/wp-json\/wp\/v2\/product_tag?post=7402"}],"curies":[{"name":"wp","href":"https:\/\/api.w.org\/{rel}","templated":true}]}}