{"id":4102,"date":"2021-09-28T17:39:48","date_gmt":"2021-09-28T15:39:48","guid":{"rendered":"https:\/\/sirlima.eu\/?post_type=product&#038;p=4102"},"modified":"2024-03-04T16:56:46","modified_gmt":"2024-03-04T15:56:46","slug":"elektrosmog-abschirmende-muetze","status":"publish","type":"product","link":"https:\/\/sirlima.eu\/en\/p\/elektrosmog-abschirmende-muetze\/","title":{"rendered":"WLAN+Handy abschirmende M\u00fctze \u2013 Abschirmstoff Baumwollgewebe mit Silberfaden"},"content":{"rendered":"<p>E-Smog Hochfrequenz abschirmende M\u00fctze vereint hohe Flexibilit\u00e4t und wirkungsvollen<br \/>\nSchutz vor hochfrequenter Funkstrahlung wie WLAN, Bluetooth, 2G &#8211; 6G, WiFi, Handy,<br \/>\nSmartmeter und Handy-Funkt\u00fcrme.<\/p>\n<p>Die Gr\u00f6\u00dfe ist unisex f\u00fcr jede Kopfform (bis 62 cm Umfang) geeignet. Durch den etwas elastischen<br \/>\nAbschirmstoff ist die M\u00fctze angenehm zu tragen. Hochfrequente Strahlung wird f\u00fcr die mit der<br \/>\nM\u00fctze bedeckte K\u00f6rperregion mit bis zu 99,9% abschirmt.<\/p>\n<p>Diese Antiwave-M\u00fctze erweitert z.B. den gro\u00dffl\u00e4chig gesch\u00fctzten Schlafraum (mit E-Smog Bettbaldachin)<br \/>\num einen wirkungsvollen Schutz gegen elektromagnetische Strahlung im Freien.<\/p>\n<p>Auch wenn es kein Ersatz f\u00fcr einen EMF abgeschirmten Wohnraum sein kann, so erleichtert es dem<br \/>\nelektrosensiblen Menschen die Bewegung au\u00dferhalb der abgeschirmten Wohnung z.B. auf dem Weg<br \/>\nzum Arbeitsplatz, beim Einkaufen, oder die Teilnahme am \u00f6ffentlichen Leben. Mobilfunk-Sendefrequenzen<br \/>\nnehmen im modernen Leben immer mehr zu und die wenigsten Nutzer von Mobiltelefonen schalten<br \/>\n4G, 5G, WLAN und Bluetooth ab, wenn es nicht ben\u00f6tigt wird.<\/p>\n<p>Daher ist es jedem gesundheitsbewussten Menschen sehr zu empfehlen, sich mit den Auswirkungen<br \/>\nvon sehr sch\u00e4dlicher hochfrequenter Sendefrequenzen zu befassen. Menschen, Tiere und Natur sind<br \/>\ndem Elektrostress bisher schutzlos ausgeliefert. Unsere Antiwave Produkte helfen hier sehr wirksam<br \/>\nund entlastend.<\/p>\n<p>Zellstress, verursacht durch hochfrequente Strahlung ist sehr wenig erforscht und verursacht eine<br \/>\nspirituelle Verdumpfung, der nun sehr wirksam vorgebeugt werden kann.<\/p>\n<p>Durch die verschiedenen Einsatzbereiche und L\u00f6sungen ist eine Kurzberatung sehr zu empfehlen, um<br \/>\ndie bestm\u00f6gliche L\u00f6sung f\u00fcr ihre Bed\u00fcrfnisse anbieten zu k\u00f6nnen.<\/p>","protected":false},"excerpt":{"rendered":"<ul>\n<li>Elektrosmog Schutz mit 99,9 % Wirkungsgrad (Handy, Bluetooth, WiFi, WLAN, LTE, 5G)<\/li>\n<li>Auch geeignet als M\u00fctze gegen k\u00fchle Tage<\/li>\n<li>Abschirmstoff mit Silber f\u00fcr antibakterielle Wirkung<\/li>\n<li>Lieferzeit ab Lager, solange Vorrat reicht: 4 Werktage bis zum Post-Versand<br \/>\nLieferzeit nach Herstellung, wenn nicht vorr\u00e4tig: 6-7 Werktage bis zum Postversand<\/li>\n<\/ul>","protected":false},"author":9,"featured_media":4108,"comment_status":"open","ping_status":"closed","template":"elementor_theme","meta":{"_acf_changed":false,"_kad_post_transparent":"default","_kad_post_title":"","_kad_post_layout":"default","_kad_post_sidebar_id":"","_kad_post_content_style":"default","_kad_post_vertical_padding":"default","_kad_post_feature":"","_kad_post_feature_position":"","_kad_post_header":false,"_kad_post_footer":false,"_kad_post_classname":""},"product_brand":[],"product_cat":[287,363],"product_tag":[],"class_list":{"0":"post-4102","1":"product","2":"type-product","3":"status-publish","4":"has-post-thumbnail","6":"product_cat-e-smog-schutz","7":"product_cat-gesundheit","8":"product_shipping_class-post-warensendung-unversichert","10":"first","11":"instock","12":"shipping-taxable","13":"purchasable","14":"product-type-variable","15":"entry","16":"content-bg","17":"loop-entry"},"acf":[],"wcpa_form_fields":null,"yoast_head":"<!-- This site is optimized with the Yoast SEO plugin v27.4 - https:\/\/yoast.com\/product\/yoast-seo-wordpress\/ -->\n<title>WLAN+Handy abschirmende M\u00fctze \u2013 Abschirmstoff Baumwollgewebe mit Silberfaden - Lemuria Institut by Dunia Anandara<\/title>\n<meta name=\"description\" content=\"E-Smog Hochfrequenz abschirmende M\u00fctze vereint hohe Flexibilit\u00e4t und wirkungsvollen Schutz vor hochfrequenter Funkstrahlung wie WLAN, Bluetooth, 2G - 6G, WiFi, Handy, Smartmeter und Handy-Funkt\u00fcrme.\" \/>\n<meta name=\"robots\" content=\"index, follow, max-snippet:-1, max-image-preview:large, max-video-preview:-1\" \/>\n<link rel=\"canonical\" href=\"https:\/\/sirlima.eu\/en\/p\/elektrosmog-abschirmende-muetze\/\" \/>\n<meta property=\"og:locale\" content=\"en_GB\" \/>\n<meta property=\"og:type\" content=\"article\" \/>\n<meta property=\"og:title\" content=\"WLAN+Handy abschirmende M\u00fctze \u2013 Abschirmstoff Baumwollgewebe mit Silberfaden - Lemuria Institut by Dunia Anandara\" \/>\n<meta property=\"og:description\" content=\"E-Smog Hochfrequenz abschirmende M\u00fctze vereint hohe Flexibilit\u00e4t und wirkungsvollen Schutz vor hochfrequenter Funkstrahlung wie WLAN, Bluetooth, 2G - 6G, WiFi, Handy, Smartmeter und Handy-Funkt\u00fcrme.\" \/>\n<meta property=\"og:url\" content=\"https:\/\/sirlima.eu\/en\/p\/elektrosmog-abschirmende-muetze\/\" \/>\n<meta property=\"og:site_name\" content=\"Lemuria Institut by Dunia Anandara\" \/>\n<meta property=\"article:modified_time\" content=\"2024-03-04T15:56:46+00:00\" \/>\n<meta property=\"og:image\" content=\"https:\/\/sirlima.eu\/wp-content\/uploads\/2021\/09\/New-Antiwave_Muetze-grau.jpg\" \/>\n\t<meta property=\"og:image:width\" content=\"500\" \/>\n\t<meta property=\"og:image:height\" content=\"500\" \/>\n\t<meta property=\"og:image:type\" content=\"image\/jpeg\" \/>\n<meta name=\"twitter:card\" content=\"summary_large_image\" \/>\n<meta name=\"twitter:label1\" content=\"Estimated reading time\" \/>\n\t<meta name=\"twitter:data1\" content=\"1 minute\" \/>\n<script type=\"application\/ld+json\" class=\"yoast-schema-graph\">{\"@context\":\"https:\\\/\\\/schema.org\",\"@graph\":[{\"@type\":\"WebPage\",\"@id\":\"https:\\\/\\\/sirlima.eu\\\/p\\\/elektrosmog-abschirmende-muetze\\\/\",\"url\":\"https:\\\/\\\/sirlima.eu\\\/p\\\/elektrosmog-abschirmende-muetze\\\/\",\"name\":\"WLAN+Handy abschirmende M\u00fctze \u2013 Abschirmstoff Baumwollgewebe mit Silberfaden - Lemuria Institut by Dunia Anandara\",\"isPartOf\":{\"@id\":\"https:\\\/\\\/sirlima.eu\\\/#website\"},\"primaryImageOfPage\":{\"@id\":\"https:\\\/\\\/sirlima.eu\\\/p\\\/elektrosmog-abschirmende-muetze\\\/#primaryimage\"},\"image\":{\"@id\":\"https:\\\/\\\/sirlima.eu\\\/p\\\/elektrosmog-abschirmende-muetze\\\/#primaryimage\"},\"thumbnailUrl\":\"https:\\\/\\\/sirlima.eu\\\/wp-content\\\/uploads\\\/2021\\\/09\\\/New-Antiwave_Muetze-grau.jpg\",\"datePublished\":\"2021-09-28T15:39:48+00:00\",\"dateModified\":\"2024-03-04T15:56:46+00:00\",\"description\":\"E-Smog Hochfrequenz abschirmende M\u00fctze vereint hohe Flexibilit\u00e4t und wirkungsvollen Schutz vor hochfrequenter Funkstrahlung wie WLAN, Bluetooth, 2G - 6G, WiFi, Handy, Smartmeter und Handy-Funkt\u00fcrme.\",\"breadcrumb\":{\"@id\":\"https:\\\/\\\/sirlima.eu\\\/p\\\/elektrosmog-abschirmende-muetze\\\/#breadcrumb\"},\"inLanguage\":\"en-GB\",\"potentialAction\":[{\"@type\":\"ReadAction\",\"target\":[\"https:\\\/\\\/sirlima.eu\\\/p\\\/elektrosmog-abschirmende-muetze\\\/\"]}]},{\"@type\":\"ImageObject\",\"inLanguage\":\"en-GB\",\"@id\":\"https:\\\/\\\/sirlima.eu\\\/p\\\/elektrosmog-abschirmende-muetze\\\/#primaryimage\",\"url\":\"https:\\\/\\\/sirlima.eu\\\/wp-content\\\/uploads\\\/2021\\\/09\\\/New-Antiwave_Muetze-grau.jpg\",\"contentUrl\":\"https:\\\/\\\/sirlima.eu\\\/wp-content\\\/uploads\\\/2021\\\/09\\\/New-Antiwave_Muetze-grau.jpg\",\"width\":500,\"height\":500},{\"@type\":\"BreadcrumbList\",\"@id\":\"https:\\\/\\\/sirlima.eu\\\/p\\\/elektrosmog-abschirmende-muetze\\\/#breadcrumb\",\"itemListElement\":[{\"@type\":\"ListItem\",\"position\":1,\"name\":\"Home\",\"item\":\"https:\\\/\\\/sirlima.eu\\\/\"},{\"@type\":\"ListItem\",\"position\":2,\"name\":\"Lemuria Vereinserzeugnisse\",\"item\":\"https:\\\/\\\/sirlima.eu\\\/shop\\\/\"},{\"@type\":\"ListItem\",\"position\":3,\"name\":\"WLAN+Handy abschirmende M\u00fctze \u2013 Abschirmstoff Baumwollgewebe mit Silberfaden\"}]},{\"@type\":\"WebSite\",\"@id\":\"https:\\\/\\\/sirlima.eu\\\/#website\",\"url\":\"https:\\\/\\\/sirlima.eu\\\/\",\"name\":\"Lemuria Institut by Dunia Anandara\",\"description\":\"Energetic-Natural-Spiritual Lemuria Lifestyle\",\"publisher\":{\"@id\":\"https:\\\/\\\/sirlima.eu\\\/#organization\"},\"potentialAction\":[{\"@type\":\"SearchAction\",\"target\":{\"@type\":\"EntryPoint\",\"urlTemplate\":\"https:\\\/\\\/sirlima.eu\\\/?s={search_term_string}\"},\"query-input\":{\"@type\":\"PropertyValueSpecification\",\"valueRequired\":true,\"valueName\":\"search_term_string\"}}],\"inLanguage\":\"en-GB\"},{\"@type\":\"Organization\",\"@id\":\"https:\\\/\\\/sirlima.eu\\\/#organization\",\"name\":\"Sirlima Lebensr\u00e4ume GbR\",\"url\":\"https:\\\/\\\/sirlima.eu\\\/\",\"logo\":{\"@type\":\"ImageObject\",\"inLanguage\":\"en-GB\",\"@id\":\"https:\\\/\\\/sirlima.eu\\\/#\\\/schema\\\/logo\\\/image\\\/\",\"url\":\"https:\\\/\\\/sirlima.eu\\\/wp-content\\\/uploads\\\/2021\\\/06\\\/cropped-2021-02-Logo-Sirlima.jpg\",\"contentUrl\":\"https:\\\/\\\/sirlima.eu\\\/wp-content\\\/uploads\\\/2021\\\/06\\\/cropped-2021-02-Logo-Sirlima.jpg\",\"width\":676,\"height\":443,\"caption\":\"Sirlima Lebensr\u00e4ume GbR\"},\"image\":{\"@id\":\"https:\\\/\\\/sirlima.eu\\\/#\\\/schema\\\/logo\\\/image\\\/\"}}]}<\/script>\n<!-- \/ Yoast SEO plugin. -->","yoast_head_json":{"title":"WLAN+Handy abschirmende M\u00fctze \u2013 Abschirmstoff Baumwollgewebe mit Silberfaden - Lemuria Institut by Dunia Anandara","description":"E-Smog Hochfrequenz abschirmende M\u00fctze vereint hohe Flexibilit\u00e4t und wirkungsvollen Schutz vor hochfrequenter Funkstrahlung wie WLAN, Bluetooth, 2G - 6G, WiFi, Handy, Smartmeter und Handy-Funkt\u00fcrme.","robots":{"index":"index","follow":"follow","max-snippet":"max-snippet:-1","max-image-preview":"max-image-preview:large","max-video-preview":"max-video-preview:-1"},"canonical":"https:\/\/sirlima.eu\/en\/p\/elektrosmog-abschirmende-muetze\/","og_locale":"en_GB","og_type":"article","og_title":"WLAN+Handy abschirmende M\u00fctze \u2013 Abschirmstoff Baumwollgewebe mit Silberfaden - Lemuria Institut by Dunia Anandara","og_description":"E-Smog Hochfrequenz abschirmende M\u00fctze vereint hohe Flexibilit\u00e4t und wirkungsvollen Schutz vor hochfrequenter Funkstrahlung wie WLAN, Bluetooth, 2G - 6G, WiFi, Handy, Smartmeter und Handy-Funkt\u00fcrme.","og_url":"https:\/\/sirlima.eu\/en\/p\/elektrosmog-abschirmende-muetze\/","og_site_name":"Lemuria Institut by Dunia Anandara","article_modified_time":"2024-03-04T15:56:46+00:00","og_image":[{"width":500,"height":500,"url":"https:\/\/sirlima.eu\/wp-content\/uploads\/2021\/09\/New-Antiwave_Muetze-grau.jpg","type":"image\/jpeg"}],"twitter_card":"summary_large_image","twitter_misc":{"Estimated reading time":"1 minute"},"schema":{"@context":"https:\/\/schema.org","@graph":[{"@type":"WebPage","@id":"https:\/\/sirlima.eu\/p\/elektrosmog-abschirmende-muetze\/","url":"https:\/\/sirlima.eu\/p\/elektrosmog-abschirmende-muetze\/","name":"WLAN+Handy abschirmende M\u00fctze \u2013 Abschirmstoff Baumwollgewebe mit Silberfaden - Lemuria Institut by Dunia Anandara","isPartOf":{"@id":"https:\/\/sirlima.eu\/#website"},"primaryImageOfPage":{"@id":"https:\/\/sirlima.eu\/p\/elektrosmog-abschirmende-muetze\/#primaryimage"},"image":{"@id":"https:\/\/sirlima.eu\/p\/elektrosmog-abschirmende-muetze\/#primaryimage"},"thumbnailUrl":"https:\/\/sirlima.eu\/wp-content\/uploads\/2021\/09\/New-Antiwave_Muetze-grau.jpg","datePublished":"2021-09-28T15:39:48+00:00","dateModified":"2024-03-04T15:56:46+00:00","description":"E-Smog Hochfrequenz abschirmende M\u00fctze vereint hohe Flexibilit\u00e4t und wirkungsvollen Schutz vor hochfrequenter Funkstrahlung wie WLAN, Bluetooth, 2G - 6G, WiFi, Handy, Smartmeter und Handy-Funkt\u00fcrme.","breadcrumb":{"@id":"https:\/\/sirlima.eu\/p\/elektrosmog-abschirmende-muetze\/#breadcrumb"},"inLanguage":"en-GB","potentialAction":[{"@type":"ReadAction","target":["https:\/\/sirlima.eu\/p\/elektrosmog-abschirmende-muetze\/"]}]},{"@type":"ImageObject","inLanguage":"en-GB","@id":"https:\/\/sirlima.eu\/p\/elektrosmog-abschirmende-muetze\/#primaryimage","url":"https:\/\/sirlima.eu\/wp-content\/uploads\/2021\/09\/New-Antiwave_Muetze-grau.jpg","contentUrl":"https:\/\/sirlima.eu\/wp-content\/uploads\/2021\/09\/New-Antiwave_Muetze-grau.jpg","width":500,"height":500},{"@type":"BreadcrumbList","@id":"https:\/\/sirlima.eu\/p\/elektrosmog-abschirmende-muetze\/#breadcrumb","itemListElement":[{"@type":"ListItem","position":1,"name":"Home","item":"https:\/\/sirlima.eu\/"},{"@type":"ListItem","position":2,"name":"Lemuria Vereinserzeugnisse","item":"https:\/\/sirlima.eu\/shop\/"},{"@type":"ListItem","position":3,"name":"WLAN+Handy abschirmende M\u00fctze \u2013 Abschirmstoff Baumwollgewebe mit Silberfaden"}]},{"@type":"WebSite","@id":"https:\/\/sirlima.eu\/#website","url":"https:\/\/sirlima.eu\/","name":"Lemuria Institut by Dunia Anandara","description":"Energetic-Natural-Spiritual Lemuria Lifestyle","publisher":{"@id":"https:\/\/sirlima.eu\/#organization"},"potentialAction":[{"@type":"SearchAction","target":{"@type":"EntryPoint","urlTemplate":"https:\/\/sirlima.eu\/?s={search_term_string}"},"query-input":{"@type":"PropertyValueSpecification","valueRequired":true,"valueName":"search_term_string"}}],"inLanguage":"en-GB"},{"@type":"Organization","@id":"https:\/\/sirlima.eu\/#organization","name":"Sirlima Lebensr\u00e4ume GbR","url":"https:\/\/sirlima.eu\/","logo":{"@type":"ImageObject","inLanguage":"en-GB","@id":"https:\/\/sirlima.eu\/#\/schema\/logo\/image\/","url":"https:\/\/sirlima.eu\/wp-content\/uploads\/2021\/06\/cropped-2021-02-Logo-Sirlima.jpg","contentUrl":"https:\/\/sirlima.eu\/wp-content\/uploads\/2021\/06\/cropped-2021-02-Logo-Sirlima.jpg","width":676,"height":443,"caption":"Sirlima Lebensr\u00e4ume GbR"},"image":{"@id":"https:\/\/sirlima.eu\/#\/schema\/logo\/image\/"}}]}},"_links":{"self":[{"href":"https:\/\/sirlima.eu\/en\/wp-json\/wp\/v2\/product\/4102","targetHints":{"allow":["GET"]}}],"collection":[{"href":"https:\/\/sirlima.eu\/en\/wp-json\/wp\/v2\/product"}],"about":[{"href":"https:\/\/sirlima.eu\/en\/wp-json\/wp\/v2\/types\/product"}],"author":[{"embeddable":true,"href":"https:\/\/sirlima.eu\/en\/wp-json\/wp\/v2\/users\/9"}],"replies":[{"embeddable":true,"href":"https:\/\/sirlima.eu\/en\/wp-json\/wp\/v2\/comments?post=4102"}],"version-history":[{"count":0,"href":"https:\/\/sirlima.eu\/en\/wp-json\/wp\/v2\/product\/4102\/revisions"}],"wp:featuredmedia":[{"embeddable":true,"href":"https:\/\/sirlima.eu\/en\/wp-json\/wp\/v2\/media\/4108"}],"wp:attachment":[{"href":"https:\/\/sirlima.eu\/en\/wp-json\/wp\/v2\/media?parent=4102"}],"wp:term":[{"taxonomy":"product_brand","embeddable":true,"href":"https:\/\/sirlima.eu\/en\/wp-json\/wp\/v2\/product_brand?post=4102"},{"taxonomy":"product_cat","embeddable":true,"href":"https:\/\/sirlima.eu\/en\/wp-json\/wp\/v2\/product_cat?post=4102"},{"taxonomy":"product_tag","embeddable":true,"href":"https:\/\/sirlima.eu\/en\/wp-json\/wp\/v2\/product_tag?post=4102"}],"curies":[{"name":"wp","href":"https:\/\/api.w.org\/{rel}","templated":true}]}}