{"id":2611,"date":"2021-07-13T08:50:29","date_gmt":"2021-07-13T06:50:29","guid":{"rendered":"https:\/\/sirlima.eu\/?post_type=product&#038;p=2611"},"modified":"2022-08-22T16:35:59","modified_gmt":"2022-08-22T14:35:59","slug":"elektrosmog-abschirmender-schlauchschal","status":"publish","type":"product","link":"https:\/\/sirlima.eu\/en\/p\/elektrosmog-abschirmender-schlauchschal\/","title":{"rendered":"WLAN+Handy abschirmender Schlauchschal \u2013 Abschirmstoff Baumwollgewebe mit Silberfaden"},"content":{"rendered":"<p>E-Smog Hochfrequenz abschirmender Schlauchschal vereint hohe Flexibilit\u00e4t und<br \/>\nwirkungsvoller Schutz vor Funkstrahlung. (WLAN, Bluetooth, 2G-5G, WiFi, Handy).<br \/>\nEr kann bequem am Hals getragen werden und bei Bedarf auch als Stirnband,<br \/>\noder Gesichtschutz hochgezogen werden und ist damit auch als Mund-Nasen<br \/>\nSchutzmaske geeignet.<\/p>\n<p>Aufgrund des elastischen Abschirmstoffs ist der Schlauchschal angenehm zu tragen.<br \/>\nKombiniert in einem modischen und hochwertigen Design, ist dieser Schlauchschal<br \/>\neinfach perfekt f\u00fcr jeden Tag. Hochfrequente Strahlung wird f\u00fcr die bedeckte<br \/>\nK\u00f6rperregion zu 99,9% abschirmt. Der Schlauchschal erweitert z.B. den gro\u00dffl\u00e4chig<br \/>\ngesch\u00fctzten Schlafraum (mit E-Smog Bettbaldachin) um einen wirkungsvollen<br \/>\nSchutz gegen elektromagnetische Strahlung am Arbeitsplatz und im Freien.<\/p>\n<p>Auch wenn es kein Ersatz f\u00fcr einen EMF (gegen elektro-magnetische Frequenz)<br \/>\nabgeschirmten Wohnraum sein kann, so erleichtert es den feinf\u00fchligen und<br \/>\nelektrosensiblen Menschen die Bewegung au\u00dferhalb der abgeschirmten<br \/>\nWohnung z.B. auf dem Weg zum Arbeitsplatz, beim Einkaufen, oder die<br \/>\nTeilnahme am \u00f6ffentlichen Leben.<\/p>\n<p>Mobilfunk-Sendefrequenzen nehmen im modernen Leben immer mehr zu.<br \/>\nDie wenigsten Nutzer von Mobiltelefonen schalten 4G, 5G, WLAN und<br \/>\nBluetooth ab, wenn es nicht ben\u00f6tigt wird.<\/p>\n<p>So ist der Mensch im \u00f6ffentlichen Raum sehr vielen \u00fcberlappenden<br \/>\nFrequenzfeldern ausgesetzt, was in k\u00fcrzester Zeit zu Erm\u00fcdung, Motivationsabbau<br \/>\nund sogar Kopfschmerzen f\u00fchren kann.<\/p>\n<p>Daher ist es jedem gesundheitsbewussten Menschen sehr zu empfehlen, sich<br \/>\nmit den Auswirkungen von sehr sch\u00e4dlicher hochfrequenter Sendefrequenzen<br \/>\nzu befassen. Menschen, Tiere und Natur sind dem Elektrostress bisher schutzlos<br \/>\nausgeliefert. Unsere Antiwave Produkte helfen hier sehr wirksam.<\/p>\n<p>Durch die verschiedenen Einsatzbereiche und L\u00f6sungen ist eine Kurzberatung<br \/>\nsehr zu empfehlen, um die bestm\u00f6gliche L\u00f6sung f\u00fcr ihre Bed\u00fcrfnisse anbieten<br \/>\nzu k\u00f6nnen.<\/p>","protected":false},"excerpt":{"rendered":"<ul>\n<li>Elektrosmog Schutz mit 99,9 % Wirkungsgrad (Handy, Bluetooth, WiFi, WLAN, LTE, 5G)<\/li>\n<li>Auch geeignet als Mund-Nasen Alltags-Schutzmaske<\/li>\n<li>Als Schlauchschal, Stirnband oder offene M\u00fctze tragbar.<\/li>\n<li>Abschirmstoff mit Silber f\u00fcr antibakterielle Wirkung<\/li>\n<li>Lieferzeit ab Lager, solange Vorrat reicht: 4 Werktage bis zum Post-Versand<br \/>\nLieferzeit nach Herstellung, wenn nicht vorr\u00e4tig: 6-7 Werktage bis zum Postversand<\/li>\n<\/ul>","protected":false},"author":9,"featured_media":2614,"comment_status":"open","ping_status":"closed","template":"","meta":{"_acf_changed":false,"_kad_post_transparent":"default","_kad_post_title":"","_kad_post_layout":"default","_kad_post_sidebar_id":"","_kad_post_content_style":"default","_kad_post_vertical_padding":"default","_kad_post_feature":"","_kad_post_feature_position":"","_kad_post_header":false,"_kad_post_footer":false,"_kad_post_classname":""},"product_brand":[],"product_cat":[287,363],"product_tag":[],"class_list":{"0":"post-2611","1":"product","2":"type-product","3":"status-publish","4":"has-post-thumbnail","6":"product_cat-e-smog-schutz","7":"product_cat-gesundheit","8":"product_shipping_class-post-warensendung-unversichert","10":"first","11":"onbackorder","12":"shipping-taxable","13":"purchasable","14":"product-type-variable","15":"entry","16":"content-bg","17":"loop-entry"},"acf":[],"wcpa_form_fields":null,"yoast_head":"<!-- This site is optimized with the Yoast SEO plugin v27.4 - https:\/\/yoast.com\/product\/yoast-seo-wordpress\/ -->\n<title>WLAN+Handy abschirmender Schlauchschal \u2013 Abschirmstoff Baumwollgewebe mit Silberfaden - Lemuria Institut by Dunia Anandara<\/title>\n<meta name=\"description\" content=\"Effizienter Strahlungs-Schutz Schlauchschal bei Elektrosmog Strahlung, wie WLAN, Handy, LTE, 2-6 G Frequenzen. Weniger E-Stress bringt Freude\" \/>\n<meta name=\"robots\" content=\"index, follow, max-snippet:-1, max-image-preview:large, max-video-preview:-1\" \/>\n<link rel=\"canonical\" href=\"https:\/\/sirlima.eu\/en\/p\/elektrosmog-abschirmender-schlauchschal\/\" \/>\n<meta property=\"og:locale\" content=\"en_GB\" \/>\n<meta property=\"og:type\" content=\"article\" \/>\n<meta property=\"og:title\" content=\"WLAN+Handy abschirmender Schlauchschal \u2013 Abschirmstoff Baumwollgewebe mit Silberfaden - Lemuria Institut by Dunia Anandara\" \/>\n<meta property=\"og:description\" content=\"Effizienter Strahlungs-Schutz Schlauchschal bei Elektrosmog Strahlung, wie WLAN, Handy, LTE, 2-6 G Frequenzen. Weniger E-Stress bringt Freude\" \/>\n<meta property=\"og:url\" content=\"https:\/\/sirlima.eu\/en\/p\/elektrosmog-abschirmender-schlauchschal\/\" \/>\n<meta property=\"og:site_name\" content=\"Lemuria Institut by Dunia Anandara\" \/>\n<meta property=\"article:modified_time\" content=\"2022-08-22T14:35:59+00:00\" \/>\n<meta property=\"og:image\" content=\"https:\/\/sirlima.eu\/wp-content\/uploads\/2021\/07\/buff-elktrosmog-schutz2-scaled-1.jpeg\" \/>\n\t<meta property=\"og:image:width\" content=\"2560\" \/>\n\t<meta property=\"og:image:height\" content=\"1707\" \/>\n\t<meta property=\"og:image:type\" content=\"image\/jpeg\" \/>\n<meta name=\"twitter:card\" content=\"summary_large_image\" \/>\n<meta name=\"twitter:label1\" content=\"Estimated reading time\" \/>\n\t<meta name=\"twitter:data1\" content=\"2 minutes\" \/>\n<script type=\"application\/ld+json\" class=\"yoast-schema-graph\">{\"@context\":\"https:\\\/\\\/schema.org\",\"@graph\":[{\"@type\":\"WebPage\",\"@id\":\"https:\\\/\\\/sirlima.eu\\\/p\\\/elektrosmog-abschirmender-schlauchschal\\\/\",\"url\":\"https:\\\/\\\/sirlima.eu\\\/p\\\/elektrosmog-abschirmender-schlauchschal\\\/\",\"name\":\"WLAN+Handy abschirmender Schlauchschal \u2013 Abschirmstoff Baumwollgewebe mit Silberfaden - Lemuria Institut by Dunia Anandara\",\"isPartOf\":{\"@id\":\"https:\\\/\\\/sirlima.eu\\\/#website\"},\"primaryImageOfPage\":{\"@id\":\"https:\\\/\\\/sirlima.eu\\\/p\\\/elektrosmog-abschirmender-schlauchschal\\\/#primaryimage\"},\"image\":{\"@id\":\"https:\\\/\\\/sirlima.eu\\\/p\\\/elektrosmog-abschirmender-schlauchschal\\\/#primaryimage\"},\"thumbnailUrl\":\"https:\\\/\\\/sirlima.eu\\\/wp-content\\\/uploads\\\/2021\\\/07\\\/buff-elktrosmog-schutz2-scaled-1.jpeg\",\"datePublished\":\"2021-07-13T06:50:29+00:00\",\"dateModified\":\"2022-08-22T14:35:59+00:00\",\"description\":\"Effizienter Strahlungs-Schutz Schlauchschal bei Elektrosmog Strahlung, wie WLAN, Handy, LTE, 2-6 G Frequenzen. Weniger E-Stress bringt Freude\",\"breadcrumb\":{\"@id\":\"https:\\\/\\\/sirlima.eu\\\/p\\\/elektrosmog-abschirmender-schlauchschal\\\/#breadcrumb\"},\"inLanguage\":\"en-GB\",\"potentialAction\":[{\"@type\":\"ReadAction\",\"target\":[\"https:\\\/\\\/sirlima.eu\\\/p\\\/elektrosmog-abschirmender-schlauchschal\\\/\"]}]},{\"@type\":\"ImageObject\",\"inLanguage\":\"en-GB\",\"@id\":\"https:\\\/\\\/sirlima.eu\\\/p\\\/elektrosmog-abschirmender-schlauchschal\\\/#primaryimage\",\"url\":\"https:\\\/\\\/sirlima.eu\\\/wp-content\\\/uploads\\\/2021\\\/07\\\/buff-elktrosmog-schutz2-scaled-1.jpeg\",\"contentUrl\":\"https:\\\/\\\/sirlima.eu\\\/wp-content\\\/uploads\\\/2021\\\/07\\\/buff-elktrosmog-schutz2-scaled-1.jpeg\",\"width\":2560,\"height\":1707},{\"@type\":\"BreadcrumbList\",\"@id\":\"https:\\\/\\\/sirlima.eu\\\/p\\\/elektrosmog-abschirmender-schlauchschal\\\/#breadcrumb\",\"itemListElement\":[{\"@type\":\"ListItem\",\"position\":1,\"name\":\"Home\",\"item\":\"https:\\\/\\\/sirlima.eu\\\/\"},{\"@type\":\"ListItem\",\"position\":2,\"name\":\"Lemuria Vereinserzeugnisse\",\"item\":\"https:\\\/\\\/sirlima.eu\\\/shop\\\/\"},{\"@type\":\"ListItem\",\"position\":3,\"name\":\"WLAN+Handy abschirmender Schlauchschal \u2013 Abschirmstoff Baumwollgewebe mit Silberfaden\"}]},{\"@type\":\"WebSite\",\"@id\":\"https:\\\/\\\/sirlima.eu\\\/#website\",\"url\":\"https:\\\/\\\/sirlima.eu\\\/\",\"name\":\"Lemuria Institut by Dunia Anandara\",\"description\":\"Energetic-Natural-Spiritual Lemuria Lifestyle\",\"publisher\":{\"@id\":\"https:\\\/\\\/sirlima.eu\\\/#organization\"},\"potentialAction\":[{\"@type\":\"SearchAction\",\"target\":{\"@type\":\"EntryPoint\",\"urlTemplate\":\"https:\\\/\\\/sirlima.eu\\\/?s={search_term_string}\"},\"query-input\":{\"@type\":\"PropertyValueSpecification\",\"valueRequired\":true,\"valueName\":\"search_term_string\"}}],\"inLanguage\":\"en-GB\"},{\"@type\":\"Organization\",\"@id\":\"https:\\\/\\\/sirlima.eu\\\/#organization\",\"name\":\"Sirlima Lebensr\u00e4ume GbR\",\"url\":\"https:\\\/\\\/sirlima.eu\\\/\",\"logo\":{\"@type\":\"ImageObject\",\"inLanguage\":\"en-GB\",\"@id\":\"https:\\\/\\\/sirlima.eu\\\/#\\\/schema\\\/logo\\\/image\\\/\",\"url\":\"https:\\\/\\\/sirlima.eu\\\/wp-content\\\/uploads\\\/2021\\\/06\\\/cropped-2021-02-Logo-Sirlima.jpg\",\"contentUrl\":\"https:\\\/\\\/sirlima.eu\\\/wp-content\\\/uploads\\\/2021\\\/06\\\/cropped-2021-02-Logo-Sirlima.jpg\",\"width\":676,\"height\":443,\"caption\":\"Sirlima Lebensr\u00e4ume GbR\"},\"image\":{\"@id\":\"https:\\\/\\\/sirlima.eu\\\/#\\\/schema\\\/logo\\\/image\\\/\"}}]}<\/script>\n<!-- \/ Yoast SEO plugin. -->","yoast_head_json":{"title":"WLAN+Handy abschirmender Schlauchschal \u2013 Abschirmstoff Baumwollgewebe mit Silberfaden - Lemuria Institut by Dunia Anandara","description":"Effizienter Strahlungs-Schutz Schlauchschal bei Elektrosmog Strahlung, wie WLAN, Handy, LTE, 2-6 G Frequenzen. Weniger E-Stress bringt Freude","robots":{"index":"index","follow":"follow","max-snippet":"max-snippet:-1","max-image-preview":"max-image-preview:large","max-video-preview":"max-video-preview:-1"},"canonical":"https:\/\/sirlima.eu\/en\/p\/elektrosmog-abschirmender-schlauchschal\/","og_locale":"en_GB","og_type":"article","og_title":"WLAN+Handy abschirmender Schlauchschal \u2013 Abschirmstoff Baumwollgewebe mit Silberfaden - Lemuria Institut by Dunia Anandara","og_description":"Effizienter Strahlungs-Schutz Schlauchschal bei Elektrosmog Strahlung, wie WLAN, Handy, LTE, 2-6 G Frequenzen. Weniger E-Stress bringt Freude","og_url":"https:\/\/sirlima.eu\/en\/p\/elektrosmog-abschirmender-schlauchschal\/","og_site_name":"Lemuria Institut by Dunia Anandara","article_modified_time":"2022-08-22T14:35:59+00:00","og_image":[{"width":2560,"height":1707,"url":"https:\/\/sirlima.eu\/wp-content\/uploads\/2021\/07\/buff-elktrosmog-schutz2-scaled-1.jpeg","type":"image\/jpeg"}],"twitter_card":"summary_large_image","twitter_misc":{"Estimated reading time":"2 minutes"},"schema":{"@context":"https:\/\/schema.org","@graph":[{"@type":"WebPage","@id":"https:\/\/sirlima.eu\/p\/elektrosmog-abschirmender-schlauchschal\/","url":"https:\/\/sirlima.eu\/p\/elektrosmog-abschirmender-schlauchschal\/","name":"WLAN+Handy abschirmender Schlauchschal \u2013 Abschirmstoff Baumwollgewebe mit Silberfaden - Lemuria Institut by Dunia Anandara","isPartOf":{"@id":"https:\/\/sirlima.eu\/#website"},"primaryImageOfPage":{"@id":"https:\/\/sirlima.eu\/p\/elektrosmog-abschirmender-schlauchschal\/#primaryimage"},"image":{"@id":"https:\/\/sirlima.eu\/p\/elektrosmog-abschirmender-schlauchschal\/#primaryimage"},"thumbnailUrl":"https:\/\/sirlima.eu\/wp-content\/uploads\/2021\/07\/buff-elktrosmog-schutz2-scaled-1.jpeg","datePublished":"2021-07-13T06:50:29+00:00","dateModified":"2022-08-22T14:35:59+00:00","description":"Effizienter Strahlungs-Schutz Schlauchschal bei Elektrosmog Strahlung, wie WLAN, Handy, LTE, 2-6 G Frequenzen. Weniger E-Stress bringt Freude","breadcrumb":{"@id":"https:\/\/sirlima.eu\/p\/elektrosmog-abschirmender-schlauchschal\/#breadcrumb"},"inLanguage":"en-GB","potentialAction":[{"@type":"ReadAction","target":["https:\/\/sirlima.eu\/p\/elektrosmog-abschirmender-schlauchschal\/"]}]},{"@type":"ImageObject","inLanguage":"en-GB","@id":"https:\/\/sirlima.eu\/p\/elektrosmog-abschirmender-schlauchschal\/#primaryimage","url":"https:\/\/sirlima.eu\/wp-content\/uploads\/2021\/07\/buff-elktrosmog-schutz2-scaled-1.jpeg","contentUrl":"https:\/\/sirlima.eu\/wp-content\/uploads\/2021\/07\/buff-elktrosmog-schutz2-scaled-1.jpeg","width":2560,"height":1707},{"@type":"BreadcrumbList","@id":"https:\/\/sirlima.eu\/p\/elektrosmog-abschirmender-schlauchschal\/#breadcrumb","itemListElement":[{"@type":"ListItem","position":1,"name":"Home","item":"https:\/\/sirlima.eu\/"},{"@type":"ListItem","position":2,"name":"Lemuria Vereinserzeugnisse","item":"https:\/\/sirlima.eu\/shop\/"},{"@type":"ListItem","position":3,"name":"WLAN+Handy abschirmender Schlauchschal \u2013 Abschirmstoff Baumwollgewebe mit Silberfaden"}]},{"@type":"WebSite","@id":"https:\/\/sirlima.eu\/#website","url":"https:\/\/sirlima.eu\/","name":"Lemuria Institut by Dunia Anandara","description":"Energetic-Natural-Spiritual Lemuria Lifestyle","publisher":{"@id":"https:\/\/sirlima.eu\/#organization"},"potentialAction":[{"@type":"SearchAction","target":{"@type":"EntryPoint","urlTemplate":"https:\/\/sirlima.eu\/?s={search_term_string}"},"query-input":{"@type":"PropertyValueSpecification","valueRequired":true,"valueName":"search_term_string"}}],"inLanguage":"en-GB"},{"@type":"Organization","@id":"https:\/\/sirlima.eu\/#organization","name":"Sirlima Lebensr\u00e4ume GbR","url":"https:\/\/sirlima.eu\/","logo":{"@type":"ImageObject","inLanguage":"en-GB","@id":"https:\/\/sirlima.eu\/#\/schema\/logo\/image\/","url":"https:\/\/sirlima.eu\/wp-content\/uploads\/2021\/06\/cropped-2021-02-Logo-Sirlima.jpg","contentUrl":"https:\/\/sirlima.eu\/wp-content\/uploads\/2021\/06\/cropped-2021-02-Logo-Sirlima.jpg","width":676,"height":443,"caption":"Sirlima Lebensr\u00e4ume GbR"},"image":{"@id":"https:\/\/sirlima.eu\/#\/schema\/logo\/image\/"}}]}},"_links":{"self":[{"href":"https:\/\/sirlima.eu\/en\/wp-json\/wp\/v2\/product\/2611","targetHints":{"allow":["GET"]}}],"collection":[{"href":"https:\/\/sirlima.eu\/en\/wp-json\/wp\/v2\/product"}],"about":[{"href":"https:\/\/sirlima.eu\/en\/wp-json\/wp\/v2\/types\/product"}],"author":[{"embeddable":true,"href":"https:\/\/sirlima.eu\/en\/wp-json\/wp\/v2\/users\/9"}],"replies":[{"embeddable":true,"href":"https:\/\/sirlima.eu\/en\/wp-json\/wp\/v2\/comments?post=2611"}],"version-history":[{"count":0,"href":"https:\/\/sirlima.eu\/en\/wp-json\/wp\/v2\/product\/2611\/revisions"}],"wp:featuredmedia":[{"embeddable":true,"href":"https:\/\/sirlima.eu\/en\/wp-json\/wp\/v2\/media\/2614"}],"wp:attachment":[{"href":"https:\/\/sirlima.eu\/en\/wp-json\/wp\/v2\/media?parent=2611"}],"wp:term":[{"taxonomy":"product_brand","embeddable":true,"href":"https:\/\/sirlima.eu\/en\/wp-json\/wp\/v2\/product_brand?post=2611"},{"taxonomy":"product_cat","embeddable":true,"href":"https:\/\/sirlima.eu\/en\/wp-json\/wp\/v2\/product_cat?post=2611"},{"taxonomy":"product_tag","embeddable":true,"href":"https:\/\/sirlima.eu\/en\/wp-json\/wp\/v2\/product_tag?post=2611"}],"curies":[{"name":"wp","href":"https:\/\/api.w.org\/{rel}","templated":true}]}}