{"id":26000,"date":"2026-04-13T15:03:05","date_gmt":"2026-04-13T13:03:05","guid":{"rendered":"https:\/\/sirlima.eu\/?post_type=product&#038;p=26000"},"modified":"2026-04-14T10:06:25","modified_gmt":"2026-04-14T08:06:25","slug":"aufzeichnungen-matrix-revolution","status":"publish","type":"product","link":"https:\/\/sirlima.eu\/en\/p\/aufzeichnungen-matrix-revolution\/","title":{"rendered":"Aufzeichnungen 20.-23.3.2026 Matrix-Revolution Ausbildung"},"content":{"rendered":"<p>Zugang zu ausgew\u00e4hlten Aufzeichnungen der 4-t\u00e4gigen Matrix-Revolution Ausbildung &#8211;<\/p>\n<p><strong>ausschlie\u00dflich buchbar f\u00fcr Teilnehmer des Seminars vom 20.-23.3.2026<\/strong><\/p>","protected":false},"excerpt":{"rendered":"<p>Zugang zu ausgew\u00e4hlten Aufzeichnungen der 4-t\u00e4gigen Matrix-Revolution Ausbildung &#8211; ausschlie\u00dflich buchbar f\u00fcr Teilnehmer des Seminars vom 20.-23.3.2026<\/p>","protected":false},"author":131,"featured_media":26002,"comment_status":"closed","ping_status":"closed","template":"","meta":{"_acf_changed":false,"_kad_post_transparent":"default","_kad_post_title":"","_kad_post_layout":"default","_kad_post_sidebar_id":"","_kad_post_content_style":"default","_kad_post_vertical_padding":"default","_kad_post_feature":"","_kad_post_feature_position":"","_kad_post_header":false,"_kad_post_footer":false,"_kad_post_classname":""},"product_brand":[],"product_cat":[291],"product_tag":[752,766,753,759,767,773,755,754,763,756,764,770,765,760,762,757,768,751,769,761,758],"class_list":{"0":"post-26000","1":"product","2":"type-product","3":"status-publish","4":"has-post-thumbnail","6":"product_cat-ausbildung","7":"product_tag-5d-bewusstsein","8":"product_tag-abnahme-manipulation-angst-zweifel-gehorsam","9":"product_tag-aktivierung-12-strang-dns","10":"product_tag-annahme-der-eigenen-goettlichkeit","11":"product_tag-befreiung-opfer-taeter","12":"product_tag-cme4-schulung","13":"product_tag-energetische-ausleitung-fremd-spike-proteine","14":"product_tag-energetische-reinigung","15":"product_tag-freiheit-von-dogmen-meinungen-vorstellungen","16":"product_tag-frieden-auf-erden","17":"product_tag-heilung-durch-bewusstseinserweiterung","18":"product_tag-innen-wie-aussen-oben-wie-unten","19":"product_tag-karmische-befreiung","20":"product_tag-klarheit-zentrierung","21":"product_tag-konzentration-koerper-atem-zellen-mittelkanal","22":"product_tag-liebe","23":"product_tag-selbstbestimmung","24":"product_tag-superelektron-supra-elektron","25":"product_tag-verbindung-zur-original-erde-gaija","26":"product_tag-verfeinerte-schwingung","27":"product_tag-wahrhaftigkeit","29":"first","30":"instock","31":"virtual","32":"purchasable","33":"product-type-simple","34":"entry","35":"content-bg","36":"loop-entry"},"acf":[],"wcpa_form_fields":null,"yoast_head":"<!-- This site is optimized with the Yoast SEO plugin v27.4 - https:\/\/yoast.com\/product\/yoast-seo-wordpress\/ -->\n<title>Aufzeichnungen 20.-23.3.2026 Matrix-Revolution Ausbildung - Lemuria Institut by Dunia Anandara<\/title>\n<meta name=\"description\" content=\"Dein Leben gelebt? Bist du bereit, dich nicht weiter innerlich zu umgehen, sondern wieder stabil bei dir anzukommen?\" \/>\n<meta name=\"robots\" content=\"index, follow, max-snippet:-1, max-image-preview:large, max-video-preview:-1\" \/>\n<link rel=\"canonical\" href=\"https:\/\/sirlima.eu\/en\/p\/aufzeichnungen-matrix-revolution\/\" \/>\n<meta property=\"og:locale\" content=\"en_GB\" \/>\n<meta property=\"og:type\" content=\"article\" \/>\n<meta property=\"og:title\" content=\"Aufzeichnungen 20.-23.3.2026 Matrix-Revolution Ausbildung - Lemuria Institut by Dunia Anandara\" \/>\n<meta property=\"og:description\" content=\"Dein Leben gelebt? Bist du bereit, dich nicht weiter innerlich zu umgehen, sondern wieder stabil bei dir anzukommen?\" \/>\n<meta property=\"og:url\" content=\"https:\/\/sirlima.eu\/en\/p\/aufzeichnungen-matrix-revolution\/\" \/>\n<meta property=\"og:site_name\" content=\"Lemuria Institut by Dunia Anandara\" \/>\n<meta property=\"article:modified_time\" content=\"2026-04-14T08:06:25+00:00\" \/>\n<meta property=\"og:image\" content=\"https:\/\/sirlima.eu\/wp-content\/uploads\/2026\/04\/MatrixRevolution.webp\" \/>\n\t<meta property=\"og:image:width\" content=\"2480\" \/>\n\t<meta property=\"og:image:height\" content=\"1300\" \/>\n\t<meta property=\"og:image:type\" content=\"image\/webp\" \/>\n<meta name=\"twitter:card\" content=\"summary_large_image\" \/>\n<meta name=\"twitter:label1\" content=\"Estimated reading time\" \/>\n\t<meta name=\"twitter:data1\" content=\"1 minute\" \/>\n<script type=\"application\/ld+json\" class=\"yoast-schema-graph\">{\"@context\":\"https:\\\/\\\/schema.org\",\"@graph\":[{\"@type\":\"WebPage\",\"@id\":\"https:\\\/\\\/sirlima.eu\\\/p\\\/aufzeichnungen-matrix-revolution\\\/\",\"url\":\"https:\\\/\\\/sirlima.eu\\\/p\\\/aufzeichnungen-matrix-revolution\\\/\",\"name\":\"Aufzeichnungen 20.-23.3.2026 Matrix-Revolution Ausbildung - Lemuria Institut by Dunia Anandara\",\"isPartOf\":{\"@id\":\"https:\\\/\\\/sirlima.eu\\\/#website\"},\"primaryImageOfPage\":{\"@id\":\"https:\\\/\\\/sirlima.eu\\\/p\\\/aufzeichnungen-matrix-revolution\\\/#primaryimage\"},\"image\":{\"@id\":\"https:\\\/\\\/sirlima.eu\\\/p\\\/aufzeichnungen-matrix-revolution\\\/#primaryimage\"},\"thumbnailUrl\":\"https:\\\/\\\/sirlima.eu\\\/wp-content\\\/uploads\\\/2026\\\/04\\\/MatrixRevolution.webp\",\"datePublished\":\"2026-04-13T13:03:05+00:00\",\"dateModified\":\"2026-04-14T08:06:25+00:00\",\"description\":\"Dein Leben gelebt? Bist du bereit, dich nicht weiter innerlich zu umgehen, sondern wieder stabil bei dir anzukommen?\",\"breadcrumb\":{\"@id\":\"https:\\\/\\\/sirlima.eu\\\/p\\\/aufzeichnungen-matrix-revolution\\\/#breadcrumb\"},\"inLanguage\":\"en-GB\",\"potentialAction\":[{\"@type\":\"ReadAction\",\"target\":[\"https:\\\/\\\/sirlima.eu\\\/p\\\/aufzeichnungen-matrix-revolution\\\/\"]}]},{\"@type\":\"ImageObject\",\"inLanguage\":\"en-GB\",\"@id\":\"https:\\\/\\\/sirlima.eu\\\/p\\\/aufzeichnungen-matrix-revolution\\\/#primaryimage\",\"url\":\"https:\\\/\\\/sirlima.eu\\\/wp-content\\\/uploads\\\/2026\\\/04\\\/MatrixRevolution.webp\",\"contentUrl\":\"https:\\\/\\\/sirlima.eu\\\/wp-content\\\/uploads\\\/2026\\\/04\\\/MatrixRevolution.webp\",\"width\":2480,\"height\":1300},{\"@type\":\"BreadcrumbList\",\"@id\":\"https:\\\/\\\/sirlima.eu\\\/p\\\/aufzeichnungen-matrix-revolution\\\/#breadcrumb\",\"itemListElement\":[{\"@type\":\"ListItem\",\"position\":1,\"name\":\"Home\",\"item\":\"https:\\\/\\\/sirlima.eu\\\/\"},{\"@type\":\"ListItem\",\"position\":2,\"name\":\"Lemuria Vereinserzeugnisse\",\"item\":\"https:\\\/\\\/sirlima.eu\\\/shop\\\/\"},{\"@type\":\"ListItem\",\"position\":3,\"name\":\"Aufzeichnungen 20.-23.3.2026 Matrix-Revolution Ausbildung\"}]},{\"@type\":\"WebSite\",\"@id\":\"https:\\\/\\\/sirlima.eu\\\/#website\",\"url\":\"https:\\\/\\\/sirlima.eu\\\/\",\"name\":\"Lemuria Institut by Dunia Anandara\",\"description\":\"Energetic-Natural-Spiritual Lemuria Lifestyle\",\"publisher\":{\"@id\":\"https:\\\/\\\/sirlima.eu\\\/#organization\"},\"potentialAction\":[{\"@type\":\"SearchAction\",\"target\":{\"@type\":\"EntryPoint\",\"urlTemplate\":\"https:\\\/\\\/sirlima.eu\\\/?s={search_term_string}\"},\"query-input\":{\"@type\":\"PropertyValueSpecification\",\"valueRequired\":true,\"valueName\":\"search_term_string\"}}],\"inLanguage\":\"en-GB\"},{\"@type\":\"Organization\",\"@id\":\"https:\\\/\\\/sirlima.eu\\\/#organization\",\"name\":\"Sirlima Lebensr\u00e4ume GbR\",\"url\":\"https:\\\/\\\/sirlima.eu\\\/\",\"logo\":{\"@type\":\"ImageObject\",\"inLanguage\":\"en-GB\",\"@id\":\"https:\\\/\\\/sirlima.eu\\\/#\\\/schema\\\/logo\\\/image\\\/\",\"url\":\"https:\\\/\\\/sirlima.eu\\\/wp-content\\\/uploads\\\/2021\\\/06\\\/cropped-2021-02-Logo-Sirlima.jpg\",\"contentUrl\":\"https:\\\/\\\/sirlima.eu\\\/wp-content\\\/uploads\\\/2021\\\/06\\\/cropped-2021-02-Logo-Sirlima.jpg\",\"width\":676,\"height\":443,\"caption\":\"Sirlima Lebensr\u00e4ume GbR\"},\"image\":{\"@id\":\"https:\\\/\\\/sirlima.eu\\\/#\\\/schema\\\/logo\\\/image\\\/\"}}]}<\/script>\n<!-- \/ Yoast SEO plugin. -->","yoast_head_json":{"title":"Aufzeichnungen 20.-23.3.2026 Matrix-Revolution Ausbildung - Lemuria Institut by Dunia Anandara","description":"Dein Leben gelebt? Bist du bereit, dich nicht weiter innerlich zu umgehen, sondern wieder stabil bei dir anzukommen?","robots":{"index":"index","follow":"follow","max-snippet":"max-snippet:-1","max-image-preview":"max-image-preview:large","max-video-preview":"max-video-preview:-1"},"canonical":"https:\/\/sirlima.eu\/en\/p\/aufzeichnungen-matrix-revolution\/","og_locale":"en_GB","og_type":"article","og_title":"Aufzeichnungen 20.-23.3.2026 Matrix-Revolution Ausbildung - Lemuria Institut by Dunia Anandara","og_description":"Dein Leben gelebt? Bist du bereit, dich nicht weiter innerlich zu umgehen, sondern wieder stabil bei dir anzukommen?","og_url":"https:\/\/sirlima.eu\/en\/p\/aufzeichnungen-matrix-revolution\/","og_site_name":"Lemuria Institut by Dunia Anandara","article_modified_time":"2026-04-14T08:06:25+00:00","og_image":[{"width":2480,"height":1300,"url":"https:\/\/sirlima.eu\/wp-content\/uploads\/2026\/04\/MatrixRevolution.webp","type":"image\/webp"}],"twitter_card":"summary_large_image","twitter_misc":{"Estimated reading time":"1 minute"},"schema":{"@context":"https:\/\/schema.org","@graph":[{"@type":"WebPage","@id":"https:\/\/sirlima.eu\/p\/aufzeichnungen-matrix-revolution\/","url":"https:\/\/sirlima.eu\/p\/aufzeichnungen-matrix-revolution\/","name":"Aufzeichnungen 20.-23.3.2026 Matrix-Revolution Ausbildung - Lemuria Institut by Dunia Anandara","isPartOf":{"@id":"https:\/\/sirlima.eu\/#website"},"primaryImageOfPage":{"@id":"https:\/\/sirlima.eu\/p\/aufzeichnungen-matrix-revolution\/#primaryimage"},"image":{"@id":"https:\/\/sirlima.eu\/p\/aufzeichnungen-matrix-revolution\/#primaryimage"},"thumbnailUrl":"https:\/\/sirlima.eu\/wp-content\/uploads\/2026\/04\/MatrixRevolution.webp","datePublished":"2026-04-13T13:03:05+00:00","dateModified":"2026-04-14T08:06:25+00:00","description":"Dein Leben gelebt? Bist du bereit, dich nicht weiter innerlich zu umgehen, sondern wieder stabil bei dir anzukommen?","breadcrumb":{"@id":"https:\/\/sirlima.eu\/p\/aufzeichnungen-matrix-revolution\/#breadcrumb"},"inLanguage":"en-GB","potentialAction":[{"@type":"ReadAction","target":["https:\/\/sirlima.eu\/p\/aufzeichnungen-matrix-revolution\/"]}]},{"@type":"ImageObject","inLanguage":"en-GB","@id":"https:\/\/sirlima.eu\/p\/aufzeichnungen-matrix-revolution\/#primaryimage","url":"https:\/\/sirlima.eu\/wp-content\/uploads\/2026\/04\/MatrixRevolution.webp","contentUrl":"https:\/\/sirlima.eu\/wp-content\/uploads\/2026\/04\/MatrixRevolution.webp","width":2480,"height":1300},{"@type":"BreadcrumbList","@id":"https:\/\/sirlima.eu\/p\/aufzeichnungen-matrix-revolution\/#breadcrumb","itemListElement":[{"@type":"ListItem","position":1,"name":"Home","item":"https:\/\/sirlima.eu\/"},{"@type":"ListItem","position":2,"name":"Lemuria Vereinserzeugnisse","item":"https:\/\/sirlima.eu\/shop\/"},{"@type":"ListItem","position":3,"name":"Aufzeichnungen 20.-23.3.2026 Matrix-Revolution Ausbildung"}]},{"@type":"WebSite","@id":"https:\/\/sirlima.eu\/#website","url":"https:\/\/sirlima.eu\/","name":"Lemuria Institut by Dunia Anandara","description":"Energetic-Natural-Spiritual Lemuria Lifestyle","publisher":{"@id":"https:\/\/sirlima.eu\/#organization"},"potentialAction":[{"@type":"SearchAction","target":{"@type":"EntryPoint","urlTemplate":"https:\/\/sirlima.eu\/?s={search_term_string}"},"query-input":{"@type":"PropertyValueSpecification","valueRequired":true,"valueName":"search_term_string"}}],"inLanguage":"en-GB"},{"@type":"Organization","@id":"https:\/\/sirlima.eu\/#organization","name":"Sirlima Lebensr\u00e4ume GbR","url":"https:\/\/sirlima.eu\/","logo":{"@type":"ImageObject","inLanguage":"en-GB","@id":"https:\/\/sirlima.eu\/#\/schema\/logo\/image\/","url":"https:\/\/sirlima.eu\/wp-content\/uploads\/2021\/06\/cropped-2021-02-Logo-Sirlima.jpg","contentUrl":"https:\/\/sirlima.eu\/wp-content\/uploads\/2021\/06\/cropped-2021-02-Logo-Sirlima.jpg","width":676,"height":443,"caption":"Sirlima Lebensr\u00e4ume GbR"},"image":{"@id":"https:\/\/sirlima.eu\/#\/schema\/logo\/image\/"}}]}},"_links":{"self":[{"href":"https:\/\/sirlima.eu\/en\/wp-json\/wp\/v2\/product\/26000","targetHints":{"allow":["GET"]}}],"collection":[{"href":"https:\/\/sirlima.eu\/en\/wp-json\/wp\/v2\/product"}],"about":[{"href":"https:\/\/sirlima.eu\/en\/wp-json\/wp\/v2\/types\/product"}],"author":[{"embeddable":true,"href":"https:\/\/sirlima.eu\/en\/wp-json\/wp\/v2\/users\/131"}],"replies":[{"embeddable":true,"href":"https:\/\/sirlima.eu\/en\/wp-json\/wp\/v2\/comments?post=26000"}],"version-history":[{"count":3,"href":"https:\/\/sirlima.eu\/en\/wp-json\/wp\/v2\/product\/26000\/revisions"}],"predecessor-version":[{"id":26011,"href":"https:\/\/sirlima.eu\/en\/wp-json\/wp\/v2\/product\/26000\/revisions\/26011"}],"wp:featuredmedia":[{"embeddable":true,"href":"https:\/\/sirlima.eu\/en\/wp-json\/wp\/v2\/media\/26002"}],"wp:attachment":[{"href":"https:\/\/sirlima.eu\/en\/wp-json\/wp\/v2\/media?parent=26000"}],"wp:term":[{"taxonomy":"product_brand","embeddable":true,"href":"https:\/\/sirlima.eu\/en\/wp-json\/wp\/v2\/product_brand?post=26000"},{"taxonomy":"product_cat","embeddable":true,"href":"https:\/\/sirlima.eu\/en\/wp-json\/wp\/v2\/product_cat?post=26000"},{"taxonomy":"product_tag","embeddable":true,"href":"https:\/\/sirlima.eu\/en\/wp-json\/wp\/v2\/product_tag?post=26000"}],"curies":[{"name":"wp","href":"https:\/\/api.w.org\/{rel}","templated":true}]}}