{"id":25900,"date":"2026-03-19T16:09:40","date_gmt":"2026-03-19T15:09:40","guid":{"rendered":"https:\/\/sirlima.eu\/?post_type=product&#038;p=25900"},"modified":"2026-03-19T16:48:59","modified_gmt":"2026-03-19T15:48:59","slug":"2026-weltfriedens-event","status":"publish","type":"product","link":"https:\/\/sirlima.eu\/en\/p\/2026-weltfriedens-event\/","title":{"rendered":"21.6.2026 Weltfriedens-Event im Lemuria-Energie Park am Sonntag"},"content":{"rendered":"<h2><strong>Einzigartiger wunderbarer Weltfriedens<\/strong>-Event mit <strong>Meditation, kleinem K\u00fcnstlermarkt<br \/>\nF\u00fcr die neue Zeit auf Erden.<br \/>\nLive erlebbar: Echtes Lemuria Feeling und Healing-Erlebnis<\/strong><\/h2>\n<p><strong>Ein Nachmittag im Lemuria-Energie-Park auf der schw\u00e4bischen Alb <\/strong><strong>mit Ausklang am Lagerfeuer. Auch f\u00fcr deinen inneren Frieden und St\u00e4rkung deiner Selbstheilungskr\u00e4fte auf allen Ebenen.<\/strong><\/p>\n<p>Veranstaltungsort: D-72364 Obernheim-Tanneck, Tanneck 7, im Lemuria 5D-Energie Park<br \/>\nVeranstalter: [Verein] Lemuria Lebensr\u00e4ume Institut f\u00fcr Frieden auf Erden durch Kooperation von Mensch, Tier und Naturwesen,<br \/>\nZVR-Zahl 1250508752<br \/>\n&#8212;&#8212;&#8212;&#8212;&#8212;&#8212;&#8212;&#8212;&#8212;&#8212;&#8212;&#8212;&#8212;&#8212;&#8212;&#8212;&#8212;<br \/>\nZeitplan:<\/p>\n<div class=\"styled__Paragraph-sc-y5pp90-3 eHgPWw\"><strong>Sonntag 21.Juni 2026 &#8211; Event f\u00fcr den Weltfrieden im Lemuria Energie Park<\/strong><\/div>\n<div><\/div>\n<div class=\"styled__Paragraph-sc-y5pp90-3 eHgPWw\"><strong>11.00<\/strong> Beginn mit Besuch im Lemuria Energie Park<\/div>\n<div><\/div>\n<div class=\"styled__Paragraph-sc-y5pp90-3 eHgPWw\"><strong>14.00<\/strong> Uhr Friedensmeditation mit Dunia Anandara<\/div>\n<div><\/div>\n<div class=\"styled__Paragraph-sc-y5pp90-3 eHgPWw\">Weiteres Programm folgt<\/div>\n<div><\/div>\n<div class=\"styled__Paragraph-sc-y5pp90-3 eHgPWw\"><strong>20.00<\/strong> Ausklang am Lagerfeuer<\/div>\n<p>&nbsp;<\/p>\n<p>&nbsp;<\/p>\n<p><strong>Fragen f\u00fcr und an dich:<\/strong><\/p>\n<ul>\n<li>M\u00f6chtest du nicht mehr leben, denken und f\u00fchlen, wie Andere es bisher von dir erwarten?<\/li>\n<li>Willst du den alten Spirit vergangener Zeiten loslassen?<\/li>\n<li>Willst du dich f\u00fcr den \u00dcbergang in das 5.-dimensionale Freiheits- und Friedensbewusstsein vorbereiten?<\/li>\n<li>Bist du bereit f\u00fcr deine <strong>nat\u00fcrliche spirituelle Freiheit ohne Vergangenheit<\/strong>?<\/li>\n<li>Bist du\u00a0<strong>bereit, heil zu sein<\/strong>?<\/li>\n<li>M\u00f6chtest du etwas f\u00fcr deinen inneren Frieden tun?<br \/>\nDenn dein Frieden wirkt in die Welt hinaus.<\/li>\n<\/ul>\n<p><strong>Dann komm! Sei dabei, denn auch du wirst gebraucht als Friedensstifter\/in.<\/strong><\/p>\n<p>Es ist die scheinbare Vergangenheit, die Kriege entstehen l\u00e4sst.<br \/>\nKein Frieden wurde je mit Krieg erreicht, auch wenn es f\u00fcr Manche so erschien.<br \/>\nMacht ist ein kleines Gef\u00e4ngnis, die Freiheit kennt kein Gef\u00e4ngnis.<br \/>\n<strong>Frieden und Freiheit<\/strong> <strong>braucht keine Machtaus\u00fcbung, so sie wahrhaftig ist.<\/strong><\/p>\n<p>Du m\u00f6chtest<\/p>\n<ul>\n<li>Dunia Anandara, reinkarniertes Medium aus der ersten Epoche Lemuria, live erleben<\/li>\n<li>die Lemurianische Heilschwingung genie\u00dfen und erfahren<\/li>\n<li>die Lemuria-Aura-Reinigung erfahren<\/li>\n<li>die Lemuria-E-Smog-Zellreinigung erleben<\/li>\n<li>einen sp\u00fcrbaren Kontakt zu den Naturwesen im Lemuria Park<\/li>\n<li>die Impulse der lemurianischen Friedensschwingung erleben<\/li>\n<li>nachhaltig deinen inneren Frieden st\u00e4rken<\/li>\n<li>selbst auch mitwirken an der Basis f\u00fcr den Weltfrieden<\/li>\n<li>Frieden mit Natur, Menschen, Naturwesen und Tieren lebendig werden lassen?<\/li>\n<\/ul>\n<figure id=\"attachment_23702\" aria-describedby=\"caption-attachment-23702\" style=\"width: 789px\" class=\"wp-caption alignnone\"><img fetchpriority=\"high\" decoding=\"async\" class=\"wp-image-23702 size-full\" src=\"https:\/\/sirlima.eu\/wp-content\/uploads\/2025\/07\/2020-06-Friedensmeditation-im-Lemuria-Park.jpg\" alt=\"Engels-Energietor im Lemuria Park Resort schwingt 5.dimensional reine Friedensenergie\" width=\"789\" height=\"502\" srcset=\"https:\/\/sirlima.eu\/wp-content\/uploads\/2025\/07\/2020-06-Friedensmeditation-im-Lemuria-Park.jpg 789w, https:\/\/sirlima.eu\/wp-content\/uploads\/2025\/07\/2020-06-Friedensmeditation-im-Lemuria-Park-300x191.jpg 300w, https:\/\/sirlima.eu\/wp-content\/uploads\/2025\/07\/2020-06-Friedensmeditation-im-Lemuria-Park-768x489.jpg 768w, https:\/\/sirlima.eu\/wp-content\/uploads\/2025\/07\/2020-06-Friedensmeditation-im-Lemuria-Park-60x38.jpg 60w, https:\/\/sirlima.eu\/wp-content\/uploads\/2025\/07\/2020-06-Friedensmeditation-im-Lemuria-Park-110x70.jpg 110w, https:\/\/sirlima.eu\/wp-content\/uploads\/2025\/07\/2020-06-Friedensmeditation-im-Lemuria-Park-18x12.jpg 18w, https:\/\/sirlima.eu\/wp-content\/uploads\/2025\/07\/2020-06-Friedensmeditation-im-Lemuria-Park-370x235.jpg 370w\" sizes=\"(max-width: 789px) 100vw, 789px\" \/><figcaption id=\"caption-attachment-23702\" class=\"wp-caption-text\">Engels-Energietor im Lemuria Park Resort schwingt 5.dimensional reine Friedensenergie<\/figcaption><\/figure>\n<p>Dann sei dabei und mach mit!<\/p>\n<p><strong>Treffe dich selbst <\/strong>mit Gleichgesinnten, im <strong>neuen, freien, klaren spirituellen Bewusstsein<\/strong> <strong>einer Zeit ohne Zeit<\/strong>. Erlebe dich in einem konstant <strong>flie\u00dfenden Engelstor voller Freude, Liebe und Erwachen<\/strong>, auf deine ganz eigene, tiefe Art, in deinem <strong>Seelen-5D-Bewusstsein<\/strong>.<\/p>\n<p>Erlebe <strong>Freiheit pur<\/strong>, erlebe, dass Angst nur Macht hat, solange du dich in ihrem Schatten aufh\u00e4ltst. Komm ins <strong>Licht der Wahrheit<\/strong>, du bist nicht allein! Es ist Zeit, dass wir Menschen aufh\u00f6ren, an den Schatten oder das Licht zu glauben.<\/p>\n<p>In meiner Wirklichkeit ist:<br \/>\nDu bist weder das Eine,<br \/>\nnoch das Andere.<br \/>\nDu bist g\u00f6ttlich,<br \/>\nfrei von jeder Anhaftung.<\/p>\n<p>In Liebe, Dunia Anandara<\/p>\n<p>Bitte leite gerne diese Infos an Freunde und Menschen weiter, die dir wichtig sind, um ebenso wie du auch Frieden zu stiften.<\/p>\n<p>&nbsp;<\/p>","protected":false},"excerpt":{"rendered":"<p>Einzigartiger wunderbarer Weltfriedens-Event mit Meditation, kleinem K\u00fcnstlermarkt F\u00fcr die neue Zeit auf Erden. Live erlebbar: Echtes Lemuria Feeling und Healing-Erlebnis Ein Nachmittag im Lemuria-Energie-Park auf der schw\u00e4bischen Alb mit Ausklang am Lagerfeuer. Auch f\u00fcr deinen inneren Frieden und St\u00e4rkung deiner Selbstheilungskr\u00e4fte auf allen Ebenen. Veranstaltungsort: D-72364 Obernheim-Tanneck, Tanneck 7, im Lemuria 5D-Energie Park Veranstalter: [Verein]&#8230;<\/p>","protected":false},"author":131,"featured_media":5699,"comment_status":"open","ping_status":"closed","template":"","meta":{"_acf_changed":false,"_kad_post_transparent":"default","_kad_post_title":"","_kad_post_layout":"default","_kad_post_sidebar_id":"","_kad_post_content_style":"default","_kad_post_vertical_padding":"default","_kad_post_feature":"","_kad_post_feature_position":"","_kad_post_header":false,"_kad_post_footer":false,"_kad_post_classname":""},"product_brand":[],"product_cat":[290,299],"product_tag":[781,784,783,785],"class_list":{"0":"post-25900","1":"product","2":"type-product","3":"status-publish","4":"has-post-thumbnail","6":"product_cat-events-meditationen","7":"product_cat-meditation","8":"product_tag-editation","9":"product_tag-event","10":"product_tag-lemuria-musik","11":"product_tag-meditation","13":"first","14":"instock","15":"shipping-taxable","16":"purchasable","17":"product-type-variable","18":"entry","19":"content-bg","20":"loop-entry"},"acf":[],"wcpa_form_fields":null,"yoast_head":"<!-- This site is optimized with the Yoast SEO plugin v27.4 - https:\/\/yoast.com\/product\/yoast-seo-wordpress\/ -->\n<title>21.6.2026 Weltfriedens-Event im Lemuria-Energie Park am Sonntag - Lemuria Institut by Dunia Anandara<\/title>\n<meta name=\"description\" content=\"Tages-Event: Weltfriedens-Meditation, Lemuria Healing-Erlebnis im Lemuria-Park Resort auf der Schw\u00e4bischen Alb. Mit Dunia Anandara, Musik, Engeln und Elfen.\" \/>\n<meta name=\"robots\" content=\"index, follow, max-snippet:-1, max-image-preview:large, max-video-preview:-1\" \/>\n<link rel=\"canonical\" href=\"https:\/\/sirlima.eu\/en\/p\/2026-weltfriedens-event\/\" \/>\n<meta property=\"og:locale\" content=\"en_GB\" \/>\n<meta property=\"og:type\" content=\"article\" \/>\n<meta property=\"og:title\" content=\"21.6.2026 Weltfriedens-Event im Lemuria-Energie Park am Sonntag - Lemuria Institut by Dunia Anandara\" \/>\n<meta property=\"og:description\" content=\"Tages-Event: Weltfriedens-Meditation, Lemuria Healing-Erlebnis im Lemuria-Park Resort auf der Schw\u00e4bischen Alb. Mit Dunia Anandara, Musik, Engeln und Elfen.\" \/>\n<meta property=\"og:url\" content=\"https:\/\/sirlima.eu\/en\/p\/2026-weltfriedens-event\/\" \/>\n<meta property=\"og:site_name\" content=\"Lemuria Institut by Dunia Anandara\" \/>\n<meta property=\"article:modified_time\" content=\"2026-03-19T15:48:59+00:00\" \/>\n<meta property=\"og:image\" content=\"https:\/\/sirlima.eu\/wp-content\/uploads\/2021\/11\/Wunschbaum-Wesen-im-Ahornbaum-.jpg\" \/>\n\t<meta property=\"og:image:width\" content=\"1200\" \/>\n\t<meta property=\"og:image:height\" content=\"800\" \/>\n\t<meta property=\"og:image:type\" content=\"image\/jpeg\" \/>\n<meta name=\"twitter:card\" content=\"summary_large_image\" \/>\n<meta name=\"twitter:label1\" content=\"Estimated reading time\" \/>\n\t<meta name=\"twitter:data1\" content=\"2 minutes\" \/>\n<script type=\"application\/ld+json\" class=\"yoast-schema-graph\">{\"@context\":\"https:\\\/\\\/schema.org\",\"@graph\":[{\"@type\":\"WebPage\",\"@id\":\"https:\\\/\\\/sirlima.eu\\\/p\\\/2026-weltfriedens-event\\\/\",\"url\":\"https:\\\/\\\/sirlima.eu\\\/p\\\/2026-weltfriedens-event\\\/\",\"name\":\"21.6.2026 Weltfriedens-Event im Lemuria-Energie Park am Sonntag - Lemuria Institut by Dunia Anandara\",\"isPartOf\":{\"@id\":\"https:\\\/\\\/sirlima.eu\\\/#website\"},\"primaryImageOfPage\":{\"@id\":\"https:\\\/\\\/sirlima.eu\\\/p\\\/2026-weltfriedens-event\\\/#primaryimage\"},\"image\":{\"@id\":\"https:\\\/\\\/sirlima.eu\\\/p\\\/2026-weltfriedens-event\\\/#primaryimage\"},\"thumbnailUrl\":\"https:\\\/\\\/sirlima.eu\\\/wp-content\\\/uploads\\\/2021\\\/11\\\/Wunschbaum-Wesen-im-Ahornbaum-.jpg\",\"datePublished\":\"2026-03-19T15:09:40+00:00\",\"dateModified\":\"2026-03-19T15:48:59+00:00\",\"description\":\"Tages-Event: Weltfriedens-Meditation, Lemuria Healing-Erlebnis im Lemuria-Park Resort auf der Schw\u00e4bischen Alb. Mit Dunia Anandara, Musik, Engeln und Elfen.\",\"breadcrumb\":{\"@id\":\"https:\\\/\\\/sirlima.eu\\\/p\\\/2026-weltfriedens-event\\\/#breadcrumb\"},\"inLanguage\":\"en-GB\",\"potentialAction\":[{\"@type\":\"ReadAction\",\"target\":[\"https:\\\/\\\/sirlima.eu\\\/p\\\/2026-weltfriedens-event\\\/\"]}]},{\"@type\":\"ImageObject\",\"inLanguage\":\"en-GB\",\"@id\":\"https:\\\/\\\/sirlima.eu\\\/p\\\/2026-weltfriedens-event\\\/#primaryimage\",\"url\":\"https:\\\/\\\/sirlima.eu\\\/wp-content\\\/uploads\\\/2021\\\/11\\\/Wunschbaum-Wesen-im-Ahornbaum-.jpg\",\"contentUrl\":\"https:\\\/\\\/sirlima.eu\\\/wp-content\\\/uploads\\\/2021\\\/11\\\/Wunschbaum-Wesen-im-Ahornbaum-.jpg\",\"width\":1200,\"height\":800},{\"@type\":\"BreadcrumbList\",\"@id\":\"https:\\\/\\\/sirlima.eu\\\/p\\\/2026-weltfriedens-event\\\/#breadcrumb\",\"itemListElement\":[{\"@type\":\"ListItem\",\"position\":1,\"name\":\"Home\",\"item\":\"https:\\\/\\\/sirlima.eu\\\/\"},{\"@type\":\"ListItem\",\"position\":2,\"name\":\"Lemuria Vereinserzeugnisse\",\"item\":\"https:\\\/\\\/sirlima.eu\\\/shop\\\/\"},{\"@type\":\"ListItem\",\"position\":3,\"name\":\"21.6.2026 Weltfriedens-Event im Lemuria-Energie Park am Sonntag\"}]},{\"@type\":\"WebSite\",\"@id\":\"https:\\\/\\\/sirlima.eu\\\/#website\",\"url\":\"https:\\\/\\\/sirlima.eu\\\/\",\"name\":\"Lemuria Institut by Dunia Anandara\",\"description\":\"Energetic-Natural-Spiritual Lemuria Lifestyle\",\"publisher\":{\"@id\":\"https:\\\/\\\/sirlima.eu\\\/#organization\"},\"potentialAction\":[{\"@type\":\"SearchAction\",\"target\":{\"@type\":\"EntryPoint\",\"urlTemplate\":\"https:\\\/\\\/sirlima.eu\\\/?s={search_term_string}\"},\"query-input\":{\"@type\":\"PropertyValueSpecification\",\"valueRequired\":true,\"valueName\":\"search_term_string\"}}],\"inLanguage\":\"en-GB\"},{\"@type\":\"Organization\",\"@id\":\"https:\\\/\\\/sirlima.eu\\\/#organization\",\"name\":\"Sirlima Lebensr\u00e4ume GbR\",\"url\":\"https:\\\/\\\/sirlima.eu\\\/\",\"logo\":{\"@type\":\"ImageObject\",\"inLanguage\":\"en-GB\",\"@id\":\"https:\\\/\\\/sirlima.eu\\\/#\\\/schema\\\/logo\\\/image\\\/\",\"url\":\"https:\\\/\\\/sirlima.eu\\\/wp-content\\\/uploads\\\/2021\\\/06\\\/cropped-2021-02-Logo-Sirlima.jpg\",\"contentUrl\":\"https:\\\/\\\/sirlima.eu\\\/wp-content\\\/uploads\\\/2021\\\/06\\\/cropped-2021-02-Logo-Sirlima.jpg\",\"width\":676,\"height\":443,\"caption\":\"Sirlima Lebensr\u00e4ume GbR\"},\"image\":{\"@id\":\"https:\\\/\\\/sirlima.eu\\\/#\\\/schema\\\/logo\\\/image\\\/\"}}]}<\/script>\n<!-- \/ Yoast SEO plugin. -->","yoast_head_json":{"title":"21.6.2026 Weltfriedens-Event im Lemuria-Energie Park am Sonntag - Lemuria Institut by Dunia Anandara","description":"Tages-Event: Weltfriedens-Meditation, Lemuria Healing-Erlebnis im Lemuria-Park Resort auf der Schw\u00e4bischen Alb. Mit Dunia Anandara, Musik, Engeln und Elfen.","robots":{"index":"index","follow":"follow","max-snippet":"max-snippet:-1","max-image-preview":"max-image-preview:large","max-video-preview":"max-video-preview:-1"},"canonical":"https:\/\/sirlima.eu\/en\/p\/2026-weltfriedens-event\/","og_locale":"en_GB","og_type":"article","og_title":"21.6.2026 Weltfriedens-Event im Lemuria-Energie Park am Sonntag - Lemuria Institut by Dunia Anandara","og_description":"Tages-Event: Weltfriedens-Meditation, Lemuria Healing-Erlebnis im Lemuria-Park Resort auf der Schw\u00e4bischen Alb. Mit Dunia Anandara, Musik, Engeln und Elfen.","og_url":"https:\/\/sirlima.eu\/en\/p\/2026-weltfriedens-event\/","og_site_name":"Lemuria Institut by Dunia Anandara","article_modified_time":"2026-03-19T15:48:59+00:00","og_image":[{"width":1200,"height":800,"url":"https:\/\/sirlima.eu\/wp-content\/uploads\/2021\/11\/Wunschbaum-Wesen-im-Ahornbaum-.jpg","type":"image\/jpeg"}],"twitter_card":"summary_large_image","twitter_misc":{"Estimated reading time":"2 minutes"},"schema":{"@context":"https:\/\/schema.org","@graph":[{"@type":"WebPage","@id":"https:\/\/sirlima.eu\/p\/2026-weltfriedens-event\/","url":"https:\/\/sirlima.eu\/p\/2026-weltfriedens-event\/","name":"21.6.2026 Weltfriedens-Event im Lemuria-Energie Park am Sonntag - Lemuria Institut by Dunia Anandara","isPartOf":{"@id":"https:\/\/sirlima.eu\/#website"},"primaryImageOfPage":{"@id":"https:\/\/sirlima.eu\/p\/2026-weltfriedens-event\/#primaryimage"},"image":{"@id":"https:\/\/sirlima.eu\/p\/2026-weltfriedens-event\/#primaryimage"},"thumbnailUrl":"https:\/\/sirlima.eu\/wp-content\/uploads\/2021\/11\/Wunschbaum-Wesen-im-Ahornbaum-.jpg","datePublished":"2026-03-19T15:09:40+00:00","dateModified":"2026-03-19T15:48:59+00:00","description":"Tages-Event: Weltfriedens-Meditation, Lemuria Healing-Erlebnis im Lemuria-Park Resort auf der Schw\u00e4bischen Alb. Mit Dunia Anandara, Musik, Engeln und Elfen.","breadcrumb":{"@id":"https:\/\/sirlima.eu\/p\/2026-weltfriedens-event\/#breadcrumb"},"inLanguage":"en-GB","potentialAction":[{"@type":"ReadAction","target":["https:\/\/sirlima.eu\/p\/2026-weltfriedens-event\/"]}]},{"@type":"ImageObject","inLanguage":"en-GB","@id":"https:\/\/sirlima.eu\/p\/2026-weltfriedens-event\/#primaryimage","url":"https:\/\/sirlima.eu\/wp-content\/uploads\/2021\/11\/Wunschbaum-Wesen-im-Ahornbaum-.jpg","contentUrl":"https:\/\/sirlima.eu\/wp-content\/uploads\/2021\/11\/Wunschbaum-Wesen-im-Ahornbaum-.jpg","width":1200,"height":800},{"@type":"BreadcrumbList","@id":"https:\/\/sirlima.eu\/p\/2026-weltfriedens-event\/#breadcrumb","itemListElement":[{"@type":"ListItem","position":1,"name":"Home","item":"https:\/\/sirlima.eu\/"},{"@type":"ListItem","position":2,"name":"Lemuria Vereinserzeugnisse","item":"https:\/\/sirlima.eu\/shop\/"},{"@type":"ListItem","position":3,"name":"21.6.2026 Weltfriedens-Event im Lemuria-Energie Park am Sonntag"}]},{"@type":"WebSite","@id":"https:\/\/sirlima.eu\/#website","url":"https:\/\/sirlima.eu\/","name":"Lemuria Institut by Dunia Anandara","description":"Energetic-Natural-Spiritual Lemuria Lifestyle","publisher":{"@id":"https:\/\/sirlima.eu\/#organization"},"potentialAction":[{"@type":"SearchAction","target":{"@type":"EntryPoint","urlTemplate":"https:\/\/sirlima.eu\/?s={search_term_string}"},"query-input":{"@type":"PropertyValueSpecification","valueRequired":true,"valueName":"search_term_string"}}],"inLanguage":"en-GB"},{"@type":"Organization","@id":"https:\/\/sirlima.eu\/#organization","name":"Sirlima Lebensr\u00e4ume GbR","url":"https:\/\/sirlima.eu\/","logo":{"@type":"ImageObject","inLanguage":"en-GB","@id":"https:\/\/sirlima.eu\/#\/schema\/logo\/image\/","url":"https:\/\/sirlima.eu\/wp-content\/uploads\/2021\/06\/cropped-2021-02-Logo-Sirlima.jpg","contentUrl":"https:\/\/sirlima.eu\/wp-content\/uploads\/2021\/06\/cropped-2021-02-Logo-Sirlima.jpg","width":676,"height":443,"caption":"Sirlima Lebensr\u00e4ume GbR"},"image":{"@id":"https:\/\/sirlima.eu\/#\/schema\/logo\/image\/"}}]}},"_links":{"self":[{"href":"https:\/\/sirlima.eu\/en\/wp-json\/wp\/v2\/product\/25900","targetHints":{"allow":["GET"]}}],"collection":[{"href":"https:\/\/sirlima.eu\/en\/wp-json\/wp\/v2\/product"}],"about":[{"href":"https:\/\/sirlima.eu\/en\/wp-json\/wp\/v2\/types\/product"}],"author":[{"embeddable":true,"href":"https:\/\/sirlima.eu\/en\/wp-json\/wp\/v2\/users\/131"}],"replies":[{"embeddable":true,"href":"https:\/\/sirlima.eu\/en\/wp-json\/wp\/v2\/comments?post=25900"}],"version-history":[{"count":9,"href":"https:\/\/sirlima.eu\/en\/wp-json\/wp\/v2\/product\/25900\/revisions"}],"predecessor-version":[{"id":25910,"href":"https:\/\/sirlima.eu\/en\/wp-json\/wp\/v2\/product\/25900\/revisions\/25910"}],"wp:featuredmedia":[{"embeddable":true,"href":"https:\/\/sirlima.eu\/en\/wp-json\/wp\/v2\/media\/5699"}],"wp:attachment":[{"href":"https:\/\/sirlima.eu\/en\/wp-json\/wp\/v2\/media?parent=25900"}],"wp:term":[{"taxonomy":"product_brand","embeddable":true,"href":"https:\/\/sirlima.eu\/en\/wp-json\/wp\/v2\/product_brand?post=25900"},{"taxonomy":"product_cat","embeddable":true,"href":"https:\/\/sirlima.eu\/en\/wp-json\/wp\/v2\/product_cat?post=25900"},{"taxonomy":"product_tag","embeddable":true,"href":"https:\/\/sirlima.eu\/en\/wp-json\/wp\/v2\/product_tag?post=25900"}],"curies":[{"name":"wp","href":"https:\/\/api.w.org\/{rel}","templated":true}]}}