{"id":25387,"date":"2025-12-23T14:12:14","date_gmt":"2025-12-23T13:12:14","guid":{"rendered":"https:\/\/sirlima.eu\/?post_type=product&#038;p=25387"},"modified":"2026-04-08T14:50:59","modified_gmt":"2026-04-08T12:50:59","slug":"zia26-7","status":"publish","type":"product","link":"https:\/\/sirlima.eu\/en\/p\/zia26-7\/","title":{"rendered":"10.7.2026 Zoom Intensiv-Aufl\u00f6searbeit mit Dunia Anandara (max. 6 Teilnehmer)"},"content":{"rendered":"<p><strong>Intensive Aufl\u00f6searbeit mit Dunia Anandara per Zoom (max. 6 Teilnehmer) &#8211; ab 9:30 Uhr<\/strong><\/p>\n<p><strong>Wichtige Vorabinfos f\u00fcr Teilnehmer (bitte anh\u00f6ren &#8211; 2 Minuten):<\/strong><\/p>\n<audio class=\"wp-audio-shortcode\" id=\"audio-25387-1\" preload=\"none\" style=\"width: 100%;\" controls=\"controls\"><source type=\"audio\/mpeg\" src=\"https:\/\/sirlima.eu\/wp-content\/uploads\/2026\/03\/Intensiv-Aufloese_Infos-Ehre-Respekt.mp3?_=1\" \/><a href=\"https:\/\/sirlima.eu\/wp-content\/uploads\/2026\/03\/Intensiv-Aufloese_Infos-Ehre-Respekt.mp3\">https:\/\/sirlima.eu\/wp-content\/uploads\/2026\/03\/Intensiv-Aufloese_Infos-Ehre-Respekt.mp3<\/a><\/audio>\n<p>Wissen alleine hilft, besser zu verstehen.<\/p>\n<p>Der n\u00e4chste wichtige Schritt auf deinem Weg ist es, das Wissen zu erl\u00f6sen oder das erkannte Programm zu ver\u00e4ndern, indem wir das Unterbewusstsein aus dem Programm erl\u00f6sen.<\/p>\n<p>Die Transformations-Coachings dienen dem Wissen, kl\u00e4ren so manche Dauerschleife sich wiederholender Verhaltensweisen.<\/p>\n<p>Dieses Wissen oder deine Erkenntnisse und Selbsterfahrungen, kannst du an diesen Aufl\u00f6seterminen mitbringen.<\/p>\n<p><strong>Themen bitte vorab direkt an <a class=\"moz-txt-link-abbreviated\" href=\"mailto:dunia.anandara@sirlima.de\">dunia.anandara@lemuria-akademie.club<\/a> bis 12 Uhr, sp\u00e4testens einen Tag vorher senden.<\/strong><\/p>\n<p>Im ersten Teil kann jeder kurz sein Thema umschreiben und von Dunia ggf. noch einen Hinweis erhalten &#8211; wenn du dein Video einschaltest, kann sie sich tiefer mit dir verbinden.<\/p>\n<p>Im zweiten Teil wird Dunia Anandara in einer allgemein gehaltenen Auf\u00f6setechnik deine Erkenntnis mit in den Aufl\u00f6seraum einflie\u00dfen lassen,<\/p>\n<ul>\n<li>damit Aufl\u00f6sung in der Gruppe entstehen kann<\/li>\n<li>damit dein Unterbewusstsein sich befreien kann von Schuld, Verhinderung, Blockaden auf den Ebenen von K\u00f6rper, Geist und Seele<\/li>\n<\/ul>\n<p>&nbsp;<\/p>","protected":false},"excerpt":{"rendered":"<p>Intensive Aufl\u00f6searbeit mit Dunia Anandara per Zoom (max. 6 Teilnehmer) &#8211; ab 9:30 Uhr Wichtige Vorabinfos f\u00fcr Teilnehmer (bitte anh\u00f6ren &#8211; 2 Minuten): https:\/\/sirlima.eu\/wp-content\/uploads\/2026\/03\/Intensiv-Aufloese_Infos-Ehre-Respekt.mp3 Wissen alleine hilft, besser zu verstehen. Der n\u00e4chste wichtige Schritt auf deinem Weg ist es, das Wissen zu erl\u00f6sen oder das erkannte Programm zu ver\u00e4ndern, indem wir das Unterbewusstsein aus dem&#8230;<\/p>","protected":false},"author":131,"featured_media":15621,"comment_status":"closed","ping_status":"closed","template":"","meta":{"_acf_changed":false,"_kad_post_transparent":"default","_kad_post_title":"","_kad_post_layout":"default","_kad_post_sidebar_id":"","_kad_post_content_style":"default","_kad_post_vertical_padding":"default","_kad_post_feature":"","_kad_post_feature_position":"","_kad_post_header":false,"_kad_post_footer":false,"_kad_post_classname":""},"product_brand":[],"product_cat":[292],"product_tag":[752,766,753,759,767,773,755,754,763,756,764,770,765,760,762,757,768,751,769,761,758],"class_list":{"0":"post-25387","1":"product","2":"type-product","3":"status-publish","4":"has-post-thumbnail","6":"product_cat-spiritual-coaching","7":"product_tag-5d-bewusstsein","8":"product_tag-abnahme-manipulation-angst-zweifel-gehorsam","9":"product_tag-aktivierung-12-strang-dns","10":"product_tag-annahme-der-eigenen-goettlichkeit","11":"product_tag-befreiung-opfer-taeter","12":"product_tag-cme4-schulung","13":"product_tag-energetische-ausleitung-fremd-spike-proteine","14":"product_tag-energetische-reinigung","15":"product_tag-freiheit-von-dogmen-meinungen-vorstellungen","16":"product_tag-frieden-auf-erden","17":"product_tag-heilung-durch-bewusstseinserweiterung","18":"product_tag-innen-wie-aussen-oben-wie-unten","19":"product_tag-karmische-befreiung","20":"product_tag-klarheit-zentrierung","21":"product_tag-konzentration-koerper-atem-zellen-mittelkanal","22":"product_tag-liebe","23":"product_tag-selbstbestimmung","24":"product_tag-superelektron-supra-elektron","25":"product_tag-verbindung-zur-original-erde-gaija","26":"product_tag-verfeinerte-schwingung","27":"product_tag-wahrhaftigkeit","28":"wcpa_has_options","30":"first","31":"instock","32":"virtual","33":"purchasable","34":"product-type-simple","35":"entry","36":"content-bg","37":"loop-entry"},"acf":[],"wcpa_form_fields":{"rules":{"pric_overide_base_price":false,"pric_overide_base_price_if_gt_zero":false,"pric_overide_base_price_fully":false,"pric_cal_option_once":false,"pric_use_as_fee":false,"bind_quantity":false,"quantity_bind_formula":false},"fields":[{"type":"checkbox-group","elementId":"wcpa-checkbox-group-1658837600210","label":"","description":"Die g\u00fcnstigste Zahlungsmethode ist Standard-Bank\u00fcberweisung. Die Rechnung erh\u00e4ltst du sofort nach Buchung per Email. Alternativ kannst du Paypal ausw\u00e4hlen und bitte auch unsere Mehrkosten tragen.","inline":true,"enablePrice":true,"priceOptions":"fixed_for_all","pricingType":"fixed","price":"7","name":"checkbox-group-1658837600209","other_text":"Other","cl_rule":"show","col":6,"values":[{"label":"Ich m\u00f6chte mit Paypal zahlen und trage die Paypal-Geb\u00fchren daf\u00fcr","value":"pp","price":"","pimage":"","pimage_id":"","pthumb":""}],"relations":false,"form_id":25800,"form_rules":{"pric_cal_option_once":false,"exclude_from_discount":false,"pric_use_as_fee":false,"fee_label":"Geb\u00fchr","render_after_acb":false,"disp_hide_options_price":false}}]},"yoast_head":"<!-- This site is optimized with the Yoast SEO plugin v27.4 - https:\/\/yoast.com\/product\/yoast-seo-wordpress\/ -->\n<title>10.7.2026 Zoom Intensiv-Aufl\u00f6searbeit mit Dunia Anandara (max. 6 Teilnehmer) - Lemuria Institut by Dunia Anandara<\/title>\n<meta name=\"description\" content=\"Intensiv-Aufl\u00f6searbeit mit Dunia Anandara - Bewusstseinsarbeit, Annahme eigene G\u00f6ttlichkeit, Frieden, Liebe, Freiheit, Selbstbestimmung\" \/>\n<meta name=\"robots\" content=\"index, follow, max-snippet:-1, max-image-preview:large, max-video-preview:-1\" \/>\n<link rel=\"canonical\" href=\"https:\/\/sirlima.eu\/en\/p\/zia26-7\/\" \/>\n<meta property=\"og:locale\" content=\"en_GB\" \/>\n<meta property=\"og:type\" content=\"article\" \/>\n<meta property=\"og:title\" content=\"10.7.2026 Zoom Intensiv-Aufl\u00f6searbeit mit Dunia Anandara (max. 6 Teilnehmer) - Lemuria Institut by Dunia Anandara\" \/>\n<meta property=\"og:description\" content=\"Intensiv-Aufl\u00f6searbeit mit Dunia Anandara - Bewusstseinsarbeit, Annahme eigene G\u00f6ttlichkeit, Frieden, Liebe, Freiheit, Selbstbestimmung\" \/>\n<meta property=\"og:url\" content=\"https:\/\/sirlima.eu\/en\/p\/zia26-7\/\" \/>\n<meta property=\"og:site_name\" content=\"Lemuria Institut by Dunia Anandara\" \/>\n<meta property=\"article:modified_time\" content=\"2026-04-08T12:50:59+00:00\" \/>\n<meta property=\"og:image\" content=\"https:\/\/sirlima.eu\/wp-content\/uploads\/2023\/07\/tidselsommerfugl-4272004_1280.jpg\" \/>\n\t<meta property=\"og:image:width\" content=\"1280\" \/>\n\t<meta property=\"og:image:height\" content=\"853\" \/>\n\t<meta property=\"og:image:type\" content=\"image\/jpeg\" \/>\n<meta name=\"twitter:card\" content=\"summary_large_image\" \/>\n<meta name=\"twitter:label1\" content=\"Estimated reading time\" \/>\n\t<meta name=\"twitter:data1\" content=\"1 minute\" \/>\n<script type=\"application\/ld+json\" class=\"yoast-schema-graph\">{\"@context\":\"https:\\\/\\\/schema.org\",\"@graph\":[{\"@type\":\"WebPage\",\"@id\":\"https:\\\/\\\/sirlima.eu\\\/p\\\/zia26-7\\\/\",\"url\":\"https:\\\/\\\/sirlima.eu\\\/p\\\/zia26-7\\\/\",\"name\":\"10.7.2026 Zoom Intensiv-Aufl\u00f6searbeit mit Dunia Anandara (max. 6 Teilnehmer) - Lemuria Institut by Dunia Anandara\",\"isPartOf\":{\"@id\":\"https:\\\/\\\/sirlima.eu\\\/#website\"},\"primaryImageOfPage\":{\"@id\":\"https:\\\/\\\/sirlima.eu\\\/p\\\/zia26-7\\\/#primaryimage\"},\"image\":{\"@id\":\"https:\\\/\\\/sirlima.eu\\\/p\\\/zia26-7\\\/#primaryimage\"},\"thumbnailUrl\":\"https:\\\/\\\/sirlima.eu\\\/wp-content\\\/uploads\\\/2023\\\/07\\\/tidselsommerfugl-4272004_1280.jpg\",\"datePublished\":\"2025-12-23T13:12:14+00:00\",\"dateModified\":\"2026-04-08T12:50:59+00:00\",\"description\":\"Intensiv-Aufl\u00f6searbeit mit Dunia Anandara - Bewusstseinsarbeit, Annahme eigene G\u00f6ttlichkeit, Frieden, Liebe, Freiheit, Selbstbestimmung\",\"breadcrumb\":{\"@id\":\"https:\\\/\\\/sirlima.eu\\\/p\\\/zia26-7\\\/#breadcrumb\"},\"inLanguage\":\"en-GB\",\"potentialAction\":[{\"@type\":\"ReadAction\",\"target\":[\"https:\\\/\\\/sirlima.eu\\\/p\\\/zia26-7\\\/\"]}]},{\"@type\":\"ImageObject\",\"inLanguage\":\"en-GB\",\"@id\":\"https:\\\/\\\/sirlima.eu\\\/p\\\/zia26-7\\\/#primaryimage\",\"url\":\"https:\\\/\\\/sirlima.eu\\\/wp-content\\\/uploads\\\/2023\\\/07\\\/tidselsommerfugl-4272004_1280.jpg\",\"contentUrl\":\"https:\\\/\\\/sirlima.eu\\\/wp-content\\\/uploads\\\/2023\\\/07\\\/tidselsommerfugl-4272004_1280.jpg\",\"width\":1280,\"height\":853},{\"@type\":\"BreadcrumbList\",\"@id\":\"https:\\\/\\\/sirlima.eu\\\/p\\\/zia26-7\\\/#breadcrumb\",\"itemListElement\":[{\"@type\":\"ListItem\",\"position\":1,\"name\":\"Home\",\"item\":\"https:\\\/\\\/sirlima.eu\\\/\"},{\"@type\":\"ListItem\",\"position\":2,\"name\":\"Lemuria Vereinserzeugnisse\",\"item\":\"https:\\\/\\\/sirlima.eu\\\/shop\\\/\"},{\"@type\":\"ListItem\",\"position\":3,\"name\":\"10.7.2026 Zoom Intensiv-Aufl\u00f6searbeit mit Dunia Anandara (max. 6 Teilnehmer)\"}]},{\"@type\":\"WebSite\",\"@id\":\"https:\\\/\\\/sirlima.eu\\\/#website\",\"url\":\"https:\\\/\\\/sirlima.eu\\\/\",\"name\":\"Lemuria Institut by Dunia Anandara\",\"description\":\"Energetic-Natural-Spiritual Lemuria Lifestyle\",\"publisher\":{\"@id\":\"https:\\\/\\\/sirlima.eu\\\/#organization\"},\"potentialAction\":[{\"@type\":\"SearchAction\",\"target\":{\"@type\":\"EntryPoint\",\"urlTemplate\":\"https:\\\/\\\/sirlima.eu\\\/?s={search_term_string}\"},\"query-input\":{\"@type\":\"PropertyValueSpecification\",\"valueRequired\":true,\"valueName\":\"search_term_string\"}}],\"inLanguage\":\"en-GB\"},{\"@type\":\"Organization\",\"@id\":\"https:\\\/\\\/sirlima.eu\\\/#organization\",\"name\":\"Sirlima Lebensr\u00e4ume GbR\",\"url\":\"https:\\\/\\\/sirlima.eu\\\/\",\"logo\":{\"@type\":\"ImageObject\",\"inLanguage\":\"en-GB\",\"@id\":\"https:\\\/\\\/sirlima.eu\\\/#\\\/schema\\\/logo\\\/image\\\/\",\"url\":\"https:\\\/\\\/sirlima.eu\\\/wp-content\\\/uploads\\\/2021\\\/06\\\/cropped-2021-02-Logo-Sirlima.jpg\",\"contentUrl\":\"https:\\\/\\\/sirlima.eu\\\/wp-content\\\/uploads\\\/2021\\\/06\\\/cropped-2021-02-Logo-Sirlima.jpg\",\"width\":676,\"height\":443,\"caption\":\"Sirlima Lebensr\u00e4ume GbR\"},\"image\":{\"@id\":\"https:\\\/\\\/sirlima.eu\\\/#\\\/schema\\\/logo\\\/image\\\/\"}}]}<\/script>\n<!-- \/ Yoast SEO plugin. -->","yoast_head_json":{"title":"10.7.2026 Zoom Intensiv-Aufl\u00f6searbeit mit Dunia Anandara (max. 6 Teilnehmer) - Lemuria Institut by Dunia Anandara","description":"Intensiv-Aufl\u00f6searbeit mit Dunia Anandara - Bewusstseinsarbeit, Annahme eigene G\u00f6ttlichkeit, Frieden, Liebe, Freiheit, Selbstbestimmung","robots":{"index":"index","follow":"follow","max-snippet":"max-snippet:-1","max-image-preview":"max-image-preview:large","max-video-preview":"max-video-preview:-1"},"canonical":"https:\/\/sirlima.eu\/en\/p\/zia26-7\/","og_locale":"en_GB","og_type":"article","og_title":"10.7.2026 Zoom Intensiv-Aufl\u00f6searbeit mit Dunia Anandara (max. 6 Teilnehmer) - Lemuria Institut by Dunia Anandara","og_description":"Intensiv-Aufl\u00f6searbeit mit Dunia Anandara - Bewusstseinsarbeit, Annahme eigene G\u00f6ttlichkeit, Frieden, Liebe, Freiheit, Selbstbestimmung","og_url":"https:\/\/sirlima.eu\/en\/p\/zia26-7\/","og_site_name":"Lemuria Institut by Dunia Anandara","article_modified_time":"2026-04-08T12:50:59+00:00","og_image":[{"width":1280,"height":853,"url":"https:\/\/sirlima.eu\/wp-content\/uploads\/2023\/07\/tidselsommerfugl-4272004_1280.jpg","type":"image\/jpeg"}],"twitter_card":"summary_large_image","twitter_misc":{"Estimated reading time":"1 minute"},"schema":{"@context":"https:\/\/schema.org","@graph":[{"@type":"WebPage","@id":"https:\/\/sirlima.eu\/p\/zia26-7\/","url":"https:\/\/sirlima.eu\/p\/zia26-7\/","name":"10.7.2026 Zoom Intensiv-Aufl\u00f6searbeit mit Dunia Anandara (max. 6 Teilnehmer) - Lemuria Institut by Dunia Anandara","isPartOf":{"@id":"https:\/\/sirlima.eu\/#website"},"primaryImageOfPage":{"@id":"https:\/\/sirlima.eu\/p\/zia26-7\/#primaryimage"},"image":{"@id":"https:\/\/sirlima.eu\/p\/zia26-7\/#primaryimage"},"thumbnailUrl":"https:\/\/sirlima.eu\/wp-content\/uploads\/2023\/07\/tidselsommerfugl-4272004_1280.jpg","datePublished":"2025-12-23T13:12:14+00:00","dateModified":"2026-04-08T12:50:59+00:00","description":"Intensiv-Aufl\u00f6searbeit mit Dunia Anandara - Bewusstseinsarbeit, Annahme eigene G\u00f6ttlichkeit, Frieden, Liebe, Freiheit, Selbstbestimmung","breadcrumb":{"@id":"https:\/\/sirlima.eu\/p\/zia26-7\/#breadcrumb"},"inLanguage":"en-GB","potentialAction":[{"@type":"ReadAction","target":["https:\/\/sirlima.eu\/p\/zia26-7\/"]}]},{"@type":"ImageObject","inLanguage":"en-GB","@id":"https:\/\/sirlima.eu\/p\/zia26-7\/#primaryimage","url":"https:\/\/sirlima.eu\/wp-content\/uploads\/2023\/07\/tidselsommerfugl-4272004_1280.jpg","contentUrl":"https:\/\/sirlima.eu\/wp-content\/uploads\/2023\/07\/tidselsommerfugl-4272004_1280.jpg","width":1280,"height":853},{"@type":"BreadcrumbList","@id":"https:\/\/sirlima.eu\/p\/zia26-7\/#breadcrumb","itemListElement":[{"@type":"ListItem","position":1,"name":"Home","item":"https:\/\/sirlima.eu\/"},{"@type":"ListItem","position":2,"name":"Lemuria Vereinserzeugnisse","item":"https:\/\/sirlima.eu\/shop\/"},{"@type":"ListItem","position":3,"name":"10.7.2026 Zoom Intensiv-Aufl\u00f6searbeit mit Dunia Anandara (max. 6 Teilnehmer)"}]},{"@type":"WebSite","@id":"https:\/\/sirlima.eu\/#website","url":"https:\/\/sirlima.eu\/","name":"Lemuria Institut by Dunia Anandara","description":"Energetic-Natural-Spiritual Lemuria Lifestyle","publisher":{"@id":"https:\/\/sirlima.eu\/#organization"},"potentialAction":[{"@type":"SearchAction","target":{"@type":"EntryPoint","urlTemplate":"https:\/\/sirlima.eu\/?s={search_term_string}"},"query-input":{"@type":"PropertyValueSpecification","valueRequired":true,"valueName":"search_term_string"}}],"inLanguage":"en-GB"},{"@type":"Organization","@id":"https:\/\/sirlima.eu\/#organization","name":"Sirlima Lebensr\u00e4ume GbR","url":"https:\/\/sirlima.eu\/","logo":{"@type":"ImageObject","inLanguage":"en-GB","@id":"https:\/\/sirlima.eu\/#\/schema\/logo\/image\/","url":"https:\/\/sirlima.eu\/wp-content\/uploads\/2021\/06\/cropped-2021-02-Logo-Sirlima.jpg","contentUrl":"https:\/\/sirlima.eu\/wp-content\/uploads\/2021\/06\/cropped-2021-02-Logo-Sirlima.jpg","width":676,"height":443,"caption":"Sirlima Lebensr\u00e4ume GbR"},"image":{"@id":"https:\/\/sirlima.eu\/#\/schema\/logo\/image\/"}}]}},"_links":{"self":[{"href":"https:\/\/sirlima.eu\/en\/wp-json\/wp\/v2\/product\/25387","targetHints":{"allow":["GET"]}}],"collection":[{"href":"https:\/\/sirlima.eu\/en\/wp-json\/wp\/v2\/product"}],"about":[{"href":"https:\/\/sirlima.eu\/en\/wp-json\/wp\/v2\/types\/product"}],"author":[{"embeddable":true,"href":"https:\/\/sirlima.eu\/en\/wp-json\/wp\/v2\/users\/131"}],"replies":[{"embeddable":true,"href":"https:\/\/sirlima.eu\/en\/wp-json\/wp\/v2\/comments?post=25387"}],"version-history":[{"count":6,"href":"https:\/\/sirlima.eu\/en\/wp-json\/wp\/v2\/product\/25387\/revisions"}],"predecessor-version":[{"id":25928,"href":"https:\/\/sirlima.eu\/en\/wp-json\/wp\/v2\/product\/25387\/revisions\/25928"}],"wp:featuredmedia":[{"embeddable":true,"href":"https:\/\/sirlima.eu\/en\/wp-json\/wp\/v2\/media\/15621"}],"wp:attachment":[{"href":"https:\/\/sirlima.eu\/en\/wp-json\/wp\/v2\/media?parent=25387"}],"wp:term":[{"taxonomy":"product_brand","embeddable":true,"href":"https:\/\/sirlima.eu\/en\/wp-json\/wp\/v2\/product_brand?post=25387"},{"taxonomy":"product_cat","embeddable":true,"href":"https:\/\/sirlima.eu\/en\/wp-json\/wp\/v2\/product_cat?post=25387"},{"taxonomy":"product_tag","embeddable":true,"href":"https:\/\/sirlima.eu\/en\/wp-json\/wp\/v2\/product_tag?post=25387"}],"curies":[{"name":"wp","href":"https:\/\/api.w.org\/{rel}","templated":true}]}}