{"id":25371,"date":"2025-12-23T12:45:42","date_gmt":"2025-12-23T11:45:42","guid":{"rendered":"https:\/\/sirlima.eu\/?post_type=product&#038;p=25371"},"modified":"2025-12-23T12:46:54","modified_gmt":"2025-12-23T11:46:54","slug":"5d26-5","status":"publish","type":"product","link":"https:\/\/sirlima.eu\/en\/p\/5d26-5\/","title":{"rendered":"16.5.2026 Tagesworkshop &#8211; 5D-Aufstiegstraining"},"content":{"rendered":"<p><strong>Dunia Anandara, dimensionsreisende aus den lemurianischen Bewusstseins-Ebenen, ist wie eine Trainerin:<\/strong><\/p>\n<p>Bei jeder Meditation, bei jedem Seminar und Workshop, bietet sie dir die M\u00f6glichkeit zur weiteren Selbst-Entfaltung. Egal, wo du gerade in deiner Entwicklung stehst. Sie leitet dich an, tiefer in dein Sein einzutauchen. Damit du selbst erkennen kannst, wo du dein urspr\u00fcngliches g\u00f6ttliches Wesen noch weiter ins Licht und ins Leben bringen kannst.<\/p>\n<p>Dies ist die Grundlage f\u00fcr dein ganzheitliches Wachsen. Der Weg zu dir!<br \/>\n<strong><br \/>\nSie gibt uns diese Infos zum einzigartigen 5D-Aufstiegstraining:<br \/>\n<\/strong><br \/>\nIch gr\u00fc\u00dfe dich von Herz zu Herz in deinem g\u00f6ttlichen Sein!<\/p>\n<p>Bei den Matrix-Transformations-Meditationen gehen wir in einzelne Bereiche der blockierenden KI-Matrix und setzen Impulse der Harmonie, des Friedens und der Liebe. Dies kommt sofort den Teilnehmern und der gesamten Menschheit zugute.<\/p>\n<p>Bei den 5D Aufstiegstrainings nehmen wir uns mehr Zeit, um in uns neue M\u00f6glichkeiten der Selbst-Akzeptanz, Selbst-Erkenntnis und Selbst-Liebe zu er\u00f6ffnen und schrittweise vorhandene Blockierungen auf unserer Seelenreise zu erl\u00f6sen.<\/p>\n<p>Dies ist wie ein 5D-Marathon-Training und kann stetig erweitert werden. Hierzu bin ich in Kontakt mit der Sch\u00f6pferquelle Vater-Mutter Gott und dir, weil du deren Sch\u00f6pfung bist.<\/p>\n<p><strong>Es erwartet dich beim Tagesworkshop 5D-Aufstiegstraining:<\/strong><\/p>\n<p>1. Energetische Aura-Reinigung, l\u00f6sen von Fremdenergie-Befall.<br \/>\nVon den Zell-Atomen bis in den 12. Lichtk\u00f6rper deines Seins.<\/p>\n<p>2. Erkennen, wo du dich aufgrund falscher Informationen von der<br \/>\nallumfassenden g\u00f6ttlichen Liebe entfernt hast.<\/p>\n<p>3. Speziell auf die Teilnehmenden und des aktuellen Weltgeschehens<br \/>\naktualisierte Aufstiegs-\u00dcbungen und Harmonisierungs-Prozesse, aus<br \/>\nden lemurianischen Meisterdimensionen, die deiner weiteren<br \/>\nPotentialentfaltung dienen. Jeder dieser Workshops ist neu, individuell<br \/>\nund bringt dir stets Erweiterung, sowie Vertiefung im Thema.<\/p>\n<p>4. Mehr Lebens-Energie durch sp\u00fcrbare Schwingungserh\u00f6hung.<br \/>\nDNS- und Lichtk\u00f6rper-Aktivierung.<\/p>\n<p>5. Erweiterung und Ann\u00e4herung an dein g\u00f6ttlich-sch\u00f6pferisches Sein.<br \/>\nErweiternde Selbst-Erkenntnisse.<\/p>\n<p>6. Meditative und energetische \u00dcbungen f\u00fcr deinen Alltag, zur<br \/>\nUnterst\u00fctzung deiner Transformations-Disziplin.<\/p>\n<p>7. Training und Vorbereitung f\u00fcr deinen \u00dcbergang aus der illusorischen<br \/>\n3D- und 4D-Welt, so dass du dich immer mehr der 5D &#8211; 7D Realit\u00e4t<br \/>\nzuwenden kannst.<\/p>\n<p>Das Seminar wird frei von Dunia Anandara gechannelt &#8211; jedes Mal einzigartig <strong>angepasst an die Energie der Teilnehmer und das aktuelle Weltgeschehen<\/strong>. Gehen wir gemeinsam einen Schritt weiter in Richtung 5. Dimension!<\/p>\n<p>Seit Jahrhunderten verleitet diese Schattenwelt deine lichtvolle Sch\u00f6pferseele, die du scheinbar vergessen hast, in Mangel und Existenzangst jeglicher Art.<br \/>\nDenn nur so kannst du f\u00fcr die eigens\u00fcchtigen Zwecke dieser Schattenwelt benutzt werden &#8211; was meist \u00fcber Inkarnationen hinweg zu einem &#8222;blinden Gehorsam&#8220; wird. Es scheint &#8222;normal&#8220; zu sein, weil so Viele mitmachen. Doch es ist nicht nat\u00fcrlich. Dies ist nicht deine wahre Natur.<\/p>\n<p>Zur Zeit kommen Wellen von unglaublichen Schwingungen der Befreiung auf die Erde.<br \/>\nWer sich darauf vorbereitet, hat es leichter &#8211; doch fast jeder Mensch hat zur Zeit Bedarf an Unterst\u00fctzung: K\u00f6rperlich-geistig-seelisch. Viele bemerken es auf Zellebene, im Gehirn, im Knochenger\u00fcst und in den Organen.<\/p>\n<p>In dieser gro\u00dfen Kraft der Aufstiegsenergie kommen viele Menschen mit dieser Schwingungserh\u00f6hung nicht mehr mit.<\/p>\n<p>Jeder Mensch wird mit seiner festgefahrenen Lebens- und Verhaltensweise konfrontiert, unsere Zellen und unser Verstand halten am Vertrauten fest, bis die eigene Krise immer heftiger wird.<\/p>\n<p><strong>Unser Unterbewusstein hat Angst<\/strong>, alle alten Erfahrungs-Sicherheiten loszulassen, weil es nicht erkennen kann, wie es weiter gehen soll &#8211; so ganz frei???<\/p>\n<p><strong>Doch unsere Seele will in ihre g\u00f6ttliche Freiheit aufsteigen<\/strong>.<\/p>\n<p>Was meinst du, welche Haltung setzt sich in deinem Leben durch?<\/p>\n<p>Willst du leben, denken und f\u00fchlen, wie Andere es bisher von dir erwarten?<\/p>\n<p>Willst du dich in vergangenen Lebenswissen leben?<br \/>\nM\u00f6chtest du den Spirit vergangener Zeiten nachleben?<br \/>\nGlaubst du, dass du voll bereit f\u00fcr den \u00dcbergang in 5D bist?<\/p>\n<p>Wenn du nur 2 Mal mit <u>NEIN<\/u> geantwortet hast, ist es <strong>dein Seminar<\/strong>!<\/p>\n<p>Bist du bereit f\u00fcr die <strong>totale spirituelle Freiheit ohne Vergangenheit<\/strong>?<br \/>\nBist du <strong>bereit, heil zu sein<\/strong>?<\/p>\n<p>Dann komm!<\/p>\n<p>An diesem Seminartag befassen wir uns mit dem in uns<br \/>\nwirkenden generellen Mangelbewusstein und auch mit unserem<br \/>\nZellbewusstein im Mangelverhalten.<\/p>\n<p>Neue, aussergew\u00f6hnliche Herangehensweisen erm\u00f6glichen auch<br \/>\ndir eine tiefgehende Transformation in die innere Freiheit, f\u00fcr deine<br \/>\nZellen, deinen Geist und deinen ganzen K\u00f6rper anzutriggern. Dabei<br \/>\nwirst du viel Leichtigkeit, Freude und Liebe erfahren.<\/p>\n<p>Dunia Anandara ist ein f\u00fcr diese einzigartige Transformations-<br \/>\nBegleitung ausgebildeter Kanal, in Einheit mit den aufgestigenen<br \/>\nMeistern. Seit \u00fcber 30 Jahren wirken sie Hand in Hand, zum Wohle<br \/>\nganzen Menschheit und der Naturwesen. Dunia Anandara ist die<br \/>\n5D Gestalterin des SIRLAMU, RINSHANA, ERASMUS, G5 Harmonizer,<br \/>\nSOLANDARA, A-1 Raumharmonizer und Lemuria Energie Parks.<\/p>\n<p>So stehen uns Menschen sehr kraftvolle energetische Werkzeuge<br \/>\nin den Wandlungszeiten zur Verf\u00fcgung.<\/p>\n<p>Dadurch werden die Teilnehmer sicher auf die n\u00e4chste Ebene des<br \/>\neigenen Lebensweges gef\u00fchrt. Ganz gleich, wo und in welcher Phase<br \/>\ndeines Lebens du dich gerade befindest.<\/p>\n<p>Sei Teil dieser wachsenden Community, die sich und die Welt befreit,<br \/>\nhin ins 5.-dimensionale Seelen-SEIN.<\/p>\n<p><strong>Die Inhalte sind immer der aktuellen Schwingung angepasst.<\/strong><\/p>\n<p>Erlebe <strong>Freiheit pur<\/strong>,<br \/>\nerlebe, dass Angst nur Macht hat,<br \/>\nsolange du dich in ihrem Schatten aufh\u00e4ltst.<br \/>\nKomm ins <strong>Licht der Wahrheit<\/strong>,<br \/>\ndu bist nicht allein!<br \/>\nEs ist Zeit, dass wir Menschen aufh\u00f6ren,<br \/>\nan den Schatten oder das Licht zu glauben.<\/p>\n<p>Du bist weder das Eine,<br \/>\nnoch das Andere.<br \/>\nDu bist g\u00f6ttlich,<br \/>\nfrei von jeder Anhaftung.<br \/>\nAlles andere lebst du schon.<\/p>\n<p>In Liebe, Dunia Anandara<\/p>\n<p><img fetchpriority=\"high\" decoding=\"async\" class=\"alignnone size-medium wp-image-15614\" src=\"https:\/\/sirlima.eu\/wp-content\/uploads\/2023\/07\/5thdimension-1030x824-1-300x240.jpg\" alt=\"\" width=\"300\" height=\"240\" srcset=\"https:\/\/sirlima.eu\/wp-content\/uploads\/2023\/07\/5thdimension-1030x824-1-300x240.jpg 300w, https:\/\/sirlima.eu\/wp-content\/uploads\/2023\/07\/5thdimension-1030x824-1-370x296.jpg 370w, https:\/\/sirlima.eu\/wp-content\/uploads\/2023\/07\/5thdimension-1030x824-1-1024x819.jpg 1024w, https:\/\/sirlima.eu\/wp-content\/uploads\/2023\/07\/5thdimension-1030x824-1-768x614.jpg 768w, https:\/\/sirlima.eu\/wp-content\/uploads\/2023\/07\/5thdimension-1030x824-1-60x48.jpg 60w, https:\/\/sirlima.eu\/wp-content\/uploads\/2023\/07\/5thdimension-1030x824-1-110x88.jpg 110w, https:\/\/sirlima.eu\/wp-content\/uploads\/2023\/07\/5thdimension-1030x824-1-15x12.jpg 15w, https:\/\/sirlima.eu\/wp-content\/uploads\/2023\/07\/5thdimension-1030x824-1.jpg 1030w\" sizes=\"(max-width: 300px) 100vw, 300px\" \/><\/p>\n<p><strong>Teilnehmen kann jede\/r Interessierte ab 16 Jahren.<\/strong><br \/>\nMeditationserfahrung ist hilfreich. Hierzu empfehlen wir als Vorbereitung, die von Dunia angebotenen <a href=\"https:\/\/sirlima.eu\/en\/events-kalender\/\" target=\"_blank\" rel=\"noopener\">Matrix-Meditationstermine<\/a> zu besuchen.<\/p>\n<p>Das Seminarende ist \u201copen end\u201d bis ca. 17.30 Uhr und nicht genau planbar.<\/p>\n<p>Besonderer Service f\u00fcr vor Ort-Teilnehmer:<br \/>\nFalls du kurzfristig nicht anreisen kannst, erh\u00e4ltst du bereits bei der Buchung die Zoom-Zugangsdaten, so dass du flexibel bist und trotzdem teilnehmen kannst. In diesem Falle bitten wir um eine kurze Nachricht, wenn du ins Zoom-Meeting eintrittst, dass du urspr\u00fcnglich vor Ort gebucht hast und dort nicht erscheinst.<\/p>\n<p>Achtung: <strong>Dieses 5D-Aufstiegstraining ist in der Paket-Buchung im <\/strong><strong><a href=\"https:\/\/sirlima.eu\/en\/p\/jt2025\/\" target=\"_blank\" rel=\"noopener\">Matrix-Transformations-Pioniere Jahrestraining<\/a>\u00a0enthalten.\u00a0<\/strong><\/p>\n<p>Die Zoom-Zugangsdaten erh\u00e4ltst du automatisiert in einem Email mit dem Betreff der &#8222;Zoom-Zugangsdaten 5D-Aufstiegstraining + Ticket&#8220;.<\/p>","protected":false},"excerpt":{"rendered":"<p>Dunia Anandara, dimensionsreisende aus den lemurianischen Bewusstseins-Ebenen, ist wie eine Trainerin: Bei jeder Meditation, bei jedem Seminar und Workshop, bietet sie dir die M\u00f6glichkeit zur weiteren Selbst-Entfaltung. Egal, wo du gerade in deiner Entwicklung stehst. Sie leitet dich an, tiefer in dein Sein einzutauchen. Damit du selbst erkennen kannst, wo du dein urspr\u00fcngliches g\u00f6ttliches Wesen&#8230;<\/p>","protected":false},"author":131,"featured_media":20703,"comment_status":"closed","ping_status":"closed","template":"","meta":{"_acf_changed":false,"_kad_post_transparent":"default","_kad_post_title":"","_kad_post_layout":"default","_kad_post_sidebar_id":"","_kad_post_content_style":"default","_kad_post_vertical_padding":"default","_kad_post_feature":"","_kad_post_feature_position":"","_kad_post_header":false,"_kad_post_footer":false,"_kad_post_classname":""},"product_brand":[],"product_cat":[290],"product_tag":[752,766,753,759,767,755,754,763,756,764,770,765,760,762,757,768,751,769,761,758],"class_list":{"0":"post-25371","1":"product","2":"type-product","3":"status-publish","4":"has-post-thumbnail","6":"product_cat-events-meditationen","7":"product_tag-5d-bewusstsein","8":"product_tag-abnahme-manipulation-angst-zweifel-gehorsam","9":"product_tag-aktivierung-12-strang-dns","10":"product_tag-annahme-der-eigenen-goettlichkeit","11":"product_tag-befreiung-opfer-taeter","12":"product_tag-energetische-ausleitung-fremd-spike-proteine","13":"product_tag-energetische-reinigung","14":"product_tag-freiheit-von-dogmen-meinungen-vorstellungen","15":"product_tag-frieden-auf-erden","16":"product_tag-heilung-durch-bewusstseinserweiterung","17":"product_tag-innen-wie-aussen-oben-wie-unten","18":"product_tag-karmische-befreiung","19":"product_tag-klarheit-zentrierung","20":"product_tag-konzentration-koerper-atem-zellen-mittelkanal","21":"product_tag-liebe","22":"product_tag-selbstbestimmung","23":"product_tag-superelektron-supra-elektron","24":"product_tag-verbindung-zur-original-erde-gaija","25":"product_tag-verfeinerte-schwingung","26":"product_tag-wahrhaftigkeit","27":"wcpa_has_options","29":"first","30":"instock","31":"virtual","32":"purchasable","33":"product-type-simple","34":"entry","35":"content-bg","36":"loop-entry"},"acf":[],"wcpa_form_fields":{"rules":{"pric_overide_base_price":false,"pric_overide_base_price_if_gt_zero":false,"pric_overide_base_price_fully":false,"pric_cal_option_once":false,"pric_use_as_fee":false,"bind_quantity":false,"quantity_bind_formula":false},"fields":[{"type":"checkbox-group","elementId":"wcpa-checkbox-group-1737117777498","label":"Bonus f\u00fcr F\u00f6rdermitglieder des Lemuria Lebensr\u00e4ume-Institutes oder aktive CME-Studenten","description":"Nur ausw\u00e4hlen, wenn du die Voraussetzung hast: -28\u20ac","inline":true,"enablePrice":true,"priceOptions":"fixed_for_all","pricingType":"fixed","price":"-28","name":"checkbox-group-1737117777506","min_options":"0","max_options":"1","other_text":"Other","cl_rule":"show","col":6,"values":[{"label":"Erm\u00e4\u00dfigt LLI-\/CME-Bonus","value":"Erm\u00e4\u00dfigt LLI-Bonus","price":"1997","pimage":"","pimage_id":"","pthumb":""}],"relations":false,"form_id":25267,"form_rules":{"pric_cal_option_once":false,"exclude_from_discount":false,"pric_use_as_fee":false,"fee_label":"Geb\u00fchr","render_after_acb":false,"disp_hide_options_price":false}},{"type":"checkbox-group","required":true,"elementId":"wcpa-checkbox-group-1737117777498","label":"Art der Teilnahme","description":"Nachtr\u00e4gliche Umbuchung auf vor Ort-Teilnahme ist f\u00fcr jeweils 40,- EUR m\u00f6glich. Ein Telefonat oder Email gen\u00fcgt.","priceOptions":"fixed_for_all","pricingType":"fixed","name":"checkbox-group-1737117777499","min_options":"0","max_options":"1","other_text":"Other","cl_rule":"show","col":6,"values":[{"label":"vor Ort","value":"vor Ort","price":"0","pimage":"","pimage_id":"","pthumb":""},{"label":"per Zoom","value":"per Zoom","price":"0","pimage":"","pimage_id":"","pthumb":""}],"relations":false,"form_id":21547,"form_rules":{"pric_cal_option_once":false,"exclude_from_discount":false,"pric_use_as_fee":false,"fee_label":"Geb\u00fchr","render_after_acb":false,"disp_hide_options_price":false}}]},"yoast_head":"<!-- This site is optimized with the Yoast SEO plugin v27.5 - https:\/\/yoast.com\/product\/yoast-seo-wordpress\/ -->\n<title>16.5.2026 Tagesworkshop - 5D-Aufstiegstraining - Lemuria Institut by Dunia Anandara<\/title>\n<meta name=\"description\" content=\"5D-Aufstiegstraining frei von Dunia Anandara gechannelt. Immer einzigartig, angepasst an Teilnehmer und deren Zahlenfrequenz in der Schwingung.\" \/>\n<meta name=\"robots\" content=\"index, follow, max-snippet:-1, max-image-preview:large, max-video-preview:-1\" \/>\n<link rel=\"canonical\" href=\"https:\/\/sirlima.eu\/en\/p\/5d26-5\/\" \/>\n<meta property=\"og:locale\" content=\"en_GB\" \/>\n<meta property=\"og:type\" content=\"article\" \/>\n<meta property=\"og:title\" content=\"16.5.2026 Tagesworkshop - 5D-Aufstiegstraining - Lemuria Institut by Dunia Anandara\" \/>\n<meta property=\"og:description\" content=\"5D-Aufstiegstraining frei von Dunia Anandara gechannelt. Immer einzigartig, angepasst an Teilnehmer und deren Zahlenfrequenz in der Schwingung.\" \/>\n<meta property=\"og:url\" content=\"https:\/\/sirlima.eu\/en\/p\/5d26-5\/\" \/>\n<meta property=\"og:site_name\" content=\"Lemuria Institut by Dunia Anandara\" \/>\n<meta property=\"article:modified_time\" content=\"2025-12-23T11:46:54+00:00\" \/>\n<meta property=\"og:image\" content=\"https:\/\/sirlima.eu\/wp-content\/uploads\/2024\/12\/pikaso_human4-Aufstiegstraining.jpeg\" \/>\n\t<meta property=\"og:image:width\" content=\"832\" \/>\n\t<meta property=\"og:image:height\" content=\"1152\" \/>\n\t<meta property=\"og:image:type\" content=\"image\/jpeg\" \/>\n<meta name=\"twitter:card\" content=\"summary_large_image\" \/>\n<meta name=\"twitter:label1\" content=\"Estimated reading time\" \/>\n\t<meta name=\"twitter:data1\" content=\"5 minutes\" \/>\n<script type=\"application\/ld+json\" class=\"yoast-schema-graph\">{\"@context\":\"https:\\\/\\\/schema.org\",\"@graph\":[{\"@type\":\"WebPage\",\"@id\":\"https:\\\/\\\/sirlima.eu\\\/p\\\/5d26-5\\\/\",\"url\":\"https:\\\/\\\/sirlima.eu\\\/p\\\/5d26-5\\\/\",\"name\":\"16.5.2026 Tagesworkshop - 5D-Aufstiegstraining - Lemuria Institut by Dunia Anandara\",\"isPartOf\":{\"@id\":\"https:\\\/\\\/sirlima.eu\\\/#website\"},\"primaryImageOfPage\":{\"@id\":\"https:\\\/\\\/sirlima.eu\\\/p\\\/5d26-5\\\/#primaryimage\"},\"image\":{\"@id\":\"https:\\\/\\\/sirlima.eu\\\/p\\\/5d26-5\\\/#primaryimage\"},\"thumbnailUrl\":\"https:\\\/\\\/sirlima.eu\\\/wp-content\\\/uploads\\\/2024\\\/12\\\/pikaso_human4-Aufstiegstraining.jpeg\",\"datePublished\":\"2025-12-23T11:45:42+00:00\",\"dateModified\":\"2025-12-23T11:46:54+00:00\",\"description\":\"5D-Aufstiegstraining frei von Dunia Anandara gechannelt. Immer einzigartig, angepasst an Teilnehmer und deren Zahlenfrequenz in der Schwingung.\",\"breadcrumb\":{\"@id\":\"https:\\\/\\\/sirlima.eu\\\/p\\\/5d26-5\\\/#breadcrumb\"},\"inLanguage\":\"en-GB\",\"potentialAction\":[{\"@type\":\"ReadAction\",\"target\":[\"https:\\\/\\\/sirlima.eu\\\/p\\\/5d26-5\\\/\"]}]},{\"@type\":\"ImageObject\",\"inLanguage\":\"en-GB\",\"@id\":\"https:\\\/\\\/sirlima.eu\\\/p\\\/5d26-5\\\/#primaryimage\",\"url\":\"https:\\\/\\\/sirlima.eu\\\/wp-content\\\/uploads\\\/2024\\\/12\\\/pikaso_human4-Aufstiegstraining.jpeg\",\"contentUrl\":\"https:\\\/\\\/sirlima.eu\\\/wp-content\\\/uploads\\\/2024\\\/12\\\/pikaso_human4-Aufstiegstraining.jpeg\",\"width\":832,\"height\":1152},{\"@type\":\"BreadcrumbList\",\"@id\":\"https:\\\/\\\/sirlima.eu\\\/p\\\/5d26-5\\\/#breadcrumb\",\"itemListElement\":[{\"@type\":\"ListItem\",\"position\":1,\"name\":\"Home\",\"item\":\"https:\\\/\\\/sirlima.eu\\\/\"},{\"@type\":\"ListItem\",\"position\":2,\"name\":\"Lemuria Vereinserzeugnisse\",\"item\":\"https:\\\/\\\/sirlima.eu\\\/shop\\\/\"},{\"@type\":\"ListItem\",\"position\":3,\"name\":\"16.5.2026 Tagesworkshop &#8211; 5D-Aufstiegstraining\"}]},{\"@type\":\"WebSite\",\"@id\":\"https:\\\/\\\/sirlima.eu\\\/#website\",\"url\":\"https:\\\/\\\/sirlima.eu\\\/\",\"name\":\"Lemuria Institut by Dunia Anandara\",\"description\":\"Energetic-Natural-Spiritual Lemuria Lifestyle\",\"publisher\":{\"@id\":\"https:\\\/\\\/sirlima.eu\\\/#organization\"},\"potentialAction\":[{\"@type\":\"SearchAction\",\"target\":{\"@type\":\"EntryPoint\",\"urlTemplate\":\"https:\\\/\\\/sirlima.eu\\\/?s={search_term_string}\"},\"query-input\":{\"@type\":\"PropertyValueSpecification\",\"valueRequired\":true,\"valueName\":\"search_term_string\"}}],\"inLanguage\":\"en-GB\"},{\"@type\":\"Organization\",\"@id\":\"https:\\\/\\\/sirlima.eu\\\/#organization\",\"name\":\"Sirlima Lebensr\u00e4ume GbR\",\"url\":\"https:\\\/\\\/sirlima.eu\\\/\",\"logo\":{\"@type\":\"ImageObject\",\"inLanguage\":\"en-GB\",\"@id\":\"https:\\\/\\\/sirlima.eu\\\/#\\\/schema\\\/logo\\\/image\\\/\",\"url\":\"https:\\\/\\\/sirlima.eu\\\/wp-content\\\/uploads\\\/2021\\\/06\\\/cropped-2021-02-Logo-Sirlima.jpg\",\"contentUrl\":\"https:\\\/\\\/sirlima.eu\\\/wp-content\\\/uploads\\\/2021\\\/06\\\/cropped-2021-02-Logo-Sirlima.jpg\",\"width\":676,\"height\":443,\"caption\":\"Sirlima Lebensr\u00e4ume GbR\"},\"image\":{\"@id\":\"https:\\\/\\\/sirlima.eu\\\/#\\\/schema\\\/logo\\\/image\\\/\"}}]}<\/script>\n<!-- \/ Yoast SEO plugin. -->","yoast_head_json":{"title":"16.5.2026 Tagesworkshop - 5D-Aufstiegstraining - Lemuria Institut by Dunia Anandara","description":"5D-Aufstiegstraining frei von Dunia Anandara gechannelt. Immer einzigartig, angepasst an Teilnehmer und deren Zahlenfrequenz in der Schwingung.","robots":{"index":"index","follow":"follow","max-snippet":"max-snippet:-1","max-image-preview":"max-image-preview:large","max-video-preview":"max-video-preview:-1"},"canonical":"https:\/\/sirlima.eu\/en\/p\/5d26-5\/","og_locale":"en_GB","og_type":"article","og_title":"16.5.2026 Tagesworkshop - 5D-Aufstiegstraining - Lemuria Institut by Dunia Anandara","og_description":"5D-Aufstiegstraining frei von Dunia Anandara gechannelt. Immer einzigartig, angepasst an Teilnehmer und deren Zahlenfrequenz in der Schwingung.","og_url":"https:\/\/sirlima.eu\/en\/p\/5d26-5\/","og_site_name":"Lemuria Institut by Dunia Anandara","article_modified_time":"2025-12-23T11:46:54+00:00","og_image":[{"width":832,"height":1152,"url":"https:\/\/sirlima.eu\/wp-content\/uploads\/2024\/12\/pikaso_human4-Aufstiegstraining.jpeg","type":"image\/jpeg"}],"twitter_card":"summary_large_image","twitter_misc":{"Estimated reading time":"5 minutes"},"schema":{"@context":"https:\/\/schema.org","@graph":[{"@type":"WebPage","@id":"https:\/\/sirlima.eu\/p\/5d26-5\/","url":"https:\/\/sirlima.eu\/p\/5d26-5\/","name":"16.5.2026 Tagesworkshop - 5D-Aufstiegstraining - Lemuria Institut by Dunia Anandara","isPartOf":{"@id":"https:\/\/sirlima.eu\/#website"},"primaryImageOfPage":{"@id":"https:\/\/sirlima.eu\/p\/5d26-5\/#primaryimage"},"image":{"@id":"https:\/\/sirlima.eu\/p\/5d26-5\/#primaryimage"},"thumbnailUrl":"https:\/\/sirlima.eu\/wp-content\/uploads\/2024\/12\/pikaso_human4-Aufstiegstraining.jpeg","datePublished":"2025-12-23T11:45:42+00:00","dateModified":"2025-12-23T11:46:54+00:00","description":"5D-Aufstiegstraining frei von Dunia Anandara gechannelt. Immer einzigartig, angepasst an Teilnehmer und deren Zahlenfrequenz in der Schwingung.","breadcrumb":{"@id":"https:\/\/sirlima.eu\/p\/5d26-5\/#breadcrumb"},"inLanguage":"en-GB","potentialAction":[{"@type":"ReadAction","target":["https:\/\/sirlima.eu\/p\/5d26-5\/"]}]},{"@type":"ImageObject","inLanguage":"en-GB","@id":"https:\/\/sirlima.eu\/p\/5d26-5\/#primaryimage","url":"https:\/\/sirlima.eu\/wp-content\/uploads\/2024\/12\/pikaso_human4-Aufstiegstraining.jpeg","contentUrl":"https:\/\/sirlima.eu\/wp-content\/uploads\/2024\/12\/pikaso_human4-Aufstiegstraining.jpeg","width":832,"height":1152},{"@type":"BreadcrumbList","@id":"https:\/\/sirlima.eu\/p\/5d26-5\/#breadcrumb","itemListElement":[{"@type":"ListItem","position":1,"name":"Home","item":"https:\/\/sirlima.eu\/"},{"@type":"ListItem","position":2,"name":"Lemuria Vereinserzeugnisse","item":"https:\/\/sirlima.eu\/shop\/"},{"@type":"ListItem","position":3,"name":"16.5.2026 Tagesworkshop &#8211; 5D-Aufstiegstraining"}]},{"@type":"WebSite","@id":"https:\/\/sirlima.eu\/#website","url":"https:\/\/sirlima.eu\/","name":"Lemuria Institut by Dunia Anandara","description":"Energetic-Natural-Spiritual Lemuria Lifestyle","publisher":{"@id":"https:\/\/sirlima.eu\/#organization"},"potentialAction":[{"@type":"SearchAction","target":{"@type":"EntryPoint","urlTemplate":"https:\/\/sirlima.eu\/?s={search_term_string}"},"query-input":{"@type":"PropertyValueSpecification","valueRequired":true,"valueName":"search_term_string"}}],"inLanguage":"en-GB"},{"@type":"Organization","@id":"https:\/\/sirlima.eu\/#organization","name":"Sirlima Lebensr\u00e4ume GbR","url":"https:\/\/sirlima.eu\/","logo":{"@type":"ImageObject","inLanguage":"en-GB","@id":"https:\/\/sirlima.eu\/#\/schema\/logo\/image\/","url":"https:\/\/sirlima.eu\/wp-content\/uploads\/2021\/06\/cropped-2021-02-Logo-Sirlima.jpg","contentUrl":"https:\/\/sirlima.eu\/wp-content\/uploads\/2021\/06\/cropped-2021-02-Logo-Sirlima.jpg","width":676,"height":443,"caption":"Sirlima Lebensr\u00e4ume GbR"},"image":{"@id":"https:\/\/sirlima.eu\/#\/schema\/logo\/image\/"}}]}},"_links":{"self":[{"href":"https:\/\/sirlima.eu\/en\/wp-json\/wp\/v2\/product\/25371","targetHints":{"allow":["GET"]}}],"collection":[{"href":"https:\/\/sirlima.eu\/en\/wp-json\/wp\/v2\/product"}],"about":[{"href":"https:\/\/sirlima.eu\/en\/wp-json\/wp\/v2\/types\/product"}],"author":[{"embeddable":true,"href":"https:\/\/sirlima.eu\/en\/wp-json\/wp\/v2\/users\/131"}],"replies":[{"embeddable":true,"href":"https:\/\/sirlima.eu\/en\/wp-json\/wp\/v2\/comments?post=25371"}],"version-history":[{"count":1,"href":"https:\/\/sirlima.eu\/en\/wp-json\/wp\/v2\/product\/25371\/revisions"}],"predecessor-version":[{"id":25372,"href":"https:\/\/sirlima.eu\/en\/wp-json\/wp\/v2\/product\/25371\/revisions\/25372"}],"wp:featuredmedia":[{"embeddable":true,"href":"https:\/\/sirlima.eu\/en\/wp-json\/wp\/v2\/media\/20703"}],"wp:attachment":[{"href":"https:\/\/sirlima.eu\/en\/wp-json\/wp\/v2\/media?parent=25371"}],"wp:term":[{"taxonomy":"product_brand","embeddable":true,"href":"https:\/\/sirlima.eu\/en\/wp-json\/wp\/v2\/product_brand?post=25371"},{"taxonomy":"product_cat","embeddable":true,"href":"https:\/\/sirlima.eu\/en\/wp-json\/wp\/v2\/product_cat?post=25371"},{"taxonomy":"product_tag","embeddable":true,"href":"https:\/\/sirlima.eu\/en\/wp-json\/wp\/v2\/product_tag?post=25371"}],"curies":[{"name":"wp","href":"https:\/\/api.w.org\/{rel}","templated":true}]}}