{"id":25259,"date":"2025-12-03T10:18:20","date_gmt":"2025-12-03T09:18:20","guid":{"rendered":"https:\/\/sirlima.eu\/?post_type=product&#038;p=25259"},"modified":"2026-02-18T17:07:57","modified_gmt":"2026-02-18T16:07:57","slug":"mtp-2026","status":"publish","type":"product","link":"https:\/\/sirlima.eu\/en\/p\/mtp-2026\/","title":{"rendered":"2026 Matrix-Transformations-Pioniere Jahresgruppe"},"content":{"rendered":"<div data-elementor-type=\"product-post\" data-elementor-id=\"25259\" class=\"elementor elementor-25259\" data-elementor-post-type=\"product\">\n\t\t\t\t\t\t<section class=\"elementor-section elementor-top-section elementor-element elementor-element-8fb28d elementor-section-full_width elementor-section-height-default elementor-section-height-default\" data-id=\"8fb28d\" data-element_type=\"section\">\n\t\t\t\t\t\t<div class=\"elementor-container elementor-column-gap-default\">\n\t\t\t\t\t<div class=\"elementor-column elementor-col-100 elementor-top-column elementor-element elementor-element-46670f1c\" data-id=\"46670f1c\" data-element_type=\"column\">\n\t\t\t<div class=\"elementor-widget-wrap elementor-element-populated\">\n\t\t\t\t\t\t<div class=\"elementor-element elementor-element-3026020c elementor-widget__width-initial elementor-widget elementor-widget-text-editor\" data-id=\"3026020c\" data-element_type=\"widget\" data-widget_type=\"text-editor.default\">\n\t\t\t\t<div class=\"elementor-widget-container\">\n\t\t\t\t\t\t\t\t\t<p><strong>Hier mehr erfahren, per Klick:<br \/><a href=\"https:\/\/sirlima.eu\/en\/matrix-transformation-pioniere\/\" target=\"_blank\" rel=\"noopener\">https:\/\/sirlima.eu\/matrix-transformation-pioniere\/<\/a><\/strong><\/p><h4 style=\"text-align: right;\"><strong>F\u00fcr deine nachhaltige Selbstentfaltung und Transformation der k\u00fcnstlichen Matrix<br \/><\/strong><br \/>Das Jahrestraining Komplettpaket f\u00fcr Matrix-Transformations-Pioniere!<\/h4><p style=\"text-align: right;\"><strong>12 Monate live Zoom Matrix-Transformationen<br \/><\/strong>Dienstags von 18:00 \u2013 20:30 Uhr, die Termine sind:<br \/>6.1.26 \/ 3.2.26 \/ 3.3.26 \/ 7.4.26 \/ 5.5.26 \/ 2.6.26 \/<br \/>7.7.26 \/ 4.8.26 \/ 1.9.26 \/ 6.10.26 \/ 3.11.26 \/ 1.12.26<br \/><strong>Wert: 12 x 69,- =\u00a0 \u00a0828,-<\/strong><\/p><p><strong>\u00a0 6 mal live 5D-Aufstiegstraining Zoom Tagesworkshops<\/strong><br \/>wahlweise auch vor Ort, Samstags 9:30 &#8211; 17:30 Uhr, die Termine sind:<strong><br \/><\/strong>17.1.26 \/ 14.3.26 \/ 16.5.26 \/ 18.7.26 \/ 12.9.26 \/ 14.11.26<strong><br \/>Wert: 6 x 288,- = 1.728,-<br \/><\/strong><br \/><strong>12 Monate live Zoom-Transformations-Coaching <\/strong>mit Beantwortung deiner aktuellsten Frage zur Transformation deines Themas &#8211; eine Antwort gibt Dunia Anandara auf die ersten 15 Fragen (dies kann 1:1 Einzelcoachings ersetzen bzw. Intensiv-Aufl\u00f6searbeit erg\u00e4nzen), <br \/>inkl. Reinigung und Transformation f\u00fcr alle Teilnehmer\u00a0<br \/><br \/>6 Termine Dienstag von <span style=\"text-decoration: underline;\">18:00 &#8211; 20:30 Uhr<\/span>:<br \/>Mi 11.2.26 \/ Di 14.4.26 \/ Di 16.6.26 \/ Di 11.8.26 \/ Di 13.10.26 \/ Di 8.12.26<\/p><p>6 Termine Dienstag <span style=\"text-decoration: underline;\">von 9:00 &#8211; 11:30 Uhr<\/span><br \/>20.1.26\/ 17.3.26 \/ 19.5.26 \/ 21.7.26 \/ 15.9.26 \/ 17.11.26<br \/><strong>Wert: 12 x\u00a0 150,- =\u00a0 1.800,-<br \/><\/strong><br \/><strong>Inklusive Vereins-Jahresmitgliedschaft im Lemuria Institut<\/strong><br \/><strong>Wert: 120,-<\/strong><\/p><p><strong>Lemuria-Akademie-Zugang zu ausgew\u00e4hlten Audio \/ Video<br \/>Aufzeichnungen <\/strong>zur Vertiefung deines Bewusstseinstrainings.<br \/><strong>Wert: 30x 100,- = 3.000,-<\/strong><\/p><p><strong>Zugang zur gesch\u00fctzten Lemuria Lifestyle Community auf Skool.com<br \/><\/strong>Hier hast du die M\u00f6glichkeit, dich im Chatbereich unter Gleichgesinnten auszutauschen, wertvolle Infos f\u00fcr deinen Lemuria-Lifestyle zu erhalten und dich an Projekten und Community-Aktivit\u00e4ten zu beteiligen.<br \/><strong>Wert: 120,-<\/strong><\/p><p><strong>Lemuria-Lifestyle Bonus-Material\u00a0Meditationen mit Dunia Anandara:<\/strong><\/p><p>Deine Zirbeldr\u00fcse (3. Auge) aktivieren f\u00fcr mehr Klarheit f\u00fcr dich<br \/><strong>Wert: 90,-<\/strong><\/p><p>Aura-Reinigung von emotionalen und mentalen Fremdenergien<br \/><strong>Wert: 180,-<\/strong><\/p><p>Lemuria-Feeling-Meditation f\u00fcr maximales Wohlbefinden<br \/><strong>Wert: 90,-<\/strong><\/p><p><strong>Lemuria-Lifestyle Bonus-Material Vortr\u00e4ge mit Dunia Anandara:<\/strong><\/p><p>Lemurianisches Sein \/ das Leben in Lemuria<br \/><strong>Wert: 90,-<\/strong><\/p><p>Aufstieg in die 5. Dimension \u2013 die Bedeutung f\u00fcr dich 1<br \/><strong>Wert: 90,-<\/strong><\/p><p>Aufstieg in die 5. Dimension \u2013 die Bedeutung f\u00fcr dich 2<br \/><strong>Wert: 50,-<\/strong><\/p><p>Es gibt eine Chance<br \/><strong>Wert: 50,-<\/strong><\/p><p>Den freien Menschen in dir befreien<br \/><strong>Wert: 90,-<\/strong><\/p><p>Maskenball \u2013 nur zum Karneval?<br \/><strong>Wert: 25,-<\/strong><\/p><p>Die wertvollsten Infos zum Lichtk\u00f6rper-Prozess und der DNS<br \/><strong>Wert: 50,-<\/strong><\/p><p>Unterst\u00fctzung im Lichtk\u00f6rper-Prozess<br \/><strong>Wert: 50,-<\/strong><\/p><p>8 Hinweise zum 5D-Bewusstsein f\u00fcr deine innere Ausrichtung<br \/><strong>Wert: 50,-<\/strong><\/p><p>Infos zu Besetzungen und Fremdenergien<br \/><strong>Wert: 50,-<\/strong><\/p><p>Lemuria und Frieden \u2013 St\u00f6renfriede<br \/><strong>Wert: 50,-<\/strong><\/p><p>Video-Kurs: Wer willst du sein? Ideal f\u00fcr deine Selbstreflektion:<br \/>Negative Gedanken<br \/>Entscheidungskraft Neid Freude<br \/>Entscheidungen<br \/>Lethargie vs. \u201eFehl\u201centscheidung<br \/>Verharren<br \/>Steh dazu und ver\u00e4ndere<br \/>Prozess zur Wahrheit<br \/>Wahrhaftig, schuldfrei<br \/>Tiefe Einheit<br \/>Freie Menschen<br \/>Neue Klarheit<br \/>Stress<br \/>Manipulierte Lustlosigkeit<br \/>Echte Hilfe<br \/><strong>Wert: 90,-<\/strong><\/p><p><strong>Lemuria-Lifestyle Energie-Bonus:<\/strong><\/p><p>Wasserformel zum energetisieren deines Trinkwassers auf mindestens 12.000 Bovis zur Steigerung deiner Gesundheit<br \/><strong>Wert: 180,-<\/strong><\/p><p>Lemuria Mantra Gattschandral \u2013 zur Erweckung deines 5D-Feelings<br \/><strong>Wert: 90,-<\/strong><\/p><p><strong>Gesamtwert Lemuria Lifestyle derzeit 1.365,- EUR<\/strong><\/p><p>Matrix-Transformations-Pioniere haben zus\u00e4tzlich Zugriff auf:<\/p><p>Matrix-Transformations-Meditation Heiliger Gral<br \/><strong>Wert: 69,-<\/strong><\/p><p>Matrix-Transformations-Meditation F\u00fclle-Fluss<br \/><strong>Wert: 69,-<\/strong><\/p><p>Lied zur Chakrenharmonisierung<br \/><strong>Wert: 69,-<\/strong><\/p><p>Mit dieser Buchung erh\u00e4ltst du einen Gesamtwert von: <strong>9.168,-<br \/><\/strong>Dieses Paket kannst du jetzt als Fr\u00fchbucher noch extrem g\u00fcnstig buchen.<\/p><h3><strong>Jetzt verg\u00fcnstigt: nur 2.888,-<br \/>oder nach aktuellem Angebot<\/strong><\/h3>\t\t\t\t\t\t\t\t<\/div>\n\t\t\t\t<\/div>\n\t\t\t\t\t<\/div>\n\t\t<\/div>\n\t\t\t\t\t<\/div>\n\t\t<\/section>\n\t\t\t\t<\/div>","protected":false},"excerpt":{"rendered":"<p>Hier mehr erfahren, per Klick: https:\/\/sirlima.eu\/matrix-transformation-pioniere\/ F\u00fcr deine nachhaltige Selbstentfaltung und Transformation der k\u00fcnstlichen Matrix Das Jahrestraining Komplettpaket f\u00fcr Matrix-Transformations-Pioniere! 12 Monate live Zoom Matrix-Transformationen Dienstags von 18:00 \u2013 20:30 Uhr, die Termine sind: 6.1.26 \/ 3.2.26 \/ 3.3.26 \/ 7.4.26 \/ 5.5.26 \/ 2.6.26 \/ 7.7.26 \/ 4.8.26 \/ 1.9.26 \/ 6.10.26 \/ 3.11.26&#8230;<\/p>","protected":false},"author":131,"featured_media":24266,"comment_status":"closed","ping_status":"closed","template":"","meta":{"_acf_changed":false,"_kad_post_transparent":"default","_kad_post_title":"","_kad_post_layout":"default","_kad_post_sidebar_id":"","_kad_post_content_style":"default","_kad_post_vertical_padding":"default","_kad_post_feature":"","_kad_post_feature_position":"","_kad_post_header":false,"_kad_post_footer":false,"_kad_post_classname":""},"product_brand":[],"product_cat":[801],"product_tag":[752,766,753,759,767,773,755,754,763,756,764,770,765,760,762,757,768,751,769,761,758],"class_list":{"0":"post-25259","1":"product","2":"type-product","3":"status-publish","4":"has-post-thumbnail","6":"product_cat-matrix-transformations-pioniere","7":"product_tag-5d-bewusstsein","8":"product_tag-abnahme-manipulation-angst-zweifel-gehorsam","9":"product_tag-aktivierung-12-strang-dns","10":"product_tag-annahme-der-eigenen-goettlichkeit","11":"product_tag-befreiung-opfer-taeter","12":"product_tag-cme4-schulung","13":"product_tag-energetische-ausleitung-fremd-spike-proteine","14":"product_tag-energetische-reinigung","15":"product_tag-freiheit-von-dogmen-meinungen-vorstellungen","16":"product_tag-frieden-auf-erden","17":"product_tag-heilung-durch-bewusstseinserweiterung","18":"product_tag-innen-wie-aussen-oben-wie-unten","19":"product_tag-karmische-befreiung","20":"product_tag-klarheit-zentrierung","21":"product_tag-konzentration-koerper-atem-zellen-mittelkanal","22":"product_tag-liebe","23":"product_tag-selbstbestimmung","24":"product_tag-superelektron-supra-elektron","25":"product_tag-verbindung-zur-original-erde-gaija","26":"product_tag-verfeinerte-schwingung","27":"product_tag-wahrhaftigkeit","28":"wcpa_has_options","30":"first","31":"instock","32":"virtual","33":"purchasable","34":"product-type-simple","35":"entry","36":"content-bg","37":"loop-entry"},"acf":[],"wcpa_form_fields":{"rules":{"pric_overide_base_price":false,"pric_overide_base_price_if_gt_zero":false,"pric_overide_base_price_fully":false,"pric_cal_option_once":false,"pric_use_as_fee":false,"bind_quantity":false,"quantity_bind_formula":false},"fields":[{"type":"checkbox-group","elementId":"wcpa-checkbox-group-1658837600210","label":"","description":"Die g\u00fcnstigste Zahlungsmethode ist Standard-Bank\u00fcberweisung. Die Rechnung erh\u00e4ltst du sofort nach Buchung per Email. Alternativ kannst du Paypal ausw\u00e4hlen und bitte auch unsere Mehrkosten tragen.","inline":true,"enablePrice":true,"priceOptions":"fixed_for_all","pricingType":"fixed","price":"80","name":"checkbox-group-1658837600209","other_text":"Other","cl_rule":"show","col":6,"values":[{"label":"Ich m\u00f6chte mit Paypal zahlen und trage die versteckten Paypal-Geb\u00fchren daf\u00fcr anteilig","value":"pp","price":"","pimage":"","pimage_id":"","pthumb":""}],"relations":false,"form_id":25773,"form_rules":{"pric_cal_option_once":false,"exclude_from_discount":false,"pric_use_as_fee":false,"fee_label":"Geb\u00fchr","render_after_acb":false,"disp_hide_options_price":false}}]},"yoast_head":"<!-- This site is optimized with the Yoast SEO plugin v27.4 - https:\/\/yoast.com\/product\/yoast-seo-wordpress\/ -->\n<title>2026 Matrix-Transformations-Pioniere Jahresgruppe -<\/title>\n<meta name=\"description\" content=\"Werde aktiv f\u00fcr deine DNS Aktivierung, Potential-Freilegung und 5D-Bewusstsein. Entdecke dein Unterbewusstsein. Seelenkraft lenkt dein Leben. Bewusst leben\" \/>\n<meta name=\"robots\" content=\"index, follow, max-snippet:-1, max-image-preview:large, max-video-preview:-1\" \/>\n<link rel=\"canonical\" href=\"https:\/\/sirlima.eu\/en\/p\/mtp-2026\/\" \/>\n<meta property=\"og:locale\" content=\"en_GB\" \/>\n<meta property=\"og:type\" content=\"article\" \/>\n<meta property=\"og:title\" content=\"2026 Matrix-Transformations-Pioniere Jahresgruppe -\" \/>\n<meta property=\"og:description\" content=\"Werde aktiv f\u00fcr deine DNS Aktivierung, Potential-Freilegung und 5D-Bewusstsein. Entdecke dein Unterbewusstsein. Seelenkraft lenkt dein Leben. Bewusst leben\" \/>\n<meta property=\"og:url\" content=\"https:\/\/sirlima.eu\/en\/p\/mtp-2026\/\" \/>\n<meta property=\"og:site_name\" content=\"Lemuria Institut by Dunia Anandara\" \/>\n<meta property=\"article:modified_time\" content=\"2026-02-18T16:07:57+00:00\" \/>\n<meta property=\"og:image\" content=\"https:\/\/sirlima.eu\/wp-content\/uploads\/2024\/11\/Matrix-Foto-2026-300-x-300-mm.webp\" \/>\n\t<meta property=\"og:image:width\" content=\"2000\" \/>\n\t<meta property=\"og:image:height\" content=\"2000\" \/>\n\t<meta property=\"og:image:type\" content=\"image\/webp\" \/>\n<meta name=\"twitter:card\" content=\"summary_large_image\" \/>\n<meta name=\"twitter:label1\" content=\"Estimated reading time\" \/>\n\t<meta name=\"twitter:data1\" content=\"1 minute\" \/>\n<script type=\"application\/ld+json\" class=\"yoast-schema-graph\">{\"@context\":\"https:\\\/\\\/schema.org\",\"@graph\":[{\"@type\":\"WebPage\",\"@id\":\"https:\\\/\\\/sirlima.eu\\\/p\\\/mtp-2026\\\/\",\"url\":\"https:\\\/\\\/sirlima.eu\\\/p\\\/mtp-2026\\\/\",\"name\":\"2026 Matrix-Transformations-Pioniere Jahresgruppe -\",\"isPartOf\":{\"@id\":\"https:\\\/\\\/sirlima.eu\\\/#website\"},\"primaryImageOfPage\":{\"@id\":\"https:\\\/\\\/sirlima.eu\\\/p\\\/mtp-2026\\\/#primaryimage\"},\"image\":{\"@id\":\"https:\\\/\\\/sirlima.eu\\\/p\\\/mtp-2026\\\/#primaryimage\"},\"thumbnailUrl\":\"https:\\\/\\\/sirlima.eu\\\/wp-content\\\/uploads\\\/2024\\\/11\\\/Matrix-Foto-2026-300-x-300-mm.webp\",\"datePublished\":\"2025-12-03T09:18:20+00:00\",\"dateModified\":\"2026-02-18T16:07:57+00:00\",\"description\":\"Werde aktiv f\u00fcr deine DNS Aktivierung, Potential-Freilegung und 5D-Bewusstsein. Entdecke dein Unterbewusstsein. Seelenkraft lenkt dein Leben. Bewusst leben\",\"breadcrumb\":{\"@id\":\"https:\\\/\\\/sirlima.eu\\\/p\\\/mtp-2026\\\/#breadcrumb\"},\"inLanguage\":\"en-GB\",\"potentialAction\":[{\"@type\":\"ReadAction\",\"target\":[\"https:\\\/\\\/sirlima.eu\\\/p\\\/mtp-2026\\\/\"]}]},{\"@type\":\"ImageObject\",\"inLanguage\":\"en-GB\",\"@id\":\"https:\\\/\\\/sirlima.eu\\\/p\\\/mtp-2026\\\/#primaryimage\",\"url\":\"https:\\\/\\\/sirlima.eu\\\/wp-content\\\/uploads\\\/2024\\\/11\\\/Matrix-Foto-2026-300-x-300-mm.webp\",\"contentUrl\":\"https:\\\/\\\/sirlima.eu\\\/wp-content\\\/uploads\\\/2024\\\/11\\\/Matrix-Foto-2026-300-x-300-mm.webp\",\"width\":2000,\"height\":2000},{\"@type\":\"BreadcrumbList\",\"@id\":\"https:\\\/\\\/sirlima.eu\\\/p\\\/mtp-2026\\\/#breadcrumb\",\"itemListElement\":[{\"@type\":\"ListItem\",\"position\":1,\"name\":\"Home\",\"item\":\"https:\\\/\\\/sirlima.eu\\\/\"},{\"@type\":\"ListItem\",\"position\":2,\"name\":\"Lemuria Vereinserzeugnisse\",\"item\":\"https:\\\/\\\/sirlima.eu\\\/shop\\\/\"},{\"@type\":\"ListItem\",\"position\":3,\"name\":\"2026 Matrix-Transformations-Pioniere Jahresgruppe\"}]},{\"@type\":\"WebSite\",\"@id\":\"https:\\\/\\\/sirlima.eu\\\/#website\",\"url\":\"https:\\\/\\\/sirlima.eu\\\/\",\"name\":\"Lemuria Institut by Dunia Anandara\",\"description\":\"Energetic-Natural-Spiritual Lemuria Lifestyle\",\"publisher\":{\"@id\":\"https:\\\/\\\/sirlima.eu\\\/#organization\"},\"potentialAction\":[{\"@type\":\"SearchAction\",\"target\":{\"@type\":\"EntryPoint\",\"urlTemplate\":\"https:\\\/\\\/sirlima.eu\\\/?s={search_term_string}\"},\"query-input\":{\"@type\":\"PropertyValueSpecification\",\"valueRequired\":true,\"valueName\":\"search_term_string\"}}],\"inLanguage\":\"en-GB\"},{\"@type\":\"Organization\",\"@id\":\"https:\\\/\\\/sirlima.eu\\\/#organization\",\"name\":\"Sirlima Lebensr\u00e4ume GbR\",\"url\":\"https:\\\/\\\/sirlima.eu\\\/\",\"logo\":{\"@type\":\"ImageObject\",\"inLanguage\":\"en-GB\",\"@id\":\"https:\\\/\\\/sirlima.eu\\\/#\\\/schema\\\/logo\\\/image\\\/\",\"url\":\"https:\\\/\\\/sirlima.eu\\\/wp-content\\\/uploads\\\/2021\\\/06\\\/cropped-2021-02-Logo-Sirlima.jpg\",\"contentUrl\":\"https:\\\/\\\/sirlima.eu\\\/wp-content\\\/uploads\\\/2021\\\/06\\\/cropped-2021-02-Logo-Sirlima.jpg\",\"width\":676,\"height\":443,\"caption\":\"Sirlima Lebensr\u00e4ume GbR\"},\"image\":{\"@id\":\"https:\\\/\\\/sirlima.eu\\\/#\\\/schema\\\/logo\\\/image\\\/\"}}]}<\/script>\n<!-- \/ Yoast SEO plugin. -->","yoast_head_json":{"title":"2026 Matrix-Transformations-Pioniere Jahresgruppe -","description":"Werde aktiv f\u00fcr deine DNS Aktivierung, Potential-Freilegung und 5D-Bewusstsein. Entdecke dein Unterbewusstsein. Seelenkraft lenkt dein Leben. Bewusst leben","robots":{"index":"index","follow":"follow","max-snippet":"max-snippet:-1","max-image-preview":"max-image-preview:large","max-video-preview":"max-video-preview:-1"},"canonical":"https:\/\/sirlima.eu\/en\/p\/mtp-2026\/","og_locale":"en_GB","og_type":"article","og_title":"2026 Matrix-Transformations-Pioniere Jahresgruppe -","og_description":"Werde aktiv f\u00fcr deine DNS Aktivierung, Potential-Freilegung und 5D-Bewusstsein. Entdecke dein Unterbewusstsein. Seelenkraft lenkt dein Leben. Bewusst leben","og_url":"https:\/\/sirlima.eu\/en\/p\/mtp-2026\/","og_site_name":"Lemuria Institut by Dunia Anandara","article_modified_time":"2026-02-18T16:07:57+00:00","og_image":[{"width":2000,"height":2000,"url":"https:\/\/sirlima.eu\/wp-content\/uploads\/2024\/11\/Matrix-Foto-2026-300-x-300-mm.webp","type":"image\/webp"}],"twitter_card":"summary_large_image","twitter_misc":{"Estimated reading time":"1 minute"},"schema":{"@context":"https:\/\/schema.org","@graph":[{"@type":"WebPage","@id":"https:\/\/sirlima.eu\/p\/mtp-2026\/","url":"https:\/\/sirlima.eu\/p\/mtp-2026\/","name":"2026 Matrix-Transformations-Pioniere Jahresgruppe -","isPartOf":{"@id":"https:\/\/sirlima.eu\/#website"},"primaryImageOfPage":{"@id":"https:\/\/sirlima.eu\/p\/mtp-2026\/#primaryimage"},"image":{"@id":"https:\/\/sirlima.eu\/p\/mtp-2026\/#primaryimage"},"thumbnailUrl":"https:\/\/sirlima.eu\/wp-content\/uploads\/2024\/11\/Matrix-Foto-2026-300-x-300-mm.webp","datePublished":"2025-12-03T09:18:20+00:00","dateModified":"2026-02-18T16:07:57+00:00","description":"Werde aktiv f\u00fcr deine DNS Aktivierung, Potential-Freilegung und 5D-Bewusstsein. Entdecke dein Unterbewusstsein. Seelenkraft lenkt dein Leben. Bewusst leben","breadcrumb":{"@id":"https:\/\/sirlima.eu\/p\/mtp-2026\/#breadcrumb"},"inLanguage":"en-GB","potentialAction":[{"@type":"ReadAction","target":["https:\/\/sirlima.eu\/p\/mtp-2026\/"]}]},{"@type":"ImageObject","inLanguage":"en-GB","@id":"https:\/\/sirlima.eu\/p\/mtp-2026\/#primaryimage","url":"https:\/\/sirlima.eu\/wp-content\/uploads\/2024\/11\/Matrix-Foto-2026-300-x-300-mm.webp","contentUrl":"https:\/\/sirlima.eu\/wp-content\/uploads\/2024\/11\/Matrix-Foto-2026-300-x-300-mm.webp","width":2000,"height":2000},{"@type":"BreadcrumbList","@id":"https:\/\/sirlima.eu\/p\/mtp-2026\/#breadcrumb","itemListElement":[{"@type":"ListItem","position":1,"name":"Home","item":"https:\/\/sirlima.eu\/"},{"@type":"ListItem","position":2,"name":"Lemuria Vereinserzeugnisse","item":"https:\/\/sirlima.eu\/shop\/"},{"@type":"ListItem","position":3,"name":"2026 Matrix-Transformations-Pioniere Jahresgruppe"}]},{"@type":"WebSite","@id":"https:\/\/sirlima.eu\/#website","url":"https:\/\/sirlima.eu\/","name":"Lemuria Institut by Dunia Anandara","description":"Energetic-Natural-Spiritual Lemuria Lifestyle","publisher":{"@id":"https:\/\/sirlima.eu\/#organization"},"potentialAction":[{"@type":"SearchAction","target":{"@type":"EntryPoint","urlTemplate":"https:\/\/sirlima.eu\/?s={search_term_string}"},"query-input":{"@type":"PropertyValueSpecification","valueRequired":true,"valueName":"search_term_string"}}],"inLanguage":"en-GB"},{"@type":"Organization","@id":"https:\/\/sirlima.eu\/#organization","name":"Sirlima Lebensr\u00e4ume GbR","url":"https:\/\/sirlima.eu\/","logo":{"@type":"ImageObject","inLanguage":"en-GB","@id":"https:\/\/sirlima.eu\/#\/schema\/logo\/image\/","url":"https:\/\/sirlima.eu\/wp-content\/uploads\/2021\/06\/cropped-2021-02-Logo-Sirlima.jpg","contentUrl":"https:\/\/sirlima.eu\/wp-content\/uploads\/2021\/06\/cropped-2021-02-Logo-Sirlima.jpg","width":676,"height":443,"caption":"Sirlima Lebensr\u00e4ume GbR"},"image":{"@id":"https:\/\/sirlima.eu\/#\/schema\/logo\/image\/"}}]}},"_links":{"self":[{"href":"https:\/\/sirlima.eu\/en\/wp-json\/wp\/v2\/product\/25259","targetHints":{"allow":["GET"]}}],"collection":[{"href":"https:\/\/sirlima.eu\/en\/wp-json\/wp\/v2\/product"}],"about":[{"href":"https:\/\/sirlima.eu\/en\/wp-json\/wp\/v2\/types\/product"}],"author":[{"embeddable":true,"href":"https:\/\/sirlima.eu\/en\/wp-json\/wp\/v2\/users\/131"}],"replies":[{"embeddable":true,"href":"https:\/\/sirlima.eu\/en\/wp-json\/wp\/v2\/comments?post=25259"}],"version-history":[{"count":17,"href":"https:\/\/sirlima.eu\/en\/wp-json\/wp\/v2\/product\/25259\/revisions"}],"predecessor-version":[{"id":25772,"href":"https:\/\/sirlima.eu\/en\/wp-json\/wp\/v2\/product\/25259\/revisions\/25772"}],"wp:featuredmedia":[{"embeddable":true,"href":"https:\/\/sirlima.eu\/en\/wp-json\/wp\/v2\/media\/24266"}],"wp:attachment":[{"href":"https:\/\/sirlima.eu\/en\/wp-json\/wp\/v2\/media?parent=25259"}],"wp:term":[{"taxonomy":"product_brand","embeddable":true,"href":"https:\/\/sirlima.eu\/en\/wp-json\/wp\/v2\/product_brand?post=25259"},{"taxonomy":"product_cat","embeddable":true,"href":"https:\/\/sirlima.eu\/en\/wp-json\/wp\/v2\/product_cat?post=25259"},{"taxonomy":"product_tag","embeddable":true,"href":"https:\/\/sirlima.eu\/en\/wp-json\/wp\/v2\/product_tag?post=25259"}],"curies":[{"name":"wp","href":"https:\/\/api.w.org\/{rel}","templated":true}]}}