{"id":2494,"date":"2021-07-06T21:24:06","date_gmt":"2021-07-06T19:24:06","guid":{"rendered":"https:\/\/sirlima.eu\/?post_type=product&#038;p=2494"},"modified":"2026-03-24T13:14:30","modified_gmt":"2026-03-24T12:14:30","slug":"lemuria-cd","status":"publish","type":"product","link":"https:\/\/sirlima.eu\/en\/p\/lemuria-cd\/","title":{"rendered":"Lemuria \u2013 The Land Of Love Within You"},"content":{"rendered":"<p>Eingebettet in ein gef\u00fchlvolles Arrangement von Gitarre, Violine oder Edo Erhu und Fl\u00f6te, entf\u00fchren uns Dunia Anandara und Freunde mit ihren wundersch\u00f6nen Stimmen in die Traum-Ebenen Lemurias. Dunia Anandara kl\u00e4rt und erhebt unseren Geist mit ihren direkt empfangenen Mantren und Texten in lemurianischer Sprache.<\/p>\n<div class=\"mp3_published\">Erstver\u00f6ffentlichung: Okt. 2013<\/div>\n<div class=\"mp3_tracks_title\">\n<p>Tracks (Gesamtspielzeit: 01:10:30)<\/p>\n<ol>\n<li>E Ha Zie Na Tha 8:23<\/li>\n<li>Jana Muu 12:38<\/li>\n<li>Tri nanjana 15:20<\/li>\n<li>Enchanae 15:20<\/li>\n<li>E Ha Zie Na Tha 18:49<\/li>\n<\/ol>\n<div class=\"wp-playlist wp-audio-playlist wp-playlist-light\">\n\t\t\t<div class=\"wp-playlist-current-item\"><\/div>\n\t\t<audio controls=\"controls\" preload=\"none\" width=\"1268\"\n\t\t\t><\/audio>\n\t<div class=\"wp-playlist-next\"><\/div>\n\t<div class=\"wp-playlist-prev\"><\/div>\n\t<noscript>\n\t<ol>\n\t\t<li><a href='https:\/\/sirlima.eu\/wp-content\/uploads\/2021\/11\/01-E-Ha-Zie-Na-Tha-hoerprobe.mp3'>H\u00f6rprobe<\/a><\/li>\t<\/ol>\n\t<\/noscript>\n\t<script type=\"application\/json\" class=\"wp-playlist-script\">{\"type\":\"audio\",\"tracklist\":true,\"tracknumbers\":true,\"images\":true,\"artists\":true,\"tracks\":[{\"src\":\"https:\/\/sirlima.eu\/wp-content\/uploads\/2021\/11\/01-E-Ha-Zie-Na-Tha-hoerprobe.mp3\",\"type\":\"audio\/mpeg\",\"title\":\"H\\u00f6rprobe\",\"caption\":\"\",\"description\":\"E-Ha-Zie-Na-Tha\",\"meta\":{\"length_formatted\":\"1:12\"},\"image\":{\"src\":\"https:\/\/sirlima.eu\/wp-includes\/images\/media\/audio.svg\",\"width\":48,\"height\":64},\"thumb\":{\"src\":\"https:\/\/sirlima.eu\/wp-includes\/images\/media\/audio.svg\",\"width\":48,\"height\":64}}]}<\/script>\n<\/div>\n\t\n<\/div>","protected":false},"excerpt":{"rendered":"<p>Lemuria Songs. Mantra Musik als download verf\u00fcgbar oder als Audio-CD per Postversand.<br \/>\nDieses Werk ist GEMA-frei. Das Abspielen in \u00f6ffentlichen und gewerblichen R\u00e4umen ist erlaubt.<br \/>\nVon Dunia Anandara, Botschafterin der Meisterebenen aus Lemuria.<\/p>","protected":false},"author":9,"featured_media":2496,"comment_status":"closed","ping_status":"closed","template":"","meta":{"_acf_changed":false,"_kad_post_transparent":"default","_kad_post_title":"","_kad_post_layout":"default","_kad_post_sidebar_id":"","_kad_post_content_style":"default","_kad_post_vertical_padding":"default","_kad_post_feature":"","_kad_post_feature_position":"","_kad_post_header":false,"_kad_post_footer":false,"_kad_post_classname":""},"product_brand":[],"product_cat":[288,289],"product_tag":[],"class_list":{"0":"post-2494","1":"product","2":"type-product","3":"status-publish","4":"has-post-thumbnail","6":"product_cat-5d-wirkprodukte","7":"product_cat-musik","8":"wcpa_has_options","10":"first","11":"instock","12":"shipping-taxable","13":"purchasable","14":"product-type-variable","15":"entry","16":"content-bg","17":"loop-entry"},"acf":[],"wcpa_form_fields":{"rules":{"pric_overide_base_price":false,"pric_overide_base_price_if_gt_zero":false,"pric_overide_base_price_fully":false,"pric_cal_option_once":false,"pric_use_as_fee":false,"bind_quantity":false,"quantity_bind_formula":false},"fields":[{"type":"checkbox-group","required":true,"elementId":"wcpa-checkbox-group-1737117777498","label":"Widerrufsrecht","description":"F\u00fcr digitale Inhalte und sofortige downloads: Ich stimme ausdr\u00fccklich zu, dass vor Ablauf der Widerrufsfrist mit der Ausf\u00fchrung des Vertrages begonnen wird. Mir ist bekannt, dass ich durch diese Zustimmung mit Beginn der Ausf\u00fchrung des Vertrages mein Widerrufsrecht verliere.","priceOptions":"different_for_all","pricingType":"fixed","name":"checkbox-group-1737117777498","options_tooltip":true,"min_options":"1","max_options":"1","other_text":"Other","cl_rule":"show","col":6,"values":[{"label":"digitale Inhalte","value":"digitale Inhalte","price":"","pimage":"","pimage_id":"","pthumb":"","tooltip":"F\u00fcr digitale Inhalte und sofortige downloads: Ich stimme ausdr\u00fccklich zu, dass vor Ablauf der Widerrufsfrist mit der Ausf\u00fchrung des Vertrages begonnen wird. Mir ist bekannt, dass ich durch diese Zustimmung mit Beginn der Ausf\u00fchrung des Vertrages mein Widerrufsrecht verliere."}],"relations":false,"form_id":22606,"form_rules":{"pric_cal_option_once":false,"exclude_from_discount":false,"pric_use_as_fee":false,"fee_label":"Geb\u00fchr","render_after_acb":false,"disp_hide_options_price":false}}]},"yoast_head":"<!-- This site is optimized with the Yoast SEO plugin v27.4 - https:\/\/yoast.com\/product\/yoast-seo-wordpress\/ -->\n<title>Lemuria \u2013 The Land Of Love Within You - Lemuria Institut by Dunia Anandara<\/title>\n<meta name=\"description\" content=\"Lemuria. Eine Epoche vor Atlantis. Die Wiege der Menschheit. Die Schwingung und Sprache lebt. Erinnere dich an dein Zuhause in dir. 5-D Bewusstsein Lemuria\" \/>\n<meta name=\"robots\" content=\"index, follow, max-snippet:-1, max-image-preview:large, max-video-preview:-1\" \/>\n<link rel=\"canonical\" href=\"https:\/\/sirlima.eu\/en\/p\/lemuria-cd\/\" \/>\n<meta property=\"og:locale\" content=\"en_GB\" \/>\n<meta property=\"og:type\" content=\"article\" \/>\n<meta property=\"og:title\" content=\"Lemuria \u2013 The Land Of Love Within You - Lemuria Institut by Dunia Anandara\" \/>\n<meta property=\"og:description\" content=\"Lemuria. Eine Epoche vor Atlantis. Die Wiege der Menschheit. Die Schwingung und Sprache lebt. Erinnere dich an dein Zuhause in dir. 5-D Bewusstsein Lemuria\" \/>\n<meta property=\"og:url\" content=\"https:\/\/sirlima.eu\/en\/p\/lemuria-cd\/\" \/>\n<meta property=\"og:site_name\" content=\"Lemuria Institut by Dunia Anandara\" \/>\n<meta property=\"article:modified_time\" content=\"2026-03-24T12:14:30+00:00\" \/>\n<meta property=\"og:image\" content=\"https:\/\/sirlima.eu\/wp-content\/uploads\/2021\/07\/Cover-Lemuria.jpeg\" \/>\n\t<meta property=\"og:image:width\" content=\"800\" \/>\n\t<meta property=\"og:image:height\" content=\"800\" \/>\n\t<meta property=\"og:image:type\" content=\"image\/jpeg\" \/>\n<meta name=\"twitter:card\" content=\"summary_large_image\" \/>\n<script type=\"application\/ld+json\" class=\"yoast-schema-graph\">{\"@context\":\"https:\\\/\\\/schema.org\",\"@graph\":[{\"@type\":\"WebPage\",\"@id\":\"https:\\\/\\\/sirlima.eu\\\/p\\\/lemuria-cd\\\/\",\"url\":\"https:\\\/\\\/sirlima.eu\\\/p\\\/lemuria-cd\\\/\",\"name\":\"Lemuria \u2013 The Land Of Love Within You - Lemuria Institut by Dunia Anandara\",\"isPartOf\":{\"@id\":\"https:\\\/\\\/sirlima.eu\\\/#website\"},\"primaryImageOfPage\":{\"@id\":\"https:\\\/\\\/sirlima.eu\\\/p\\\/lemuria-cd\\\/#primaryimage\"},\"image\":{\"@id\":\"https:\\\/\\\/sirlima.eu\\\/p\\\/lemuria-cd\\\/#primaryimage\"},\"thumbnailUrl\":\"https:\\\/\\\/sirlima.eu\\\/wp-content\\\/uploads\\\/2021\\\/07\\\/Cover-Lemuria.jpeg\",\"datePublished\":\"2021-07-06T19:24:06+00:00\",\"dateModified\":\"2026-03-24T12:14:30+00:00\",\"description\":\"Lemuria. Eine Epoche vor Atlantis. Die Wiege der Menschheit. Die Schwingung und Sprache lebt. Erinnere dich an dein Zuhause in dir. 5-D Bewusstsein Lemuria\",\"breadcrumb\":{\"@id\":\"https:\\\/\\\/sirlima.eu\\\/p\\\/lemuria-cd\\\/#breadcrumb\"},\"inLanguage\":\"en-GB\",\"potentialAction\":[{\"@type\":\"ReadAction\",\"target\":[\"https:\\\/\\\/sirlima.eu\\\/p\\\/lemuria-cd\\\/\"]}]},{\"@type\":\"ImageObject\",\"inLanguage\":\"en-GB\",\"@id\":\"https:\\\/\\\/sirlima.eu\\\/p\\\/lemuria-cd\\\/#primaryimage\",\"url\":\"https:\\\/\\\/sirlima.eu\\\/wp-content\\\/uploads\\\/2021\\\/07\\\/Cover-Lemuria.jpeg\",\"contentUrl\":\"https:\\\/\\\/sirlima.eu\\\/wp-content\\\/uploads\\\/2021\\\/07\\\/Cover-Lemuria.jpeg\",\"width\":800,\"height\":800,\"caption\":\"Cover-Lemuria\"},{\"@type\":\"BreadcrumbList\",\"@id\":\"https:\\\/\\\/sirlima.eu\\\/p\\\/lemuria-cd\\\/#breadcrumb\",\"itemListElement\":[{\"@type\":\"ListItem\",\"position\":1,\"name\":\"Home\",\"item\":\"https:\\\/\\\/sirlima.eu\\\/\"},{\"@type\":\"ListItem\",\"position\":2,\"name\":\"Lemuria Vereinserzeugnisse\",\"item\":\"https:\\\/\\\/sirlima.eu\\\/shop\\\/\"},{\"@type\":\"ListItem\",\"position\":3,\"name\":\"Lemuria \u2013 The Land Of Love Within You\"}]},{\"@type\":\"WebSite\",\"@id\":\"https:\\\/\\\/sirlima.eu\\\/#website\",\"url\":\"https:\\\/\\\/sirlima.eu\\\/\",\"name\":\"Lemuria Institut by Dunia Anandara\",\"description\":\"Energetic-Natural-Spiritual Lemuria Lifestyle\",\"publisher\":{\"@id\":\"https:\\\/\\\/sirlima.eu\\\/#organization\"},\"potentialAction\":[{\"@type\":\"SearchAction\",\"target\":{\"@type\":\"EntryPoint\",\"urlTemplate\":\"https:\\\/\\\/sirlima.eu\\\/?s={search_term_string}\"},\"query-input\":{\"@type\":\"PropertyValueSpecification\",\"valueRequired\":true,\"valueName\":\"search_term_string\"}}],\"inLanguage\":\"en-GB\"},{\"@type\":\"Organization\",\"@id\":\"https:\\\/\\\/sirlima.eu\\\/#organization\",\"name\":\"Sirlima Lebensr\u00e4ume GbR\",\"url\":\"https:\\\/\\\/sirlima.eu\\\/\",\"logo\":{\"@type\":\"ImageObject\",\"inLanguage\":\"en-GB\",\"@id\":\"https:\\\/\\\/sirlima.eu\\\/#\\\/schema\\\/logo\\\/image\\\/\",\"url\":\"https:\\\/\\\/sirlima.eu\\\/wp-content\\\/uploads\\\/2021\\\/06\\\/cropped-2021-02-Logo-Sirlima.jpg\",\"contentUrl\":\"https:\\\/\\\/sirlima.eu\\\/wp-content\\\/uploads\\\/2021\\\/06\\\/cropped-2021-02-Logo-Sirlima.jpg\",\"width\":676,\"height\":443,\"caption\":\"Sirlima Lebensr\u00e4ume GbR\"},\"image\":{\"@id\":\"https:\\\/\\\/sirlima.eu\\\/#\\\/schema\\\/logo\\\/image\\\/\"}}]}<\/script>\n<!-- \/ Yoast SEO plugin. -->","yoast_head_json":{"title":"Lemuria \u2013 The Land Of Love Within You - Lemuria Institut by Dunia Anandara","description":"Lemuria. Eine Epoche vor Atlantis. Die Wiege der Menschheit. Die Schwingung und Sprache lebt. Erinnere dich an dein Zuhause in dir. 5-D Bewusstsein Lemuria","robots":{"index":"index","follow":"follow","max-snippet":"max-snippet:-1","max-image-preview":"max-image-preview:large","max-video-preview":"max-video-preview:-1"},"canonical":"https:\/\/sirlima.eu\/en\/p\/lemuria-cd\/","og_locale":"en_GB","og_type":"article","og_title":"Lemuria \u2013 The Land Of Love Within You - Lemuria Institut by Dunia Anandara","og_description":"Lemuria. Eine Epoche vor Atlantis. Die Wiege der Menschheit. Die Schwingung und Sprache lebt. Erinnere dich an dein Zuhause in dir. 5-D Bewusstsein Lemuria","og_url":"https:\/\/sirlima.eu\/en\/p\/lemuria-cd\/","og_site_name":"Lemuria Institut by Dunia Anandara","article_modified_time":"2026-03-24T12:14:30+00:00","og_image":[{"width":800,"height":800,"url":"https:\/\/sirlima.eu\/wp-content\/uploads\/2021\/07\/Cover-Lemuria.jpeg","type":"image\/jpeg"}],"twitter_card":"summary_large_image","schema":{"@context":"https:\/\/schema.org","@graph":[{"@type":"WebPage","@id":"https:\/\/sirlima.eu\/p\/lemuria-cd\/","url":"https:\/\/sirlima.eu\/p\/lemuria-cd\/","name":"Lemuria \u2013 The Land Of Love Within You - Lemuria Institut by Dunia Anandara","isPartOf":{"@id":"https:\/\/sirlima.eu\/#website"},"primaryImageOfPage":{"@id":"https:\/\/sirlima.eu\/p\/lemuria-cd\/#primaryimage"},"image":{"@id":"https:\/\/sirlima.eu\/p\/lemuria-cd\/#primaryimage"},"thumbnailUrl":"https:\/\/sirlima.eu\/wp-content\/uploads\/2021\/07\/Cover-Lemuria.jpeg","datePublished":"2021-07-06T19:24:06+00:00","dateModified":"2026-03-24T12:14:30+00:00","description":"Lemuria. Eine Epoche vor Atlantis. Die Wiege der Menschheit. Die Schwingung und Sprache lebt. Erinnere dich an dein Zuhause in dir. 5-D Bewusstsein Lemuria","breadcrumb":{"@id":"https:\/\/sirlima.eu\/p\/lemuria-cd\/#breadcrumb"},"inLanguage":"en-GB","potentialAction":[{"@type":"ReadAction","target":["https:\/\/sirlima.eu\/p\/lemuria-cd\/"]}]},{"@type":"ImageObject","inLanguage":"en-GB","@id":"https:\/\/sirlima.eu\/p\/lemuria-cd\/#primaryimage","url":"https:\/\/sirlima.eu\/wp-content\/uploads\/2021\/07\/Cover-Lemuria.jpeg","contentUrl":"https:\/\/sirlima.eu\/wp-content\/uploads\/2021\/07\/Cover-Lemuria.jpeg","width":800,"height":800,"caption":"Cover-Lemuria"},{"@type":"BreadcrumbList","@id":"https:\/\/sirlima.eu\/p\/lemuria-cd\/#breadcrumb","itemListElement":[{"@type":"ListItem","position":1,"name":"Home","item":"https:\/\/sirlima.eu\/"},{"@type":"ListItem","position":2,"name":"Lemuria Vereinserzeugnisse","item":"https:\/\/sirlima.eu\/shop\/"},{"@type":"ListItem","position":3,"name":"Lemuria \u2013 The Land Of Love Within You"}]},{"@type":"WebSite","@id":"https:\/\/sirlima.eu\/#website","url":"https:\/\/sirlima.eu\/","name":"Lemuria Institut by Dunia Anandara","description":"Energetic-Natural-Spiritual Lemuria Lifestyle","publisher":{"@id":"https:\/\/sirlima.eu\/#organization"},"potentialAction":[{"@type":"SearchAction","target":{"@type":"EntryPoint","urlTemplate":"https:\/\/sirlima.eu\/?s={search_term_string}"},"query-input":{"@type":"PropertyValueSpecification","valueRequired":true,"valueName":"search_term_string"}}],"inLanguage":"en-GB"},{"@type":"Organization","@id":"https:\/\/sirlima.eu\/#organization","name":"Sirlima Lebensr\u00e4ume GbR","url":"https:\/\/sirlima.eu\/","logo":{"@type":"ImageObject","inLanguage":"en-GB","@id":"https:\/\/sirlima.eu\/#\/schema\/logo\/image\/","url":"https:\/\/sirlima.eu\/wp-content\/uploads\/2021\/06\/cropped-2021-02-Logo-Sirlima.jpg","contentUrl":"https:\/\/sirlima.eu\/wp-content\/uploads\/2021\/06\/cropped-2021-02-Logo-Sirlima.jpg","width":676,"height":443,"caption":"Sirlima Lebensr\u00e4ume GbR"},"image":{"@id":"https:\/\/sirlima.eu\/#\/schema\/logo\/image\/"}}]}},"_links":{"self":[{"href":"https:\/\/sirlima.eu\/en\/wp-json\/wp\/v2\/product\/2494","targetHints":{"allow":["GET"]}}],"collection":[{"href":"https:\/\/sirlima.eu\/en\/wp-json\/wp\/v2\/product"}],"about":[{"href":"https:\/\/sirlima.eu\/en\/wp-json\/wp\/v2\/types\/product"}],"author":[{"embeddable":true,"href":"https:\/\/sirlima.eu\/en\/wp-json\/wp\/v2\/users\/9"}],"replies":[{"embeddable":true,"href":"https:\/\/sirlima.eu\/en\/wp-json\/wp\/v2\/comments?post=2494"}],"version-history":[{"count":4,"href":"https:\/\/sirlima.eu\/en\/wp-json\/wp\/v2\/product\/2494\/revisions"}],"predecessor-version":[{"id":13134,"href":"https:\/\/sirlima.eu\/en\/wp-json\/wp\/v2\/product\/2494\/revisions\/13134"}],"wp:featuredmedia":[{"embeddable":true,"href":"https:\/\/sirlima.eu\/en\/wp-json\/wp\/v2\/media\/2496"}],"wp:attachment":[{"href":"https:\/\/sirlima.eu\/en\/wp-json\/wp\/v2\/media?parent=2494"}],"wp:term":[{"taxonomy":"product_brand","embeddable":true,"href":"https:\/\/sirlima.eu\/en\/wp-json\/wp\/v2\/product_brand?post=2494"},{"taxonomy":"product_cat","embeddable":true,"href":"https:\/\/sirlima.eu\/en\/wp-json\/wp\/v2\/product_cat?post=2494"},{"taxonomy":"product_tag","embeddable":true,"href":"https:\/\/sirlima.eu\/en\/wp-json\/wp\/v2\/product_tag?post=2494"}],"curies":[{"name":"wp","href":"https:\/\/api.w.org\/{rel}","templated":true}]}}