{"id":24898,"date":"2025-11-13T10:52:21","date_gmt":"2025-11-13T09:52:21","guid":{"rendered":"https:\/\/sirlima.eu\/?post_type=product&#038;p=24898"},"modified":"2026-04-08T14:33:37","modified_gmt":"2026-04-08T12:33:37","slug":"mtm26-5","status":"publish","type":"product","link":"https:\/\/sirlima.eu\/en\/p\/mtm26-5\/","title":{"rendered":"5.5.2026 Zoom Matrix-Transformations-Meditation 18:00-20:30"},"content":{"rendered":"<p><strong>Beschreibung der Matrix-Transformations-Meditation<\/strong> (bei Einzelbuchung)<br \/>\nDiese regelm\u00e4\u00dfig stattfindenden gef\u00fchrten Matrix-Transformations-Meditationen, in Kooperation mit der feinschwingenden geistigen Welt der Liebe, im Leitstrahl von und durch Dunia Anandara, sind auf das Wohl der Erde und ihrer Bewohner (aller f\u00fchlenden Wesen) ausgerichtet.<\/p>\n<p><strong><img fetchpriority=\"high\" decoding=\"async\" src=\"https:\/\/sirlima.eu\/wp-content\/uploads\/2021\/11\/2019-DA-Medi-13-Chakra-blu-vio_RS-1024x879-1-300x258.jpg\" sizes=\"(max-width: 300px) 100vw, 300px\" srcset=\"https:\/\/sirlima.eu\/wp-content\/uploads\/2021\/11\/2019-DA-Medi-13-Chakra-blu-vio_RS-1024x879-1-300x258.jpg 300w, https:\/\/sirlima.eu\/wp-content\/uploads\/2021\/11\/2019-DA-Medi-13-Chakra-blu-vio_RS-1024x879-1-150x129.jpg 150w, https:\/\/sirlima.eu\/wp-content\/uploads\/2021\/11\/2019-DA-Medi-13-Chakra-blu-vio_RS-1024x879-1-370x318.jpg 370w, https:\/\/sirlima.eu\/wp-content\/uploads\/2021\/11\/2019-DA-Medi-13-Chakra-blu-vio_RS-1024x879-1-768x659.jpg 768w, https:\/\/sirlima.eu\/wp-content\/uploads\/2021\/11\/2019-DA-Medi-13-Chakra-blu-vio_RS-1024x879-1-60x52.jpg 60w, https:\/\/sirlima.eu\/wp-content\/uploads\/2021\/11\/2019-DA-Medi-13-Chakra-blu-vio_RS-1024x879-1.jpg 1024w\" alt=\"\" width=\"300\" height=\"258\" \/><\/strong><\/p>\n<p><strong>Je nach Thema setzen wir unterschiedliche Impulse zur Ver\u00e4nderung und Transformation in uns und in der k\u00fcnstlichen Matrix \u2013 immer mit dem Ziel von Frieden, Freiheit, Freude, Heilung, Einheit mit der Quelle allen Seins und gleichzeitiger Achtung der befreiten Einzigartigkeit eines jeden Wesens.<\/strong><\/p>\n<p>Wir beginnen stets mit einer Aura- und Zell-Reinigung, der Verbindung zum Erdenherz, sowie der Verbindung zum kosmischen Ursprung der Liebe und befreien schrittweise unser Bewusstsein, unsere Energiek\u00f6rper, unsere Zellen und unsere Seele, von fremden manipulativen Energien, energetischen Giften, wie z.B. von Besetzungen und auch von Spike-Proteinen.<\/p>\n<p>Damit sind wir bereit f\u00fcr die eigene DNS- und RNS- Freilegung von der Simulation und Illusion der KI (k\u00fcnstliche Matrix).<\/p>\n<p><strong>ACHTUNG:<\/strong> Dies ist keine Meditation f\u00fcr Meditations-Konsumenten, die einen netten Zeitvertreib suchen. Es handelt sich hier um tiefgehende Transformations-Meditationen, die so noch nicht auf der Welt bekannt sind.<\/p>\n<p>Dunia Anandara hat eine v\u00f6llig andere Herangehensweise, da sie von au\u00dferhalb der KI-Matrix wirkt, auch wenn sie mit uns auf unseren 3D- und 4D-Seinsebenen interagiert. <strong>Nutze diesen Vorteil f\u00fcr DICH und deine Seelenentfaltung!<\/strong><\/p>\n<p><strong>Die Matrix-Transformations-Meditation\u00a0<\/strong>kann jeweils tiefgreifende, transformierende Wirkung zu dem Haupt-Thema bringen. Dieses wird zu Beginn von Dunia Anandara kurz erl\u00e4utert. Hinzu kommen diese Elemente, welche die Meditation begleiten und so einzigartig machen:<\/p>\n<ol>\n<li>Intensive energetische Reinigung deiner Zellen<\/li>\n<li>Reinigung deiner Aura-Lichtk\u00f6rper (Energiefeld)<\/li>\n<li>Energetische Fremd-Spike-Protein Feldinfo Entfernung<\/li>\n<li>Impulsgebung zur R\u00fcckerinnerung an DICH SELBST<\/li>\n<li>Aktivierung deiner Lichtzellen in dein h\u00f6chstes Bewusstsein durch 5D-Schwingung<\/li>\n<li>Transformation der alten RNS\u00a0Information in &#8222;neues&#8220; 5D-Bewusstsein<\/li>\n<li>R\u00fcckerinnerung deiner DNS an dein nat\u00fcrliches menschliches Seelen-Wesen<\/li>\n<li>Energetische Selbst-Heilung deiner Zellen<\/li>\n<li>Energetische Blutw\u00e4sche von energetischen Parasiten<\/li>\n<li>Zellharmonisierung von den Auswirkungen durch generellen Elektrosmog-Informationen sowie global versendete technische Frequenz-Einwirkungen<\/li>\n<li>Speziell benannte Themenbereiche zur karmischen Befreiung in uns und unserer Ahnenreihe im kollektiven Karmafeld.<\/li>\n<li>Reaktivierung in Richtung deiner 12-Strang-DNS<strong>. Beim 3. Strang beginnend, ganz nach deinem aktuellen Entfaltungs-Zustand, erh\u00e4ltst<\/strong>\u00a0<strong>du einen kraftvollen Impuls, zur\u00a0 Aktivierung des\u00a0\u00a0<u>n\u00e4chsten DNS Stranges<\/u>\u00a0in deinem<\/strong>\u00a0<strong>Zellsystem. <\/strong>Dies bedeutet, wessen \u201cBetriebssystem\u201d auf dem 2.Strang aktiv ist, erf\u00e4hrt einen \u201cUpgrade-Impuls\u201d auf den 3. DNS Strang. Ebenso vom 3. auf den 4. und auch auf den 5. usw. \u2013 je nachdem, wo du stehst. So erweitern wir stetig deine\u00a0 mehrdimensionalen F\u00e4higkeiten.<\/li>\n<\/ol>\n<p>Die eingeleitete Aktivierung deiner 12-Strang-DNS unterst\u00fctzt deine bisher von der KI-Matrix &#8222;hypnotisierten&#8220; DNS-Str\u00e4nge bei der Reorganisation. Je nach bisheriger Bewusstseins- und Energie-Arbeit an dir selbst, wird deine individuelle Unterst\u00fctzung aktiv.<\/p>\n<p><strong>Je mehr Menschen sich an solchen Matrix-Transformations-Meditationen beteiligen<\/strong>, umso mehr Menschen beginnen, selbst zu denken und auch die Ahnen aus ihrem mentalen Gef\u00e4ngnis zu befreien. Lade so viele Seelengeschwister wie du magst mit dazu ein. Am besten sendest du den Link zu dieser Veranstaltung weiter.<\/p>\n<p>Wir arbeiten mit DNS-Licht-Schl\u00fcsseln, die weder in der KIM, noch in der Akasha informiert sind und \u00fcbertragen der RNA die Ur-Information der n\u00e4chsten Bewusstseinsebene unseres selbst bestimmten Lebens. Dies ist alles einzigartig.<\/p>\n<p>Dies dient als Impulsgebung und zur R\u00fcckerinnerung an unser jeweiliges \u00dcbergangstor, in unser urspr\u00fcngliches, planetares, intergalaktisches Dasein, das sich noch in der eigenen ewigen All-Einheit befindet. Dazu geh\u00f6rt der Kontakt mit deinem h\u00f6chsten Bewusstsein und deinem instinktiven Unterbewusstsein, usw.<\/p>\n<p>Statt vieler Worte TUN wird dies. Gemeinsam sind wir um ein Vielfaches st\u00e4rker. Matrix-Transformations-Meditationen f\u00f6rdern dein Wachstum in der energetisch-geistigen Welt sowie auch in der materiellen Welt.<\/p>\n<p><strong>Bist Du dabei?<\/strong><\/p>\n<p>Ebenfalls kannst du f\u00fcr dich dein derzeitig aktuelles, zu transformierendes Thema mit einbringen und parallel innerlich bearbeiten. Ohne dass du dies mitteilen musst. Die bewusste innere Ausrichtung und Konzentration darauf reicht bereits aus. So erweiterst du m\u00fchelos deine innere Klarheit, Freiheit, Liebe und Freude.<\/p>\n<figure id=\"attachment_4581\" aria-describedby=\"caption-attachment-4581\"><figcaption id=\"caption-attachment-4581\"><img decoding=\"async\" src=\"https:\/\/sirlima.eu\/wp-content\/uploads\/2022\/10\/dna-g62762afe9_1920-300x150.jpg\" sizes=\"(max-width: 322px) 100vw, 322px\" srcset=\"https:\/\/sirlima.eu\/wp-content\/uploads\/2022\/10\/dna-g62762afe9_1920-300x150.jpg 300w, https:\/\/sirlima.eu\/wp-content\/uploads\/2022\/10\/dna-g62762afe9_1920-1024x512.jpg 1024w, https:\/\/sirlima.eu\/wp-content\/uploads\/2022\/10\/dna-g62762afe9_1920-768x384.jpg 768w, https:\/\/sirlima.eu\/wp-content\/uploads\/2022\/10\/dna-g62762afe9_1920-60x30.jpg 60w, https:\/\/sirlima.eu\/wp-content\/uploads\/2022\/10\/dna-g62762afe9_1920-110x55.jpg 110w, https:\/\/sirlima.eu\/wp-content\/uploads\/2022\/10\/dna-g62762afe9_1920-1536x768.jpg 1536w, https:\/\/sirlima.eu\/wp-content\/uploads\/2022\/10\/dna-g62762afe9_1920-18x9.jpg 18w, https:\/\/sirlima.eu\/wp-content\/uploads\/2022\/10\/dna-g62762afe9_1920-370x185.jpg 370w, https:\/\/sirlima.eu\/wp-content\/uploads\/2022\/10\/dna-g62762afe9_1920-150x75.jpg 150w, https:\/\/sirlima.eu\/wp-content\/uploads\/2022\/10\/dna-g62762afe9_1920.jpg 1920w\" alt=\"\" width=\"322\" height=\"161\" \/><br \/>\nMatrix und DNS erweitern<br \/>\n(Foto von pixabay.com)<\/figcaption><\/figure>\n<p>Die Inhalte der Matrix-Transformations-Meditation werden von den aufgestiegenen Meistern des wei\u00dfen Lichtes und Erzengeln durch Dunia Anandara \u00fcbermittelt und sind deshalb mehrdimensional hochwirksam. Jede Matrix-Transformations-Meditation ist dadurch einzigartig und nicht reproduzierbar.Ausgew\u00e4hlte Aufzeichnungen sind nur den Teilnehmern des Matrix-Transformations-Pionier-Jahresprogramm zug\u00e4nglich. Durch deine Teilnahme stimmst du den Aufzeichnungen generell zu. Die Rechte liegen beim Referenten.<\/p>\n<p>Das Besondere: Dunia Anandara begleitet dich als Teilnehmer liebevoll und achtsam in die Tiefen deines Seins. Sie bleibt nicht an der Oberfl\u00e4che, sondern macht die noch blinden Flecken bewusst, um dich mit ihrer kraftvollen Transformationsschwingung in deiner Bewusstseins- und Gef\u00fchls-Heilung zu begleiten.<\/p>\n<p>Viele Menschen berichten von tiefer Ber\u00fchrtheit, innerer Freude und positiven Ver\u00e4nderungen durch den Kontakt mit Dunia Anandara und der Lemuria- Heilschwingung. Nach dem Motto \u201eEinfach nur dabei sein, bewirkt schon viel\u201c.<br \/>\nDoch Achtung! Jede auch noch so heilsame Transformation kann eine Heilkrise mit sich bringen. <strong>Die Transformation beginnt ab der Anmeldung in dir zu wirken.<\/strong><\/p>\n<p>Vorkenntnisse sind nicht erforderlich, jedoch eine innere Bereitschaft f\u00fcr Wachstum und Ver\u00e4nderung ist dienlich.<\/p>\n<p>Die Matrix-Transformations-Meditation erfolgt meist in 2-3 Abschnitten zu je 30-45 Minuten.<\/p>\n<p>Der Beleg kommt mit der Anmeldebest\u00e4tigung per E-Mail zu dir. \u00dcberweise bitte mit dem <strong>Verwendungszweck der Beleg-Nummer (LLI-<\/strong><strong>26<\/strong><strong>xxxx). <\/strong>Das ist f\u00fcr uns die beste und schnellste Zuordnung.<strong><br \/>\n<\/strong><strong>Du ben\u00f6tigst einen Internet-Zugang, einen Computer \/ Notebook \/ Smartphone mit installierter App \u201czoom.us\u201d <\/strong><\/p>\n<p>Dies ist auch m\u00f6glich:<br \/>\nBei den Matrix-Transformations-Meditationen ist auch ein Zugang nur per Festnetz- oder Mobil-Telefon m\u00f6glich, so dass Du nur als Zuh\u00f6rer\/in an der Meditation teilnehmen kannst, falls kein Internet-Zugang m\u00f6glich ist.<\/p>\n<p>Die <strong>Zoom-Zugangsdaten<\/strong> erh\u00e4ltst du gleich nach deiner Teilnahme-Buchung zusammen mit dem Ticket per Email.<\/p>\n<p>Buche jetzt: <a href=\"https:\/\/sirlima.eu\/en\/p\/mtm26-2\/\" target=\"_blank\" rel=\"noopener\">https:\/\/sirlima.eu\/p\/mtm26-2<\/a><\/p>","protected":false},"excerpt":{"rendered":"<p><strong>Teilnehmer am Matrix-Transformations-Pionier-Jahresprogramm 2026 nicht nochmal buchen. Logge dich in Skool ein und gehe im Kalender der <a href=\"https:\/\/www.skool.com\/lemuria-lifestyle-club\/calendar\" target=\"_blank\" rel=\"noopener\">Lemuria Lifestyle Community<\/a> direkt zum Zoom-Raum.\u00a0<\/strong><\/p>","protected":false},"author":131,"featured_media":24264,"comment_status":"closed","ping_status":"closed","template":"","meta":{"_acf_changed":false,"_kad_post_transparent":"default","_kad_post_title":"","_kad_post_layout":"default","_kad_post_sidebar_id":"","_kad_post_content_style":"default","_kad_post_vertical_padding":"default","_kad_post_feature":"","_kad_post_feature_position":"","_kad_post_header":false,"_kad_post_footer":false,"_kad_post_classname":""},"product_brand":[],"product_cat":[299],"product_tag":[752,766,753,759,767,755,754,763,756,764,770,765,760,762,757,750,768,751,769,761,758,771],"class_list":{"0":"post-24898","1":"product","2":"type-product","3":"status-publish","4":"has-post-thumbnail","6":"product_cat-meditation","7":"product_tag-5d-bewusstsein","8":"product_tag-abnahme-manipulation-angst-zweifel-gehorsam","9":"product_tag-aktivierung-12-strang-dns","10":"product_tag-annahme-der-eigenen-goettlichkeit","11":"product_tag-befreiung-opfer-taeter","12":"product_tag-energetische-ausleitung-fremd-spike-proteine","13":"product_tag-energetische-reinigung","14":"product_tag-freiheit-von-dogmen-meinungen-vorstellungen","15":"product_tag-frieden-auf-erden","16":"product_tag-heilung-durch-bewusstseinserweiterung","17":"product_tag-innen-wie-aussen-oben-wie-unten","18":"product_tag-karmische-befreiung","19":"product_tag-klarheit-zentrierung","20":"product_tag-konzentration-koerper-atem-zellen-mittelkanal","21":"product_tag-liebe","22":"product_tag-matrix-transformations-meditation","23":"product_tag-selbstbestimmung","24":"product_tag-superelektron-supra-elektron","25":"product_tag-verbindung-zur-original-erde-gaija","26":"product_tag-verfeinerte-schwingung","27":"product_tag-wahrhaftigkeit","28":"product_tag-zoom-meditation","29":"wcpa_has_options","31":"first","32":"instock","33":"virtual","34":"purchasable","35":"product-type-simple","36":"entry","37":"content-bg","38":"loop-entry"},"acf":[],"wcpa_form_fields":{"rules":{"pric_overide_base_price":false,"pric_overide_base_price_if_gt_zero":false,"pric_overide_base_price_fully":false,"pric_cal_option_once":false,"pric_use_as_fee":false,"bind_quantity":false,"quantity_bind_formula":false},"fields":[{"type":"checkbox-group","elementId":"wcpa-checkbox-group-1658837600210","label":"","description":"Die g\u00fcnstigste Zahlungsmethode ist per Bank\u00fcberweisung. Die Rechnung erh\u00e4ltst du sofort nach Buchung per Email. Alternativ kannst du Paypal ausw\u00e4hlen und bitte auch unsere Mehrkosten tragen.","inline":true,"enablePrice":true,"priceOptions":"fixed_for_all","pricingType":"fixed","price":"2","name":"checkbox-group-1658837600209","other_text":"Other","cl_rule":"show","col":6,"values":[{"label":"Ich m\u00f6chte mit Paypal zahlen und trage die versteckten Paypal-Geb\u00fchren daf\u00fcr","value":"pp","price":"","pimage":"","pimage_id":"","pthumb":""}],"relations":false,"form_id":25508,"form_rules":{"pric_cal_option_once":false,"exclude_from_discount":false,"pric_use_as_fee":false,"fee_label":"Geb\u00fchr","render_after_acb":false,"disp_hide_options_price":false}},{"type":"checkbox-group","elementId":"wcpa-checkbox-group-1737117777498","label":"Bonus f\u00fcr F\u00f6rdermitglieder des Lemuria Lebensr\u00e4ume-Institutes oder aktive CME-Studenten","description":"Nur ausw\u00e4hlen, wenn du die Voraussetzung hast: -10\u20ac","inline":true,"enablePrice":true,"priceOptions":"fixed_for_all","pricingType":"fixed","price":"-10","name":"checkbox-group-1737117777507","min_options":"0","max_options":"1","other_text":"Other","cl_rule":"show","col":6,"values":[{"label":"Erm\u00e4\u00dfigt LLI-\/CME-Bonus","value":"Erm\u00e4\u00dfigt LLI-Bonus","price":"1997","pimage":"","pimage_id":"","pthumb":""}],"relations":false,"form_id":24753,"form_rules":{"pric_cal_option_once":false,"exclude_from_discount":false,"pric_use_as_fee":false,"fee_label":"Geb\u00fchr","render_after_acb":false,"disp_hide_options_price":false}},{"type":"checkbox-group","elementId":"wcpa-checkbox-group-1737117777498","label":"Bei mir wirkt noch der finanzielle Mangel","description":"Bitte \u00fcberweisen oder die \u00dcbernahme der Paypal-Geb\u00fchren anklicken. Nur ausw\u00e4hlen, wenn du betroffen bist: -31\u20ac","inline":true,"enablePrice":true,"priceOptions":"fixed_for_all","pricingType":"fixed","price":"-31","name":"checkbox-group-1737117777498","min_options":"0","max_options":"1","other_text":"Other","cl_rule":"show","col":6,"values":[{"label":"Erm\u00e4\u00dfigung bei Finanzknappheit","value":"Erm\u00e4\u00dfigung bei Finanzknappheit","price":"-31","pimage":"","pimage_id":"","pthumb":""}],"relations":[{"operator":false,"rules":[]}],"form_id":24850,"form_rules":{"pric_cal_option_once":false,"exclude_from_discount":false,"pric_use_as_fee":false,"fee_label":"Geb\u00fchr","render_after_acb":false,"disp_hide_options_price":false}}]},"yoast_head":"<!-- This site is optimized with the Yoast SEO plugin v27.4 - https:\/\/yoast.com\/product\/yoast-seo-wordpress\/ -->\n<title>5.5.2026 Zoom Matrix-Transformations-Meditation 18:00-20:30 - Lemuria Institut by Dunia Anandara<\/title>\n<meta name=\"description\" content=\"Matrix-Transformations-Meditation. DNS-Aktivierung zur Potential-Befreiung in dein g\u00f6ttliches Wesen: Klarheit, Freiheit, Frieden, Liebe &amp; Freude f\u00fcr jeden Teilnehmer und f\u00fcr die Sch\u00f6pfung. Mit Dunia Anandara\" \/>\n<meta name=\"robots\" content=\"index, follow, max-snippet:-1, max-image-preview:large, max-video-preview:-1\" \/>\n<link rel=\"canonical\" href=\"https:\/\/sirlima.eu\/en\/p\/mtm26-5\/\" \/>\n<meta property=\"og:locale\" content=\"en_GB\" \/>\n<meta property=\"og:type\" content=\"article\" \/>\n<meta property=\"og:title\" content=\"5.5.2026 Zoom Matrix-Transformations-Meditation 18:00-20:30 - Lemuria Institut by Dunia Anandara\" \/>\n<meta property=\"og:description\" content=\"Matrix-Transformations-Meditation. DNS-Aktivierung zur Potential-Befreiung in dein g\u00f6ttliches Wesen: Klarheit, Freiheit, Frieden, Liebe &amp; Freude f\u00fcr jeden Teilnehmer und f\u00fcr die Sch\u00f6pfung. Mit Dunia Anandara\" \/>\n<meta property=\"og:url\" content=\"https:\/\/sirlima.eu\/en\/p\/mtm26-5\/\" \/>\n<meta property=\"og:site_name\" content=\"Lemuria Institut by Dunia Anandara\" \/>\n<meta property=\"article:modified_time\" content=\"2026-04-08T12:33:37+00:00\" \/>\n<meta property=\"og:image\" content=\"https:\/\/sirlima.eu\/wp-content\/uploads\/2024\/11\/Matrix-Trans-Medi-300-x-300-mm.webp\" \/>\n\t<meta property=\"og:image:width\" content=\"2000\" \/>\n\t<meta property=\"og:image:height\" content=\"2000\" \/>\n\t<meta property=\"og:image:type\" content=\"image\/webp\" \/>\n<meta name=\"twitter:card\" content=\"summary_large_image\" \/>\n<meta name=\"twitter:label1\" content=\"Estimated reading time\" \/>\n\t<meta name=\"twitter:data1\" content=\"5 minutes\" \/>\n<script type=\"application\/ld+json\" class=\"yoast-schema-graph\">{\"@context\":\"https:\\\/\\\/schema.org\",\"@graph\":[{\"@type\":\"WebPage\",\"@id\":\"https:\\\/\\\/sirlima.eu\\\/p\\\/mtm26-5\\\/\",\"url\":\"https:\\\/\\\/sirlima.eu\\\/p\\\/mtm26-5\\\/\",\"name\":\"5.5.2026 Zoom Matrix-Transformations-Meditation 18:00-20:30 - Lemuria Institut by Dunia Anandara\",\"isPartOf\":{\"@id\":\"https:\\\/\\\/sirlima.eu\\\/#website\"},\"primaryImageOfPage\":{\"@id\":\"https:\\\/\\\/sirlima.eu\\\/p\\\/mtm26-5\\\/#primaryimage\"},\"image\":{\"@id\":\"https:\\\/\\\/sirlima.eu\\\/p\\\/mtm26-5\\\/#primaryimage\"},\"thumbnailUrl\":\"https:\\\/\\\/sirlima.eu\\\/wp-content\\\/uploads\\\/2024\\\/11\\\/Matrix-Trans-Medi-300-x-300-mm.webp\",\"datePublished\":\"2025-11-13T09:52:21+00:00\",\"dateModified\":\"2026-04-08T12:33:37+00:00\",\"description\":\"Matrix-Transformations-Meditation. DNS-Aktivierung zur Potential-Befreiung in dein g\u00f6ttliches Wesen: Klarheit, Freiheit, Frieden, Liebe & Freude f\u00fcr jeden Teilnehmer und f\u00fcr die Sch\u00f6pfung. Mit Dunia Anandara\",\"breadcrumb\":{\"@id\":\"https:\\\/\\\/sirlima.eu\\\/p\\\/mtm26-5\\\/#breadcrumb\"},\"inLanguage\":\"en-GB\",\"potentialAction\":[{\"@type\":\"ReadAction\",\"target\":[\"https:\\\/\\\/sirlima.eu\\\/p\\\/mtm26-5\\\/\"]}]},{\"@type\":\"ImageObject\",\"inLanguage\":\"en-GB\",\"@id\":\"https:\\\/\\\/sirlima.eu\\\/p\\\/mtm26-5\\\/#primaryimage\",\"url\":\"https:\\\/\\\/sirlima.eu\\\/wp-content\\\/uploads\\\/2024\\\/11\\\/Matrix-Trans-Medi-300-x-300-mm.webp\",\"contentUrl\":\"https:\\\/\\\/sirlima.eu\\\/wp-content\\\/uploads\\\/2024\\\/11\\\/Matrix-Trans-Medi-300-x-300-mm.webp\",\"width\":2000,\"height\":2000},{\"@type\":\"BreadcrumbList\",\"@id\":\"https:\\\/\\\/sirlima.eu\\\/p\\\/mtm26-5\\\/#breadcrumb\",\"itemListElement\":[{\"@type\":\"ListItem\",\"position\":1,\"name\":\"Home\",\"item\":\"https:\\\/\\\/sirlima.eu\\\/\"},{\"@type\":\"ListItem\",\"position\":2,\"name\":\"Lemuria Vereinserzeugnisse\",\"item\":\"https:\\\/\\\/sirlima.eu\\\/shop\\\/\"},{\"@type\":\"ListItem\",\"position\":3,\"name\":\"5.5.2026 Zoom Matrix-Transformations-Meditation 18:00-20:30\"}]},{\"@type\":\"WebSite\",\"@id\":\"https:\\\/\\\/sirlima.eu\\\/#website\",\"url\":\"https:\\\/\\\/sirlima.eu\\\/\",\"name\":\"Lemuria Institut by Dunia Anandara\",\"description\":\"Energetic-Natural-Spiritual Lemuria Lifestyle\",\"publisher\":{\"@id\":\"https:\\\/\\\/sirlima.eu\\\/#organization\"},\"potentialAction\":[{\"@type\":\"SearchAction\",\"target\":{\"@type\":\"EntryPoint\",\"urlTemplate\":\"https:\\\/\\\/sirlima.eu\\\/?s={search_term_string}\"},\"query-input\":{\"@type\":\"PropertyValueSpecification\",\"valueRequired\":true,\"valueName\":\"search_term_string\"}}],\"inLanguage\":\"en-GB\"},{\"@type\":\"Organization\",\"@id\":\"https:\\\/\\\/sirlima.eu\\\/#organization\",\"name\":\"Sirlima Lebensr\u00e4ume GbR\",\"url\":\"https:\\\/\\\/sirlima.eu\\\/\",\"logo\":{\"@type\":\"ImageObject\",\"inLanguage\":\"en-GB\",\"@id\":\"https:\\\/\\\/sirlima.eu\\\/#\\\/schema\\\/logo\\\/image\\\/\",\"url\":\"https:\\\/\\\/sirlima.eu\\\/wp-content\\\/uploads\\\/2021\\\/06\\\/cropped-2021-02-Logo-Sirlima.jpg\",\"contentUrl\":\"https:\\\/\\\/sirlima.eu\\\/wp-content\\\/uploads\\\/2021\\\/06\\\/cropped-2021-02-Logo-Sirlima.jpg\",\"width\":676,\"height\":443,\"caption\":\"Sirlima Lebensr\u00e4ume GbR\"},\"image\":{\"@id\":\"https:\\\/\\\/sirlima.eu\\\/#\\\/schema\\\/logo\\\/image\\\/\"}}]}<\/script>\n<!-- \/ Yoast SEO plugin. -->","yoast_head_json":{"title":"5.5.2026 Zoom Matrix-Transformations-Meditation 18:00-20:30 - Lemuria Institut by Dunia Anandara","description":"Matrix-Transformations-Meditation. DNS-Aktivierung zur Potential-Befreiung in dein g\u00f6ttliches Wesen: Klarheit, Freiheit, Frieden, Liebe & Freude f\u00fcr jeden Teilnehmer und f\u00fcr die Sch\u00f6pfung. Mit Dunia Anandara","robots":{"index":"index","follow":"follow","max-snippet":"max-snippet:-1","max-image-preview":"max-image-preview:large","max-video-preview":"max-video-preview:-1"},"canonical":"https:\/\/sirlima.eu\/en\/p\/mtm26-5\/","og_locale":"en_GB","og_type":"article","og_title":"5.5.2026 Zoom Matrix-Transformations-Meditation 18:00-20:30 - Lemuria Institut by Dunia Anandara","og_description":"Matrix-Transformations-Meditation. DNS-Aktivierung zur Potential-Befreiung in dein g\u00f6ttliches Wesen: Klarheit, Freiheit, Frieden, Liebe & Freude f\u00fcr jeden Teilnehmer und f\u00fcr die Sch\u00f6pfung. Mit Dunia Anandara","og_url":"https:\/\/sirlima.eu\/en\/p\/mtm26-5\/","og_site_name":"Lemuria Institut by Dunia Anandara","article_modified_time":"2026-04-08T12:33:37+00:00","og_image":[{"width":2000,"height":2000,"url":"https:\/\/sirlima.eu\/wp-content\/uploads\/2024\/11\/Matrix-Trans-Medi-300-x-300-mm.webp","type":"image\/webp"}],"twitter_card":"summary_large_image","twitter_misc":{"Estimated reading time":"5 minutes"},"schema":{"@context":"https:\/\/schema.org","@graph":[{"@type":"WebPage","@id":"https:\/\/sirlima.eu\/p\/mtm26-5\/","url":"https:\/\/sirlima.eu\/p\/mtm26-5\/","name":"5.5.2026 Zoom Matrix-Transformations-Meditation 18:00-20:30 - Lemuria Institut by Dunia Anandara","isPartOf":{"@id":"https:\/\/sirlima.eu\/#website"},"primaryImageOfPage":{"@id":"https:\/\/sirlima.eu\/p\/mtm26-5\/#primaryimage"},"image":{"@id":"https:\/\/sirlima.eu\/p\/mtm26-5\/#primaryimage"},"thumbnailUrl":"https:\/\/sirlima.eu\/wp-content\/uploads\/2024\/11\/Matrix-Trans-Medi-300-x-300-mm.webp","datePublished":"2025-11-13T09:52:21+00:00","dateModified":"2026-04-08T12:33:37+00:00","description":"Matrix-Transformations-Meditation. DNS-Aktivierung zur Potential-Befreiung in dein g\u00f6ttliches Wesen: Klarheit, Freiheit, Frieden, Liebe & Freude f\u00fcr jeden Teilnehmer und f\u00fcr die Sch\u00f6pfung. Mit Dunia Anandara","breadcrumb":{"@id":"https:\/\/sirlima.eu\/p\/mtm26-5\/#breadcrumb"},"inLanguage":"en-GB","potentialAction":[{"@type":"ReadAction","target":["https:\/\/sirlima.eu\/p\/mtm26-5\/"]}]},{"@type":"ImageObject","inLanguage":"en-GB","@id":"https:\/\/sirlima.eu\/p\/mtm26-5\/#primaryimage","url":"https:\/\/sirlima.eu\/wp-content\/uploads\/2024\/11\/Matrix-Trans-Medi-300-x-300-mm.webp","contentUrl":"https:\/\/sirlima.eu\/wp-content\/uploads\/2024\/11\/Matrix-Trans-Medi-300-x-300-mm.webp","width":2000,"height":2000},{"@type":"BreadcrumbList","@id":"https:\/\/sirlima.eu\/p\/mtm26-5\/#breadcrumb","itemListElement":[{"@type":"ListItem","position":1,"name":"Home","item":"https:\/\/sirlima.eu\/"},{"@type":"ListItem","position":2,"name":"Lemuria Vereinserzeugnisse","item":"https:\/\/sirlima.eu\/shop\/"},{"@type":"ListItem","position":3,"name":"5.5.2026 Zoom Matrix-Transformations-Meditation 18:00-20:30"}]},{"@type":"WebSite","@id":"https:\/\/sirlima.eu\/#website","url":"https:\/\/sirlima.eu\/","name":"Lemuria Institut by Dunia Anandara","description":"Energetic-Natural-Spiritual Lemuria Lifestyle","publisher":{"@id":"https:\/\/sirlima.eu\/#organization"},"potentialAction":[{"@type":"SearchAction","target":{"@type":"EntryPoint","urlTemplate":"https:\/\/sirlima.eu\/?s={search_term_string}"},"query-input":{"@type":"PropertyValueSpecification","valueRequired":true,"valueName":"search_term_string"}}],"inLanguage":"en-GB"},{"@type":"Organization","@id":"https:\/\/sirlima.eu\/#organization","name":"Sirlima Lebensr\u00e4ume GbR","url":"https:\/\/sirlima.eu\/","logo":{"@type":"ImageObject","inLanguage":"en-GB","@id":"https:\/\/sirlima.eu\/#\/schema\/logo\/image\/","url":"https:\/\/sirlima.eu\/wp-content\/uploads\/2021\/06\/cropped-2021-02-Logo-Sirlima.jpg","contentUrl":"https:\/\/sirlima.eu\/wp-content\/uploads\/2021\/06\/cropped-2021-02-Logo-Sirlima.jpg","width":676,"height":443,"caption":"Sirlima Lebensr\u00e4ume GbR"},"image":{"@id":"https:\/\/sirlima.eu\/#\/schema\/logo\/image\/"}}]}},"_links":{"self":[{"href":"https:\/\/sirlima.eu\/en\/wp-json\/wp\/v2\/product\/24898","targetHints":{"allow":["GET"]}}],"collection":[{"href":"https:\/\/sirlima.eu\/en\/wp-json\/wp\/v2\/product"}],"about":[{"href":"https:\/\/sirlima.eu\/en\/wp-json\/wp\/v2\/types\/product"}],"author":[{"embeddable":true,"href":"https:\/\/sirlima.eu\/en\/wp-json\/wp\/v2\/users\/131"}],"replies":[{"embeddable":true,"href":"https:\/\/sirlima.eu\/en\/wp-json\/wp\/v2\/comments?post=24898"}],"version-history":[{"count":2,"href":"https:\/\/sirlima.eu\/en\/wp-json\/wp\/v2\/product\/24898\/revisions"}],"predecessor-version":[{"id":25983,"href":"https:\/\/sirlima.eu\/en\/wp-json\/wp\/v2\/product\/24898\/revisions\/25983"}],"wp:featuredmedia":[{"embeddable":true,"href":"https:\/\/sirlima.eu\/en\/wp-json\/wp\/v2\/media\/24264"}],"wp:attachment":[{"href":"https:\/\/sirlima.eu\/en\/wp-json\/wp\/v2\/media?parent=24898"}],"wp:term":[{"taxonomy":"product_brand","embeddable":true,"href":"https:\/\/sirlima.eu\/en\/wp-json\/wp\/v2\/product_brand?post=24898"},{"taxonomy":"product_cat","embeddable":true,"href":"https:\/\/sirlima.eu\/en\/wp-json\/wp\/v2\/product_cat?post=24898"},{"taxonomy":"product_tag","embeddable":true,"href":"https:\/\/sirlima.eu\/en\/wp-json\/wp\/v2\/product_tag?post=24898"}],"curies":[{"name":"wp","href":"https:\/\/api.w.org\/{rel}","templated":true}]}}