{"id":24697,"date":"2025-11-07T13:24:26","date_gmt":"2025-11-07T12:24:26","guid":{"rendered":"https:\/\/sirlima.eu\/?post_type=product&#038;p=24697"},"modified":"2026-01-22T11:43:41","modified_gmt":"2026-01-22T10:43:41","slug":"26-cme4","status":"publish","type":"product","link":"https:\/\/sirlima.eu\/en\/p\/26-cme4\/","title":{"rendered":"CME4 Weiterbildungs-Paket 2026"},"content":{"rendered":"<p>Nur f\u00fcr CME4-Studenten des Lemuria-Bewusstseinsweges als Gesamtpaket buchbar<\/p>\n<p>CME4 Weiterbildungs-Paket 2026 enth\u00e4lt folgende Termine:<\/p>\n<p style=\"text-align: right;\"><strong>3x CME4 Schulung. Wahlweise vor Ort <u>oder<\/u> per Zoom w\u00e4hlbar:<br \/>\n<\/strong>Samstags 9:30-17:30 Uhr &#8211; 24.1.26, 23.5.26, 26.9.26<br \/>\nAm Schulungstag widmen wir uns einem oder mehren Spezialthemen, die 7 Tage vorher genannt werden.<br \/>\n<strong>Wert: 3&#215;249,-=747,-<\/strong><\/p>\n<p style=\"text-align: right;\"><strong>Sonderbonus<\/strong> inklusive F\u00f6rdermitgliedschaft f\u00fcr das Lemuria Lebensr\u00e4ume-Institut und Zugang zur Skool Community mit ausgew\u00e4hlten Aufzeichnungen<br \/>\n<strong>Wert: 240,-<\/strong><\/p>\n<p style=\"text-align: right;\"><strong>Ausgew\u00e4hlte Aufzeichnungen<\/strong> werden \u00fcber Skool bereitgestellt. Du hast Zugriff auf weiterf\u00fchrendes Schulungs- und Bonusmaterial mit Video- \/ Audio-Aufzeichnungen in der Lemuria Lifestyle Community auf Skool.<br \/>\n<strong>Wert: 1.365,-<\/strong><\/p>\n<p style=\"text-align: right;\">In diesem Paket erh\u00e4ltst du diesen <strong>Gesamtwert: 2.352,-<\/strong><\/p>\n<h3 style=\"text-align: right;\"><strong>Komplettpaket 2026 CME4-Weiterbildung<br \/>\nJetzt f\u00fcr CME4-Studenten: nur 1.200,-<br \/>\nmit Fr\u00fchbucher-Option bis 15.1.2026: nur 997,-<\/strong><\/h3>\n<p>Nachtr\u00e4gliche Umbuchung Zoom\/vor Ort: 40,- EUR.<\/p>\n<p><strong>F\u00fcr deine optimale Selbstentfaltung und seelische Weiterentwicklung empfehlen wir begleitend deine Teilnahme an der Jahresgruppe <a href=\"https:\/\/sirlima.eu\/en\/matrix-transformations-pioniere\/\" target=\"_blank\" rel=\"noopener\">Matrix-Transformations-Pioniere 2026<\/a>.\u00a0<\/strong><\/p>\n<p><em>HINWEIS:<br \/>\nDas CME-Lichtschl\u00fcssel-Anwender-Coaching per Zoom wird gerne auf Nachfrage noch 1 mal pro Jahr angeboten, wenn sich eine Gruppe von 15 CME-Studenten hierzu ergeben w\u00fcrde. Das Lichtschl\u00fcssel-Anwendercoaching ist f\u00fcr deine Fragen zu den Lichtschl\u00fcsseln\/CME-Werkzeugen, ihrer Anwendung und Fallbeispielen vorgesehen. Folgender Termin w\u00e4re dazu m\u00f6glich: Di. 18-20:00 Uhr, 27.10.2026. Bei Interesse sende uns bitte ein Email an orga[@]lemuria-akademie.club<\/em><\/p>","protected":false},"excerpt":{"rendered":"<p>Nur f\u00fcr CME4-Studenten!<br \/>\nFr\u00fchbucher-Ticket buchbar bis 15.1.2026<\/p>","protected":false},"author":131,"featured_media":7279,"comment_status":"closed","ping_status":"closed","template":"","meta":{"_acf_changed":false,"_kad_post_transparent":"default","_kad_post_title":"","_kad_post_layout":"default","_kad_post_sidebar_id":"","_kad_post_content_style":"default","_kad_post_vertical_padding":"default","_kad_post_feature":"","_kad_post_feature_position":"","_kad_post_header":false,"_kad_post_footer":false,"_kad_post_classname":""},"product_brand":[],"product_cat":[796],"product_tag":[752,766,753,759,767,773,755,754,763,756,764,770,765,760,762,757,768,751,769,761,758],"class_list":{"0":"post-24697","1":"product","2":"type-product","3":"status-publish","4":"has-post-thumbnail","6":"product_cat-cme-schulung-ausbildung","7":"product_tag-5d-bewusstsein","8":"product_tag-abnahme-manipulation-angst-zweifel-gehorsam","9":"product_tag-aktivierung-12-strang-dns","10":"product_tag-annahme-der-eigenen-goettlichkeit","11":"product_tag-befreiung-opfer-taeter","12":"product_tag-cme4-schulung","13":"product_tag-energetische-ausleitung-fremd-spike-proteine","14":"product_tag-energetische-reinigung","15":"product_tag-freiheit-von-dogmen-meinungen-vorstellungen","16":"product_tag-frieden-auf-erden","17":"product_tag-heilung-durch-bewusstseinserweiterung","18":"product_tag-innen-wie-aussen-oben-wie-unten","19":"product_tag-karmische-befreiung","20":"product_tag-klarheit-zentrierung","21":"product_tag-konzentration-koerper-atem-zellen-mittelkanal","22":"product_tag-liebe","23":"product_tag-selbstbestimmung","24":"product_tag-superelektron-supra-elektron","25":"product_tag-verbindung-zur-original-erde-gaija","26":"product_tag-verfeinerte-schwingung","27":"product_tag-wahrhaftigkeit","28":"wcpa_has_options","30":"first","31":"instock","32":"virtual","33":"product-type-simple","34":"entry","35":"content-bg","36":"loop-entry"},"acf":[],"wcpa_form_fields":{"rules":{"pric_overide_base_price":false,"pric_overide_base_price_if_gt_zero":false,"pric_overide_base_price_fully":false,"pric_cal_option_once":false,"pric_use_as_fee":false,"bind_quantity":false,"quantity_bind_formula":false},"fields":[{"type":"checkbox-group","elementId":"wcpa-checkbox-group-1737117777498","label":"Optionale Erweiterung 2 Spezial-DNS-Lichtschl\u00fcssel","description":"Ja, ich m\u00f6chte auch die Spezial-DNS-Lichtschl\u00fcssel 1. DNS-Verknotungs-L\u00f6sung, 2. Potentialerkenntnis","enablePrice":true,"priceOptions":"different_for_all","pricingType":"fixed","price":"450","name":"checkbox-group-1737117777498","min_options":"0","max_options":"1","other_text":"Other","cl_rule":"show","col":6,"values":[{"label":"Erst-Initiation A+T am 21.11.2026","value":"Initiation A+T 21.11.2026","price":"700","pimage":"","pimage_id":"","pthumb":""},{"label":"Intensivierung A+T am 21.11.2026","value":"Intensivierung A+T 21.11.2026","price":"440","pimage":"","pimage_id":"","pthumb":""}],"relations":false,"form_id":24666,"form_rules":{"pric_cal_option_once":false,"exclude_from_discount":false,"pric_use_as_fee":false,"fee_label":"Geb\u00fchr","render_after_acb":false,"disp_hide_options_price":false}},{"type":"checkbox-group","elementId":"wcpa-checkbox-group-1658837600210","label":"","description":"Die g\u00fcnstigste und empfohlene Zahlungsmethode ist Standard-Bank\u00fcberweisung gleich nach Erhalt der Rechnung. Bitte ausw\u00e4hlen, wenn du per paypal Zahlen m\u00f6chtest.","inline":true,"enablePrice":true,"priceOptions":"fixed_for_all","pricingType":"fixed","price":"49","name":"checkbox-group-1658837600209","other_text":"Other","cl_rule":"show","col":6,"values":[{"label":"Ich m\u00f6chte mit Paypal zahlen und trage die Paypal-Geb\u00fchren daf\u00fcr","value":"pp","price":"","pimage":"","pimage_id":"","pthumb":""}],"relations":false,"form_id":21797,"form_rules":{"pric_cal_option_once":false,"exclude_from_discount":false,"pric_use_as_fee":false,"fee_label":"Geb\u00fchr","render_after_acb":false,"disp_hide_options_price":false}},{"type":"checkbox-group","required":true,"elementId":"wcpa-checkbox-group-1737117777498","label":"Art der Teilnahme","description":"Nachtr\u00e4gliche Umbuchung auf vor Ort-Teilnahme ist f\u00fcr jeweils 40,- EUR m\u00f6glich. Ein Telefonat oder Email gen\u00fcgt.","priceOptions":"fixed_for_all","pricingType":"fixed","name":"checkbox-group-1737117777499","min_options":"0","max_options":"1","other_text":"Other","cl_rule":"show","col":6,"values":[{"label":"vor Ort","value":"vor Ort","price":"0","pimage":"","pimage_id":"","pthumb":""},{"label":"per Zoom","value":"per Zoom","price":"0","pimage":"","pimage_id":"","pthumb":""}],"relations":false,"form_id":21547,"form_rules":{"pric_cal_option_once":false,"exclude_from_discount":false,"pric_use_as_fee":false,"fee_label":"Geb\u00fchr","render_after_acb":false,"disp_hide_options_price":false}}]},"yoast_head":"<!-- This site is optimized with the Yoast SEO plugin v27.4 - https:\/\/yoast.com\/product\/yoast-seo-wordpress\/ -->\n<title>CME4 Weiterbildungs-Paket 2026 - Lemuria Institut by Dunia Anandara<\/title>\n<meta name=\"description\" content=\"CME4 Heiler Weiterbildung mit Dunia Anandara - Bewusstseinsarbeit, Aufl\u00f6searbeit, Annahme eigene G\u00f6ttlichkeit, Frieden, Liebe, Freiheit, Selbstbestimmung\" \/>\n<meta name=\"robots\" content=\"index, follow, max-snippet:-1, max-image-preview:large, max-video-preview:-1\" \/>\n<link rel=\"canonical\" href=\"https:\/\/sirlima.eu\/en\/p\/26-cme4\/\" \/>\n<meta property=\"og:locale\" content=\"en_GB\" \/>\n<meta property=\"og:type\" content=\"article\" \/>\n<meta property=\"og:title\" content=\"CME4 Weiterbildungs-Paket 2026 - Lemuria Institut by Dunia Anandara\" \/>\n<meta property=\"og:description\" content=\"CME4 Heiler Weiterbildung mit Dunia Anandara - Bewusstseinsarbeit, Aufl\u00f6searbeit, Annahme eigene G\u00f6ttlichkeit, Frieden, Liebe, Freiheit, Selbstbestimmung\" \/>\n<meta property=\"og:url\" content=\"https:\/\/sirlima.eu\/en\/p\/26-cme4\/\" \/>\n<meta property=\"og:site_name\" content=\"Lemuria Institut by Dunia Anandara\" \/>\n<meta property=\"article:modified_time\" content=\"2026-01-22T10:43:41+00:00\" \/>\n<meta property=\"og:image\" content=\"https:\/\/sirlima.eu\/wp-content\/uploads\/2021\/11\/CME4-arial.jpg\" \/>\n\t<meta property=\"og:image:width\" content=\"1336\" \/>\n\t<meta property=\"og:image:height\" content=\"1336\" \/>\n\t<meta property=\"og:image:type\" content=\"image\/jpeg\" \/>\n<meta name=\"twitter:card\" content=\"summary_large_image\" \/>\n<meta name=\"twitter:label1\" content=\"Estimated reading time\" \/>\n\t<meta name=\"twitter:data1\" content=\"1 minute\" \/>\n<script type=\"application\/ld+json\" class=\"yoast-schema-graph\">{\"@context\":\"https:\\\/\\\/schema.org\",\"@graph\":[{\"@type\":\"WebPage\",\"@id\":\"https:\\\/\\\/sirlima.eu\\\/p\\\/26-cme4\\\/\",\"url\":\"https:\\\/\\\/sirlima.eu\\\/p\\\/26-cme4\\\/\",\"name\":\"CME4 Weiterbildungs-Paket 2026 - Lemuria Institut by Dunia Anandara\",\"isPartOf\":{\"@id\":\"https:\\\/\\\/sirlima.eu\\\/#website\"},\"primaryImageOfPage\":{\"@id\":\"https:\\\/\\\/sirlima.eu\\\/p\\\/26-cme4\\\/#primaryimage\"},\"image\":{\"@id\":\"https:\\\/\\\/sirlima.eu\\\/p\\\/26-cme4\\\/#primaryimage\"},\"thumbnailUrl\":\"https:\\\/\\\/sirlima.eu\\\/wp-content\\\/uploads\\\/2021\\\/11\\\/CME4-arial.jpg\",\"datePublished\":\"2025-11-07T12:24:26+00:00\",\"dateModified\":\"2026-01-22T10:43:41+00:00\",\"description\":\"CME4 Heiler Weiterbildung mit Dunia Anandara - Bewusstseinsarbeit, Aufl\u00f6searbeit, Annahme eigene G\u00f6ttlichkeit, Frieden, Liebe, Freiheit, Selbstbestimmung\",\"breadcrumb\":{\"@id\":\"https:\\\/\\\/sirlima.eu\\\/p\\\/26-cme4\\\/#breadcrumb\"},\"inLanguage\":\"en-GB\",\"potentialAction\":[{\"@type\":\"ReadAction\",\"target\":[\"https:\\\/\\\/sirlima.eu\\\/p\\\/26-cme4\\\/\"]}]},{\"@type\":\"ImageObject\",\"inLanguage\":\"en-GB\",\"@id\":\"https:\\\/\\\/sirlima.eu\\\/p\\\/26-cme4\\\/#primaryimage\",\"url\":\"https:\\\/\\\/sirlima.eu\\\/wp-content\\\/uploads\\\/2021\\\/11\\\/CME4-arial.jpg\",\"contentUrl\":\"https:\\\/\\\/sirlima.eu\\\/wp-content\\\/uploads\\\/2021\\\/11\\\/CME4-arial.jpg\",\"width\":1336,\"height\":1336,\"caption\":\"Christus Mahatma Herzensschwingung 4\"},{\"@type\":\"BreadcrumbList\",\"@id\":\"https:\\\/\\\/sirlima.eu\\\/p\\\/26-cme4\\\/#breadcrumb\",\"itemListElement\":[{\"@type\":\"ListItem\",\"position\":1,\"name\":\"Home\",\"item\":\"https:\\\/\\\/sirlima.eu\\\/\"},{\"@type\":\"ListItem\",\"position\":2,\"name\":\"Lemuria Vereinserzeugnisse\",\"item\":\"https:\\\/\\\/sirlima.eu\\\/shop\\\/\"},{\"@type\":\"ListItem\",\"position\":3,\"name\":\"CME4 Weiterbildungs-Paket 2026\"}]},{\"@type\":\"WebSite\",\"@id\":\"https:\\\/\\\/sirlima.eu\\\/#website\",\"url\":\"https:\\\/\\\/sirlima.eu\\\/\",\"name\":\"Lemuria Institut by Dunia Anandara\",\"description\":\"Energetic-Natural-Spiritual Lemuria Lifestyle\",\"publisher\":{\"@id\":\"https:\\\/\\\/sirlima.eu\\\/#organization\"},\"potentialAction\":[{\"@type\":\"SearchAction\",\"target\":{\"@type\":\"EntryPoint\",\"urlTemplate\":\"https:\\\/\\\/sirlima.eu\\\/?s={search_term_string}\"},\"query-input\":{\"@type\":\"PropertyValueSpecification\",\"valueRequired\":true,\"valueName\":\"search_term_string\"}}],\"inLanguage\":\"en-GB\"},{\"@type\":\"Organization\",\"@id\":\"https:\\\/\\\/sirlima.eu\\\/#organization\",\"name\":\"Sirlima Lebensr\u00e4ume GbR\",\"url\":\"https:\\\/\\\/sirlima.eu\\\/\",\"logo\":{\"@type\":\"ImageObject\",\"inLanguage\":\"en-GB\",\"@id\":\"https:\\\/\\\/sirlima.eu\\\/#\\\/schema\\\/logo\\\/image\\\/\",\"url\":\"https:\\\/\\\/sirlima.eu\\\/wp-content\\\/uploads\\\/2021\\\/06\\\/cropped-2021-02-Logo-Sirlima.jpg\",\"contentUrl\":\"https:\\\/\\\/sirlima.eu\\\/wp-content\\\/uploads\\\/2021\\\/06\\\/cropped-2021-02-Logo-Sirlima.jpg\",\"width\":676,\"height\":443,\"caption\":\"Sirlima Lebensr\u00e4ume GbR\"},\"image\":{\"@id\":\"https:\\\/\\\/sirlima.eu\\\/#\\\/schema\\\/logo\\\/image\\\/\"}}]}<\/script>\n<!-- \/ Yoast SEO plugin. -->","yoast_head_json":{"title":"CME4 Weiterbildungs-Paket 2026 - Lemuria Institut by Dunia Anandara","description":"CME4 Heiler Weiterbildung mit Dunia Anandara - Bewusstseinsarbeit, Aufl\u00f6searbeit, Annahme eigene G\u00f6ttlichkeit, Frieden, Liebe, Freiheit, Selbstbestimmung","robots":{"index":"index","follow":"follow","max-snippet":"max-snippet:-1","max-image-preview":"max-image-preview:large","max-video-preview":"max-video-preview:-1"},"canonical":"https:\/\/sirlima.eu\/en\/p\/26-cme4\/","og_locale":"en_GB","og_type":"article","og_title":"CME4 Weiterbildungs-Paket 2026 - Lemuria Institut by Dunia Anandara","og_description":"CME4 Heiler Weiterbildung mit Dunia Anandara - Bewusstseinsarbeit, Aufl\u00f6searbeit, Annahme eigene G\u00f6ttlichkeit, Frieden, Liebe, Freiheit, Selbstbestimmung","og_url":"https:\/\/sirlima.eu\/en\/p\/26-cme4\/","og_site_name":"Lemuria Institut by Dunia Anandara","article_modified_time":"2026-01-22T10:43:41+00:00","og_image":[{"width":1336,"height":1336,"url":"https:\/\/sirlima.eu\/wp-content\/uploads\/2021\/11\/CME4-arial.jpg","type":"image\/jpeg"}],"twitter_card":"summary_large_image","twitter_misc":{"Estimated reading time":"1 minute"},"schema":{"@context":"https:\/\/schema.org","@graph":[{"@type":"WebPage","@id":"https:\/\/sirlima.eu\/p\/26-cme4\/","url":"https:\/\/sirlima.eu\/p\/26-cme4\/","name":"CME4 Weiterbildungs-Paket 2026 - Lemuria Institut by Dunia Anandara","isPartOf":{"@id":"https:\/\/sirlima.eu\/#website"},"primaryImageOfPage":{"@id":"https:\/\/sirlima.eu\/p\/26-cme4\/#primaryimage"},"image":{"@id":"https:\/\/sirlima.eu\/p\/26-cme4\/#primaryimage"},"thumbnailUrl":"https:\/\/sirlima.eu\/wp-content\/uploads\/2021\/11\/CME4-arial.jpg","datePublished":"2025-11-07T12:24:26+00:00","dateModified":"2026-01-22T10:43:41+00:00","description":"CME4 Heiler Weiterbildung mit Dunia Anandara - Bewusstseinsarbeit, Aufl\u00f6searbeit, Annahme eigene G\u00f6ttlichkeit, Frieden, Liebe, Freiheit, Selbstbestimmung","breadcrumb":{"@id":"https:\/\/sirlima.eu\/p\/26-cme4\/#breadcrumb"},"inLanguage":"en-GB","potentialAction":[{"@type":"ReadAction","target":["https:\/\/sirlima.eu\/p\/26-cme4\/"]}]},{"@type":"ImageObject","inLanguage":"en-GB","@id":"https:\/\/sirlima.eu\/p\/26-cme4\/#primaryimage","url":"https:\/\/sirlima.eu\/wp-content\/uploads\/2021\/11\/CME4-arial.jpg","contentUrl":"https:\/\/sirlima.eu\/wp-content\/uploads\/2021\/11\/CME4-arial.jpg","width":1336,"height":1336,"caption":"Christus Mahatma Herzensschwingung 4"},{"@type":"BreadcrumbList","@id":"https:\/\/sirlima.eu\/p\/26-cme4\/#breadcrumb","itemListElement":[{"@type":"ListItem","position":1,"name":"Home","item":"https:\/\/sirlima.eu\/"},{"@type":"ListItem","position":2,"name":"Lemuria Vereinserzeugnisse","item":"https:\/\/sirlima.eu\/shop\/"},{"@type":"ListItem","position":3,"name":"CME4 Weiterbildungs-Paket 2026"}]},{"@type":"WebSite","@id":"https:\/\/sirlima.eu\/#website","url":"https:\/\/sirlima.eu\/","name":"Lemuria Institut by Dunia Anandara","description":"Energetic-Natural-Spiritual Lemuria Lifestyle","publisher":{"@id":"https:\/\/sirlima.eu\/#organization"},"potentialAction":[{"@type":"SearchAction","target":{"@type":"EntryPoint","urlTemplate":"https:\/\/sirlima.eu\/?s={search_term_string}"},"query-input":{"@type":"PropertyValueSpecification","valueRequired":true,"valueName":"search_term_string"}}],"inLanguage":"en-GB"},{"@type":"Organization","@id":"https:\/\/sirlima.eu\/#organization","name":"Sirlima Lebensr\u00e4ume GbR","url":"https:\/\/sirlima.eu\/","logo":{"@type":"ImageObject","inLanguage":"en-GB","@id":"https:\/\/sirlima.eu\/#\/schema\/logo\/image\/","url":"https:\/\/sirlima.eu\/wp-content\/uploads\/2021\/06\/cropped-2021-02-Logo-Sirlima.jpg","contentUrl":"https:\/\/sirlima.eu\/wp-content\/uploads\/2021\/06\/cropped-2021-02-Logo-Sirlima.jpg","width":676,"height":443,"caption":"Sirlima Lebensr\u00e4ume GbR"},"image":{"@id":"https:\/\/sirlima.eu\/#\/schema\/logo\/image\/"}}]}},"_links":{"self":[{"href":"https:\/\/sirlima.eu\/en\/wp-json\/wp\/v2\/product\/24697","targetHints":{"allow":["GET"]}}],"collection":[{"href":"https:\/\/sirlima.eu\/en\/wp-json\/wp\/v2\/product"}],"about":[{"href":"https:\/\/sirlima.eu\/en\/wp-json\/wp\/v2\/types\/product"}],"author":[{"embeddable":true,"href":"https:\/\/sirlima.eu\/en\/wp-json\/wp\/v2\/users\/131"}],"replies":[{"embeddable":true,"href":"https:\/\/sirlima.eu\/en\/wp-json\/wp\/v2\/comments?post=24697"}],"version-history":[{"count":35,"href":"https:\/\/sirlima.eu\/en\/wp-json\/wp\/v2\/product\/24697\/revisions"}],"predecessor-version":[{"id":24787,"href":"https:\/\/sirlima.eu\/en\/wp-json\/wp\/v2\/product\/24697\/revisions\/24787"}],"wp:featuredmedia":[{"embeddable":true,"href":"https:\/\/sirlima.eu\/en\/wp-json\/wp\/v2\/media\/7279"}],"wp:attachment":[{"href":"https:\/\/sirlima.eu\/en\/wp-json\/wp\/v2\/media?parent=24697"}],"wp:term":[{"taxonomy":"product_brand","embeddable":true,"href":"https:\/\/sirlima.eu\/en\/wp-json\/wp\/v2\/product_brand?post=24697"},{"taxonomy":"product_cat","embeddable":true,"href":"https:\/\/sirlima.eu\/en\/wp-json\/wp\/v2\/product_cat?post=24697"},{"taxonomy":"product_tag","embeddable":true,"href":"https:\/\/sirlima.eu\/en\/wp-json\/wp\/v2\/product_tag?post=24697"}],"curies":[{"name":"wp","href":"https:\/\/api.w.org\/{rel}","templated":true}]}}