{"id":24668,"date":"2025-10-31T12:14:54","date_gmt":"2025-10-31T11:14:54","guid":{"rendered":"https:\/\/sirlima.eu\/?post_type=product&#038;p=24668"},"modified":"2025-11-28T12:46:52","modified_gmt":"2025-11-28T11:46:52","slug":"lha26-11","status":"publish","type":"product","link":"https:\/\/sirlima.eu\/en\/p\/lha26-11\/","title":{"rendered":"21.11.2026 CME Erweiterung 2 DNS-Lichtschl\u00fcssel\u00a0A+T"},"content":{"rendered":"<p><strong>Nur f\u00fcr CME-Studenten ab Stufe CME2.<br \/>\nInitiation in zwei feinstoffliche DNS-Schl\u00fcssel\u00a0<\/strong><\/p>\n<ol>\n<li><strong><strong>Weitere Befreiungsschl\u00fcssel, \u00d6ffnung von DNS-Verknotungen<\/strong><\/strong><\/li>\n<li>Entschl\u00fcsselt dein liebendes Sein, das zu liebendem Miteinander f\u00fchrt, frei von Bed\u00fcrfnissen, Mangel und Machtspielen<\/li>\n<li><strong>Inneres Potential erkennen und dich daf\u00fcr entscheiden<\/strong><\/li>\n<\/ol>\n<p>Diese Lichtschl\u00fcssel sind erstmalig im Jahr 2024 in diese Dimension gekommen.<br \/>\nAu\u00dfergew\u00f6hnlich wertvoll.<\/p>\n<p>Die <strong>Zoom-Zugangsdaten<\/strong> erh\u00e4ltst du automatisiert in einem Email mit dem Betreff der &#8222;Zugangsdaten Zoom Initiation DNS-Lichtschl\u00fcssel 21.11.2026 ab 9:30 + Ticket&#8220;.<\/p>","protected":false},"excerpt":{"rendered":"<p>Beim Paket CME2-Weiterbildung Lemuria Healing Arts 2026 ist diese Initiation bereits enthalten. Bitte nicht nochmals buchen.<\/p>","protected":false},"author":131,"featured_media":20704,"comment_status":"closed","ping_status":"closed","template":"","meta":{"_acf_changed":false,"_kad_post_transparent":"default","_kad_post_title":"","_kad_post_layout":"default","_kad_post_sidebar_id":"","_kad_post_content_style":"default","_kad_post_vertical_padding":"default","_kad_post_feature":"","_kad_post_feature_position":"","_kad_post_header":false,"_kad_post_footer":false,"_kad_post_classname":""},"product_brand":[],"product_cat":[796],"product_tag":[752,766,753,759,767,773,755,754,763,756,764,770,765,760,762,757,768,751,769,761,758],"class_list":{"0":"post-24668","1":"product","2":"type-product","3":"status-publish","4":"has-post-thumbnail","6":"product_cat-cme-schulung-ausbildung","7":"product_tag-5d-bewusstsein","8":"product_tag-abnahme-manipulation-angst-zweifel-gehorsam","9":"product_tag-aktivierung-12-strang-dns","10":"product_tag-annahme-der-eigenen-goettlichkeit","11":"product_tag-befreiung-opfer-taeter","12":"product_tag-cme4-schulung","13":"product_tag-energetische-ausleitung-fremd-spike-proteine","14":"product_tag-energetische-reinigung","15":"product_tag-freiheit-von-dogmen-meinungen-vorstellungen","16":"product_tag-frieden-auf-erden","17":"product_tag-heilung-durch-bewusstseinserweiterung","18":"product_tag-innen-wie-aussen-oben-wie-unten","19":"product_tag-karmische-befreiung","20":"product_tag-klarheit-zentrierung","21":"product_tag-konzentration-koerper-atem-zellen-mittelkanal","22":"product_tag-liebe","23":"product_tag-selbstbestimmung","24":"product_tag-superelektron-supra-elektron","25":"product_tag-verbindung-zur-original-erde-gaija","26":"product_tag-verfeinerte-schwingung","27":"product_tag-wahrhaftigkeit","28":"wcpa_has_options","30":"first","31":"instock","32":"virtual","33":"purchasable","34":"product-type-simple","35":"entry","36":"content-bg","37":"loop-entry"},"acf":[],"wcpa_form_fields":{"rules":{"pric_overide_base_price":false,"pric_overide_base_price_if_gt_zero":false,"pric_overide_base_price_fully":false,"pric_cal_option_once":false,"pric_use_as_fee":false,"bind_quantity":false,"quantity_bind_formula":false},"fields":[{"type":"checkbox-group","required":true,"elementId":"wcpa-checkbox-group-1737117777498","label":"Art der Teilnahme","description":"Nachtr\u00e4gliche Umbuchung auf vor Ort-Teilnahme ist f\u00fcr jeweils 40,- EUR m\u00f6glich. Ein Telefonat oder Email gen\u00fcgt.","priceOptions":"fixed_for_all","pricingType":"fixed","name":"checkbox-group-1737117777499","min_options":"0","max_options":"1","other_text":"Other","cl_rule":"show","col":6,"values":[{"label":"vor Ort","value":"vor Ort","price":"0","pimage":"","pimage_id":"","pthumb":""},{"label":"per Zoom","value":"per Zoom","price":"0","pimage":"","pimage_id":"","pthumb":""}],"relations":false,"form_id":21547,"form_rules":{"pric_cal_option_once":false,"exclude_from_discount":false,"pric_use_as_fee":false,"fee_label":"Geb\u00fchr","render_after_acb":false,"disp_hide_options_price":false}}]},"yoast_head":"<!-- This site is optimized with the Yoast SEO plugin v27.4 - https:\/\/yoast.com\/product\/yoast-seo-wordpress\/ -->\n<title>21.11.2026 CME Erweiterung 2 DNS-Lichtschl\u00fcssel\u00a0A+T - Lemuria Institut by Dunia Anandara<\/title>\n<meta name=\"description\" content=\"Exklusive CME Heiler Weiterbildung mit Dunia Anandara - Erweiterung um 2 DNS-Lichtschl\u00fcssel f\u00fcr die Praxis und den Alltag als Lemuria Healer.\" \/>\n<meta name=\"robots\" content=\"index, follow, max-snippet:-1, max-image-preview:large, max-video-preview:-1\" \/>\n<link rel=\"canonical\" href=\"https:\/\/sirlima.eu\/en\/p\/lha26-11\/\" \/>\n<meta property=\"og:locale\" content=\"en_GB\" \/>\n<meta property=\"og:type\" content=\"article\" \/>\n<meta property=\"og:title\" content=\"21.11.2026 CME Erweiterung 2 DNS-Lichtschl\u00fcssel\u00a0A+T - Lemuria Institut by Dunia Anandara\" \/>\n<meta property=\"og:description\" content=\"Exklusive CME Heiler Weiterbildung mit Dunia Anandara - Erweiterung um 2 DNS-Lichtschl\u00fcssel f\u00fcr die Praxis und den Alltag als Lemuria Healer.\" \/>\n<meta property=\"og:url\" content=\"https:\/\/sirlima.eu\/en\/p\/lha26-11\/\" \/>\n<meta property=\"og:site_name\" content=\"Lemuria Institut by Dunia Anandara\" \/>\n<meta property=\"article:modified_time\" content=\"2025-11-28T11:46:52+00:00\" \/>\n<meta property=\"og:image\" content=\"https:\/\/sirlima.eu\/wp-content\/uploads\/2024\/12\/Lemuria-Healing-Arts1.jpg\" \/>\n\t<meta property=\"og:image:width\" content=\"1366\" \/>\n\t<meta property=\"og:image:height\" content=\"768\" \/>\n\t<meta property=\"og:image:type\" content=\"image\/jpeg\" \/>\n<meta name=\"twitter:card\" content=\"summary_large_image\" \/>\n<meta name=\"twitter:label1\" content=\"Estimated reading time\" \/>\n\t<meta name=\"twitter:data1\" content=\"1 minute\" \/>\n<script type=\"application\/ld+json\" class=\"yoast-schema-graph\">{\"@context\":\"https:\\\/\\\/schema.org\",\"@graph\":[{\"@type\":\"WebPage\",\"@id\":\"https:\\\/\\\/sirlima.eu\\\/p\\\/lha26-11\\\/\",\"url\":\"https:\\\/\\\/sirlima.eu\\\/p\\\/lha26-11\\\/\",\"name\":\"21.11.2026 CME Erweiterung 2 DNS-Lichtschl\u00fcssel\u00a0A+T - Lemuria Institut by Dunia Anandara\",\"isPartOf\":{\"@id\":\"https:\\\/\\\/sirlima.eu\\\/#website\"},\"primaryImageOfPage\":{\"@id\":\"https:\\\/\\\/sirlima.eu\\\/p\\\/lha26-11\\\/#primaryimage\"},\"image\":{\"@id\":\"https:\\\/\\\/sirlima.eu\\\/p\\\/lha26-11\\\/#primaryimage\"},\"thumbnailUrl\":\"https:\\\/\\\/sirlima.eu\\\/wp-content\\\/uploads\\\/2024\\\/12\\\/Lemuria-Healing-Arts1.jpg\",\"datePublished\":\"2025-10-31T11:14:54+00:00\",\"dateModified\":\"2025-11-28T11:46:52+00:00\",\"description\":\"Exklusive CME Heiler Weiterbildung mit Dunia Anandara - Erweiterung um 2 DNS-Lichtschl\u00fcssel f\u00fcr die Praxis und den Alltag als Lemuria Healer.\",\"breadcrumb\":{\"@id\":\"https:\\\/\\\/sirlima.eu\\\/p\\\/lha26-11\\\/#breadcrumb\"},\"inLanguage\":\"en-GB\",\"potentialAction\":[{\"@type\":\"ReadAction\",\"target\":[\"https:\\\/\\\/sirlima.eu\\\/p\\\/lha26-11\\\/\"]}]},{\"@type\":\"ImageObject\",\"inLanguage\":\"en-GB\",\"@id\":\"https:\\\/\\\/sirlima.eu\\\/p\\\/lha26-11\\\/#primaryimage\",\"url\":\"https:\\\/\\\/sirlima.eu\\\/wp-content\\\/uploads\\\/2024\\\/12\\\/Lemuria-Healing-Arts1.jpg\",\"contentUrl\":\"https:\\\/\\\/sirlima.eu\\\/wp-content\\\/uploads\\\/2024\\\/12\\\/Lemuria-Healing-Arts1.jpg\",\"width\":1366,\"height\":768},{\"@type\":\"BreadcrumbList\",\"@id\":\"https:\\\/\\\/sirlima.eu\\\/p\\\/lha26-11\\\/#breadcrumb\",\"itemListElement\":[{\"@type\":\"ListItem\",\"position\":1,\"name\":\"Home\",\"item\":\"https:\\\/\\\/sirlima.eu\\\/\"},{\"@type\":\"ListItem\",\"position\":2,\"name\":\"Lemuria Vereinserzeugnisse\",\"item\":\"https:\\\/\\\/sirlima.eu\\\/shop\\\/\"},{\"@type\":\"ListItem\",\"position\":3,\"name\":\"21.11.2026 CME Erweiterung 2 DNS-Lichtschl\u00fcssel\u00a0A+T\"}]},{\"@type\":\"WebSite\",\"@id\":\"https:\\\/\\\/sirlima.eu\\\/#website\",\"url\":\"https:\\\/\\\/sirlima.eu\\\/\",\"name\":\"Lemuria Institut by Dunia Anandara\",\"description\":\"Energetic-Natural-Spiritual Lemuria Lifestyle\",\"publisher\":{\"@id\":\"https:\\\/\\\/sirlima.eu\\\/#organization\"},\"potentialAction\":[{\"@type\":\"SearchAction\",\"target\":{\"@type\":\"EntryPoint\",\"urlTemplate\":\"https:\\\/\\\/sirlima.eu\\\/?s={search_term_string}\"},\"query-input\":{\"@type\":\"PropertyValueSpecification\",\"valueRequired\":true,\"valueName\":\"search_term_string\"}}],\"inLanguage\":\"en-GB\"},{\"@type\":\"Organization\",\"@id\":\"https:\\\/\\\/sirlima.eu\\\/#organization\",\"name\":\"Sirlima Lebensr\u00e4ume GbR\",\"url\":\"https:\\\/\\\/sirlima.eu\\\/\",\"logo\":{\"@type\":\"ImageObject\",\"inLanguage\":\"en-GB\",\"@id\":\"https:\\\/\\\/sirlima.eu\\\/#\\\/schema\\\/logo\\\/image\\\/\",\"url\":\"https:\\\/\\\/sirlima.eu\\\/wp-content\\\/uploads\\\/2021\\\/06\\\/cropped-2021-02-Logo-Sirlima.jpg\",\"contentUrl\":\"https:\\\/\\\/sirlima.eu\\\/wp-content\\\/uploads\\\/2021\\\/06\\\/cropped-2021-02-Logo-Sirlima.jpg\",\"width\":676,\"height\":443,\"caption\":\"Sirlima Lebensr\u00e4ume GbR\"},\"image\":{\"@id\":\"https:\\\/\\\/sirlima.eu\\\/#\\\/schema\\\/logo\\\/image\\\/\"}}]}<\/script>\n<!-- \/ Yoast SEO plugin. -->","yoast_head_json":{"title":"21.11.2026 CME Erweiterung 2 DNS-Lichtschl\u00fcssel\u00a0A+T - Lemuria Institut by Dunia Anandara","description":"Exklusive CME Heiler Weiterbildung mit Dunia Anandara - Erweiterung um 2 DNS-Lichtschl\u00fcssel f\u00fcr die Praxis und den Alltag als Lemuria Healer.","robots":{"index":"index","follow":"follow","max-snippet":"max-snippet:-1","max-image-preview":"max-image-preview:large","max-video-preview":"max-video-preview:-1"},"canonical":"https:\/\/sirlima.eu\/en\/p\/lha26-11\/","og_locale":"en_GB","og_type":"article","og_title":"21.11.2026 CME Erweiterung 2 DNS-Lichtschl\u00fcssel\u00a0A+T - Lemuria Institut by Dunia Anandara","og_description":"Exklusive CME Heiler Weiterbildung mit Dunia Anandara - Erweiterung um 2 DNS-Lichtschl\u00fcssel f\u00fcr die Praxis und den Alltag als Lemuria Healer.","og_url":"https:\/\/sirlima.eu\/en\/p\/lha26-11\/","og_site_name":"Lemuria Institut by Dunia Anandara","article_modified_time":"2025-11-28T11:46:52+00:00","og_image":[{"width":1366,"height":768,"url":"https:\/\/sirlima.eu\/wp-content\/uploads\/2024\/12\/Lemuria-Healing-Arts1.jpg","type":"image\/jpeg"}],"twitter_card":"summary_large_image","twitter_misc":{"Estimated reading time":"1 minute"},"schema":{"@context":"https:\/\/schema.org","@graph":[{"@type":"WebPage","@id":"https:\/\/sirlima.eu\/p\/lha26-11\/","url":"https:\/\/sirlima.eu\/p\/lha26-11\/","name":"21.11.2026 CME Erweiterung 2 DNS-Lichtschl\u00fcssel\u00a0A+T - Lemuria Institut by Dunia Anandara","isPartOf":{"@id":"https:\/\/sirlima.eu\/#website"},"primaryImageOfPage":{"@id":"https:\/\/sirlima.eu\/p\/lha26-11\/#primaryimage"},"image":{"@id":"https:\/\/sirlima.eu\/p\/lha26-11\/#primaryimage"},"thumbnailUrl":"https:\/\/sirlima.eu\/wp-content\/uploads\/2024\/12\/Lemuria-Healing-Arts1.jpg","datePublished":"2025-10-31T11:14:54+00:00","dateModified":"2025-11-28T11:46:52+00:00","description":"Exklusive CME Heiler Weiterbildung mit Dunia Anandara - Erweiterung um 2 DNS-Lichtschl\u00fcssel f\u00fcr die Praxis und den Alltag als Lemuria Healer.","breadcrumb":{"@id":"https:\/\/sirlima.eu\/p\/lha26-11\/#breadcrumb"},"inLanguage":"en-GB","potentialAction":[{"@type":"ReadAction","target":["https:\/\/sirlima.eu\/p\/lha26-11\/"]}]},{"@type":"ImageObject","inLanguage":"en-GB","@id":"https:\/\/sirlima.eu\/p\/lha26-11\/#primaryimage","url":"https:\/\/sirlima.eu\/wp-content\/uploads\/2024\/12\/Lemuria-Healing-Arts1.jpg","contentUrl":"https:\/\/sirlima.eu\/wp-content\/uploads\/2024\/12\/Lemuria-Healing-Arts1.jpg","width":1366,"height":768},{"@type":"BreadcrumbList","@id":"https:\/\/sirlima.eu\/p\/lha26-11\/#breadcrumb","itemListElement":[{"@type":"ListItem","position":1,"name":"Home","item":"https:\/\/sirlima.eu\/"},{"@type":"ListItem","position":2,"name":"Lemuria Vereinserzeugnisse","item":"https:\/\/sirlima.eu\/shop\/"},{"@type":"ListItem","position":3,"name":"21.11.2026 CME Erweiterung 2 DNS-Lichtschl\u00fcssel\u00a0A+T"}]},{"@type":"WebSite","@id":"https:\/\/sirlima.eu\/#website","url":"https:\/\/sirlima.eu\/","name":"Lemuria Institut by Dunia Anandara","description":"Energetic-Natural-Spiritual Lemuria Lifestyle","publisher":{"@id":"https:\/\/sirlima.eu\/#organization"},"potentialAction":[{"@type":"SearchAction","target":{"@type":"EntryPoint","urlTemplate":"https:\/\/sirlima.eu\/?s={search_term_string}"},"query-input":{"@type":"PropertyValueSpecification","valueRequired":true,"valueName":"search_term_string"}}],"inLanguage":"en-GB"},{"@type":"Organization","@id":"https:\/\/sirlima.eu\/#organization","name":"Sirlima Lebensr\u00e4ume GbR","url":"https:\/\/sirlima.eu\/","logo":{"@type":"ImageObject","inLanguage":"en-GB","@id":"https:\/\/sirlima.eu\/#\/schema\/logo\/image\/","url":"https:\/\/sirlima.eu\/wp-content\/uploads\/2021\/06\/cropped-2021-02-Logo-Sirlima.jpg","contentUrl":"https:\/\/sirlima.eu\/wp-content\/uploads\/2021\/06\/cropped-2021-02-Logo-Sirlima.jpg","width":676,"height":443,"caption":"Sirlima Lebensr\u00e4ume GbR"},"image":{"@id":"https:\/\/sirlima.eu\/#\/schema\/logo\/image\/"}}]}},"_links":{"self":[{"href":"https:\/\/sirlima.eu\/en\/wp-json\/wp\/v2\/product\/24668","targetHints":{"allow":["GET"]}}],"collection":[{"href":"https:\/\/sirlima.eu\/en\/wp-json\/wp\/v2\/product"}],"about":[{"href":"https:\/\/sirlima.eu\/en\/wp-json\/wp\/v2\/types\/product"}],"author":[{"embeddable":true,"href":"https:\/\/sirlima.eu\/en\/wp-json\/wp\/v2\/users\/131"}],"replies":[{"embeddable":true,"href":"https:\/\/sirlima.eu\/en\/wp-json\/wp\/v2\/comments?post=24668"}],"version-history":[{"count":13,"href":"https:\/\/sirlima.eu\/en\/wp-json\/wp\/v2\/product\/24668\/revisions"}],"predecessor-version":[{"id":25180,"href":"https:\/\/sirlima.eu\/en\/wp-json\/wp\/v2\/product\/24668\/revisions\/25180"}],"wp:featuredmedia":[{"embeddable":true,"href":"https:\/\/sirlima.eu\/en\/wp-json\/wp\/v2\/media\/20704"}],"wp:attachment":[{"href":"https:\/\/sirlima.eu\/en\/wp-json\/wp\/v2\/media?parent=24668"}],"wp:term":[{"taxonomy":"product_brand","embeddable":true,"href":"https:\/\/sirlima.eu\/en\/wp-json\/wp\/v2\/product_brand?post=24668"},{"taxonomy":"product_cat","embeddable":true,"href":"https:\/\/sirlima.eu\/en\/wp-json\/wp\/v2\/product_cat?post=24668"},{"taxonomy":"product_tag","embeddable":true,"href":"https:\/\/sirlima.eu\/en\/wp-json\/wp\/v2\/product_tag?post=24668"}],"curies":[{"name":"wp","href":"https:\/\/api.w.org\/{rel}","templated":true}]}}