{"id":2456,"date":"2025-02-27T12:00:47","date_gmt":"2025-02-27T11:00:47","guid":{"rendered":"https:\/\/sirlima.eu\/?post_type=product&#038;p=2456"},"modified":"2025-08-28T08:50:23","modified_gmt":"2025-08-28T06:50:23","slug":"a-1-raumharmonie-set","status":"publish","type":"product","link":"https:\/\/sirlima.eu\/en\/p\/a-1-raumharmonie-set\/","title":{"rendered":"A1 Raumharmonie Set Gold &#8211; echte Aura-Reinigung f\u00fcr zuhause"},"content":{"rendered":"<p><strong>Plagen Sie d\u00fcstere Gedanken und belastende Gef\u00fchle, \u00f6fters Streit und \u00c4rger?<br \/>\nHaben Sie schlechte Tr\u00e4ume?<br \/>\nMorgens f\u00fchlen Sie sich immer noch m\u00fcde und es mangelt an Lebensenergie?<br \/>\nOder unliebsame Geister, Besetzungen, Fremdenergien, Energie-Vampire?<br \/>\nOder Mobbing \/ Depression \/ schlechte Laune?<\/strong><\/p>\n<p><strong>Oder m\u00f6chten Sie einfach nur Ruhe haben und Ihre Aura (K\u00f6rper-Energiefeld) und R\u00e4umlichkeiten energetisch sauber halten?<\/strong><\/p>\n<p>Wir kennen diese t\u00e4glichen energetischen Herausforderung sehr gut und haben wirksame Methoden entwickelt, die Sie selbst auch anwenden k\u00f6nnen.<\/p>\n<p>Dunia Anandara und Roland sind Spezialisten f\u00fcr energetische und astrale Reinigung von Fremdenergien und Besetzungen.<\/p>\n<p>Mit jahrzehnte langer Erfahrung in eigener Energie-Transformations Praxis, konnten wir bereits hunderten Familien zu mehr Frieden, Lebenskraft, Gesundheit, innerer Ruhe und deutlich mehr Lebensqualit\u00e4t verhelfen.<\/p>\n<p>Eine oder mehrere A-1 Wirksymbole (je 50 m\u00b2 Wirkfl\u00e4che, bis zu 1,5 Stockwerke nach oben wirkend) in den Raum, oder in die unterste (Wohn-) Etage legen und die im Set enthaltene A-1 Audio-CD, oder MP3-Datei zur Transformation der negativen, astralen Energien, abspielen lassen.<\/p>\n<p>Ganz einfach. Das ist alles. Reinigung und Transformation geschieht. So oft Sie wollen.\u00a0Nach der energetischen Aura- und Raum-Reinigung erleben Sie einen bemerkbaren Gem\u00fcts- und Schwingungs-Anstieg. In Form von Frische, mehr Vitalkraft, Leichtigkeit, gesteigerter Konzentrationsf\u00e4higkeit, aufkommender innere Freude, mehr innerer Strahlkraft (Charisma) und positiver Gef\u00fchle.<\/p>\n<p>Das\u00a0<b>A-1 Raumharmonie-Set<\/b> bietet eine Vielzahl bisher ungeahnter M\u00f6glichkeiten, um sich Ihre Aura und Ihr Wohn- und Arbeitsumfeld zu harmonisieren und mit positiver, aufbauender Energie zu erf\u00fcllen. Es reinigt 93% aller uns bekannter Fremd- und Astralenergien, sowie Geister von Verstorbenen. Sogar Fabelwesen und D\u00e4monen werden transformiert, bzw. auf ihre Ebene zur\u00fcckgef\u00fchrt.<\/p>\n<p>So sehen die A-1 &#8222;Ghost-Buster&#8220;-Wirkscheiben Gold (wei\u00df) aus:<\/p>\n<p><img fetchpriority=\"high\" decoding=\"async\" src=\"https:\/\/sirlima.eu\/wp-content\/uploads\/2021\/06\/2019-A1-gold-Wirksymbol-150x150.jpeg\" alt=\"\" width=\"290\" height=\"290\" \/><\/p>\n<p>Ganz selten kommt es vor, dass manche Menschen mit solchen, Kr\u00e4fte zehrenden Energien einen \u201ckarmischen Vertrag\u201d haben, welchen die Betroffenen dann in einer professionellen Einzelberatung kl\u00e4ren und l\u00f6sen k\u00f6nnten, sollten nach der 3. durchgelaufenen Reinigung (A-1 Audio\/MP3 CD abspielen) keine Besserung eintreten. Gerne begleiten wir Sie hierzu mittels Einzelcoachings oder Feng Shui Massnahmen.<\/p>\n<p><strong>In den meisten F\u00e4llen mit negativen Fremdenergien (astral-mental-emotional), erledigt jedoch das A-1 Raumharmonie-Set die <\/strong><strong>reinigende und transformierende Arbeit sehr zuverl\u00e4ssig f\u00fcr Sie.<\/strong><\/p>\n<p><strong>So geben Sie Burn-Out, unruhigen Tr\u00e4umen,\u00a0<\/strong><strong>Unkonzentriertheit und energetisch-zerst\u00f6rerischen Kr\u00e4ften, (von aussen hinzugef\u00fcgte oder angedockte) negative <\/strong><strong>Gef\u00fchle und Gedankenmuster, sowie herabziehenden Schwingungen <\/strong><strong>und daraus resultierendem Unwohlsein oder Krankheiten, keine Chance mehr!<\/strong><\/p>\n<p>Denn R\u00e4uchern, Klatschen und Salz ums Haus streuen, beeindruckt Astralwesen und unz\u00e4hlige Geister, seit ca. 1998 nicht mehr wirksam. Der Grenzbereich, zwischen der physischen und der astral-energetischen Welt, wird immer d\u00fcnner.<\/p>\n<p>Der Mensch und sein Vitalenergiefeld wird, \u00f6fter als man glaubt, Ziel von \u201cenergetischen Vampiren\u201d und Wesen aus der Anderswelt, von denen die meisten Leute glauben, es sind nur Ideen der M\u00e4rchenerz\u00e4hler und der Filmemacher. Beispiele zeigen z.B. diese Filme: Harry Potter, Ghost, Whispers, Twighlight-Story, Ghost-Busters, uvm.<a title=\"Video zum Anandara-1 Harmonie-Set\" href=\"https:\/\/www.youtube.com\/watch?v=NtUZE7oIgsc\" target=\"_blank\" rel=\"noopener noreferrer\"><br \/>\n<\/a><br \/>\nHalten Sie jetzt ganz einfach sich selbst, Ihre Liebsten und Ihren Wohn- und Arbeitsraum frei von negativen Schwingungen und schaffen f\u00fcr Sich und Ihre Liebsten, ein kraftvolles, positives und stabiles Harmonie-Feld.<\/p>\n<p>Mehr Kraft, Konzentration, stabilere Gesundheit und mehr innerer Frieden, Freude und Gl\u00fcck kann so ganz besonders gut gedeihen!<\/p>\n<p>Empfindungen und feinstoffliche Wirkungen sind subjektiv und wissenschaftlich noch nicht messbar, oder anerkannt.<\/p>\n<p>Entscheiden kann alleine ein freies Herz.<\/p>\n<p><strong>Kundenstimmen zum A-1 Raumharmonie Set:<\/strong><\/p>\n<p>Liebe Dunia,<br \/>\nich f\u00fchle mich durch die A-1 Scheibe allgemein gest\u00e4rkt und gefestigt und bei meinem Mann ist es so, dass er sagt es sei gut mit dem Wirk-Symbol. Mehr konnte er noch nicht wahrnehmen. Glaube er braucht noch ein paar Tage um mehr wahrzunehmen. Zumindest waren bei ihm die letzten N\u00e4chte gut vom Schlafen und das sehe ich auch als positive Ver\u00e4nderung bei ihm. Ich kann auch tiefer und ruhiger schlafen. Beide Kinder haben auch vermehrt ruhige Phasen wo sie v\u00f6llig bei sich sind.<br \/>\nLiebe Gr\u00fcsse Nadine<\/p>","protected":false},"excerpt":{"rendered":"<p>Das A-1 Raumharmonie Set zur energetisch-astralen Reinigung mentaler und emotionaler Fremdenergien f\u00fcr alle Lebensbereiche. Die eigene Aura, am Arbeitsplatz, in Praxis, in der Wohnung und ganze H\u00e4user. Sehr wirkungsvoll. Tausendfach von zufriedenen Anwendern erprobt und best\u00e4tigt.<\/p>\n<p>Das Starterset enth\u00e4lt die A-1 Transformations-Audio-Datei als MP3 zum Abspielen und zwei A-1 Wirkscheiben f\u00fcr je 50 m\u00b2 Wirkfl\u00e4che. Wir empfehlen auch eine der Wirkscheiben in K\u00f6rpern\u00e4he zu tragen. Es ist jederzeit beliebig um je 50 m\u00b2 Wirkfl\u00e4che (entspricht einer A-1 Wirk-Scheibe) erweiterbar.<\/p>\n<p>Hier die aktuelle <a href=\"https:\/\/sirlima.eu\/wp-content\/uploads\/2021\/11\/2023-A1-Broschuere.pdf\">A1-Brosch\u00fcre<\/a> mit Anwendungshinweisen und weiteren Infos zum herunterladen. Die Transformations-MP3 Datei wird im Kundenkonto nach Eingang der Zahlung zum download freigeschaltet. Dazu senden wir eine Email an den Besteller.<\/p>","protected":false},"author":9,"featured_media":2503,"comment_status":"closed","ping_status":"closed","template":"","meta":{"_acf_changed":false,"_kad_post_transparent":"default","_kad_post_title":"","_kad_post_layout":"default","_kad_post_sidebar_id":"","_kad_post_content_style":"default","_kad_post_vertical_padding":"default","_kad_post_feature":"","_kad_post_feature_position":"","_kad_post_header":false,"_kad_post_footer":false,"_kad_post_classname":""},"product_brand":[],"product_cat":[437,288,363,293],"product_tag":[],"class_list":{"0":"post-2456","1":"product","2":"type-product","3":"status-publish","4":"has-post-thumbnail","6":"product_cat-5d-lebens-energie-anwendung","7":"product_cat-5d-wirkprodukte","8":"product_cat-gesundheit","9":"product_cat-westliches-feng-shui","10":"product_shipping_class-postbrief-mit-einschreiben","12":"first","13":"instock","14":"shipping-taxable","15":"purchasable","16":"product-type-variable","17":"entry","18":"content-bg","19":"loop-entry"},"acf":[],"wcpa_form_fields":null,"yoast_head":"<!-- This site is optimized with the Yoast SEO plugin v27.4 - https:\/\/yoast.com\/product\/yoast-seo-wordpress\/ -->\n<title>A1 Raumharmonie Set Gold - echte Aura-Reinigung f\u00fcr zuhause - Lemuria Institut by Dunia Anandara<\/title>\n<meta name=\"description\" content=\"A-1 Raumharmonie-Set schafft Harmonie in Aura-Energiefeld und Space-Clearing. Reinigt astrale Fremdergien und Besetzungen. Einfach anwenden. Hochwirksam!\" \/>\n<meta name=\"robots\" content=\"index, follow, max-snippet:-1, max-image-preview:large, max-video-preview:-1\" \/>\n<link rel=\"canonical\" href=\"https:\/\/sirlima.eu\/en\/p\/a-1-raumharmonie-set\/\" \/>\n<meta property=\"og:locale\" content=\"en_GB\" \/>\n<meta property=\"og:type\" content=\"article\" \/>\n<meta property=\"og:title\" content=\"A1 Raumharmonie Set Gold - echte Aura-Reinigung f\u00fcr zuhause - Lemuria Institut by Dunia Anandara\" \/>\n<meta property=\"og:description\" content=\"A-1 Raumharmonie-Set schafft Harmonie in Aura-Energiefeld und Space-Clearing. Reinigt astrale Fremdergien und Besetzungen. Einfach anwenden. Hochwirksam!\" \/>\n<meta property=\"og:url\" content=\"https:\/\/sirlima.eu\/en\/p\/a-1-raumharmonie-set\/\" \/>\n<meta property=\"og:site_name\" content=\"Lemuria Institut by Dunia Anandara\" \/>\n<meta property=\"article:modified_time\" content=\"2025-08-28T06:50:23+00:00\" \/>\n<meta property=\"og:image\" content=\"https:\/\/sirlima.eu\/wp-content\/uploads\/2021\/06\/A1-Raumharmonie-Set.jpeg\" \/>\n\t<meta property=\"og:image:width\" content=\"500\" \/>\n\t<meta property=\"og:image:height\" content=\"447\" \/>\n\t<meta property=\"og:image:type\" content=\"image\/jpeg\" \/>\n<meta name=\"twitter:card\" content=\"summary_large_image\" \/>\n<meta name=\"twitter:label1\" content=\"Estimated reading time\" \/>\n\t<meta name=\"twitter:data1\" content=\"4 minutes\" \/>\n<script type=\"application\/ld+json\" class=\"yoast-schema-graph\">{\"@context\":\"https:\\\/\\\/schema.org\",\"@graph\":[{\"@type\":\"WebPage\",\"@id\":\"https:\\\/\\\/sirlima.eu\\\/p\\\/a-1-raumharmonie-set\\\/\",\"url\":\"https:\\\/\\\/sirlima.eu\\\/p\\\/a-1-raumharmonie-set\\\/\",\"name\":\"A1 Raumharmonie Set Gold - echte Aura-Reinigung f\u00fcr zuhause - Lemuria Institut by Dunia Anandara\",\"isPartOf\":{\"@id\":\"https:\\\/\\\/sirlima.eu\\\/#website\"},\"primaryImageOfPage\":{\"@id\":\"https:\\\/\\\/sirlima.eu\\\/p\\\/a-1-raumharmonie-set\\\/#primaryimage\"},\"image\":{\"@id\":\"https:\\\/\\\/sirlima.eu\\\/p\\\/a-1-raumharmonie-set\\\/#primaryimage\"},\"thumbnailUrl\":\"https:\\\/\\\/sirlima.eu\\\/wp-content\\\/uploads\\\/2021\\\/06\\\/A1-Raumharmonie-Set.jpeg\",\"datePublished\":\"2025-02-27T11:00:47+00:00\",\"dateModified\":\"2025-08-28T06:50:23+00:00\",\"description\":\"A-1 Raumharmonie-Set schafft Harmonie in Aura-Energiefeld und Space-Clearing. Reinigt astrale Fremdergien und Besetzungen. Einfach anwenden. Hochwirksam!\",\"breadcrumb\":{\"@id\":\"https:\\\/\\\/sirlima.eu\\\/p\\\/a-1-raumharmonie-set\\\/#breadcrumb\"},\"inLanguage\":\"en-GB\",\"potentialAction\":[{\"@type\":\"ReadAction\",\"target\":[\"https:\\\/\\\/sirlima.eu\\\/p\\\/a-1-raumharmonie-set\\\/\"]}]},{\"@type\":\"ImageObject\",\"inLanguage\":\"en-GB\",\"@id\":\"https:\\\/\\\/sirlima.eu\\\/p\\\/a-1-raumharmonie-set\\\/#primaryimage\",\"url\":\"https:\\\/\\\/sirlima.eu\\\/wp-content\\\/uploads\\\/2021\\\/06\\\/A1-Raumharmonie-Set.jpeg\",\"contentUrl\":\"https:\\\/\\\/sirlima.eu\\\/wp-content\\\/uploads\\\/2021\\\/06\\\/A1-Raumharmonie-Set.jpeg\",\"width\":500,\"height\":447},{\"@type\":\"BreadcrumbList\",\"@id\":\"https:\\\/\\\/sirlima.eu\\\/p\\\/a-1-raumharmonie-set\\\/#breadcrumb\",\"itemListElement\":[{\"@type\":\"ListItem\",\"position\":1,\"name\":\"Home\",\"item\":\"https:\\\/\\\/sirlima.eu\\\/\"},{\"@type\":\"ListItem\",\"position\":2,\"name\":\"Lemuria Vereinserzeugnisse\",\"item\":\"https:\\\/\\\/sirlima.eu\\\/shop\\\/\"},{\"@type\":\"ListItem\",\"position\":3,\"name\":\"A1 Raumharmonie Set Gold &#8211; echte Aura-Reinigung f\u00fcr zuhause\"}]},{\"@type\":\"WebSite\",\"@id\":\"https:\\\/\\\/sirlima.eu\\\/#website\",\"url\":\"https:\\\/\\\/sirlima.eu\\\/\",\"name\":\"Lemuria Institut by Dunia Anandara\",\"description\":\"Energetic-Natural-Spiritual Lemuria Lifestyle\",\"publisher\":{\"@id\":\"https:\\\/\\\/sirlima.eu\\\/#organization\"},\"potentialAction\":[{\"@type\":\"SearchAction\",\"target\":{\"@type\":\"EntryPoint\",\"urlTemplate\":\"https:\\\/\\\/sirlima.eu\\\/?s={search_term_string}\"},\"query-input\":{\"@type\":\"PropertyValueSpecification\",\"valueRequired\":true,\"valueName\":\"search_term_string\"}}],\"inLanguage\":\"en-GB\"},{\"@type\":\"Organization\",\"@id\":\"https:\\\/\\\/sirlima.eu\\\/#organization\",\"name\":\"Sirlima Lebensr\u00e4ume GbR\",\"url\":\"https:\\\/\\\/sirlima.eu\\\/\",\"logo\":{\"@type\":\"ImageObject\",\"inLanguage\":\"en-GB\",\"@id\":\"https:\\\/\\\/sirlima.eu\\\/#\\\/schema\\\/logo\\\/image\\\/\",\"url\":\"https:\\\/\\\/sirlima.eu\\\/wp-content\\\/uploads\\\/2021\\\/06\\\/cropped-2021-02-Logo-Sirlima.jpg\",\"contentUrl\":\"https:\\\/\\\/sirlima.eu\\\/wp-content\\\/uploads\\\/2021\\\/06\\\/cropped-2021-02-Logo-Sirlima.jpg\",\"width\":676,\"height\":443,\"caption\":\"Sirlima Lebensr\u00e4ume GbR\"},\"image\":{\"@id\":\"https:\\\/\\\/sirlima.eu\\\/#\\\/schema\\\/logo\\\/image\\\/\"}}]}<\/script>\n<!-- \/ Yoast SEO plugin. -->","yoast_head_json":{"title":"A1 Raumharmonie Set Gold - echte Aura-Reinigung f\u00fcr zuhause - Lemuria Institut by Dunia Anandara","description":"A-1 Raumharmonie-Set schafft Harmonie in Aura-Energiefeld und Space-Clearing. Reinigt astrale Fremdergien und Besetzungen. Einfach anwenden. Hochwirksam!","robots":{"index":"index","follow":"follow","max-snippet":"max-snippet:-1","max-image-preview":"max-image-preview:large","max-video-preview":"max-video-preview:-1"},"canonical":"https:\/\/sirlima.eu\/en\/p\/a-1-raumharmonie-set\/","og_locale":"en_GB","og_type":"article","og_title":"A1 Raumharmonie Set Gold - echte Aura-Reinigung f\u00fcr zuhause - Lemuria Institut by Dunia Anandara","og_description":"A-1 Raumharmonie-Set schafft Harmonie in Aura-Energiefeld und Space-Clearing. Reinigt astrale Fremdergien und Besetzungen. Einfach anwenden. Hochwirksam!","og_url":"https:\/\/sirlima.eu\/en\/p\/a-1-raumharmonie-set\/","og_site_name":"Lemuria Institut by Dunia Anandara","article_modified_time":"2025-08-28T06:50:23+00:00","og_image":[{"width":500,"height":447,"url":"https:\/\/sirlima.eu\/wp-content\/uploads\/2021\/06\/A1-Raumharmonie-Set.jpeg","type":"image\/jpeg"}],"twitter_card":"summary_large_image","twitter_misc":{"Estimated reading time":"4 minutes"},"schema":{"@context":"https:\/\/schema.org","@graph":[{"@type":"WebPage","@id":"https:\/\/sirlima.eu\/p\/a-1-raumharmonie-set\/","url":"https:\/\/sirlima.eu\/p\/a-1-raumharmonie-set\/","name":"A1 Raumharmonie Set Gold - echte Aura-Reinigung f\u00fcr zuhause - Lemuria Institut by Dunia Anandara","isPartOf":{"@id":"https:\/\/sirlima.eu\/#website"},"primaryImageOfPage":{"@id":"https:\/\/sirlima.eu\/p\/a-1-raumharmonie-set\/#primaryimage"},"image":{"@id":"https:\/\/sirlima.eu\/p\/a-1-raumharmonie-set\/#primaryimage"},"thumbnailUrl":"https:\/\/sirlima.eu\/wp-content\/uploads\/2021\/06\/A1-Raumharmonie-Set.jpeg","datePublished":"2025-02-27T11:00:47+00:00","dateModified":"2025-08-28T06:50:23+00:00","description":"A-1 Raumharmonie-Set schafft Harmonie in Aura-Energiefeld und Space-Clearing. Reinigt astrale Fremdergien und Besetzungen. Einfach anwenden. Hochwirksam!","breadcrumb":{"@id":"https:\/\/sirlima.eu\/p\/a-1-raumharmonie-set\/#breadcrumb"},"inLanguage":"en-GB","potentialAction":[{"@type":"ReadAction","target":["https:\/\/sirlima.eu\/p\/a-1-raumharmonie-set\/"]}]},{"@type":"ImageObject","inLanguage":"en-GB","@id":"https:\/\/sirlima.eu\/p\/a-1-raumharmonie-set\/#primaryimage","url":"https:\/\/sirlima.eu\/wp-content\/uploads\/2021\/06\/A1-Raumharmonie-Set.jpeg","contentUrl":"https:\/\/sirlima.eu\/wp-content\/uploads\/2021\/06\/A1-Raumharmonie-Set.jpeg","width":500,"height":447},{"@type":"BreadcrumbList","@id":"https:\/\/sirlima.eu\/p\/a-1-raumharmonie-set\/#breadcrumb","itemListElement":[{"@type":"ListItem","position":1,"name":"Home","item":"https:\/\/sirlima.eu\/"},{"@type":"ListItem","position":2,"name":"Lemuria Vereinserzeugnisse","item":"https:\/\/sirlima.eu\/shop\/"},{"@type":"ListItem","position":3,"name":"A1 Raumharmonie Set Gold &#8211; echte Aura-Reinigung f\u00fcr zuhause"}]},{"@type":"WebSite","@id":"https:\/\/sirlima.eu\/#website","url":"https:\/\/sirlima.eu\/","name":"Lemuria Institut by Dunia Anandara","description":"Energetic-Natural-Spiritual Lemuria Lifestyle","publisher":{"@id":"https:\/\/sirlima.eu\/#organization"},"potentialAction":[{"@type":"SearchAction","target":{"@type":"EntryPoint","urlTemplate":"https:\/\/sirlima.eu\/?s={search_term_string}"},"query-input":{"@type":"PropertyValueSpecification","valueRequired":true,"valueName":"search_term_string"}}],"inLanguage":"en-GB"},{"@type":"Organization","@id":"https:\/\/sirlima.eu\/#organization","name":"Sirlima Lebensr\u00e4ume GbR","url":"https:\/\/sirlima.eu\/","logo":{"@type":"ImageObject","inLanguage":"en-GB","@id":"https:\/\/sirlima.eu\/#\/schema\/logo\/image\/","url":"https:\/\/sirlima.eu\/wp-content\/uploads\/2021\/06\/cropped-2021-02-Logo-Sirlima.jpg","contentUrl":"https:\/\/sirlima.eu\/wp-content\/uploads\/2021\/06\/cropped-2021-02-Logo-Sirlima.jpg","width":676,"height":443,"caption":"Sirlima Lebensr\u00e4ume GbR"},"image":{"@id":"https:\/\/sirlima.eu\/#\/schema\/logo\/image\/"}}]}},"_links":{"self":[{"href":"https:\/\/sirlima.eu\/en\/wp-json\/wp\/v2\/product\/2456","targetHints":{"allow":["GET"]}}],"collection":[{"href":"https:\/\/sirlima.eu\/en\/wp-json\/wp\/v2\/product"}],"about":[{"href":"https:\/\/sirlima.eu\/en\/wp-json\/wp\/v2\/types\/product"}],"author":[{"embeddable":true,"href":"https:\/\/sirlima.eu\/en\/wp-json\/wp\/v2\/users\/9"}],"replies":[{"embeddable":true,"href":"https:\/\/sirlima.eu\/en\/wp-json\/wp\/v2\/comments?post=2456"}],"version-history":[{"count":22,"href":"https:\/\/sirlima.eu\/en\/wp-json\/wp\/v2\/product\/2456\/revisions"}],"predecessor-version":[{"id":12340,"href":"https:\/\/sirlima.eu\/en\/wp-json\/wp\/v2\/product\/2456\/revisions\/12340"}],"wp:featuredmedia":[{"embeddable":true,"href":"https:\/\/sirlima.eu\/en\/wp-json\/wp\/v2\/media\/2503"}],"wp:attachment":[{"href":"https:\/\/sirlima.eu\/en\/wp-json\/wp\/v2\/media?parent=2456"}],"wp:term":[{"taxonomy":"product_brand","embeddable":true,"href":"https:\/\/sirlima.eu\/en\/wp-json\/wp\/v2\/product_brand?post=2456"},{"taxonomy":"product_cat","embeddable":true,"href":"https:\/\/sirlima.eu\/en\/wp-json\/wp\/v2\/product_cat?post=2456"},{"taxonomy":"product_tag","embeddable":true,"href":"https:\/\/sirlima.eu\/en\/wp-json\/wp\/v2\/product_tag?post=2456"}],"curies":[{"name":"wp","href":"https:\/\/api.w.org\/{rel}","templated":true}]}}