{"id":22634,"date":"2025-03-17T10:55:14","date_gmt":"2025-03-17T09:55:14","guid":{"rendered":"https:\/\/sirlima.eu\/?post_type=product&#038;p=22634"},"modified":"2025-05-21T13:05:21","modified_gmt":"2025-05-21T11:05:21","slug":"info-lh2025","status":"publish","type":"product","link":"https:\/\/sirlima.eu\/en\/p\/info-lh2025\/","title":{"rendered":"Info zu Lemuria Healing Arts Bewusstseins-Ausbildung 2025"},"content":{"rendered":"<p style=\"text-align: center;\"><strong>Wie du mit Lemuria Healing Arts, CME-Lichtschl\u00fcsseln und Lemuria Schutz Codes<br \/>\ndir und deinen Klienten nachhaltig helfen kannst.<\/strong><\/p>\n<p style=\"text-align: center;\"><strong>Erfahre von den ungeahnten M\u00f6glichkeiten die du im Jahrestraining<br \/>\n<\/strong><strong>Lemuria Healing Arts<br \/>\n<\/strong><strong>und<br \/>\n<\/strong><strong>Lemuria Bewusstseinsweg<br \/>\n<\/strong><strong>direkt von Dunia Anandara aktiviert bekommst<\/strong><\/p>\n<ul>\n<li>Du bist mit deinen Gef\u00fchlen und Gedanken auf dem Weg (von der 3.Dimension zur 4.Dimension) vom ICH- ins WIR-Bewusstsein und m\u00f6chtest dir und deinem direkten Umfeld nachhaltig und tiefergehend helfen?<\/li>\n<li>Du kannst mit den Begriffen Seelenwesen, Ego, Karma, Innere Kinder, Herz-Energie, Innenwelt, 5.Dimension, Atlantis, Lemuria, G\u00f6ttliche Quelle, k\u00fcnstliche Matrix (KIM), Welt der Illusion, Mutter Erde, DNS-Reaktivierung, Fremdenergien, Besetzungen, Lichtwesen, Naturwesen usw. bereits etwas anfangen?<\/li>\n<li><strong>Du m\u00f6chtest dich nicht nur bei Symptomen aufhalten und bist bereit, m\u00f6glichst immer an die Ursachen-Themen zu gelangen, um diese zu erkennen, zu l\u00f6sen und zu transformieren?<\/strong><\/li>\n<li>Du bist schon etwas feinf\u00fchliger, umsichtiger, oder m\u00f6chtest deine innere Wahrnehmung entdecken, erwecken und vertiefen?<\/li>\n<li>Du bist bereits selbst\u00e4ndig oder angestellt in F\u00fchrungsverantwortung?<\/li>\n<li>Du bist auf dem Weg, oder bereits aktiv als Lebens-Lehrer\/in, Heiler, Coach, Mediziner, Heilpraktiker\/in, Therapeut\/in oder Wellness-Trainer\/in?<\/li>\n<li>Fragst du dich, welche Ausbildung du f\u00fcr diese Wendezeit und Dimensionsvorbereitung jetzt noch ben\u00f6tigst, um das effektivste Training und die effektivste Energiearbeit in diesen sich noch schneller wandelnden Zeiten f\u00fcr suchende Menschen anbieten zu k\u00f6nnen?<\/li>\n<li>Du m\u00f6chtest aber auch mehr f\u00fcr deine eigene Selbstentfaltung und deine Erweiterung ins 5.dimensionale Bewusstsein tun?<\/li>\n<\/ul>\n<p>Dann solltest du das ausf\u00fchrliche Zoom-Info \u00fcber Dunia Anandara und den Ausbildungsinhalten<br \/>\nzu Lemuria Healing Arts mit Roland nicht verpassen, denn da bekommst du einen echten \u00dcberblick und viel mehr Klarheit zu oben genannten Themen und erf\u00e4hrst live was du in 2025 f\u00fcr dich aktivieren und nutzen kannst.<\/p>\n<p>Die an der Lemuria Akademie angebotene Lemuria Healing Arts Ausbildung, die CME-Lichtschl\u00fcssel Initiationen, die Lemuria-Schutzcodes, die Matrix-Transformations-Meditationen, sowie auch das 5D-Aufstiegstraining ist tats\u00e4chlich am &#8222;Puls der Zeit&#8220; und leider f\u00fcr spirituelle \/ energetische Anf\u00e4nger nicht geeignet.<\/p>\n<p><strong>Denn hier geht es wirklich tiefer<\/strong>, als nur Affirmationen und W\u00fcnsche ans Universum zu senden. Wie tief und wie umfassend, erf\u00e4hrst du beim Info-Training.<\/p>\n<p>Optimal sind diese tiefgehenden Trainings f\u00fcr Coaches und Therapeuten, die ihr eigenes Angebot erweitern oder erg\u00e4nzen m\u00f6chten, oder du wirklich sehr wertvolle Beschleunigung f\u00fcr deine Selbstentfaltung und eigene ganzheitliche Potentialerweiterung erleben m\u00f6chtest.<\/p>\n<p>Gerade deswegen braucht es noch viel mehr echte spirituelle Lotsen, Friedens-Botschafter, Lemuria-Heiler, Wissende, Seelenfreunde, die Menschen durch diese Transformation in den kommenden Jahren sicher begleiten k\u00f6nnen. Wie ein Fels, der in der Brandung der Gezeiten steht.<\/p>\n<p>Verschaffe dir einen genaueren \u00dcberblick zu den sehr diskreten Lemuria-Healing-Arts Ausbildungen und was diese f\u00fcr dein Leben und dein Wirken bedeuten k\u00f6nnen. Danach kannst du f\u00fcr dich klarer entscheiden, ob und was du in deiner &#8222;Werkzeug- und Methoden-Auswahl&#8220; wirklich noch ben\u00f6tigst.<br \/>\n<img fetchpriority=\"high\" decoding=\"async\" class=\"wp-image-20704 size-medium aligncenter\" src=\"https:\/\/sirlima.eu\/wp-content\/uploads\/2024\/12\/Lemuria-Healing-Arts1-300x169.jpg\" alt=\"\" width=\"300\" height=\"169\" srcset=\"https:\/\/sirlima.eu\/wp-content\/uploads\/2024\/12\/Lemuria-Healing-Arts1-300x169.jpg 300w, https:\/\/sirlima.eu\/wp-content\/uploads\/2024\/12\/Lemuria-Healing-Arts1-370x208.jpg 370w, https:\/\/sirlima.eu\/wp-content\/uploads\/2024\/12\/Lemuria-Healing-Arts1-1024x576.jpg 1024w, https:\/\/sirlima.eu\/wp-content\/uploads\/2024\/12\/Lemuria-Healing-Arts1-768x432.jpg 768w, https:\/\/sirlima.eu\/wp-content\/uploads\/2024\/12\/Lemuria-Healing-Arts1-60x34.jpg 60w, https:\/\/sirlima.eu\/wp-content\/uploads\/2024\/12\/Lemuria-Healing-Arts1-110x62.jpg 110w, https:\/\/sirlima.eu\/wp-content\/uploads\/2024\/12\/Lemuria-Healing-Arts1-18x10.jpg 18w, https:\/\/sirlima.eu\/wp-content\/uploads\/2024\/12\/Lemuria-Healing-Arts1.jpg 1366w\" sizes=\"(max-width: 300px) 100vw, 300px\" \/><br \/>\nHier gelangst du zur Aufzeichung dieses Trainings: <strong><a href=\"https:\/\/youtu.be\/C9jyAn2ACYs?feature=shared\" target=\"_blank\" rel=\"noopener\">https:\/\/youtu.be\/C9jyAn2ACYs?feature=shared<\/a><\/strong><\/p>\n<p>So geht es danach weiter:<\/p>\n<p style=\"text-align: center;\"><strong>Nachdem du das Video komplett angeschaut hast und wenn diese Inhalte dich wirklich interessieren, dann <\/strong><strong><br \/>\n<\/strong><strong>KLICKE BITTE HIER:<\/strong><a href=\"https:\/\/www733832.lemuria-akademie.club\/info\/2iajez5z159n6zb6johzz1zzqz3\" target=\"_blank\" rel=\"noopener\"><strong><br \/>\n<\/strong><strong>Gespr\u00e4ch mit Roland ausw\u00e4hlen zur Lemuria Healing Ausbildung<\/strong><strong><br \/>\n<\/strong><strong>oder Matrix Transformations Pioniergruppe<\/strong><\/a><\/p>\n<p><strong>Die Terminplanung Lemuria Healing Arts Ausbildungsgruppe 2025:<\/strong><br \/>\n<strong>28.-30.3.2025 Initiation CME1<\/strong> <strong>live<\/strong> mit L-Code 1, Zoom und vor Ort, 9:30 &#8211; 17:30 Uhr<br \/>\n<strong>28.-29.4.2025 Maijtana Elemente-Ausgleich<\/strong> Zoom-Weiterbildung, 9:30 &#8211; 14:00 Uhr<br \/>\n<strong>29.-30.5.2025 5 Innere Heiler<\/strong> Zoom-Weiterbildung, 9:30 &#8211; 14:00 Uhr<br \/>\n<strong>26.-27.7.2025 Initiation CME2 live mit L-Code 2<\/strong>, vor Ort, 9:30 &#8211; 17:30 Uhr<br \/>\n<strong>20.-21.9.2025 <\/strong><strong>Initiation energetische Wirbels\u00e4ulenaufrichtung<\/strong> <strong>live<\/strong>, Zoom und vor Ort, 9:30 &#8211; 17:30 Uhr<br \/>\n<strong>25.-26.10.2025 Chakren &amp; Dr\u00fcsen<\/strong> Zoom-Weiterbildung, 9:30 &#8211; 14:00 Uhr<\/p>\n<p><strong>DNS-Lichtschl\u00fcssel Initiation und deren Anwendung im Alltag &amp; bei Klienten,<\/strong><br \/>\nu.a. f\u00fcr Verbindung zur g\u00f6ttlichen Urquelle und zum Erdenchakra, zur Intuition, zum eigenen g\u00f6ttlichem \u00dcberbewusstsein und Sch\u00f6pferkraft f\u00fcr Sicherheit, Urvertrauen, Schutz vor Illusion und Manipulation, Anbindung an den Lichtnahrungskanal, <strong>Lemuria Reinigungs-Code 1 &amp; 2 inkl. Archonten &amp; Insektencodes<\/strong> zur schnellen Selbsthilfe und bei Klienten<\/p>\n<p><strong>Zoom-Lichtschl\u00fcssel-Anwendertraining f\u00fcr alle CME-Studenten<br \/>\nam 4. Dienstag im Monat um 18:30 Uhr<br \/>\n<\/strong><strong>22.4.2025 <\/strong>&#8211;\u00a0<strong> 27.5.2025 &#8211; 24.6.2025 &#8211; 22.7.2025<br \/>\n<\/strong><strong>26.8.2025 &#8211; 23.9.2025<\/strong><strong> &#8211; <\/strong><strong>28.10.2025 <\/strong>&#8211; <strong>25.11.2025<\/strong><\/p>\n<p><strong>Zoom-Schulungs-Training nur f\u00fcr Lemuria Healing Arts<br \/>\nam 3. Dienstag im Monat 9:30 &#8211; 12:30 Uhr<br \/>\n<\/strong>zu den vorhergehenden Schulungs- und Initiations-Themen<br \/>\n<strong>15.4. &#8211; 20.5. &#8211; Mi! 18.6. &#8211; 15.7. &#8211; 19.8. &#8211; 16.9. &#8211; 21.10. &#8211; 18.11.<\/strong><\/p>\n<p>Zudem ist in diesem Lemuria Healing Arts Paket das<br \/>\n<strong>Jahrespaket Matrix-Transformations-Pioniere inklusive<\/strong>.<br \/>\nHier siehst du alle Termine hierzu:<\/p>\n<p><strong>Matrix-Transformations-Meditationen per Zoom<br \/>\n<\/strong>am <strong>ersten Dienstag im Monat um 18:30 Uhr<\/strong><\/p>\n<p><strong>3.6.2025 &#8211; 1.7.2025 &#8211; 5.8.2025 &#8211; 2.9.2025 &#8211; 7.10.2025 &#8211; 4.11.2025 &#8211; 2.12.2025<\/strong><\/p>\n<p><strong>Zoom-Transformations-Coaching\u00a0<\/strong>mit Beantwortung von deiner aktuellen Frage zur Transformation deines Themas (kann Einzelcoachings ersetzen) am <strong>zweiten Dienstag im Monat um 18:30 Uhr:<br \/>\n<\/strong><strong>10.6.2025 &#8211; 8.7.2025 \u2013 12.8.2025 \u2013 9.9.2025<br \/>\n<\/strong><strong>14.10.2025 \u2013 11.11.2025 \u2013 9.12.2025<br \/>\n<\/strong><\/p>\n<p><strong>5D-Aufstiegstraining<\/strong>\u00a0<strong>Zoom und parallel auch Live vor Ort m\u00f6glich<br \/>\n<\/strong>ist im zweimonatigen Rhythmus am\u00a0<strong>Samstag 9:30 \u2013 17:30 Uhr.<br \/>\n<\/strong><strong>14.6.2025 &#8211; 9.8.2025 \u2013 11.10.2025 \u2013 13.12.2025<\/strong><\/p>","protected":false},"excerpt":{"rendered":"<p>Wie du mit Lemuria Healing Arts, CME-Lichtschl\u00fcsseln und Lemuria Schutz Codes dir und deinen Klienten nachhaltig helfen kannst. Erfahre von den ungeahnten M\u00f6glichkeiten die du im Jahrestraining Lemuria Healing Arts und Lemuria Bewusstseinsweg direkt von Dunia Anandara aktiviert bekommst Du bist mit deinen Gef\u00fchlen und Gedanken auf dem Weg (von der 3.Dimension zur 4.Dimension) vom&#8230;<\/p>","protected":false},"author":131,"featured_media":20704,"comment_status":"open","ping_status":"closed","template":"","meta":{"_acf_changed":false,"_kad_post_transparent":"default","_kad_post_title":"","_kad_post_layout":"default","_kad_post_sidebar_id":"","_kad_post_content_style":"default","_kad_post_vertical_padding":"default","_kad_post_feature":"","_kad_post_feature_position":"","_kad_post_header":false,"_kad_post_footer":false,"_kad_post_classname":""},"product_brand":[],"product_cat":[291,796,798,292],"product_tag":[],"class_list":{"0":"post-22634","1":"product","2":"type-product","3":"status-publish","4":"has-post-thumbnail","6":"product_cat-ausbildung","7":"product_cat-cme-schulung-ausbildung","8":"product_cat-lemuria-healing-arts","9":"product_cat-spiritual-coaching","11":"first","12":"instock","13":"virtual","14":"product-type-simple","15":"entry","16":"content-bg","17":"loop-entry"},"acf":[],"wcpa_form_fields":null,"yoast_head":"<!-- This site is optimized with the Yoast SEO plugin v27.4 - https:\/\/yoast.com\/product\/yoast-seo-wordpress\/ -->\n<title>Info zu Lemuria Healing Arts Bewusstseins-Ausbildung 2025 - Lemuria Institut by Dunia Anandara<\/title>\n<meta name=\"description\" content=\"Infos zu Lemuria Healing Arts und Lemuria Schutz-Codes. 5D Lichtschl\u00fcssel f\u00fcr deine spirituelle Potentialentfaltung mit Ausbildungsleitung Dunia Anandara\" \/>\n<meta name=\"robots\" content=\"index, follow, max-snippet:-1, max-image-preview:large, max-video-preview:-1\" \/>\n<link rel=\"canonical\" href=\"https:\/\/sirlima.eu\/en\/p\/info-lh2025\/\" \/>\n<meta property=\"og:locale\" content=\"en_GB\" \/>\n<meta property=\"og:type\" content=\"article\" \/>\n<meta property=\"og:title\" content=\"Info zu Lemuria Healing Arts Bewusstseins-Ausbildung 2025 - Lemuria Institut by Dunia Anandara\" \/>\n<meta property=\"og:description\" content=\"Infos zu Lemuria Healing Arts und Lemuria Schutz-Codes. 5D Lichtschl\u00fcssel f\u00fcr deine spirituelle Potentialentfaltung mit Ausbildungsleitung Dunia Anandara\" \/>\n<meta property=\"og:url\" content=\"https:\/\/sirlima.eu\/en\/p\/info-lh2025\/\" \/>\n<meta property=\"og:site_name\" content=\"Lemuria Institut by Dunia Anandara\" \/>\n<meta property=\"article:modified_time\" content=\"2025-05-21T11:05:21+00:00\" \/>\n<meta property=\"og:image\" content=\"https:\/\/sirlima.eu\/wp-content\/uploads\/2024\/12\/Lemuria-Healing-Arts1.jpg\" \/>\n\t<meta property=\"og:image:width\" content=\"1366\" \/>\n\t<meta property=\"og:image:height\" content=\"768\" \/>\n\t<meta property=\"og:image:type\" content=\"image\/jpeg\" \/>\n<meta name=\"twitter:card\" content=\"summary_large_image\" \/>\n<meta name=\"twitter:label1\" content=\"Estimated reading time\" \/>\n\t<meta name=\"twitter:data1\" content=\"4 minutes\" \/>\n<script type=\"application\/ld+json\" class=\"yoast-schema-graph\">{\"@context\":\"https:\\\/\\\/schema.org\",\"@graph\":[{\"@type\":\"WebPage\",\"@id\":\"https:\\\/\\\/sirlima.eu\\\/p\\\/info-lh2025\\\/\",\"url\":\"https:\\\/\\\/sirlima.eu\\\/p\\\/info-lh2025\\\/\",\"name\":\"Info zu Lemuria Healing Arts Bewusstseins-Ausbildung 2025 - Lemuria Institut by Dunia Anandara\",\"isPartOf\":{\"@id\":\"https:\\\/\\\/sirlima.eu\\\/#website\"},\"primaryImageOfPage\":{\"@id\":\"https:\\\/\\\/sirlima.eu\\\/p\\\/info-lh2025\\\/#primaryimage\"},\"image\":{\"@id\":\"https:\\\/\\\/sirlima.eu\\\/p\\\/info-lh2025\\\/#primaryimage\"},\"thumbnailUrl\":\"https:\\\/\\\/sirlima.eu\\\/wp-content\\\/uploads\\\/2024\\\/12\\\/Lemuria-Healing-Arts1.jpg\",\"datePublished\":\"2025-03-17T09:55:14+00:00\",\"dateModified\":\"2025-05-21T11:05:21+00:00\",\"description\":\"Infos zu Lemuria Healing Arts und Lemuria Schutz-Codes. 5D Lichtschl\u00fcssel f\u00fcr deine spirituelle Potentialentfaltung mit Ausbildungsleitung Dunia Anandara\",\"breadcrumb\":{\"@id\":\"https:\\\/\\\/sirlima.eu\\\/p\\\/info-lh2025\\\/#breadcrumb\"},\"inLanguage\":\"en-GB\",\"potentialAction\":[{\"@type\":\"ReadAction\",\"target\":[\"https:\\\/\\\/sirlima.eu\\\/p\\\/info-lh2025\\\/\"]}]},{\"@type\":\"ImageObject\",\"inLanguage\":\"en-GB\",\"@id\":\"https:\\\/\\\/sirlima.eu\\\/p\\\/info-lh2025\\\/#primaryimage\",\"url\":\"https:\\\/\\\/sirlima.eu\\\/wp-content\\\/uploads\\\/2024\\\/12\\\/Lemuria-Healing-Arts1.jpg\",\"contentUrl\":\"https:\\\/\\\/sirlima.eu\\\/wp-content\\\/uploads\\\/2024\\\/12\\\/Lemuria-Healing-Arts1.jpg\",\"width\":1366,\"height\":768},{\"@type\":\"BreadcrumbList\",\"@id\":\"https:\\\/\\\/sirlima.eu\\\/p\\\/info-lh2025\\\/#breadcrumb\",\"itemListElement\":[{\"@type\":\"ListItem\",\"position\":1,\"name\":\"Home\",\"item\":\"https:\\\/\\\/sirlima.eu\\\/\"},{\"@type\":\"ListItem\",\"position\":2,\"name\":\"Lemuria Vereinserzeugnisse\",\"item\":\"https:\\\/\\\/sirlima.eu\\\/shop\\\/\"},{\"@type\":\"ListItem\",\"position\":3,\"name\":\"Info zu Lemuria Healing Arts Bewusstseins-Ausbildung 2025\"}]},{\"@type\":\"WebSite\",\"@id\":\"https:\\\/\\\/sirlima.eu\\\/#website\",\"url\":\"https:\\\/\\\/sirlima.eu\\\/\",\"name\":\"Lemuria Institut by Dunia Anandara\",\"description\":\"Energetic-Natural-Spiritual Lemuria Lifestyle\",\"publisher\":{\"@id\":\"https:\\\/\\\/sirlima.eu\\\/#organization\"},\"potentialAction\":[{\"@type\":\"SearchAction\",\"target\":{\"@type\":\"EntryPoint\",\"urlTemplate\":\"https:\\\/\\\/sirlima.eu\\\/?s={search_term_string}\"},\"query-input\":{\"@type\":\"PropertyValueSpecification\",\"valueRequired\":true,\"valueName\":\"search_term_string\"}}],\"inLanguage\":\"en-GB\"},{\"@type\":\"Organization\",\"@id\":\"https:\\\/\\\/sirlima.eu\\\/#organization\",\"name\":\"Sirlima Lebensr\u00e4ume GbR\",\"url\":\"https:\\\/\\\/sirlima.eu\\\/\",\"logo\":{\"@type\":\"ImageObject\",\"inLanguage\":\"en-GB\",\"@id\":\"https:\\\/\\\/sirlima.eu\\\/#\\\/schema\\\/logo\\\/image\\\/\",\"url\":\"https:\\\/\\\/sirlima.eu\\\/wp-content\\\/uploads\\\/2021\\\/06\\\/cropped-2021-02-Logo-Sirlima.jpg\",\"contentUrl\":\"https:\\\/\\\/sirlima.eu\\\/wp-content\\\/uploads\\\/2021\\\/06\\\/cropped-2021-02-Logo-Sirlima.jpg\",\"width\":676,\"height\":443,\"caption\":\"Sirlima Lebensr\u00e4ume GbR\"},\"image\":{\"@id\":\"https:\\\/\\\/sirlima.eu\\\/#\\\/schema\\\/logo\\\/image\\\/\"}}]}<\/script>\n<!-- \/ Yoast SEO plugin. -->","yoast_head_json":{"title":"Info zu Lemuria Healing Arts Bewusstseins-Ausbildung 2025 - Lemuria Institut by Dunia Anandara","description":"Infos zu Lemuria Healing Arts und Lemuria Schutz-Codes. 5D Lichtschl\u00fcssel f\u00fcr deine spirituelle Potentialentfaltung mit Ausbildungsleitung Dunia Anandara","robots":{"index":"index","follow":"follow","max-snippet":"max-snippet:-1","max-image-preview":"max-image-preview:large","max-video-preview":"max-video-preview:-1"},"canonical":"https:\/\/sirlima.eu\/en\/p\/info-lh2025\/","og_locale":"en_GB","og_type":"article","og_title":"Info zu Lemuria Healing Arts Bewusstseins-Ausbildung 2025 - Lemuria Institut by Dunia Anandara","og_description":"Infos zu Lemuria Healing Arts und Lemuria Schutz-Codes. 5D Lichtschl\u00fcssel f\u00fcr deine spirituelle Potentialentfaltung mit Ausbildungsleitung Dunia Anandara","og_url":"https:\/\/sirlima.eu\/en\/p\/info-lh2025\/","og_site_name":"Lemuria Institut by Dunia Anandara","article_modified_time":"2025-05-21T11:05:21+00:00","og_image":[{"width":1366,"height":768,"url":"https:\/\/sirlima.eu\/wp-content\/uploads\/2024\/12\/Lemuria-Healing-Arts1.jpg","type":"image\/jpeg"}],"twitter_card":"summary_large_image","twitter_misc":{"Estimated reading time":"4 minutes"},"schema":{"@context":"https:\/\/schema.org","@graph":[{"@type":"WebPage","@id":"https:\/\/sirlima.eu\/p\/info-lh2025\/","url":"https:\/\/sirlima.eu\/p\/info-lh2025\/","name":"Info zu Lemuria Healing Arts Bewusstseins-Ausbildung 2025 - Lemuria Institut by Dunia Anandara","isPartOf":{"@id":"https:\/\/sirlima.eu\/#website"},"primaryImageOfPage":{"@id":"https:\/\/sirlima.eu\/p\/info-lh2025\/#primaryimage"},"image":{"@id":"https:\/\/sirlima.eu\/p\/info-lh2025\/#primaryimage"},"thumbnailUrl":"https:\/\/sirlima.eu\/wp-content\/uploads\/2024\/12\/Lemuria-Healing-Arts1.jpg","datePublished":"2025-03-17T09:55:14+00:00","dateModified":"2025-05-21T11:05:21+00:00","description":"Infos zu Lemuria Healing Arts und Lemuria Schutz-Codes. 5D Lichtschl\u00fcssel f\u00fcr deine spirituelle Potentialentfaltung mit Ausbildungsleitung Dunia Anandara","breadcrumb":{"@id":"https:\/\/sirlima.eu\/p\/info-lh2025\/#breadcrumb"},"inLanguage":"en-GB","potentialAction":[{"@type":"ReadAction","target":["https:\/\/sirlima.eu\/p\/info-lh2025\/"]}]},{"@type":"ImageObject","inLanguage":"en-GB","@id":"https:\/\/sirlima.eu\/p\/info-lh2025\/#primaryimage","url":"https:\/\/sirlima.eu\/wp-content\/uploads\/2024\/12\/Lemuria-Healing-Arts1.jpg","contentUrl":"https:\/\/sirlima.eu\/wp-content\/uploads\/2024\/12\/Lemuria-Healing-Arts1.jpg","width":1366,"height":768},{"@type":"BreadcrumbList","@id":"https:\/\/sirlima.eu\/p\/info-lh2025\/#breadcrumb","itemListElement":[{"@type":"ListItem","position":1,"name":"Home","item":"https:\/\/sirlima.eu\/"},{"@type":"ListItem","position":2,"name":"Lemuria Vereinserzeugnisse","item":"https:\/\/sirlima.eu\/shop\/"},{"@type":"ListItem","position":3,"name":"Info zu Lemuria Healing Arts Bewusstseins-Ausbildung 2025"}]},{"@type":"WebSite","@id":"https:\/\/sirlima.eu\/#website","url":"https:\/\/sirlima.eu\/","name":"Lemuria Institut by Dunia Anandara","description":"Energetic-Natural-Spiritual Lemuria Lifestyle","publisher":{"@id":"https:\/\/sirlima.eu\/#organization"},"potentialAction":[{"@type":"SearchAction","target":{"@type":"EntryPoint","urlTemplate":"https:\/\/sirlima.eu\/?s={search_term_string}"},"query-input":{"@type":"PropertyValueSpecification","valueRequired":true,"valueName":"search_term_string"}}],"inLanguage":"en-GB"},{"@type":"Organization","@id":"https:\/\/sirlima.eu\/#organization","name":"Sirlima Lebensr\u00e4ume GbR","url":"https:\/\/sirlima.eu\/","logo":{"@type":"ImageObject","inLanguage":"en-GB","@id":"https:\/\/sirlima.eu\/#\/schema\/logo\/image\/","url":"https:\/\/sirlima.eu\/wp-content\/uploads\/2021\/06\/cropped-2021-02-Logo-Sirlima.jpg","contentUrl":"https:\/\/sirlima.eu\/wp-content\/uploads\/2021\/06\/cropped-2021-02-Logo-Sirlima.jpg","width":676,"height":443,"caption":"Sirlima Lebensr\u00e4ume GbR"},"image":{"@id":"https:\/\/sirlima.eu\/#\/schema\/logo\/image\/"}}]}},"_links":{"self":[{"href":"https:\/\/sirlima.eu\/en\/wp-json\/wp\/v2\/product\/22634","targetHints":{"allow":["GET"]}}],"collection":[{"href":"https:\/\/sirlima.eu\/en\/wp-json\/wp\/v2\/product"}],"about":[{"href":"https:\/\/sirlima.eu\/en\/wp-json\/wp\/v2\/types\/product"}],"author":[{"embeddable":true,"href":"https:\/\/sirlima.eu\/en\/wp-json\/wp\/v2\/users\/131"}],"replies":[{"embeddable":true,"href":"https:\/\/sirlima.eu\/en\/wp-json\/wp\/v2\/comments?post=22634"}],"version-history":[{"count":15,"href":"https:\/\/sirlima.eu\/en\/wp-json\/wp\/v2\/product\/22634\/revisions"}],"predecessor-version":[{"id":23303,"href":"https:\/\/sirlima.eu\/en\/wp-json\/wp\/v2\/product\/22634\/revisions\/23303"}],"wp:featuredmedia":[{"embeddable":true,"href":"https:\/\/sirlima.eu\/en\/wp-json\/wp\/v2\/media\/20704"}],"wp:attachment":[{"href":"https:\/\/sirlima.eu\/en\/wp-json\/wp\/v2\/media?parent=22634"}],"wp:term":[{"taxonomy":"product_brand","embeddable":true,"href":"https:\/\/sirlima.eu\/en\/wp-json\/wp\/v2\/product_brand?post=22634"},{"taxonomy":"product_cat","embeddable":true,"href":"https:\/\/sirlima.eu\/en\/wp-json\/wp\/v2\/product_cat?post=22634"},{"taxonomy":"product_tag","embeddable":true,"href":"https:\/\/sirlima.eu\/en\/wp-json\/wp\/v2\/product_tag?post=22634"}],"curies":[{"name":"wp","href":"https:\/\/api.w.org\/{rel}","templated":true}]}}