{"id":20918,"date":"2024-12-30T14:35:31","date_gmt":"2024-12-30T13:35:31","guid":{"rendered":"https:\/\/sirlima.eu\/?post_type=product&#038;p=20918"},"modified":"2025-12-23T11:47:59","modified_gmt":"2025-12-23T10:47:59","slug":"fm-lli1","status":"publish","type":"product","link":"https:\/\/sirlima.eu\/en\/p\/fm-lli1\/","title":{"rendered":"F\u00f6rdermitgliedschaft Lemuria Lebensr\u00e4ume Institut &#8211; 12 Monate"},"content":{"rendered":"<p>Ich w\u00fcnsche eine Vereins-F\u00f6rdermitgliedschaft im Lemuria Lebensr\u00e4ume Institut, ZVR Zahl 1250508752, Sitz in 1070 Wien, \u00d6sterreich, wie in \u00a74 der Vereinsstatuten beschrieben ohne Stimmrecht und ohne Pflichten. Dies entspricht einer au\u00dferordentlichen Mitgliedschaft.<br \/>\nEhren-Pr\u00e4sident: Roland Seybold, Ehren-Vizepr\u00e4sidentin: Dunia Anandara<\/p>\n<p>Der Aufnahme- und Jahres-Beitrag f\u00fcr 12 Monate ist gestaffelt und richtet sich nach Anzahl der Menschen, Familien, Vereine und Unternehmen, welche sich f\u00fcr eine F\u00f6rdermitgliedschaft bewerben. Die Aufnahme der F\u00f6rdermitglieder wird vom Ehren-Pr\u00e4sidenten best\u00e4tigt.<\/p>\n<p>Die F\u00f6rdermitgliedschaft dient zur F\u00f6rderung der Vereinsziele des <strong>Lemuria Lebensr\u00e4ume Institut f\u00fcr Frieden auf Erden durch Kooperation <\/strong><strong>mit Mensch, Tier und Naturwesen.<\/strong><\/p>\n<p>F\u00f6rdermitglieder sind ohne Stimmrecht und ohne weitere Rechte und Pflichten.<\/p>\n<p>Die Vereinsstatuten (Klicke hier: <a href=\"https:\/\/sirlima.eu\/wp-content\/uploads\/2025\/11\/2025-11-27-Foerderverein-Lemuria-Institut-Statuten.pdf\" target=\"_blank\" rel=\"noopener\">F\u00f6rderverein Lemuria Institut Statuten<\/a>) sind die grundlegende Handlungs-Basis f\u00fcr das Pr\u00e4sidium, die Mitglieder und F\u00f6rdermitglieder. Jedes Vereinsmitglied und F\u00f6rdermitglied handelt achtsam und in Eigenverantwortung. Es gilt die private Haftung. Der Verein \u00fcbernimmt keine Haftung f\u00fcr die Mitglieder.<br \/>\nDies gilt auch f\u00fcr online und offline Veranstaltungen.<\/p>\n<p>Mitglieder und F\u00f6rdermitglieder erhalten f\u00fcr die im F\u00f6rdermitglieds-Antrag benannten Menschen folgende Zug\u00e4nge:<\/p>\n<ul>\n<li>Zugang zu Angeboten der Lemuria Lifestyle Akademie<\/li>\n<li>Ein Live-Event mit Weltfriedensmeditation per Zoom<\/li>\n<li>Erstinfos bei neuen Vereinsprojekten<\/li>\n<li>Vereinsnachrichten in Form von Email Newsletter<\/li>\n<li>Weitere exklusive Mitgliedervorteile und Bonus-Zugaben<\/li>\n<\/ul>\n<p>F\u00f6rdermitglieder k\u00f6nnen f\u00fcr 12 Monate den Zugang zur vereinsinternen Online-Community auf skool.com zubuchen (im Wert von ca. 1.365,- EUR).<\/p>\n<p><img fetchpriority=\"high\" decoding=\"async\" class=\"alignnone wp-image-25200\" src=\"https:\/\/sirlima.eu\/wp-content\/uploads\/2024\/12\/Logo-LemuriaLifestyleCommunity300x150quer-mit-Text-300x150.jpg\" alt=\"\" width=\"336\" height=\"168\" \/><\/p>\n<p>Hier tauschen wir uns regelm\u00e4\u00dfig zu folgenden Themen aus:<\/p>\n<ul>\n<li>Inneren Frieden finden, Frieden stiften<\/li>\n<li>Resonanzgesetz und dessen Bedeutung<\/li>\n<li>Lemuria bedeutet \u201eFrieden auf Erden\u201c, wo fangen wir an?<\/li>\n<li>Ganzheitliche Ern\u00e4hrung und Gesundheit<\/li>\n<li>Wie erreiche ich immer mehr Unabh\u00e4ngigkeit?<\/li>\n<li>Feinstoffliche Wahrnehmung und Kommunikation<\/li>\n<li>Unser wahres Wesen kennenlernen<\/li>\n<li>Selbstverwirklichung, nicht auf Kosten Anderer<\/li>\n<li>Informationen \u00fcber die 5.Dimension<\/li>\n<li>Mitgliedertreffen<\/li>\n<li>F\u00f6rderung von Regionalgruppen<\/li>\n<\/ul>\n<p>In der Lemuria-Lifestyle Online Community, die auf skool gehostet ist, kannst du freigegebene Meditationen und Informationen aus verschiedenen Lebensbereichen und Forschungsprojekten abrufen. Je nach Studien- oder F\u00f6rderprojekt, welchem du zur Erweiterung beitreten m\u00f6chtest, gibt es weiterf\u00fchrendes umfangreiches Studienmaterial und M\u00f6glichkeiten der Aktivit\u00e4ten f\u00fcr dich. Du kannst hier bevorzugte Hilfe in Notf\u00e4llen aus der Community erhalten.<\/p>\n<p>Die Basis f\u00fcr Gesundheit und Selbstverwirklichung ist ein gereinigtes Aura- und Lebensumfeld.<br \/>\nWir empfehlen die regelm\u00e4\u00dfige Nutzung der Grundlagen-Meditationen mit der kraftvollen Lichtk\u00f6rper-Reinigung von Dunia Anandara.<\/p>","protected":false},"excerpt":{"rendered":"<p>Ich w\u00fcnsche eine Vereins-F\u00f6rdermitgliedschaft im Lemuria Lebensr\u00e4ume Institut, ZVR Zahl 1250508752, Sitz in 1070 Wien, \u00d6sterreich, wie in \u00a74 der Vereinsstatuten beschrieben ohne Stimmrecht und ohne Pflichten. Dies entspricht einer au\u00dferordentlichen Mitgliedschaft. Ehren-Pr\u00e4sident: Roland Seybold, Ehren-Vizepr\u00e4sidentin: Dunia Anandara Der Aufnahme- und Jahres-Beitrag f\u00fcr 12 Monate ist gestaffelt und richtet sich nach Anzahl der Menschen, Familien,&#8230;<\/p>","protected":false},"author":131,"featured_media":22728,"comment_status":"open","ping_status":"closed","template":"","meta":{"_acf_changed":false,"_kad_post_transparent":"default","_kad_post_title":"","_kad_post_layout":"default","_kad_post_sidebar_id":"","_kad_post_content_style":"default","_kad_post_vertical_padding":"default","_kad_post_feature":"","_kad_post_feature_position":"","_kad_post_header":false,"_kad_post_footer":false,"_kad_post_classname":""},"product_brand":[],"product_cat":[792],"product_tag":[],"class_list":{"0":"post-20918","1":"product","2":"type-product","3":"status-publish","4":"has-post-thumbnail","6":"product_cat-foerdermitglied","7":"wcpa_has_options","9":"first","10":"instock","11":"shipping-taxable","12":"purchasable","13":"product-type-variable","14":"entry","15":"content-bg","16":"loop-entry"},"acf":[],"wcpa_form_fields":{"rules":{"pric_overide_base_price":false,"pric_overide_base_price_if_gt_zero":false,"pric_overide_base_price_fully":false,"pric_cal_option_once":false,"pric_use_as_fee":false,"bind_quantity":false,"quantity_bind_formula":false},"fields":[{"type":"checkbox-group","elementId":"wcpa-checkbox-group-1737117777498","label":"Empfohlene Zusatzoption: Vereinsinterne Online-Community","description":"Lemuria Lifestyle Community auf skool.com mit vielen Boni im Wert von 1.365,- EUR","inline":true,"enablePrice":true,"priceOptions":"fixed_for_all","pricingType":"fixed","price":"120","name":"checkbox-group-1737117777498","min_options":"0","max_options":"1","other_text":"Other","cl_rule":"show","col":6,"values":[{"label":"Ja, ich will den Online-Zugang zur Lemuria Lifestyle Community f\u00fcr 12 Monate","value":"Zugang Skool","price":"450","pimage":"","pimage_id":"","pthumb":""}],"relations":false,"form_id":25170,"form_rules":{"pric_cal_option_once":false,"exclude_from_discount":false,"pric_use_as_fee":false,"fee_label":"Geb\u00fchr","render_after_acb":false,"disp_hide_options_price":false}}]},"yoast_head":"<!-- This site is optimized with the Yoast SEO plugin v27.4 - https:\/\/yoast.com\/product\/yoast-seo-wordpress\/ -->\n<title>F\u00f6rdermitgliedschaft Lemuria Lebensr\u00e4ume Institut - 12 Monate - Lemuria Institut by Dunia Anandara<\/title>\n<meta name=\"description\" content=\"Lemuria Lebensr\u00e4ume Institut f\u00fcr 5.dimensionale Entfaltung und Frieden auf der Erde. F\u00f6rdermitgliedschaft hier beantragen\" \/>\n<meta name=\"robots\" content=\"index, follow, max-snippet:-1, max-image-preview:large, max-video-preview:-1\" \/>\n<link rel=\"canonical\" href=\"https:\/\/sirlima.eu\/en\/p\/fm-lli1\/\" \/>\n<meta property=\"og:locale\" content=\"en_GB\" \/>\n<meta property=\"og:type\" content=\"article\" \/>\n<meta property=\"og:title\" content=\"F\u00f6rdermitgliedschaft Lemuria Lebensr\u00e4ume Institut - 12 Monate - Lemuria Institut by Dunia Anandara\" \/>\n<meta property=\"og:description\" content=\"Lemuria Lebensr\u00e4ume Institut f\u00fcr 5.dimensionale Entfaltung und Frieden auf der Erde. F\u00f6rdermitgliedschaft hier beantragen\" \/>\n<meta property=\"og:url\" content=\"https:\/\/sirlima.eu\/en\/p\/fm-lli1\/\" \/>\n<meta property=\"og:site_name\" content=\"Lemuria Institut by Dunia Anandara\" \/>\n<meta property=\"article:modified_time\" content=\"2025-12-23T10:47:59+00:00\" \/>\n<meta property=\"og:image\" content=\"https:\/\/sirlima.eu\/wp-content\/uploads\/2025\/01\/cropped-cropped-LLI-Logo-trans-520x520px-rein.jpg\" \/>\n\t<meta property=\"og:image:width\" content=\"512\" \/>\n\t<meta property=\"og:image:height\" content=\"505\" \/>\n\t<meta property=\"og:image:type\" content=\"image\/jpeg\" \/>\n<meta name=\"twitter:card\" content=\"summary_large_image\" \/>\n<meta name=\"twitter:label1\" content=\"Estimated reading time\" \/>\n\t<meta name=\"twitter:data1\" content=\"2 minutes\" \/>\n<script type=\"application\/ld+json\" class=\"yoast-schema-graph\">{\"@context\":\"https:\\\/\\\/schema.org\",\"@graph\":[{\"@type\":\"WebPage\",\"@id\":\"https:\\\/\\\/sirlima.eu\\\/p\\\/fm-lli1\\\/\",\"url\":\"https:\\\/\\\/sirlima.eu\\\/p\\\/fm-lli1\\\/\",\"name\":\"F\u00f6rdermitgliedschaft Lemuria Lebensr\u00e4ume Institut - 12 Monate - Lemuria Institut by Dunia Anandara\",\"isPartOf\":{\"@id\":\"https:\\\/\\\/sirlima.eu\\\/#website\"},\"primaryImageOfPage\":{\"@id\":\"https:\\\/\\\/sirlima.eu\\\/p\\\/fm-lli1\\\/#primaryimage\"},\"image\":{\"@id\":\"https:\\\/\\\/sirlima.eu\\\/p\\\/fm-lli1\\\/#primaryimage\"},\"thumbnailUrl\":\"https:\\\/\\\/sirlima.eu\\\/wp-content\\\/uploads\\\/2025\\\/01\\\/cropped-cropped-LLI-Logo-trans-520x520px-rein.jpg\",\"datePublished\":\"2024-12-30T13:35:31+00:00\",\"dateModified\":\"2025-12-23T10:47:59+00:00\",\"description\":\"Lemuria Lebensr\u00e4ume Institut f\u00fcr 5.dimensionale Entfaltung und Frieden auf der Erde. F\u00f6rdermitgliedschaft hier beantragen\",\"breadcrumb\":{\"@id\":\"https:\\\/\\\/sirlima.eu\\\/p\\\/fm-lli1\\\/#breadcrumb\"},\"inLanguage\":\"en-GB\",\"potentialAction\":[{\"@type\":\"ReadAction\",\"target\":[\"https:\\\/\\\/sirlima.eu\\\/p\\\/fm-lli1\\\/\"]}]},{\"@type\":\"ImageObject\",\"inLanguage\":\"en-GB\",\"@id\":\"https:\\\/\\\/sirlima.eu\\\/p\\\/fm-lli1\\\/#primaryimage\",\"url\":\"https:\\\/\\\/sirlima.eu\\\/wp-content\\\/uploads\\\/2025\\\/01\\\/cropped-cropped-LLI-Logo-trans-520x520px-rein.jpg\",\"contentUrl\":\"https:\\\/\\\/sirlima.eu\\\/wp-content\\\/uploads\\\/2025\\\/01\\\/cropped-cropped-LLI-Logo-trans-520x520px-rein.jpg\",\"width\":512,\"height\":505},{\"@type\":\"BreadcrumbList\",\"@id\":\"https:\\\/\\\/sirlima.eu\\\/p\\\/fm-lli1\\\/#breadcrumb\",\"itemListElement\":[{\"@type\":\"ListItem\",\"position\":1,\"name\":\"Home\",\"item\":\"https:\\\/\\\/sirlima.eu\\\/\"},{\"@type\":\"ListItem\",\"position\":2,\"name\":\"Lemuria Vereinserzeugnisse\",\"item\":\"https:\\\/\\\/sirlima.eu\\\/shop\\\/\"},{\"@type\":\"ListItem\",\"position\":3,\"name\":\"F\u00f6rdermitgliedschaft Lemuria Lebensr\u00e4ume Institut &#8211; 12 Monate\"}]},{\"@type\":\"WebSite\",\"@id\":\"https:\\\/\\\/sirlima.eu\\\/#website\",\"url\":\"https:\\\/\\\/sirlima.eu\\\/\",\"name\":\"Lemuria Institut by Dunia Anandara\",\"description\":\"Energetic-Natural-Spiritual Lemuria Lifestyle\",\"publisher\":{\"@id\":\"https:\\\/\\\/sirlima.eu\\\/#organization\"},\"potentialAction\":[{\"@type\":\"SearchAction\",\"target\":{\"@type\":\"EntryPoint\",\"urlTemplate\":\"https:\\\/\\\/sirlima.eu\\\/?s={search_term_string}\"},\"query-input\":{\"@type\":\"PropertyValueSpecification\",\"valueRequired\":true,\"valueName\":\"search_term_string\"}}],\"inLanguage\":\"en-GB\"},{\"@type\":\"Organization\",\"@id\":\"https:\\\/\\\/sirlima.eu\\\/#organization\",\"name\":\"Sirlima Lebensr\u00e4ume GbR\",\"url\":\"https:\\\/\\\/sirlima.eu\\\/\",\"logo\":{\"@type\":\"ImageObject\",\"inLanguage\":\"en-GB\",\"@id\":\"https:\\\/\\\/sirlima.eu\\\/#\\\/schema\\\/logo\\\/image\\\/\",\"url\":\"https:\\\/\\\/sirlima.eu\\\/wp-content\\\/uploads\\\/2021\\\/06\\\/cropped-2021-02-Logo-Sirlima.jpg\",\"contentUrl\":\"https:\\\/\\\/sirlima.eu\\\/wp-content\\\/uploads\\\/2021\\\/06\\\/cropped-2021-02-Logo-Sirlima.jpg\",\"width\":676,\"height\":443,\"caption\":\"Sirlima Lebensr\u00e4ume GbR\"},\"image\":{\"@id\":\"https:\\\/\\\/sirlima.eu\\\/#\\\/schema\\\/logo\\\/image\\\/\"}}]}<\/script>\n<!-- \/ Yoast SEO plugin. -->","yoast_head_json":{"title":"F\u00f6rdermitgliedschaft Lemuria Lebensr\u00e4ume Institut - 12 Monate - Lemuria Institut by Dunia Anandara","description":"Lemuria Lebensr\u00e4ume Institut f\u00fcr 5.dimensionale Entfaltung und Frieden auf der Erde. F\u00f6rdermitgliedschaft hier beantragen","robots":{"index":"index","follow":"follow","max-snippet":"max-snippet:-1","max-image-preview":"max-image-preview:large","max-video-preview":"max-video-preview:-1"},"canonical":"https:\/\/sirlima.eu\/en\/p\/fm-lli1\/","og_locale":"en_GB","og_type":"article","og_title":"F\u00f6rdermitgliedschaft Lemuria Lebensr\u00e4ume Institut - 12 Monate - Lemuria Institut by Dunia Anandara","og_description":"Lemuria Lebensr\u00e4ume Institut f\u00fcr 5.dimensionale Entfaltung und Frieden auf der Erde. F\u00f6rdermitgliedschaft hier beantragen","og_url":"https:\/\/sirlima.eu\/en\/p\/fm-lli1\/","og_site_name":"Lemuria Institut by Dunia Anandara","article_modified_time":"2025-12-23T10:47:59+00:00","og_image":[{"width":512,"height":505,"url":"https:\/\/sirlima.eu\/wp-content\/uploads\/2025\/01\/cropped-cropped-LLI-Logo-trans-520x520px-rein.jpg","type":"image\/jpeg"}],"twitter_card":"summary_large_image","twitter_misc":{"Estimated reading time":"2 minutes"},"schema":{"@context":"https:\/\/schema.org","@graph":[{"@type":"WebPage","@id":"https:\/\/sirlima.eu\/p\/fm-lli1\/","url":"https:\/\/sirlima.eu\/p\/fm-lli1\/","name":"F\u00f6rdermitgliedschaft Lemuria Lebensr\u00e4ume Institut - 12 Monate - Lemuria Institut by Dunia Anandara","isPartOf":{"@id":"https:\/\/sirlima.eu\/#website"},"primaryImageOfPage":{"@id":"https:\/\/sirlima.eu\/p\/fm-lli1\/#primaryimage"},"image":{"@id":"https:\/\/sirlima.eu\/p\/fm-lli1\/#primaryimage"},"thumbnailUrl":"https:\/\/sirlima.eu\/wp-content\/uploads\/2025\/01\/cropped-cropped-LLI-Logo-trans-520x520px-rein.jpg","datePublished":"2024-12-30T13:35:31+00:00","dateModified":"2025-12-23T10:47:59+00:00","description":"Lemuria Lebensr\u00e4ume Institut f\u00fcr 5.dimensionale Entfaltung und Frieden auf der Erde. F\u00f6rdermitgliedschaft hier beantragen","breadcrumb":{"@id":"https:\/\/sirlima.eu\/p\/fm-lli1\/#breadcrumb"},"inLanguage":"en-GB","potentialAction":[{"@type":"ReadAction","target":["https:\/\/sirlima.eu\/p\/fm-lli1\/"]}]},{"@type":"ImageObject","inLanguage":"en-GB","@id":"https:\/\/sirlima.eu\/p\/fm-lli1\/#primaryimage","url":"https:\/\/sirlima.eu\/wp-content\/uploads\/2025\/01\/cropped-cropped-LLI-Logo-trans-520x520px-rein.jpg","contentUrl":"https:\/\/sirlima.eu\/wp-content\/uploads\/2025\/01\/cropped-cropped-LLI-Logo-trans-520x520px-rein.jpg","width":512,"height":505},{"@type":"BreadcrumbList","@id":"https:\/\/sirlima.eu\/p\/fm-lli1\/#breadcrumb","itemListElement":[{"@type":"ListItem","position":1,"name":"Home","item":"https:\/\/sirlima.eu\/"},{"@type":"ListItem","position":2,"name":"Lemuria Vereinserzeugnisse","item":"https:\/\/sirlima.eu\/shop\/"},{"@type":"ListItem","position":3,"name":"F\u00f6rdermitgliedschaft Lemuria Lebensr\u00e4ume Institut &#8211; 12 Monate"}]},{"@type":"WebSite","@id":"https:\/\/sirlima.eu\/#website","url":"https:\/\/sirlima.eu\/","name":"Lemuria Institut by Dunia Anandara","description":"Energetic-Natural-Spiritual Lemuria Lifestyle","publisher":{"@id":"https:\/\/sirlima.eu\/#organization"},"potentialAction":[{"@type":"SearchAction","target":{"@type":"EntryPoint","urlTemplate":"https:\/\/sirlima.eu\/?s={search_term_string}"},"query-input":{"@type":"PropertyValueSpecification","valueRequired":true,"valueName":"search_term_string"}}],"inLanguage":"en-GB"},{"@type":"Organization","@id":"https:\/\/sirlima.eu\/#organization","name":"Sirlima Lebensr\u00e4ume GbR","url":"https:\/\/sirlima.eu\/","logo":{"@type":"ImageObject","inLanguage":"en-GB","@id":"https:\/\/sirlima.eu\/#\/schema\/logo\/image\/","url":"https:\/\/sirlima.eu\/wp-content\/uploads\/2021\/06\/cropped-2021-02-Logo-Sirlima.jpg","contentUrl":"https:\/\/sirlima.eu\/wp-content\/uploads\/2021\/06\/cropped-2021-02-Logo-Sirlima.jpg","width":676,"height":443,"caption":"Sirlima Lebensr\u00e4ume GbR"},"image":{"@id":"https:\/\/sirlima.eu\/#\/schema\/logo\/image\/"}}]}},"_links":{"self":[{"href":"https:\/\/sirlima.eu\/en\/wp-json\/wp\/v2\/product\/20918","targetHints":{"allow":["GET"]}}],"collection":[{"href":"https:\/\/sirlima.eu\/en\/wp-json\/wp\/v2\/product"}],"about":[{"href":"https:\/\/sirlima.eu\/en\/wp-json\/wp\/v2\/types\/product"}],"author":[{"embeddable":true,"href":"https:\/\/sirlima.eu\/en\/wp-json\/wp\/v2\/users\/131"}],"replies":[{"embeddable":true,"href":"https:\/\/sirlima.eu\/en\/wp-json\/wp\/v2\/comments?post=20918"}],"version-history":[{"count":11,"href":"https:\/\/sirlima.eu\/en\/wp-json\/wp\/v2\/product\/20918\/revisions"}],"predecessor-version":[{"id":20927,"href":"https:\/\/sirlima.eu\/en\/wp-json\/wp\/v2\/product\/20918\/revisions\/20927"}],"wp:featuredmedia":[{"embeddable":true,"href":"https:\/\/sirlima.eu\/en\/wp-json\/wp\/v2\/media\/22728"}],"wp:attachment":[{"href":"https:\/\/sirlima.eu\/en\/wp-json\/wp\/v2\/media?parent=20918"}],"wp:term":[{"taxonomy":"product_brand","embeddable":true,"href":"https:\/\/sirlima.eu\/en\/wp-json\/wp\/v2\/product_brand?post=20918"},{"taxonomy":"product_cat","embeddable":true,"href":"https:\/\/sirlima.eu\/en\/wp-json\/wp\/v2\/product_cat?post=20918"},{"taxonomy":"product_tag","embeddable":true,"href":"https:\/\/sirlima.eu\/en\/wp-json\/wp\/v2\/product_tag?post=20918"}],"curies":[{"name":"wp","href":"https:\/\/api.w.org\/{rel}","templated":true}]}}