{"id":1800,"date":"2021-05-25T14:11:11","date_gmt":"2021-05-25T14:11:11","guid":{"rendered":"https:\/\/sirlima.eu\/?post_type=product&#038;p=1800"},"modified":"2024-08-19T15:20:30","modified_gmt":"2024-08-19T13:20:30","slug":"antiwave-hoodie-jacke","status":"publish","type":"product","link":"https:\/\/sirlima.eu\/en\/p\/antiwave-hoodie-jacke\/","title":{"rendered":"E-Smog Abschirm Sweat-Jacke. Antiwave-Hoodie"},"content":{"rendered":"<div class=\"entry-content-asset videofit\"><iframe title=\"2021 05 04 Jacke mit Abschirmgewebe\" width=\"720\" height=\"405\" src=\"https:\/\/www.youtube.com\/embed\/ITk7k2j85q8?feature=oembed\" frameborder=\"0\" allow=\"accelerometer; autoplay; clipboard-write; encrypted-media; gyroscope; picture-in-picture; web-share\" referrerpolicy=\"strict-origin-when-cross-origin\" allowfullscreen><\/iframe><\/div>\n<p>Die perfekte Abschirmung gegen hochfrequente Bluetooth, WLAN, Wifi, Handy, 2G, 3G, 4G und 5G<br \/>\nSendefrequenzen, zum Schutz deiner wichtigsten Chakren, Dr\u00fcsen und Organe im K\u00f6rper.<\/p>\n<p>Modisch geschnittene 2-schichtige Kapuzenjacke mit eingebautem E-Smog Stahlungs-Schutz.<br \/>\nAu\u00dfen Baumwoll-T-Shirt Stoff. Mit Zipper und zwei Seitentaschen.<br \/>\nMega-Stirnschutzklappe f\u00fcr besten Schutz der Zirbeldr\u00fcse und des Gehirns vor Hochfreqenz-<br \/>\nEinfl\u00fcssen und technischer Mind-Control.<\/p>\n<p>Innenfutter aus technisch sehr hochwirksamen Funktionsmaterial:<\/p>\n<table class=\"technical-data\">\n<tbody>\n<tr>\n<td><strong>Zusammensetzung Futterstoff<br \/>\n<\/strong><\/td>\n<td>89% Baumwolle, 9% Polyamid, 2% Silber<\/td>\n<\/tr>\n<\/tbody>\n<\/table>\n<table class=\"technical-data\">\n<tbody>\n<tr>\n<td><strong>Futter-Haptik<\/strong><\/td>\n<td>Sehr weiches und flexibles Rechts-Links Jacquardgestrick, angenehm zu tragen, pflegeleicht<\/td>\n<\/tr>\n<\/tbody>\n<\/table>\n<table class=\"technical-data\">\n<tbody>\n<tr>\n<td><strong>Pr\u00fcfungsgrundlage<\/strong><\/td>\n<td>IEEE 299-2006<\/td>\n<\/tr>\n<\/tbody>\n<\/table>\n<table class=\"technical-data\">\n<tbody>\n<tr>\n<td><strong>Schirmd\u00e4mpfung max. in dB<\/strong><\/td>\n<td>~ 33 dB<\/td>\n<\/tr>\n<\/tbody>\n<\/table>\n<table class=\"technical-data\">\n<tbody>\n<tr>\n<td><strong>Schirmd\u00e4mpfung max. in %<\/strong><\/td>\n<td>&gt; 99,9%<\/td>\n<\/tr>\n<\/tbody>\n<\/table>\n<table class=\"technical-data\">\n<tbody>\n<tr>\n<td><strong>Verarbeitung Innenfutter<br \/>\n<\/strong><\/td>\n<td><strong>antiwave<\/strong> ist eine besonders pflegeleichte Qualit\u00e4t. Durch eine hochwertige Ausr\u00fcstung ist gew\u00e4hrleistet, dass die abschirmende Eigenschaft auch nach vielen W\u00e4schen erhalten bleibt. Durch die antibakterielle Wirkung des Silbers gen\u00fcgt es, die W\u00e4sche mit 40\u00b0 C zu waschen.<\/td>\n<\/tr>\n<\/tbody>\n<\/table>\n<table class=\"technical-data\">\n<tbody>\n<tr>\n<td><strong>Anwendungsbereich<\/strong><\/td>\n<td>Direkt am K\u00f6rper tragbar<\/td>\n<\/tr>\n<\/tbody>\n<\/table>\n<table class=\"technical-data\">\n<tbody>\n<tr>\n<td><strong>Sonstige Hinweise<\/strong><\/td>\n<td>1. Durch den Einsatz des Edelmetalls Reinsilber als leitf\u00e4higes Material sind keine Hautirritationen zu erwarten.<br \/>\n2. Reinsilber wirkt auf nat\u00fcrliche Art antibakteriell und kann auch bei Hautproblemen sowie bei \u00fcberm\u00e4\u00dfigem Schwitzen und K\u00f6rpergeruch positiv wirken.<br \/>\n3. Die Beschichtung der Polyamid-F\u00e4den besteht nicht aus umstrittenem Nanosilber, sondern aus 20 % Reinsilber, das die gesamte Polyamidfaser umgibt. Das metallische Silber ist f\u00fcr die Gesundheit des Menschen und f\u00fcr die Natur absolut unsch\u00e4dlich.<\/td>\n<\/tr>\n<\/tbody>\n<\/table>\n<table class=\"technical-data\">\n<tbody>\n<tr>\n<td><strong>Haltbarkeit<\/strong><\/td>\n<td>Schirmtextilien sind als Gebrauchsgegenstand anzusehen und unterliegen Abnutzung. Diese entsteht nicht nur durch maschinelles bzw. manuelles Waschen, sondern auch durch mechanische Belastung (Auf- und Zuziehen) und chemische Beanspruchung von Au\u00dfen (z.B. Schadstoffe in der Luft). Die maximale Lebensdauer erreichen Schirmtextilien unter Beachtung der angegebenen Pflegehinweise, und sorgsamen Handhabung. Fest installierte Schirmma\u00dfnahmen durch schirmende Bauvliese in W\u00e4nden, schirmende Baugewebe in Putzen oder Abschirmfarbe betrifft dies nicht. Es empfiehlt sich f\u00fcr alle Abschirmma\u00dfnahmen eine 2-j\u00e4hrige Kontrollmessung durch einen Fachmann oder mit eigenem Indikator (ESI 21, 22 und 24) durchzuf\u00fchren.<\/td>\n<\/tr>\n<\/tbody>\n<\/table>\n<p><strong>Herstellung im Schwabenland. Einzelanfertigung nach Auftrag &#8211; Fertigungszeit 12 Werktage.<\/strong><\/p>","protected":false},"excerpt":{"rendered":"<p>Die E-Smog Schutz Sweater Abschirmjacke funktioniert so, dass sie hochfrequente Strahlung sehr stark d\u00e4mpft und trotzdem beste und angenehme textile Eigenschaften bei h\u00f6chstem Tragekomfort bietet.<\/p>\n<p>F\u00fcr elektrosensible Menschen ist es eine echte Wohltat, diese Abschirmjacke zu tragen. F\u00fcr Menschen, die sich viel vor elektrischen Ger\u00e4ten mit Sendefunktion (WLAN, Bluetooth, Mobilfunk, Handy, Tablet, Laptop, WiFi Drucker, Funk, usw.) aufhalten, ist diese Abschirmjacke vorbeugend zu empfehlen, bevor sich gesundheitliche St\u00f6rungen, DNS- und Erbgut Blockaden oder Graphen-Verklumpungen im Blut einschleichen.<\/p>","protected":false},"author":958,"featured_media":4439,"comment_status":"closed","ping_status":"closed","template":"","meta":{"_acf_changed":false,"_kad_post_transparent":"default","_kad_post_title":"","_kad_post_layout":"default","_kad_post_sidebar_id":"","_kad_post_content_style":"default","_kad_post_vertical_padding":"default","_kad_post_feature":"","_kad_post_feature_position":"","_kad_post_header":false,"_kad_post_footer":false,"_kad_post_classname":""},"product_brand":[],"product_cat":[287,363],"product_tag":[383,377,369,378,382,370,375,374,376,381,371,373,372,380,379],"class_list":{"0":"post-1800","1":"product","2":"type-product","3":"status-publish","4":"has-post-thumbnail","6":"product_cat-e-smog-schutz","7":"product_cat-gesundheit","8":"product_tag-abschirmung-hochfrequenz-strahlung","9":"product_tag-aluhut-traeger-freuen-sich","10":"product_tag-antiwave","11":"product_tag-bester-gesundheitsschutz-durch-abschirmung-von-hochfrequenz","12":"product_tag-bluetooth-schutz","13":"product_tag-e-smog-schutz-weste","14":"product_tag-elektrosensible","15":"product_tag-elektrostress-mindern","16":"product_tag-frequenzschutz","17":"product_tag-handyschutz-und-strahlungsschutz","18":"product_tag-hochfrequenz-jacke","19":"product_tag-silbergewebe-fuer-zellschtz","20":"product_tag-sweater-mit-abschirmung","21":"product_tag-wifi-schutz","22":"product_tag-wlan-schutz","24":"first","25":"outofstock","26":"shipping-taxable","27":"purchasable","28":"product-type-variable","29":"entry","30":"content-bg","31":"loop-entry"},"acf":[],"wcpa_form_fields":null,"yoast_head":"<!-- This site is optimized with the Yoast SEO plugin v27.4 - https:\/\/yoast.com\/product\/yoast-seo-wordpress\/ -->\n<title>E-Smog Abschirm Sweat-Jacke. Antiwave-Hoodie - Lemuria Institut by Dunia Anandara<\/title>\n<meta name=\"description\" content=\"Mediale und mehrdimensional hellsichtige Seelen-Matrix-Lesung. Karma-Heilarbeit, Heiler Ausbildung, Negative Energie und Geist Reinigung und Coaching .\" \/>\n<meta name=\"robots\" content=\"index, follow, max-snippet:-1, max-image-preview:large, max-video-preview:-1\" \/>\n<link rel=\"canonical\" href=\"https:\/\/sirlima.eu\/en\/p\/antiwave-hoodie-jacke\/\" \/>\n<meta property=\"og:locale\" content=\"en_GB\" \/>\n<meta property=\"og:type\" content=\"article\" \/>\n<meta property=\"og:title\" content=\"E-Smog Abschirm Sweat-Jacke. Antiwave-Hoodie - Lemuria Institut by Dunia Anandara\" \/>\n<meta property=\"og:description\" content=\"Mediale und mehrdimensional hellsichtige Seelen-Matrix-Lesung. Karma-Heilarbeit, Heiler Ausbildung, Negative Energie und Geist Reinigung und Coaching .\" \/>\n<meta property=\"og:url\" content=\"https:\/\/sirlima.eu\/en\/p\/antiwave-hoodie-jacke\/\" \/>\n<meta property=\"og:site_name\" content=\"Lemuria Institut by Dunia Anandara\" \/>\n<meta property=\"article:modified_time\" content=\"2024-08-19T13:20:30+00:00\" \/>\n<meta property=\"og:image\" content=\"https:\/\/sirlima.eu\/wp-content\/uploads\/2021\/05\/IMG_1903-scaled-e1634585890796.jpg\" \/>\n\t<meta property=\"og:image:width\" content=\"909\" \/>\n\t<meta property=\"og:image:height\" content=\"1283\" \/>\n\t<meta property=\"og:image:type\" content=\"image\/jpeg\" \/>\n<meta name=\"twitter:card\" content=\"summary_large_image\" \/>\n<meta name=\"twitter:label1\" content=\"Estimated reading time\" \/>\n\t<meta name=\"twitter:data1\" content=\"2 minutes\" \/>\n<script type=\"application\/ld+json\" class=\"yoast-schema-graph\">{\"@context\":\"https:\\\/\\\/schema.org\",\"@graph\":[{\"@type\":\"WebPage\",\"@id\":\"https:\\\/\\\/sirlima.eu\\\/p\\\/antiwave-hoodie-jacke\\\/\",\"url\":\"https:\\\/\\\/sirlima.eu\\\/p\\\/antiwave-hoodie-jacke\\\/\",\"name\":\"E-Smog Abschirm Sweat-Jacke. Antiwave-Hoodie - Lemuria Institut by Dunia Anandara\",\"isPartOf\":{\"@id\":\"https:\\\/\\\/sirlima.eu\\\/#website\"},\"primaryImageOfPage\":{\"@id\":\"https:\\\/\\\/sirlima.eu\\\/p\\\/antiwave-hoodie-jacke\\\/#primaryimage\"},\"image\":{\"@id\":\"https:\\\/\\\/sirlima.eu\\\/p\\\/antiwave-hoodie-jacke\\\/#primaryimage\"},\"thumbnailUrl\":\"https:\\\/\\\/sirlima.eu\\\/wp-content\\\/uploads\\\/2021\\\/05\\\/IMG_1903-scaled-e1634585890796.jpg\",\"datePublished\":\"2021-05-25T14:11:11+00:00\",\"dateModified\":\"2024-08-19T13:20:30+00:00\",\"description\":\"Mediale und mehrdimensional hellsichtige Seelen-Matrix-Lesung. Karma-Heilarbeit, Heiler Ausbildung, Negative Energie und Geist Reinigung und Coaching .\",\"breadcrumb\":{\"@id\":\"https:\\\/\\\/sirlima.eu\\\/p\\\/antiwave-hoodie-jacke\\\/#breadcrumb\"},\"inLanguage\":\"en-GB\",\"potentialAction\":[{\"@type\":\"ReadAction\",\"target\":[\"https:\\\/\\\/sirlima.eu\\\/p\\\/antiwave-hoodie-jacke\\\/\"]}]},{\"@type\":\"ImageObject\",\"inLanguage\":\"en-GB\",\"@id\":\"https:\\\/\\\/sirlima.eu\\\/p\\\/antiwave-hoodie-jacke\\\/#primaryimage\",\"url\":\"https:\\\/\\\/sirlima.eu\\\/wp-content\\\/uploads\\\/2021\\\/05\\\/IMG_1903-scaled-e1634585890796.jpg\",\"contentUrl\":\"https:\\\/\\\/sirlima.eu\\\/wp-content\\\/uploads\\\/2021\\\/05\\\/IMG_1903-scaled-e1634585890796.jpg\",\"width\":909,\"height\":1283,\"caption\":\"Antiwave Protection Hoodie mit Kapuze, 2 Seitentaschen und Stirnschutz gegen hochfrequente Strahlungseinfl\u00fcsse\"},{\"@type\":\"BreadcrumbList\",\"@id\":\"https:\\\/\\\/sirlima.eu\\\/p\\\/antiwave-hoodie-jacke\\\/#breadcrumb\",\"itemListElement\":[{\"@type\":\"ListItem\",\"position\":1,\"name\":\"Home\",\"item\":\"https:\\\/\\\/sirlima.eu\\\/\"},{\"@type\":\"ListItem\",\"position\":2,\"name\":\"Lemuria Vereinserzeugnisse\",\"item\":\"https:\\\/\\\/sirlima.eu\\\/shop\\\/\"},{\"@type\":\"ListItem\",\"position\":3,\"name\":\"E-Smog Abschirm Sweat-Jacke. Antiwave-Hoodie\"}]},{\"@type\":\"WebSite\",\"@id\":\"https:\\\/\\\/sirlima.eu\\\/#website\",\"url\":\"https:\\\/\\\/sirlima.eu\\\/\",\"name\":\"Lemuria Institut by Dunia Anandara\",\"description\":\"Energetic-Natural-Spiritual Lemuria Lifestyle\",\"publisher\":{\"@id\":\"https:\\\/\\\/sirlima.eu\\\/#organization\"},\"potentialAction\":[{\"@type\":\"SearchAction\",\"target\":{\"@type\":\"EntryPoint\",\"urlTemplate\":\"https:\\\/\\\/sirlima.eu\\\/?s={search_term_string}\"},\"query-input\":{\"@type\":\"PropertyValueSpecification\",\"valueRequired\":true,\"valueName\":\"search_term_string\"}}],\"inLanguage\":\"en-GB\"},{\"@type\":\"Organization\",\"@id\":\"https:\\\/\\\/sirlima.eu\\\/#organization\",\"name\":\"Sirlima Lebensr\u00e4ume GbR\",\"url\":\"https:\\\/\\\/sirlima.eu\\\/\",\"logo\":{\"@type\":\"ImageObject\",\"inLanguage\":\"en-GB\",\"@id\":\"https:\\\/\\\/sirlima.eu\\\/#\\\/schema\\\/logo\\\/image\\\/\",\"url\":\"https:\\\/\\\/sirlima.eu\\\/wp-content\\\/uploads\\\/2021\\\/06\\\/cropped-2021-02-Logo-Sirlima.jpg\",\"contentUrl\":\"https:\\\/\\\/sirlima.eu\\\/wp-content\\\/uploads\\\/2021\\\/06\\\/cropped-2021-02-Logo-Sirlima.jpg\",\"width\":676,\"height\":443,\"caption\":\"Sirlima Lebensr\u00e4ume GbR\"},\"image\":{\"@id\":\"https:\\\/\\\/sirlima.eu\\\/#\\\/schema\\\/logo\\\/image\\\/\"}}]}<\/script>\n<!-- \/ Yoast SEO plugin. -->","yoast_head_json":{"title":"E-Smog Abschirm Sweat-Jacke. Antiwave-Hoodie - Lemuria Institut by Dunia Anandara","description":"Mediale und mehrdimensional hellsichtige Seelen-Matrix-Lesung. Karma-Heilarbeit, Heiler Ausbildung, Negative Energie und Geist Reinigung und Coaching .","robots":{"index":"index","follow":"follow","max-snippet":"max-snippet:-1","max-image-preview":"max-image-preview:large","max-video-preview":"max-video-preview:-1"},"canonical":"https:\/\/sirlima.eu\/en\/p\/antiwave-hoodie-jacke\/","og_locale":"en_GB","og_type":"article","og_title":"E-Smog Abschirm Sweat-Jacke. Antiwave-Hoodie - Lemuria Institut by Dunia Anandara","og_description":"Mediale und mehrdimensional hellsichtige Seelen-Matrix-Lesung. Karma-Heilarbeit, Heiler Ausbildung, Negative Energie und Geist Reinigung und Coaching .","og_url":"https:\/\/sirlima.eu\/en\/p\/antiwave-hoodie-jacke\/","og_site_name":"Lemuria Institut by Dunia Anandara","article_modified_time":"2024-08-19T13:20:30+00:00","og_image":[{"width":909,"height":1283,"url":"https:\/\/sirlima.eu\/wp-content\/uploads\/2021\/05\/IMG_1903-scaled-e1634585890796.jpg","type":"image\/jpeg"}],"twitter_card":"summary_large_image","twitter_misc":{"Estimated reading time":"2 minutes"},"schema":{"@context":"https:\/\/schema.org","@graph":[{"@type":"WebPage","@id":"https:\/\/sirlima.eu\/p\/antiwave-hoodie-jacke\/","url":"https:\/\/sirlima.eu\/p\/antiwave-hoodie-jacke\/","name":"E-Smog Abschirm Sweat-Jacke. Antiwave-Hoodie - Lemuria Institut by Dunia Anandara","isPartOf":{"@id":"https:\/\/sirlima.eu\/#website"},"primaryImageOfPage":{"@id":"https:\/\/sirlima.eu\/p\/antiwave-hoodie-jacke\/#primaryimage"},"image":{"@id":"https:\/\/sirlima.eu\/p\/antiwave-hoodie-jacke\/#primaryimage"},"thumbnailUrl":"https:\/\/sirlima.eu\/wp-content\/uploads\/2021\/05\/IMG_1903-scaled-e1634585890796.jpg","datePublished":"2021-05-25T14:11:11+00:00","dateModified":"2024-08-19T13:20:30+00:00","description":"Mediale und mehrdimensional hellsichtige Seelen-Matrix-Lesung. Karma-Heilarbeit, Heiler Ausbildung, Negative Energie und Geist Reinigung und Coaching .","breadcrumb":{"@id":"https:\/\/sirlima.eu\/p\/antiwave-hoodie-jacke\/#breadcrumb"},"inLanguage":"en-GB","potentialAction":[{"@type":"ReadAction","target":["https:\/\/sirlima.eu\/p\/antiwave-hoodie-jacke\/"]}]},{"@type":"ImageObject","inLanguage":"en-GB","@id":"https:\/\/sirlima.eu\/p\/antiwave-hoodie-jacke\/#primaryimage","url":"https:\/\/sirlima.eu\/wp-content\/uploads\/2021\/05\/IMG_1903-scaled-e1634585890796.jpg","contentUrl":"https:\/\/sirlima.eu\/wp-content\/uploads\/2021\/05\/IMG_1903-scaled-e1634585890796.jpg","width":909,"height":1283,"caption":"Antiwave Protection Hoodie mit Kapuze, 2 Seitentaschen und Stirnschutz gegen hochfrequente Strahlungseinfl\u00fcsse"},{"@type":"BreadcrumbList","@id":"https:\/\/sirlima.eu\/p\/antiwave-hoodie-jacke\/#breadcrumb","itemListElement":[{"@type":"ListItem","position":1,"name":"Home","item":"https:\/\/sirlima.eu\/"},{"@type":"ListItem","position":2,"name":"Lemuria Vereinserzeugnisse","item":"https:\/\/sirlima.eu\/shop\/"},{"@type":"ListItem","position":3,"name":"E-Smog Abschirm Sweat-Jacke. Antiwave-Hoodie"}]},{"@type":"WebSite","@id":"https:\/\/sirlima.eu\/#website","url":"https:\/\/sirlima.eu\/","name":"Lemuria Institut by Dunia Anandara","description":"Energetic-Natural-Spiritual Lemuria Lifestyle","publisher":{"@id":"https:\/\/sirlima.eu\/#organization"},"potentialAction":[{"@type":"SearchAction","target":{"@type":"EntryPoint","urlTemplate":"https:\/\/sirlima.eu\/?s={search_term_string}"},"query-input":{"@type":"PropertyValueSpecification","valueRequired":true,"valueName":"search_term_string"}}],"inLanguage":"en-GB"},{"@type":"Organization","@id":"https:\/\/sirlima.eu\/#organization","name":"Sirlima Lebensr\u00e4ume GbR","url":"https:\/\/sirlima.eu\/","logo":{"@type":"ImageObject","inLanguage":"en-GB","@id":"https:\/\/sirlima.eu\/#\/schema\/logo\/image\/","url":"https:\/\/sirlima.eu\/wp-content\/uploads\/2021\/06\/cropped-2021-02-Logo-Sirlima.jpg","contentUrl":"https:\/\/sirlima.eu\/wp-content\/uploads\/2021\/06\/cropped-2021-02-Logo-Sirlima.jpg","width":676,"height":443,"caption":"Sirlima Lebensr\u00e4ume GbR"},"image":{"@id":"https:\/\/sirlima.eu\/#\/schema\/logo\/image\/"}}]}},"_links":{"self":[{"href":"https:\/\/sirlima.eu\/en\/wp-json\/wp\/v2\/product\/1800","targetHints":{"allow":["GET"]}}],"collection":[{"href":"https:\/\/sirlima.eu\/en\/wp-json\/wp\/v2\/product"}],"about":[{"href":"https:\/\/sirlima.eu\/en\/wp-json\/wp\/v2\/types\/product"}],"author":[{"embeddable":true,"href":"https:\/\/sirlima.eu\/en\/wp-json\/wp\/v2\/users\/958"}],"replies":[{"embeddable":true,"href":"https:\/\/sirlima.eu\/en\/wp-json\/wp\/v2\/comments?post=1800"}],"version-history":[{"count":4,"href":"https:\/\/sirlima.eu\/en\/wp-json\/wp\/v2\/product\/1800\/revisions"}],"predecessor-version":[{"id":19452,"href":"https:\/\/sirlima.eu\/en\/wp-json\/wp\/v2\/product\/1800\/revisions\/19452"}],"wp:featuredmedia":[{"embeddable":true,"href":"https:\/\/sirlima.eu\/en\/wp-json\/wp\/v2\/media\/4439"}],"wp:attachment":[{"href":"https:\/\/sirlima.eu\/en\/wp-json\/wp\/v2\/media?parent=1800"}],"wp:term":[{"taxonomy":"product_brand","embeddable":true,"href":"https:\/\/sirlima.eu\/en\/wp-json\/wp\/v2\/product_brand?post=1800"},{"taxonomy":"product_cat","embeddable":true,"href":"https:\/\/sirlima.eu\/en\/wp-json\/wp\/v2\/product_cat?post=1800"},{"taxonomy":"product_tag","embeddable":true,"href":"https:\/\/sirlima.eu\/en\/wp-json\/wp\/v2\/product_tag?post=1800"}],"curies":[{"name":"wp","href":"https:\/\/api.w.org\/{rel}","templated":true}]}}