{"id":11365,"date":"2022-09-20T09:33:33","date_gmt":"2022-09-20T07:33:33","guid":{"rendered":"https:\/\/sirlima.eu\/?post_type=product&#038;p=11365"},"modified":"2022-09-20T09:40:06","modified_gmt":"2022-09-20T07:40:06","slug":"energieraum-sirlamu-uebernachtung","status":"publish","type":"product","link":"https:\/\/sirlima.eu\/en\/p\/energieraum-sirlamu-uebernachtung\/","title":{"rendered":"Energieraum Sirlamu \u00dcbernachtung"},"content":{"rendered":"<h3>Die Unterkunft Sirlamu<\/h3>\n<p>Im Energieraum Sirlamu, beheizt, miteingebauter Liegefla\u0308che und 1-2 Matratzen.<br \/>\nNeben dem der Sirlima-Praxis Tanneck 11, nachts exklusiv die Lebensbatterie volltanken und dein Bewusstsein erho\u0308hen bei u\u0308ber 98.000 Bovis. Blick in die Natur. Relaxen und \u201evolltanken\u201c im, \u201eWellness-Ei\u201c von 20 \u2013 8 Uhr. WC und Dusche beim Lemuria Park nutzbar.<\/p>\n<p>Checkout ist morgens ab 8.30 Uhr. Nach Absprache auch bis 9.00 Uhr m\u00f6glich, damit wir reinigen und Tagesg\u00e4ste empfangen k\u00f6nnen.<\/p>\n<p>Bei Sirlamu \u00dcbernachtungen stellen wir entweder<\/p>\n<p>a) Matratze mit Spannbezug bereit oder<br \/>\nb) Matratze, Spannbezug, Bettzeug und Bettw\u00e4sche und ein Handtuch wie in den G\u00e4stezimmern komplett bereit.<\/p>\n<p>Die Sanit\u00e4ranlagen (Waschbecken, Du, WC) beim Bistro-Cafe stehen bei Sirlamu-\u00dcbernachtungen den G\u00e4sten zur Verf\u00fcgung. Wir empfehlen, einen Haarf\u00f6n und Badeschuhe mitzubringen. Wer duschen m\u00f6chte, kann w\u00e4hrend dieser Zeit die Bad-T\u00fcre von innen abschlie\u00dfen.<\/p>\n<p>Das Sirlamu ist innen ganzj\u00e4hrig beheizt. Tags\u00fcber 21\u00b0 Celsius, nachts 18\u00b0 Celsius<\/p>\n<p>Auf unserem Gel\u00e4nde ist eine vegetarische Selbst-Verpflegung erw\u00fcnscht, da wir mit allen Tieren und Naturwesen einen Friedensvertrag haben und unsere G\u00e4ste bitten diese Schwingungsfelder zu unterst\u00fctzen. So bleibt diese lichtvolle Insel weiterhin erhalten und kann noch viele Menschen inspirieren. Eine K\u00fchl- oder Kochm\u00f6glichkeit besteht nicht. Eine Sirlamu-\u00dcbernachtung ist wie &#8222;Camping im kosmischen Nullpunkt-Energie Raum&#8220; mitten in der Natur.<\/p>\n<p><a href=\"https:\/\/sirlima.eu\/en\/lebensenergie-tankstelle-sirlamu\/\">Mehr \u00fcber das Sirlamu<\/a><\/p>","protected":false},"excerpt":{"rendered":"<p>Die Unterkunft Sirlamu Im Energieraum Sirlamu, beheizt, miteingebauter Liegefla\u0308che und 1-2 Matratzen. Neben dem der Sirlima-Praxis Tanneck 11, nachts exklusiv die Lebensbatterie volltanken und dein Bewusstsein erho\u0308hen bei u\u0308ber 98.000 Bovis. Blick in die Natur. Relaxen und \u201evolltanken\u201c im, \u201eWellness-Ei\u201c von 20 \u2013 8 Uhr. WC und Dusche beim Lemuria Park nutzbar. Checkout ist morgens&#8230;<\/p>","protected":false},"author":131,"featured_media":3275,"comment_status":"closed","ping_status":"closed","template":"","meta":{"_acf_changed":false,"_kad_post_transparent":"default","_kad_post_title":"","_kad_post_layout":"default","_kad_post_sidebar_id":"","_kad_post_content_style":"default","_kad_post_vertical_padding":"default","_kad_post_feature":"","_kad_post_feature_position":"","_kad_post_header":false,"_kad_post_footer":false,"_kad_post_classname":""},"product_brand":[],"product_cat":[367,368],"product_tag":[],"class_list":{"0":"post-11365","1":"product","2":"type-product","3":"status-publish","4":"has-post-thumbnail","6":"product_cat-uebernachtung","7":"product_cat-unterkunft","8":"wcpa_has_options","10":"first","11":"instock","12":"virtual","13":"sold-individually","14":"purchasable","15":"product-type-booking","16":"entry","17":"content-bg","18":"loop-entry"},"acf":[],"wcpa_form_fields":{"rules":{"pric_overide_base_price":false,"pric_overide_base_price_if_gt_zero":false,"pric_overide_base_price_fully":false,"pric_cal_option_once":false,"pric_use_as_fee":false,"bind_quantity":false,"quantity_bind_formula":false},"fields":[{"type":"checkbox-group","elementId":"wcpa-checkbox-group-1658837600210","label":"Hund mit im Zimmer","desc_type":true,"inline":true,"enablePrice":true,"priceOptions":"fixed_for_all","pricingType":"fixed","price":"12","name":"checkbox-group-1658837600209","other_text":"Other","cl_rule":"show","col":6,"values":[{"label":"Hund","value":"mit im Zimmer","price":"","pimage":"","pimage_id":"","pthumb":""}],"relations":false,"form_id":11232,"form_rules":{"pric_cal_option_once":false,"exclude_from_discount":false,"pric_use_as_fee":false,"fee_label":"Geb\u00fchr","render_after_acb":false,"disp_hide_options_price":false}}]},"yoast_head":"<!-- This site is optimized with the Yoast SEO plugin v27.4 - https:\/\/yoast.com\/product\/yoast-seo-wordpress\/ -->\n<title>Energieraum Sirlamu \u00dcbernachtung - Lemuria Institut by Dunia Anandara<\/title>\n<meta name=\"description\" content=\"Mediale und mehrdimensional hellsichtige Seelen-Matrix-Lesung. Karma-Heilarbeit, Heiler Ausbildung, Negative Energie und Geist Reinigung und Coaching .\" \/>\n<meta name=\"robots\" content=\"index, follow, max-snippet:-1, max-image-preview:large, max-video-preview:-1\" \/>\n<link rel=\"canonical\" href=\"https:\/\/sirlima.eu\/en\/p\/energieraum-sirlamu-uebernachtung\/\" \/>\n<meta property=\"og:locale\" content=\"en_GB\" \/>\n<meta property=\"og:type\" content=\"article\" \/>\n<meta property=\"og:title\" content=\"Energieraum Sirlamu \u00dcbernachtung - Lemuria Institut by Dunia Anandara\" \/>\n<meta property=\"og:description\" content=\"Mediale und mehrdimensional hellsichtige Seelen-Matrix-Lesung. Karma-Heilarbeit, Heiler Ausbildung, Negative Energie und Geist Reinigung und Coaching .\" \/>\n<meta property=\"og:url\" content=\"https:\/\/sirlima.eu\/en\/p\/energieraum-sirlamu-uebernachtung\/\" \/>\n<meta property=\"og:site_name\" content=\"Lemuria Institut by Dunia Anandara\" \/>\n<meta property=\"article:modified_time\" content=\"2022-09-20T07:40:06+00:00\" \/>\n<meta property=\"og:image\" content=\"https:\/\/sirlima.eu\/wp-content\/uploads\/2021\/07\/2019-Sirlamu-mit-Slogan-scaled.jpg\" \/>\n\t<meta property=\"og:image:width\" content=\"2560\" \/>\n\t<meta property=\"og:image:height\" content=\"2233\" \/>\n\t<meta property=\"og:image:type\" content=\"image\/jpeg\" \/>\n<meta name=\"twitter:card\" content=\"summary_large_image\" \/>\n<meta name=\"twitter:label1\" content=\"Estimated reading time\" \/>\n\t<meta name=\"twitter:data1\" content=\"2 minutes\" \/>\n<script type=\"application\/ld+json\" class=\"yoast-schema-graph\">{\"@context\":\"https:\\\/\\\/schema.org\",\"@graph\":[{\"@type\":\"WebPage\",\"@id\":\"https:\\\/\\\/sirlima.eu\\\/p\\\/energieraum-sirlamu-uebernachtung\\\/\",\"url\":\"https:\\\/\\\/sirlima.eu\\\/p\\\/energieraum-sirlamu-uebernachtung\\\/\",\"name\":\"Energieraum Sirlamu \u00dcbernachtung - Lemuria Institut by Dunia Anandara\",\"isPartOf\":{\"@id\":\"https:\\\/\\\/sirlima.eu\\\/#website\"},\"primaryImageOfPage\":{\"@id\":\"https:\\\/\\\/sirlima.eu\\\/p\\\/energieraum-sirlamu-uebernachtung\\\/#primaryimage\"},\"image\":{\"@id\":\"https:\\\/\\\/sirlima.eu\\\/p\\\/energieraum-sirlamu-uebernachtung\\\/#primaryimage\"},\"thumbnailUrl\":\"https:\\\/\\\/sirlima.eu\\\/wp-content\\\/uploads\\\/2021\\\/07\\\/2019-Sirlamu-mit-Slogan-scaled.jpg\",\"datePublished\":\"2022-09-20T07:33:33+00:00\",\"dateModified\":\"2022-09-20T07:40:06+00:00\",\"description\":\"Mediale und mehrdimensional hellsichtige Seelen-Matrix-Lesung. Karma-Heilarbeit, Heiler Ausbildung, Negative Energie und Geist Reinigung und Coaching .\",\"breadcrumb\":{\"@id\":\"https:\\\/\\\/sirlima.eu\\\/p\\\/energieraum-sirlamu-uebernachtung\\\/#breadcrumb\"},\"inLanguage\":\"en-GB\",\"potentialAction\":[{\"@type\":\"ReadAction\",\"target\":[\"https:\\\/\\\/sirlima.eu\\\/p\\\/energieraum-sirlamu-uebernachtung\\\/\"]}]},{\"@type\":\"ImageObject\",\"inLanguage\":\"en-GB\",\"@id\":\"https:\\\/\\\/sirlima.eu\\\/p\\\/energieraum-sirlamu-uebernachtung\\\/#primaryimage\",\"url\":\"https:\\\/\\\/sirlima.eu\\\/wp-content\\\/uploads\\\/2021\\\/07\\\/2019-Sirlamu-mit-Slogan-scaled.jpg\",\"contentUrl\":\"https:\\\/\\\/sirlima.eu\\\/wp-content\\\/uploads\\\/2021\\\/07\\\/2019-Sirlamu-mit-Slogan-scaled.jpg\",\"width\":2560,\"height\":2233,\"caption\":\"SONY DSC\"},{\"@type\":\"BreadcrumbList\",\"@id\":\"https:\\\/\\\/sirlima.eu\\\/p\\\/energieraum-sirlamu-uebernachtung\\\/#breadcrumb\",\"itemListElement\":[{\"@type\":\"ListItem\",\"position\":1,\"name\":\"Home\",\"item\":\"https:\\\/\\\/sirlima.eu\\\/\"},{\"@type\":\"ListItem\",\"position\":2,\"name\":\"Lemuria Vereinserzeugnisse\",\"item\":\"https:\\\/\\\/sirlima.eu\\\/shop\\\/\"},{\"@type\":\"ListItem\",\"position\":3,\"name\":\"Energieraum Sirlamu \u00dcbernachtung\"}]},{\"@type\":\"WebSite\",\"@id\":\"https:\\\/\\\/sirlima.eu\\\/#website\",\"url\":\"https:\\\/\\\/sirlima.eu\\\/\",\"name\":\"Lemuria Institut by Dunia Anandara\",\"description\":\"Energetic-Natural-Spiritual Lemuria Lifestyle\",\"publisher\":{\"@id\":\"https:\\\/\\\/sirlima.eu\\\/#organization\"},\"potentialAction\":[{\"@type\":\"SearchAction\",\"target\":{\"@type\":\"EntryPoint\",\"urlTemplate\":\"https:\\\/\\\/sirlima.eu\\\/?s={search_term_string}\"},\"query-input\":{\"@type\":\"PropertyValueSpecification\",\"valueRequired\":true,\"valueName\":\"search_term_string\"}}],\"inLanguage\":\"en-GB\"},{\"@type\":\"Organization\",\"@id\":\"https:\\\/\\\/sirlima.eu\\\/#organization\",\"name\":\"Sirlima Lebensr\u00e4ume GbR\",\"url\":\"https:\\\/\\\/sirlima.eu\\\/\",\"logo\":{\"@type\":\"ImageObject\",\"inLanguage\":\"en-GB\",\"@id\":\"https:\\\/\\\/sirlima.eu\\\/#\\\/schema\\\/logo\\\/image\\\/\",\"url\":\"https:\\\/\\\/sirlima.eu\\\/wp-content\\\/uploads\\\/2021\\\/06\\\/cropped-2021-02-Logo-Sirlima.jpg\",\"contentUrl\":\"https:\\\/\\\/sirlima.eu\\\/wp-content\\\/uploads\\\/2021\\\/06\\\/cropped-2021-02-Logo-Sirlima.jpg\",\"width\":676,\"height\":443,\"caption\":\"Sirlima Lebensr\u00e4ume GbR\"},\"image\":{\"@id\":\"https:\\\/\\\/sirlima.eu\\\/#\\\/schema\\\/logo\\\/image\\\/\"}}]}<\/script>\n<!-- \/ Yoast SEO plugin. -->","yoast_head_json":{"title":"Energieraum Sirlamu \u00dcbernachtung - Lemuria Institut by Dunia Anandara","description":"Mediale und mehrdimensional hellsichtige Seelen-Matrix-Lesung. Karma-Heilarbeit, Heiler Ausbildung, Negative Energie und Geist Reinigung und Coaching .","robots":{"index":"index","follow":"follow","max-snippet":"max-snippet:-1","max-image-preview":"max-image-preview:large","max-video-preview":"max-video-preview:-1"},"canonical":"https:\/\/sirlima.eu\/en\/p\/energieraum-sirlamu-uebernachtung\/","og_locale":"en_GB","og_type":"article","og_title":"Energieraum Sirlamu \u00dcbernachtung - Lemuria Institut by Dunia Anandara","og_description":"Mediale und mehrdimensional hellsichtige Seelen-Matrix-Lesung. Karma-Heilarbeit, Heiler Ausbildung, Negative Energie und Geist Reinigung und Coaching .","og_url":"https:\/\/sirlima.eu\/en\/p\/energieraum-sirlamu-uebernachtung\/","og_site_name":"Lemuria Institut by Dunia Anandara","article_modified_time":"2022-09-20T07:40:06+00:00","og_image":[{"width":2560,"height":2233,"url":"https:\/\/sirlima.eu\/wp-content\/uploads\/2021\/07\/2019-Sirlamu-mit-Slogan-scaled.jpg","type":"image\/jpeg"}],"twitter_card":"summary_large_image","twitter_misc":{"Estimated reading time":"2 minutes"},"schema":{"@context":"https:\/\/schema.org","@graph":[{"@type":"WebPage","@id":"https:\/\/sirlima.eu\/p\/energieraum-sirlamu-uebernachtung\/","url":"https:\/\/sirlima.eu\/p\/energieraum-sirlamu-uebernachtung\/","name":"Energieraum Sirlamu \u00dcbernachtung - Lemuria Institut by Dunia Anandara","isPartOf":{"@id":"https:\/\/sirlima.eu\/#website"},"primaryImageOfPage":{"@id":"https:\/\/sirlima.eu\/p\/energieraum-sirlamu-uebernachtung\/#primaryimage"},"image":{"@id":"https:\/\/sirlima.eu\/p\/energieraum-sirlamu-uebernachtung\/#primaryimage"},"thumbnailUrl":"https:\/\/sirlima.eu\/wp-content\/uploads\/2021\/07\/2019-Sirlamu-mit-Slogan-scaled.jpg","datePublished":"2022-09-20T07:33:33+00:00","dateModified":"2022-09-20T07:40:06+00:00","description":"Mediale und mehrdimensional hellsichtige Seelen-Matrix-Lesung. Karma-Heilarbeit, Heiler Ausbildung, Negative Energie und Geist Reinigung und Coaching .","breadcrumb":{"@id":"https:\/\/sirlima.eu\/p\/energieraum-sirlamu-uebernachtung\/#breadcrumb"},"inLanguage":"en-GB","potentialAction":[{"@type":"ReadAction","target":["https:\/\/sirlima.eu\/p\/energieraum-sirlamu-uebernachtung\/"]}]},{"@type":"ImageObject","inLanguage":"en-GB","@id":"https:\/\/sirlima.eu\/p\/energieraum-sirlamu-uebernachtung\/#primaryimage","url":"https:\/\/sirlima.eu\/wp-content\/uploads\/2021\/07\/2019-Sirlamu-mit-Slogan-scaled.jpg","contentUrl":"https:\/\/sirlima.eu\/wp-content\/uploads\/2021\/07\/2019-Sirlamu-mit-Slogan-scaled.jpg","width":2560,"height":2233,"caption":"SONY DSC"},{"@type":"BreadcrumbList","@id":"https:\/\/sirlima.eu\/p\/energieraum-sirlamu-uebernachtung\/#breadcrumb","itemListElement":[{"@type":"ListItem","position":1,"name":"Home","item":"https:\/\/sirlima.eu\/"},{"@type":"ListItem","position":2,"name":"Lemuria Vereinserzeugnisse","item":"https:\/\/sirlima.eu\/shop\/"},{"@type":"ListItem","position":3,"name":"Energieraum Sirlamu \u00dcbernachtung"}]},{"@type":"WebSite","@id":"https:\/\/sirlima.eu\/#website","url":"https:\/\/sirlima.eu\/","name":"Lemuria Institut by Dunia Anandara","description":"Energetic-Natural-Spiritual Lemuria Lifestyle","publisher":{"@id":"https:\/\/sirlima.eu\/#organization"},"potentialAction":[{"@type":"SearchAction","target":{"@type":"EntryPoint","urlTemplate":"https:\/\/sirlima.eu\/?s={search_term_string}"},"query-input":{"@type":"PropertyValueSpecification","valueRequired":true,"valueName":"search_term_string"}}],"inLanguage":"en-GB"},{"@type":"Organization","@id":"https:\/\/sirlima.eu\/#organization","name":"Sirlima Lebensr\u00e4ume GbR","url":"https:\/\/sirlima.eu\/","logo":{"@type":"ImageObject","inLanguage":"en-GB","@id":"https:\/\/sirlima.eu\/#\/schema\/logo\/image\/","url":"https:\/\/sirlima.eu\/wp-content\/uploads\/2021\/06\/cropped-2021-02-Logo-Sirlima.jpg","contentUrl":"https:\/\/sirlima.eu\/wp-content\/uploads\/2021\/06\/cropped-2021-02-Logo-Sirlima.jpg","width":676,"height":443,"caption":"Sirlima Lebensr\u00e4ume GbR"},"image":{"@id":"https:\/\/sirlima.eu\/#\/schema\/logo\/image\/"}}]}},"_links":{"self":[{"href":"https:\/\/sirlima.eu\/en\/wp-json\/wp\/v2\/product\/11365","targetHints":{"allow":["GET"]}}],"collection":[{"href":"https:\/\/sirlima.eu\/en\/wp-json\/wp\/v2\/product"}],"about":[{"href":"https:\/\/sirlima.eu\/en\/wp-json\/wp\/v2\/types\/product"}],"author":[{"embeddable":true,"href":"https:\/\/sirlima.eu\/en\/wp-json\/wp\/v2\/users\/131"}],"replies":[{"embeddable":true,"href":"https:\/\/sirlima.eu\/en\/wp-json\/wp\/v2\/comments?post=11365"}],"version-history":[{"count":1,"href":"https:\/\/sirlima.eu\/en\/wp-json\/wp\/v2\/product\/11365\/revisions"}],"predecessor-version":[{"id":11367,"href":"https:\/\/sirlima.eu\/en\/wp-json\/wp\/v2\/product\/11365\/revisions\/11367"}],"wp:featuredmedia":[{"embeddable":true,"href":"https:\/\/sirlima.eu\/en\/wp-json\/wp\/v2\/media\/3275"}],"wp:attachment":[{"href":"https:\/\/sirlima.eu\/en\/wp-json\/wp\/v2\/media?parent=11365"}],"wp:term":[{"taxonomy":"product_brand","embeddable":true,"href":"https:\/\/sirlima.eu\/en\/wp-json\/wp\/v2\/product_brand?post=11365"},{"taxonomy":"product_cat","embeddable":true,"href":"https:\/\/sirlima.eu\/en\/wp-json\/wp\/v2\/product_cat?post=11365"},{"taxonomy":"product_tag","embeddable":true,"href":"https:\/\/sirlima.eu\/en\/wp-json\/wp\/v2\/product_tag?post=11365"}],"curies":[{"name":"wp","href":"https:\/\/api.w.org\/{rel}","templated":true}]}}