{"id":5786,"date":"2021-11-22T18:37:58","date_gmt":"2021-11-22T17:37:58","guid":{"rendered":"https:\/\/sirlima.eu\/?page_id=5786"},"modified":"2025-01-11T16:42:01","modified_gmt":"2025-01-11T15:42:01","slug":"g5-harmonizer","status":"publish","type":"page","link":"https:\/\/sirlima.eu\/en\/g5-harmonizer\/","title":{"rendered":"G5 \u2013 Harmonizer"},"content":{"rendered":"<div data-elementor-type=\"wp-page\" data-elementor-id=\"5786\" class=\"elementor elementor-5786\" data-elementor-post-type=\"page\">\n\t\t\t\t\t\t<section class=\"elementor-section elementor-top-section elementor-element elementor-element-32fb28c elementor-section-boxed elementor-section-height-default elementor-section-height-default\" data-id=\"32fb28c\" data-element_type=\"section\">\n\t\t\t\t\t\t<div class=\"elementor-container elementor-column-gap-default\">\n\t\t\t\t\t<div class=\"elementor-column elementor-col-100 elementor-top-column elementor-element elementor-element-5ea7000 fullw\" data-id=\"5ea7000\" data-element_type=\"column\">\n\t\t\t<div class=\"elementor-widget-wrap elementor-element-populated\">\n\t\t\t\t\t\t<div class=\"elementor-element elementor-element-7342083 elementor--h-position-center elementor--v-position-middle elementor-arrows-position-inside elementor-pagination-position-inside elementor-widget elementor-widget-slides\" data-id=\"7342083\" data-element_type=\"widget\" data-settings=\"{&quot;navigation&quot;:&quot;both&quot;,&quot;autoplay&quot;:&quot;yes&quot;,&quot;pause_on_hover&quot;:&quot;yes&quot;,&quot;pause_on_interaction&quot;:&quot;yes&quot;,&quot;autoplay_speed&quot;:5000,&quot;infinite&quot;:&quot;yes&quot;,&quot;transition&quot;:&quot;slide&quot;,&quot;transition_speed&quot;:500}\" data-widget_type=\"slides.default\">\n\t\t\t\t<div class=\"elementor-widget-container\">\n\t\t\t\t\t\t\t<div class=\"elementor-swiper\">\n\t\t\t<div class=\"elementor-slides-wrapper elementor-main-swiper swiper-container\" dir=\"ltr\" data-animation=\"fadeInUp\">\n\t\t\t\t<div class=\"swiper-wrapper elementor-slides\">\n\t\t\t\t\t\t\t\t\t\t<div class=\"elementor-repeater-item-946d6b7 swiper-slide\"><div class=\"swiper-slide-bg elementor-ken-burns elementor-ken-burns--in\" role=\"img\"><\/div><div class=\"elementor-background-overlay\"><\/div><div class=\"swiper-slide-inner\" ><div class=\"swiper-slide-contents\"><div class=\"elementor-slide-heading\">G5 \u2013 Harmonizer<\/div><\/div><\/div><\/div>\t\t\t\t<\/div>\n\t\t\t\t\t\t\t<\/div>\n\t\t<\/div>\n\t\t\t\t\t\t<\/div>\n\t\t\t\t<\/div>\n\t\t\t\t\t<\/div>\n\t\t<\/div>\n\t\t\t\t\t<\/div>\n\t\t<\/section>\n\t\t\t\t<section class=\"elementor-section elementor-top-section elementor-element elementor-element-b8434f8 elementor-section-boxed elementor-section-height-default elementor-section-height-default\" data-id=\"b8434f8\" data-element_type=\"section\">\n\t\t\t\t\t\t<div class=\"elementor-container elementor-column-gap-default\">\n\t\t\t\t\t<div class=\"elementor-column elementor-col-100 elementor-top-column elementor-element elementor-element-495b29c\" data-id=\"495b29c\" data-element_type=\"column\">\n\t\t\t<div class=\"elementor-widget-wrap elementor-element-populated\">\n\t\t\t\t\t\t<div class=\"elementor-element elementor-element-5fa7c55 elementor-widget elementor-widget-heading\" data-id=\"5fa7c55\" data-element_type=\"widget\" data-widget_type=\"heading.default\">\n\t\t\t\t<div class=\"elementor-widget-container\">\n\t\t\t\t\t<h1 class=\"elementor-heading-title elementor-size-default\">G5 und E-Smog Zell-Harmonizer\n<\/h1>\t\t\t\t<\/div>\n\t\t\t\t<\/div>\n\t\t\t\t\t<\/div>\n\t\t<\/div>\n\t\t\t\t\t<\/div>\n\t\t<\/section>\n\t\t\t\t<section class=\"elementor-section elementor-top-section elementor-element elementor-element-df05939 elementor-section-boxed elementor-section-height-default elementor-section-height-default\" data-id=\"df05939\" data-element_type=\"section\">\n\t\t\t\t\t\t<div class=\"elementor-container elementor-column-gap-default\">\n\t\t\t\t\t<div class=\"elementor-column elementor-col-100 elementor-top-column elementor-element elementor-element-16b0e12\" data-id=\"16b0e12\" data-element_type=\"column\">\n\t\t\t<div class=\"elementor-widget-wrap elementor-element-populated\">\n\t\t\t\t\t\t<div class=\"elementor-element elementor-element-00f3d19 elementor-widget elementor-widget-text-editor\" data-id=\"00f3d19\" data-element_type=\"widget\" data-widget_type=\"text-editor.default\">\n\t\t\t\t<div class=\"elementor-widget-container\">\n\t\t\t\t\t\t\t\t\t<p style=\"text-align: center;\">Achtsames ber\u00fchren der Kupferrohre erw\u00fcnscht. Besucher berichten, wie auf Zellebene sp\u00fcrbar Ruhe und Balance einkehrt. Elektrostress geht innerlich wahrnehmbar weg. Verweildauer 2-5 Minuten oder nach Empfindung.\u2028\u2028<\/p><p style=\"text-align: center;\">Die neben dem Gartenhaus sichtbaren Handy-Antennen sind nicht mehr aktiv.\u2028Sie machen lediglich bewusst, dass Handy-, WLAN, LTE, Bluetooth und viele\u2028weiteren technischen Frequenzen \u00fcberall auf unseren K\u00f6rper einwirken k\u00f6nnen.<br \/>Die t\u00e4gliche \u201eEntladung\u201c und Erdung des Organismus ist sehr empfehlenswert.<\/p>\t\t\t\t\t\t\t\t<\/div>\n\t\t\t\t<\/div>\n\t\t\t\t<div class=\"elementor-element elementor-element-79c8dce elementor-widget elementor-widget-spacer\" data-id=\"79c8dce\" data-element_type=\"widget\" data-widget_type=\"spacer.default\">\n\t\t\t\t<div class=\"elementor-widget-container\">\n\t\t\t\t\t\t\t<div class=\"elementor-spacer\">\n\t\t\t<div class=\"elementor-spacer-inner\"><\/div>\n\t\t<\/div>\n\t\t\t\t\t\t<\/div>\n\t\t\t\t<\/div>\n\t\t\t\t\t<\/div>\n\t\t<\/div>\n\t\t\t\t\t<\/div>\n\t\t<\/section>\n\t\t\t\t<section class=\"elementor-section elementor-top-section elementor-element elementor-element-3b5319f elementor-section-boxed elementor-section-height-default elementor-section-height-default\" data-id=\"3b5319f\" data-element_type=\"section\">\n\t\t\t\t\t\t<div class=\"elementor-container elementor-column-gap-default\">\n\t\t\t\t\t<div class=\"elementor-column elementor-col-33 elementor-top-column elementor-element elementor-element-f1e0ecb\" data-id=\"f1e0ecb\" data-element_type=\"column\">\n\t\t\t<div class=\"elementor-widget-wrap elementor-element-populated\">\n\t\t\t\t\t\t<div class=\"elementor-element elementor-element-f81b77b elementor-widget elementor-widget-image\" data-id=\"f81b77b\" data-element_type=\"widget\" data-widget_type=\"image.default\">\n\t\t\t\t<div class=\"elementor-widget-container\">\n\t\t\t\t\t\t\t\t\t\t\t\t<figure class=\"wp-caption\">\n\t\t\t\t\t\t\t\t\t\t<img decoding=\"async\" src=\"https:\/\/sirlima.eu\/wp-content\/uploads\/elementor\/thumbs\/E-Smog-Zell-Harmonizer-scaled-1-pgg6rs7dk2isxv4m8wrfslmsbevdj1cb7dqfvxbw3k.jpeg\" title=\"E-Smog-Zell-Harmonizer-scaled\" alt=\"E-Smog-Zell-Harmonizer-scaled\" loading=\"lazy\" \/>\t\t\t\t\t\t\t\t\t\t\t<figcaption class=\"widget-image-caption wp-caption-text\">G5 Harmonizer 5D Wirkobjekt by Dunia Anandara im Lemuria Energiepark<\/figcaption>\n\t\t\t\t\t\t\t\t\t\t<\/figure>\n\t\t\t\t\t\t\t\t\t<\/div>\n\t\t\t\t<\/div>\n\t\t\t\t\t<\/div>\n\t\t<\/div>\n\t\t\t\t<div class=\"elementor-column elementor-col-33 elementor-top-column elementor-element elementor-element-b22c78f\" data-id=\"b22c78f\" data-element_type=\"column\">\n\t\t\t<div class=\"elementor-widget-wrap elementor-element-populated\">\n\t\t\t\t\t\t<div class=\"elementor-element elementor-element-3adf6ad elementor-widget elementor-widget-image\" data-id=\"3adf6ad\" data-element_type=\"widget\" data-widget_type=\"image.default\">\n\t\t\t\t<div class=\"elementor-widget-container\">\n\t\t\t\t\t\t\t\t\t\t\t\t<figure class=\"wp-caption\">\n\t\t\t\t\t\t\t\t\t\t<img decoding=\"async\" src=\"https:\/\/sirlima.eu\/wp-content\/uploads\/elementor\/thumbs\/E-Smog-Zell-Harmonizer-1-scaled-1-pgg6r0y21vhhl687o2z9aaif38lqbtc3fmtcywgb40.jpeg\" title=\"E-Smog-Zell-Harmonizer-1-scaled\" alt=\"E-Smog-Zell-Harmonizer-1-scaled\" loading=\"lazy\" \/>\t\t\t\t\t\t\t\t\t\t\t<figcaption class=\"widget-image-caption wp-caption-text\">G5 Harmonizer Detail<\/figcaption>\n\t\t\t\t\t\t\t\t\t\t<\/figure>\n\t\t\t\t\t\t\t\t\t<\/div>\n\t\t\t\t<\/div>\n\t\t\t\t\t<\/div>\n\t\t<\/div>\n\t\t\t\t<div class=\"elementor-column elementor-col-33 elementor-top-column elementor-element elementor-element-961ccfa\" data-id=\"961ccfa\" data-element_type=\"column\">\n\t\t\t<div class=\"elementor-widget-wrap elementor-element-populated\">\n\t\t\t\t\t\t<div class=\"elementor-element elementor-element-12e80e0 elementor-widget elementor-widget-image\" data-id=\"12e80e0\" data-element_type=\"widget\" data-widget_type=\"image.default\">\n\t\t\t\t<div class=\"elementor-widget-container\">\n\t\t\t\t\t\t\t\t\t\t\t\t<figure class=\"wp-caption\">\n\t\t\t\t\t\t\t\t\t\t\t<a href=\"https:\/\/sirlima.eu\/en\/lemuria-park-infos\/\" target=\"_blank\">\n\t\t\t\t\t\t\t<img decoding=\"async\" src=\"https:\/\/sirlima.eu\/wp-content\/uploads\/elementor\/thumbs\/E-Smog-Zell-Harmonizer2-scaled-1-pgg6sgn6hrg9bq54a7bqlfgrrfix361byqp2d4bnls.jpeg\" title=\"E-Smog-Zell-Harmonizer2-scaled\" alt=\"E-Smog-Zell-Harmonizer2-scaled\" loading=\"lazy\" \/>\t\t\t\t\t\t\t\t<\/a>\n\t\t\t\t\t\t\t\t\t\t\t<figcaption class=\"widget-image-caption wp-caption-text\">G5 Harmonizer 5D Wirkobjekt by Dunia Anandara im Lemuria Energiepark<\/figcaption>\n\t\t\t\t\t\t\t\t\t\t<\/figure>\n\t\t\t\t\t\t\t\t\t<\/div>\n\t\t\t\t<\/div>\n\t\t\t\t\t<\/div>\n\t\t<\/div>\n\t\t\t\t\t<\/div>\n\t\t<\/section>\n\t\t\t\t<section class=\"elementor-section elementor-top-section elementor-element elementor-element-1ef5308 elementor-section-boxed elementor-section-height-default elementor-section-height-default\" data-id=\"1ef5308\" data-element_type=\"section\">\n\t\t\t\t\t\t<div class=\"elementor-container elementor-column-gap-default\">\n\t\t\t\t\t<div class=\"elementor-column elementor-col-100 elementor-top-column elementor-element elementor-element-0eaaead\" data-id=\"0eaaead\" data-element_type=\"column\">\n\t\t\t<div class=\"elementor-widget-wrap elementor-element-populated\">\n\t\t\t\t\t\t<div class=\"elementor-element elementor-element-6daae2f elementor-widget elementor-widget-spacer\" data-id=\"6daae2f\" data-element_type=\"widget\" data-widget_type=\"spacer.default\">\n\t\t\t\t<div class=\"elementor-widget-container\">\n\t\t\t\t\t\t\t<div class=\"elementor-spacer\">\n\t\t\t<div class=\"elementor-spacer-inner\"><\/div>\n\t\t<\/div>\n\t\t\t\t\t\t<\/div>\n\t\t\t\t<\/div>\n\t\t\t\t\t<\/div>\n\t\t<\/div>\n\t\t\t\t\t<\/div>\n\t\t<\/section>\n\t\t\t\t<section class=\"elementor-section elementor-top-section elementor-element elementor-element-8e25377 elementor-section-boxed elementor-section-height-default elementor-section-height-default\" data-id=\"8e25377\" data-element_type=\"section\">\n\t\t\t\t\t\t<div class=\"elementor-container elementor-column-gap-default\">\n\t\t\t\t\t<div class=\"elementor-column elementor-col-100 elementor-top-column elementor-element elementor-element-22f3e3c\" data-id=\"22f3e3c\" data-element_type=\"column\">\n\t\t\t<div class=\"elementor-widget-wrap elementor-element-populated\">\n\t\t\t\t\t\t<div class=\"elementor-element elementor-element-d2c0613 elementor-widget elementor-widget-text-editor\" data-id=\"d2c0613\" data-element_type=\"widget\" data-widget_type=\"text-editor.default\">\n\t\t\t\t<div class=\"elementor-widget-container\">\n\t\t\t\t\t\t\t\t\t<p>G55G befreit aus deinen Zellen die biologisch-disharmonische Wirkung von digitalen, elektrischen und elektro-magnetischen nieder- und hochfrequenten technischen Energien.<br \/><br \/>G55G reduziert im direkten Umfeld der Wirk-Skulptur gesundheitssch\u00e4dlichen E-Smog.<br \/><br \/>Optimale w\u00f6chentliche Anwendung: An irgend einer Stelle die Kupfer-Wendelrohr-Anordnung mit der Haut ber\u00fchren und ca. 2-5 Minuten in Position bleiben.<br \/><br \/>Gerne Zwischendurch abwechseln: H\u00e4nde, Kopf, oder Haut-Kontakt generell. <br \/><br \/>Danach f\u00fchlen Menschen eine energetische Reinheit, Leichtigkeit, innere Ruhe und mehr Klarheit. <br \/><br \/>HINWEIS: Der im Park gegen\u00fcber sichtbare Handymast ist zur Zeit nicht aktiv und hat keine st\u00f6rende Wirkungen. <br \/><br \/>Geniesse deinen Besuch im Lemuria 5D-Schwingungsfeld am besten bei ausgeschaltetem Handy oder im \u201eFlugmodus\u201c.<\/p>\t\t\t\t\t\t\t\t<\/div>\n\t\t\t\t<\/div>\n\t\t\t\t\t<\/div>\n\t\t<\/div>\n\t\t\t\t\t<\/div>\n\t\t<\/section>\n\t\t\t\t<\/div>","protected":false},"excerpt":{"rendered":"<p>G5 \u2013 Harmonizer G5 und E-Smog Zell-Harmonizer Achtsames ber\u00fchren der Kupferrohre erw\u00fcnscht. Besucher berichten, wie auf Zellebene sp\u00fcrbar Ruhe und Balance einkehrt. Elektrostress geht innerlich wahrnehmbar weg. Verweildauer 2-5 Minuten oder nach Empfindung.\u2028\u2028 Die neben dem Gartenhaus sichtbaren Handy-Antennen sind nicht mehr aktiv.\u2028Sie machen lediglich bewusst, dass Handy-, WLAN, LTE, Bluetooth und viele\u2028weiteren technischen Frequenzen&#8230;<\/p>","protected":false},"author":9,"featured_media":0,"parent":0,"menu_order":0,"comment_status":"closed","ping_status":"closed","template":"","meta":{"_acf_changed":false,"_kad_post_transparent":"","_kad_post_title":"hide","_kad_post_layout":"fullwidth","_kad_post_sidebar_id":"","_kad_post_content_style":"unboxed","_kad_post_vertical_padding":"hide","_kad_post_feature":"hide","_kad_post_feature_position":"","_kad_post_header":false,"_kad_post_footer":false,"_kad_post_classname":"","footnotes":""},"class_list":["post-5786","page","type-page","status-publish","hentry"],"acf":[],"yoast_head":"<!-- This site is optimized with the Yoast SEO plugin v27.4 - https:\/\/yoast.com\/product\/yoast-seo-wordpress\/ -->\n<title>G5 \u2013 Harmonizer - Lemuria Institut by Dunia Anandara<\/title>\n<meta name=\"description\" content=\"Besucher berichten, wie auf Zellebene Ruhe und Balance einkehrt. Elektrostress geht innerlich sp\u00fcrbar weg.\u2028 Erdung des Organismus ist empfehlenswert.\" \/>\n<meta name=\"robots\" content=\"index, follow, max-snippet:-1, max-image-preview:large, max-video-preview:-1\" \/>\n<link rel=\"canonical\" href=\"https:\/\/sirlima.eu\/en\/g5-harmonizer\/\" \/>\n<meta property=\"og:locale\" content=\"en_GB\" \/>\n<meta property=\"og:type\" content=\"article\" \/>\n<meta property=\"og:title\" content=\"G5 \u2013 Harmonizer - Lemuria Institut by Dunia Anandara\" \/>\n<meta property=\"og:description\" content=\"Besucher berichten, wie auf Zellebene Ruhe und Balance einkehrt. Elektrostress geht innerlich sp\u00fcrbar weg.\u2028 Erdung des Organismus ist empfehlenswert.\" \/>\n<meta property=\"og:url\" content=\"https:\/\/sirlima.eu\/en\/g5-harmonizer\/\" \/>\n<meta property=\"og:site_name\" content=\"Lemuria Institut by Dunia Anandara\" \/>\n<meta property=\"article:modified_time\" content=\"2025-01-11T15:42:01+00:00\" \/>\n<meta property=\"og:image\" content=\"https:\/\/sirlima.eu\/wp-content\/uploads\/elementor\/thumbs\/E-Smog-Zell-Harmonizer-scaled-1-pgg6rs7dk2isxv4m8wrfslmsbevdj1cb7dqfvxbw3k.jpeg\" \/>\n<meta name=\"twitter:card\" content=\"summary_large_image\" \/>\n<meta name=\"twitter:label1\" content=\"Estimated reading time\" \/>\n\t<meta name=\"twitter:data1\" content=\"1 minute\" \/>\n<script type=\"application\/ld+json\" class=\"yoast-schema-graph\">{\"@context\":\"https:\\\/\\\/schema.org\",\"@graph\":[{\"@type\":\"WebPage\",\"@id\":\"https:\\\/\\\/sirlima.eu\\\/g5-harmonizer\\\/\",\"url\":\"https:\\\/\\\/sirlima.eu\\\/g5-harmonizer\\\/\",\"name\":\"G5 \u2013 Harmonizer - Lemuria Institut by Dunia Anandara\",\"isPartOf\":{\"@id\":\"https:\\\/\\\/sirlima.eu\\\/#website\"},\"primaryImageOfPage\":{\"@id\":\"https:\\\/\\\/sirlima.eu\\\/g5-harmonizer\\\/#primaryimage\"},\"image\":{\"@id\":\"https:\\\/\\\/sirlima.eu\\\/g5-harmonizer\\\/#primaryimage\"},\"thumbnailUrl\":\"https:\\\/\\\/sirlima.eu\\\/wp-content\\\/uploads\\\/elementor\\\/thumbs\\\/E-Smog-Zell-Harmonizer-scaled-1-pgg6rs7dk2isxv4m8wrfslmsbevdj1cb7dqfvxbw3k.jpeg\",\"datePublished\":\"2021-11-22T17:37:58+00:00\",\"dateModified\":\"2025-01-11T15:42:01+00:00\",\"description\":\"Besucher berichten, wie auf Zellebene Ruhe und Balance einkehrt. Elektrostress geht innerlich sp\u00fcrbar weg.\\u2028 Erdung des Organismus ist empfehlenswert.\",\"breadcrumb\":{\"@id\":\"https:\\\/\\\/sirlima.eu\\\/g5-harmonizer\\\/#breadcrumb\"},\"inLanguage\":\"en-GB\",\"potentialAction\":[{\"@type\":\"ReadAction\",\"target\":[\"https:\\\/\\\/sirlima.eu\\\/g5-harmonizer\\\/\"]}]},{\"@type\":\"ImageObject\",\"inLanguage\":\"en-GB\",\"@id\":\"https:\\\/\\\/sirlima.eu\\\/g5-harmonizer\\\/#primaryimage\",\"url\":\"https:\\\/\\\/sirlima.eu\\\/wp-content\\\/uploads\\\/elementor\\\/thumbs\\\/E-Smog-Zell-Harmonizer-scaled-1-pgg6rs7dk2isxv4m8wrfslmsbevdj1cb7dqfvxbw3k.jpeg\",\"contentUrl\":\"https:\\\/\\\/sirlima.eu\\\/wp-content\\\/uploads\\\/elementor\\\/thumbs\\\/E-Smog-Zell-Harmonizer-scaled-1-pgg6rs7dk2isxv4m8wrfslmsbevdj1cb7dqfvxbw3k.jpeg\"},{\"@type\":\"BreadcrumbList\",\"@id\":\"https:\\\/\\\/sirlima.eu\\\/g5-harmonizer\\\/#breadcrumb\",\"itemListElement\":[{\"@type\":\"ListItem\",\"position\":1,\"name\":\"Home\",\"item\":\"https:\\\/\\\/sirlima.eu\\\/\"},{\"@type\":\"ListItem\",\"position\":2,\"name\":\"G5 \u2013 Harmonizer\"}]},{\"@type\":\"WebSite\",\"@id\":\"https:\\\/\\\/sirlima.eu\\\/#website\",\"url\":\"https:\\\/\\\/sirlima.eu\\\/\",\"name\":\"Lemuria Institut by Dunia Anandara\",\"description\":\"Energetic-Natural-Spiritual Lemuria Lifestyle\",\"publisher\":{\"@id\":\"https:\\\/\\\/sirlima.eu\\\/#organization\"},\"potentialAction\":[{\"@type\":\"SearchAction\",\"target\":{\"@type\":\"EntryPoint\",\"urlTemplate\":\"https:\\\/\\\/sirlima.eu\\\/?s={search_term_string}\"},\"query-input\":{\"@type\":\"PropertyValueSpecification\",\"valueRequired\":true,\"valueName\":\"search_term_string\"}}],\"inLanguage\":\"en-GB\"},{\"@type\":\"Organization\",\"@id\":\"https:\\\/\\\/sirlima.eu\\\/#organization\",\"name\":\"Sirlima Lebensr\u00e4ume GbR\",\"url\":\"https:\\\/\\\/sirlima.eu\\\/\",\"logo\":{\"@type\":\"ImageObject\",\"inLanguage\":\"en-GB\",\"@id\":\"https:\\\/\\\/sirlima.eu\\\/#\\\/schema\\\/logo\\\/image\\\/\",\"url\":\"https:\\\/\\\/sirlima.eu\\\/wp-content\\\/uploads\\\/2021\\\/06\\\/cropped-2021-02-Logo-Sirlima.jpg\",\"contentUrl\":\"https:\\\/\\\/sirlima.eu\\\/wp-content\\\/uploads\\\/2021\\\/06\\\/cropped-2021-02-Logo-Sirlima.jpg\",\"width\":676,\"height\":443,\"caption\":\"Sirlima Lebensr\u00e4ume GbR\"},\"image\":{\"@id\":\"https:\\\/\\\/sirlima.eu\\\/#\\\/schema\\\/logo\\\/image\\\/\"}}]}<\/script>\n<!-- \/ Yoast SEO plugin. -->","yoast_head_json":{"title":"G5 \u2013 Harmonizer - Lemuria Institut by Dunia Anandara","description":"Besucher berichten, wie auf Zellebene Ruhe und Balance einkehrt. Elektrostress geht innerlich sp\u00fcrbar weg.\u2028 Erdung des Organismus ist empfehlenswert.","robots":{"index":"index","follow":"follow","max-snippet":"max-snippet:-1","max-image-preview":"max-image-preview:large","max-video-preview":"max-video-preview:-1"},"canonical":"https:\/\/sirlima.eu\/en\/g5-harmonizer\/","og_locale":"en_GB","og_type":"article","og_title":"G5 \u2013 Harmonizer - Lemuria Institut by Dunia Anandara","og_description":"Besucher berichten, wie auf Zellebene Ruhe und Balance einkehrt. Elektrostress geht innerlich sp\u00fcrbar weg.\u2028 Erdung des Organismus ist empfehlenswert.","og_url":"https:\/\/sirlima.eu\/en\/g5-harmonizer\/","og_site_name":"Lemuria Institut by Dunia Anandara","article_modified_time":"2025-01-11T15:42:01+00:00","og_image":[{"url":"https:\/\/sirlima.eu\/wp-content\/uploads\/elementor\/thumbs\/E-Smog-Zell-Harmonizer-scaled-1-pgg6rs7dk2isxv4m8wrfslmsbevdj1cb7dqfvxbw3k.jpeg","type":"","width":"","height":""}],"twitter_card":"summary_large_image","twitter_misc":{"Estimated reading time":"1 minute"},"schema":{"@context":"https:\/\/schema.org","@graph":[{"@type":"WebPage","@id":"https:\/\/sirlima.eu\/g5-harmonizer\/","url":"https:\/\/sirlima.eu\/g5-harmonizer\/","name":"G5 \u2013 Harmonizer - Lemuria Institut by Dunia Anandara","isPartOf":{"@id":"https:\/\/sirlima.eu\/#website"},"primaryImageOfPage":{"@id":"https:\/\/sirlima.eu\/g5-harmonizer\/#primaryimage"},"image":{"@id":"https:\/\/sirlima.eu\/g5-harmonizer\/#primaryimage"},"thumbnailUrl":"https:\/\/sirlima.eu\/wp-content\/uploads\/elementor\/thumbs\/E-Smog-Zell-Harmonizer-scaled-1-pgg6rs7dk2isxv4m8wrfslmsbevdj1cb7dqfvxbw3k.jpeg","datePublished":"2021-11-22T17:37:58+00:00","dateModified":"2025-01-11T15:42:01+00:00","description":"Besucher berichten, wie auf Zellebene Ruhe und Balance einkehrt. Elektrostress geht innerlich sp\u00fcrbar weg.\u2028 Erdung des Organismus ist empfehlenswert.","breadcrumb":{"@id":"https:\/\/sirlima.eu\/g5-harmonizer\/#breadcrumb"},"inLanguage":"en-GB","potentialAction":[{"@type":"ReadAction","target":["https:\/\/sirlima.eu\/g5-harmonizer\/"]}]},{"@type":"ImageObject","inLanguage":"en-GB","@id":"https:\/\/sirlima.eu\/g5-harmonizer\/#primaryimage","url":"https:\/\/sirlima.eu\/wp-content\/uploads\/elementor\/thumbs\/E-Smog-Zell-Harmonizer-scaled-1-pgg6rs7dk2isxv4m8wrfslmsbevdj1cb7dqfvxbw3k.jpeg","contentUrl":"https:\/\/sirlima.eu\/wp-content\/uploads\/elementor\/thumbs\/E-Smog-Zell-Harmonizer-scaled-1-pgg6rs7dk2isxv4m8wrfslmsbevdj1cb7dqfvxbw3k.jpeg"},{"@type":"BreadcrumbList","@id":"https:\/\/sirlima.eu\/g5-harmonizer\/#breadcrumb","itemListElement":[{"@type":"ListItem","position":1,"name":"Home","item":"https:\/\/sirlima.eu\/"},{"@type":"ListItem","position":2,"name":"G5 \u2013 Harmonizer"}]},{"@type":"WebSite","@id":"https:\/\/sirlima.eu\/#website","url":"https:\/\/sirlima.eu\/","name":"Lemuria Institut by Dunia Anandara","description":"Energetic-Natural-Spiritual Lemuria Lifestyle","publisher":{"@id":"https:\/\/sirlima.eu\/#organization"},"potentialAction":[{"@type":"SearchAction","target":{"@type":"EntryPoint","urlTemplate":"https:\/\/sirlima.eu\/?s={search_term_string}"},"query-input":{"@type":"PropertyValueSpecification","valueRequired":true,"valueName":"search_term_string"}}],"inLanguage":"en-GB"},{"@type":"Organization","@id":"https:\/\/sirlima.eu\/#organization","name":"Sirlima Lebensr\u00e4ume GbR","url":"https:\/\/sirlima.eu\/","logo":{"@type":"ImageObject","inLanguage":"en-GB","@id":"https:\/\/sirlima.eu\/#\/schema\/logo\/image\/","url":"https:\/\/sirlima.eu\/wp-content\/uploads\/2021\/06\/cropped-2021-02-Logo-Sirlima.jpg","contentUrl":"https:\/\/sirlima.eu\/wp-content\/uploads\/2021\/06\/cropped-2021-02-Logo-Sirlima.jpg","width":676,"height":443,"caption":"Sirlima Lebensr\u00e4ume GbR"},"image":{"@id":"https:\/\/sirlima.eu\/#\/schema\/logo\/image\/"}}]}},"_links":{"self":[{"href":"https:\/\/sirlima.eu\/en\/wp-json\/wp\/v2\/pages\/5786","targetHints":{"allow":["GET"]}}],"collection":[{"href":"https:\/\/sirlima.eu\/en\/wp-json\/wp\/v2\/pages"}],"about":[{"href":"https:\/\/sirlima.eu\/en\/wp-json\/wp\/v2\/types\/page"}],"author":[{"embeddable":true,"href":"https:\/\/sirlima.eu\/en\/wp-json\/wp\/v2\/users\/9"}],"replies":[{"embeddable":true,"href":"https:\/\/sirlima.eu\/en\/wp-json\/wp\/v2\/comments?post=5786"}],"version-history":[{"count":12,"href":"https:\/\/sirlima.eu\/en\/wp-json\/wp\/v2\/pages\/5786\/revisions"}],"predecessor-version":[{"id":21378,"href":"https:\/\/sirlima.eu\/en\/wp-json\/wp\/v2\/pages\/5786\/revisions\/21378"}],"wp:attachment":[{"href":"https:\/\/sirlima.eu\/en\/wp-json\/wp\/v2\/media?parent=5786"}],"curies":[{"name":"wp","href":"https:\/\/api.w.org\/{rel}","templated":true}]}}