{"id":2197,"date":"2021-06-12T17:44:15","date_gmt":"2021-06-12T15:44:15","guid":{"rendered":"https:\/\/sirlima.eu\/selbst-therapie-resort-hotel\/"},"modified":"2024-08-28T21:24:27","modified_gmt":"2024-08-28T19:24:27","slug":"selbst-therapie-resort","status":"publish","type":"page","link":"https:\/\/sirlima.eu\/en\/selbst-therapie-resort\/","title":{"rendered":"Energie-Therapie Resort"},"content":{"rendered":"<h2>G\u00e4stehaus Zwergenlicht<\/h2>\n<p><img fetchpriority=\"high\" decoding=\"async\" class=\"size-medium wp-image-19496\" src=\"https:\/\/sirlima.eu\/wp-content\/uploads\/2024\/08\/Eingang-Zwergenlicht-Gaestehaus-200x300.jpg\" alt=\"\" width=\"200\" height=\"300\" srcset=\"https:\/\/sirlima.eu\/wp-content\/uploads\/2024\/08\/Eingang-Zwergenlicht-Gaestehaus-200x300.jpg 200w, https:\/\/sirlima.eu\/wp-content\/uploads\/2024\/08\/Eingang-Zwergenlicht-Gaestehaus-scaled-370x556.jpg 370w, https:\/\/sirlima.eu\/wp-content\/uploads\/2024\/08\/Eingang-Zwergenlicht-Gaestehaus-681x1024.jpg 681w, https:\/\/sirlima.eu\/wp-content\/uploads\/2024\/08\/Eingang-Zwergenlicht-Gaestehaus-768x1154.jpg 768w, https:\/\/sirlima.eu\/wp-content\/uploads\/2024\/08\/Eingang-Zwergenlicht-Gaestehaus-60x90.jpg 60w, https:\/\/sirlima.eu\/wp-content\/uploads\/2024\/08\/Eingang-Zwergenlicht-Gaestehaus-110x165.jpg 110w, https:\/\/sirlima.eu\/wp-content\/uploads\/2024\/08\/Eingang-Zwergenlicht-Gaestehaus-1022x1536.jpg 1022w, https:\/\/sirlima.eu\/wp-content\/uploads\/2024\/08\/Eingang-Zwergenlicht-Gaestehaus-1363x2048.jpg 1363w, https:\/\/sirlima.eu\/wp-content\/uploads\/2024\/08\/Eingang-Zwergenlicht-Gaestehaus-8x12.jpg 8w, https:\/\/sirlima.eu\/wp-content\/uploads\/2024\/08\/Eingang-Zwergenlicht-Gaestehaus-scaled.jpg 1704w\" sizes=\"(max-width: 200px) 100vw, 200px\" \/> <img decoding=\"async\" class=\"alignnone  wp-image-19497\" src=\"https:\/\/sirlima.eu\/wp-content\/uploads\/2024\/08\/LPI-Gaestehaus-Zwergenlicht-Ansicht-West1-300x191.jpg\" alt=\"\" width=\"470\" height=\"299\" srcset=\"https:\/\/sirlima.eu\/wp-content\/uploads\/2024\/08\/LPI-Gaestehaus-Zwergenlicht-Ansicht-West1-300x191.jpg 300w, https:\/\/sirlima.eu\/wp-content\/uploads\/2024\/08\/LPI-Gaestehaus-Zwergenlicht-Ansicht-West1-scaled-370x236.jpg 370w, https:\/\/sirlima.eu\/wp-content\/uploads\/2024\/08\/LPI-Gaestehaus-Zwergenlicht-Ansicht-West1-1024x653.jpg 1024w, https:\/\/sirlima.eu\/wp-content\/uploads\/2024\/08\/LPI-Gaestehaus-Zwergenlicht-Ansicht-West1-768x489.jpg 768w, https:\/\/sirlima.eu\/wp-content\/uploads\/2024\/08\/LPI-Gaestehaus-Zwergenlicht-Ansicht-West1-60x38.jpg 60w, https:\/\/sirlima.eu\/wp-content\/uploads\/2024\/08\/LPI-Gaestehaus-Zwergenlicht-Ansicht-West1-110x70.jpg 110w, https:\/\/sirlima.eu\/wp-content\/uploads\/2024\/08\/LPI-Gaestehaus-Zwergenlicht-Ansicht-West1-1536x979.jpg 1536w, https:\/\/sirlima.eu\/wp-content\/uploads\/2024\/08\/LPI-Gaestehaus-Zwergenlicht-Ansicht-West1-2048x1305.jpg 2048w, https:\/\/sirlima.eu\/wp-content\/uploads\/2024\/08\/LPI-Gaestehaus-Zwergenlicht-Ansicht-West1-18x12.jpg 18w\" sizes=\"(max-width: 470px) 100vw, 470px\" \/><\/p>\n<p>Das G\u00e4stehaus Zwergenlicht bietet 4 separate Doppelzimmer.<br \/>\n<img decoding=\"async\" class=\"alignnone size-medium wp-image-19495 alignleft\" src=\"https:\/\/sirlima.eu\/wp-content\/uploads\/2024\/08\/Zi4-Dormiente-Bio-Naturbett1-300x225.jpg\" alt=\"\" width=\"300\" height=\"225\" srcset=\"https:\/\/sirlima.eu\/wp-content\/uploads\/2024\/08\/Zi4-Dormiente-Bio-Naturbett1-300x225.jpg 300w, https:\/\/sirlima.eu\/wp-content\/uploads\/2024\/08\/Zi4-Dormiente-Bio-Naturbett1-scaled-370x278.jpg 370w, https:\/\/sirlima.eu\/wp-content\/uploads\/2024\/08\/Zi4-Dormiente-Bio-Naturbett1-1024x768.jpg 1024w, https:\/\/sirlima.eu\/wp-content\/uploads\/2024\/08\/Zi4-Dormiente-Bio-Naturbett1-768x576.jpg 768w, https:\/\/sirlima.eu\/wp-content\/uploads\/2024\/08\/Zi4-Dormiente-Bio-Naturbett1-60x45.jpg 60w, https:\/\/sirlima.eu\/wp-content\/uploads\/2024\/08\/Zi4-Dormiente-Bio-Naturbett1-110x83.jpg 110w, https:\/\/sirlima.eu\/wp-content\/uploads\/2024\/08\/Zi4-Dormiente-Bio-Naturbett1-1536x1152.jpg 1536w, https:\/\/sirlima.eu\/wp-content\/uploads\/2024\/08\/Zi4-Dormiente-Bio-Naturbett1-2048x1536.jpg 2048w, https:\/\/sirlima.eu\/wp-content\/uploads\/2024\/08\/Zi4-Dormiente-Bio-Naturbett1-16x12.jpg 16w\" sizes=\"(max-width: 300px) 100vw, 300px\" \/><\/p>\n<p style=\"text-align: left;\">Mit Naturmaterialien baubiologisch 2020 saniert, Allergiker geeignet, ruhig und gesund.<\/p>\n<p>Zwei der Zimmer sind mit Biobettsystem Dormiente und Naturlatexmatratzen ausgestattet.<br \/>\nF\u00fcr gesunden Schlaf, wie im Himmel.<\/p>\n<p><img loading=\"lazy\" decoding=\"async\" class=\"alignnone size-medium wp-image-19498\" src=\"https:\/\/sirlima.eu\/wp-content\/uploads\/2024\/08\/Zi4-FensterSessel-mit-Tisch-300x225.jpg\" alt=\"\" width=\"300\" height=\"225\" srcset=\"https:\/\/sirlima.eu\/wp-content\/uploads\/2024\/08\/Zi4-FensterSessel-mit-Tisch-300x225.jpg 300w, https:\/\/sirlima.eu\/wp-content\/uploads\/2024\/08\/Zi4-FensterSessel-mit-Tisch-scaled-370x278.jpg 370w, https:\/\/sirlima.eu\/wp-content\/uploads\/2024\/08\/Zi4-FensterSessel-mit-Tisch-1024x768.jpg 1024w, https:\/\/sirlima.eu\/wp-content\/uploads\/2024\/08\/Zi4-FensterSessel-mit-Tisch-768x576.jpg 768w, https:\/\/sirlima.eu\/wp-content\/uploads\/2024\/08\/Zi4-FensterSessel-mit-Tisch-60x45.jpg 60w, https:\/\/sirlima.eu\/wp-content\/uploads\/2024\/08\/Zi4-FensterSessel-mit-Tisch-110x83.jpg 110w, https:\/\/sirlima.eu\/wp-content\/uploads\/2024\/08\/Zi4-FensterSessel-mit-Tisch-1536x1152.jpg 1536w, https:\/\/sirlima.eu\/wp-content\/uploads\/2024\/08\/Zi4-FensterSessel-mit-Tisch-2048x1536.jpg 2048w, https:\/\/sirlima.eu\/wp-content\/uploads\/2024\/08\/Zi4-FensterSessel-mit-Tisch-16x12.jpg 16w\" sizes=\"(max-width: 300px) 100vw, 300px\" \/><br \/>\nDie Zimmer sind voll ausgestattet mit Doppel-Bett (180x200cm), Massivholz Schrank, Baumwoll- Bettw\u00e4sche, Handt\u00fcchern, Haarf\u00f6n, kleinem Tisch und zwei bequemen Stuhlsesseln.<\/p>\n<p>Jedes Zimmer mit jeweils eigenem Dusch-Bad und WC.<br \/>\n<img loading=\"lazy\" decoding=\"async\" class=\"alignnone size-medium wp-image-19499\" src=\"https:\/\/sirlima.eu\/wp-content\/uploads\/2024\/08\/Zimmer1-BadDusche-200x300.jpg\" alt=\"\" width=\"200\" height=\"300\" srcset=\"https:\/\/sirlima.eu\/wp-content\/uploads\/2024\/08\/Zimmer1-BadDusche-200x300.jpg 200w, https:\/\/sirlima.eu\/wp-content\/uploads\/2024\/08\/Zimmer1-BadDusche-scaled-370x555.jpg 370w, https:\/\/sirlima.eu\/wp-content\/uploads\/2024\/08\/Zimmer1-BadDusche-683x1024.jpg 683w, https:\/\/sirlima.eu\/wp-content\/uploads\/2024\/08\/Zimmer1-BadDusche-768x1152.jpg 768w, https:\/\/sirlima.eu\/wp-content\/uploads\/2024\/08\/Zimmer1-BadDusche-60x90.jpg 60w, https:\/\/sirlima.eu\/wp-content\/uploads\/2024\/08\/Zimmer1-BadDusche-110x165.jpg 110w, https:\/\/sirlima.eu\/wp-content\/uploads\/2024\/08\/Zimmer1-BadDusche-1024x1536.jpg 1024w, https:\/\/sirlima.eu\/wp-content\/uploads\/2024\/08\/Zimmer1-BadDusche-1365x2048.jpg 1365w, https:\/\/sirlima.eu\/wp-content\/uploads\/2024\/08\/Zimmer1-BadDusche-8x12.jpg 8w, https:\/\/sirlima.eu\/wp-content\/uploads\/2024\/08\/Zimmer1-BadDusche-scaled.jpg 1707w\" sizes=\"(max-width: 200px) 100vw, 200px\" \/> <img loading=\"lazy\" decoding=\"async\" class=\"alignnone size-medium wp-image-19500\" src=\"https:\/\/sirlima.eu\/wp-content\/uploads\/2024\/08\/Zimmer1-WC-200x300.jpg\" alt=\"\" width=\"200\" height=\"300\" srcset=\"https:\/\/sirlima.eu\/wp-content\/uploads\/2024\/08\/Zimmer1-WC-200x300.jpg 200w, https:\/\/sirlima.eu\/wp-content\/uploads\/2024\/08\/Zimmer1-WC-scaled-370x555.jpg 370w, https:\/\/sirlima.eu\/wp-content\/uploads\/2024\/08\/Zimmer1-WC-683x1024.jpg 683w, https:\/\/sirlima.eu\/wp-content\/uploads\/2024\/08\/Zimmer1-WC-768x1152.jpg 768w, https:\/\/sirlima.eu\/wp-content\/uploads\/2024\/08\/Zimmer1-WC-60x90.jpg 60w, https:\/\/sirlima.eu\/wp-content\/uploads\/2024\/08\/Zimmer1-WC-110x165.jpg 110w, https:\/\/sirlima.eu\/wp-content\/uploads\/2024\/08\/Zimmer1-WC-1024x1536.jpg 1024w, https:\/\/sirlima.eu\/wp-content\/uploads\/2024\/08\/Zimmer1-WC-1365x2048.jpg 1365w, https:\/\/sirlima.eu\/wp-content\/uploads\/2024\/08\/Zimmer1-WC-8x12.jpg 8w, https:\/\/sirlima.eu\/wp-content\/uploads\/2024\/08\/Zimmer1-WC-scaled.jpg 1707w\" sizes=\"(max-width: 200px) 100vw, 200px\" \/><br \/>\nSomit haben im Haus insgesamt 9 Menschen Platz.<br \/>\nEs gibt eine voll ausgestattete K\u00fcche und einen K\u00fchl-Gefrierschrank zur gemeinsamen Nutzung.<\/p>\n<p><img loading=\"lazy\" decoding=\"async\" class=\"alignnone size-medium wp-image-19494\" src=\"https:\/\/sirlima.eu\/wp-content\/uploads\/2024\/08\/LPI-Gaestehaus-Zwergenlicht-Kueche-300x225.jpg\" alt=\"\" width=\"300\" height=\"225\" srcset=\"https:\/\/sirlima.eu\/wp-content\/uploads\/2024\/08\/LPI-Gaestehaus-Zwergenlicht-Kueche-300x225.jpg 300w, https:\/\/sirlima.eu\/wp-content\/uploads\/2024\/08\/LPI-Gaestehaus-Zwergenlicht-Kueche-scaled-370x278.jpg 370w, https:\/\/sirlima.eu\/wp-content\/uploads\/2024\/08\/LPI-Gaestehaus-Zwergenlicht-Kueche-1024x768.jpg 1024w, https:\/\/sirlima.eu\/wp-content\/uploads\/2024\/08\/LPI-Gaestehaus-Zwergenlicht-Kueche-768x576.jpg 768w, https:\/\/sirlima.eu\/wp-content\/uploads\/2024\/08\/LPI-Gaestehaus-Zwergenlicht-Kueche-60x45.jpg 60w, https:\/\/sirlima.eu\/wp-content\/uploads\/2024\/08\/LPI-Gaestehaus-Zwergenlicht-Kueche-110x83.jpg 110w, https:\/\/sirlima.eu\/wp-content\/uploads\/2024\/08\/LPI-Gaestehaus-Zwergenlicht-Kueche-1536x1152.jpg 1536w, https:\/\/sirlima.eu\/wp-content\/uploads\/2024\/08\/LPI-Gaestehaus-Zwergenlicht-Kueche-2048x1536.jpg 2048w, https:\/\/sirlima.eu\/wp-content\/uploads\/2024\/08\/LPI-Gaestehaus-Zwergenlicht-Kueche-16x12.jpg 16w\" sizes=\"(max-width: 300px) 100vw, 300px\" \/><\/p>\n<p>Im G\u00e4stehaus und im Lemuria Park selbst ist WLAN-freie Zone und Bluetooth-freie Zone f\u00fcr maximale Entspannung und Gesundheit.<br \/>\nZum mentalen und digitalen Detox (Entgiftung) unserer G\u00e4ste, haben wir die Zimmer bewusst ohne Fernseher ausgestattet.<\/p>\n<p>Das Leitungswasser ist zentral entkalkt, hexagonal verwirbelt und super-energetisiert. So kommt es direkt aus dem Wasserhahn in jedem Bad, Dusche und der K\u00fcche.<\/p>\n<p>Reinstes, stilles Lemuria Aktiv-Trinkwasser mit 10.000 Bovis an Lebensenergie (Umkehrosmose, remineralisiert und aktiviert) erhalten Sie im Bistro-Caf\u00e9 Elfenlicht bzw. \u00fcber unser B\u00fcro.<\/p>\n<p><a href=\"mailto:office@sirlima.de\"><br \/>\nAnfrage per E-Mail<br \/>\n<\/a><\/p>\n<h2>Hausregeln<\/h2>\n<ul>\n<li>Check-in: 14 &#8211; 17 Uhr pers\u00f6nlich, Check-out: 8:30 bis 10:30 pers\u00f6nlich,<br \/>\nandere Zeiten nach Absprache per Schl\u00fcsselbox<\/li>\n<li>Alles Nichtraucher-Zimmer (Raucherzone beim Parkplatz vor dem Bistro)<\/li>\n<li>Ein Hund oder eine Katze sind in zwei Zimmern zubuchbar. Bitte nur Trockenfutter f\u00fcttern.<br \/>\nPferde bitte au\u00dferhalb des Hauses abstellen und versorgen. Standplatz bitte beim Checkin erfragen.<\/li>\n<li>Durch unseren Friedensvertrag mit Naturwesen und Tieren bitten wir unsere G\u00e4ste um rein vegetarische oder vegane Selbstverpflegung (auf dem gesamten Gel\u00e4nde bitte keine Leichenteile mitbringen &#8211; weder Fleisch, noch Fisch oder Wurst-Produkte)<\/li>\n<li>Im Lemuria-Energie-Park-Resort k\u00f6nnen Sie Ihre meditative Wahrnehmung trainieren und feinste Lebensenergie tanken. Hierf\u00fcr bitten wir um Ruhe und respektvolles, achtsames Miteinander.<\/li>\n<li>Partys in den G\u00e4stezimmern sind nicht erw\u00fcnscht, bitte buchen Sie hierf\u00fcr das Bistro, den Tagungsraum oder die Feuerstelle rechtzeitig im voraus (14 Tage).<\/li>\n<li>Bei Handy und Laptops bitte WLAN und Bluetooth ausschalten und im 3G Modus oder Flugmodus betreiben. Die anderen G\u00e4ste werden es Ihnen danken.<\/li>\n<li>Ladeger\u00e4te und Akkus von Fahrr\u00e4dern (E-Bikes) bitte aus versicherungstechnischen Gr\u00fcnden nicht mit ins G\u00e4stehaus bringen. Im Brandfall haften Sie als Gast pers\u00f6nlich f\u00fcr eventuelle Sch\u00e4den, die nicht versichert sind.<\/li>\n<li>E-Autos bitte mit mindestens 10 m Abstand von Geb\u00e4uden parken, um bei Brand der Akkus einen Gro\u00dfbrand zu vermeiden. Die PKW Halter haften pers\u00f6nlich f\u00fcr entstehende Sch\u00e4den.<\/li>\n<\/ul>\n<section>\n<h2>Ausstattung<\/h2>\n<\/section>\n<ul>\n<li>Kostenloser Parkplatz vor dem Bistro Tanneck 7\/1<\/li>\n<li>Ku\u0308che zur gemeinschaftlichen Nutzung mit K\u00fchlschrank mit Tiefk\u00fchlfach, Kaffeemaschine, Wasserkocher, Herd, Backofen und Geschirrsp\u00fclmaschine, so dass eine mitzubringende vegetarische Selbstversorgung m\u00f6glich ist.<\/li>\n<li>Elektrosmog-freie Zone.<\/li>\n<li>\u00d6ko-Zentralheizung aus nachwachsenden Rohstoffen.<\/li>\n<li>Zimmer sind mit Eiche Naturholz-B\u00f6den.<\/li>\n<li>Drei der Zimmer haben eine Zirbenholz-Wand, wie im Eingangsbereich des G\u00e4stehauses.<\/li>\n<li>Jedes Zimmer ist abschliessbar.<\/li>\n<li>Jedes Zimmer hat ein eigenes Duschbad mit WC. Es gibt fiesend warm und kalt Wasser.<\/li>\n<li>Jedes Zimmer verf\u00fcgt \u00fcber Bett, Bettzeug, Bettw\u00e4sche, Handt\u00fccher, Kleider-Schrank, Beistelltisch und 2 St\u00fchle\/Sessel.<\/li>\n<li>W\u00e4nde und Decken sind mit Naturkalk verputzt und mit Naturpigment-Faben gestrichen. 100% Allergiker geeignet.<\/li>\n<li>Alle Geb\u00e4ude sind nach baubiologischen und h\u00f6chsten energetischen Wohlf\u00fchl Standards von Dunia Anandara und Roland optimal gestaltet worden.<\/li>\n<\/ul>\n<p><a href=\"https:\/\/sirlima.eu\/en\/lemuria-park-besuchen\/\"><br \/>\nMehr \u00fcber Lemuria Park<br \/>\n<\/a><\/p>\n<h2>Kundenstimmen zu \u00dcbernachtungen<\/h2>\n<p>Mai 2021<br \/>\nAnfangs war die Ruhe etwas befremdlich f\u00fcr mich als Stadtmensch.<\/p>\n<p>Doch habe ich nun 3 N\u00e4chte geschlafen wie ein Murmeltier und mich tags\u00fcber im Lemuria Park und bei 3 Sirlamu-Sitzungen so rasch erholt, dass ich statt der geplanten 6 Tage Aufenthalt, nun bereits nach nur 4 Tagen wieder voller guter Laune, Visionen und Tatendrang bin.<\/p>\n<p>Aufgetankt mit frischer Lebens-Energie reise ich jetzt 2 Tage fr\u00fcher ab, weil ich erkannt habe, was mich in meinem Leben ausbremst und was ich zuhause nun schnellstens ver\u00e4ndern m\u00f6chte.<\/p>\n<p>Ich danke Dunia und Roland f\u00fcr diesen wunderbaren Ort der Kraft und Klarheit.<\/p>\n<p>Euer Ulf B. aus Frankfurt<\/p>\n<p>18.08.2023<br \/>\nLiebes Zwergenlicht-und Lemuria Park Team,<\/p>\n<p>immer wieder komme ich an diesen mystischen Ort der Kraft und lasse meine Seele baumeln.<\/p>\n<p>Ich erlebe eine wirkliche Entschleunigung, die bereits am ersten Tag sich in meinem K\u00f6rper und meinen Gedanken ausbreitet.<\/p>\n<p>Eine deutliche Erholung, die ich kaum beschreiben kann, f\u00fchle\u00a0 ich jedes Mal.<\/p>\n<p>Es ist sogar so, dass ich gerne viel Zeit in der Natur verbinge, die hier so urspr\u00fcnglich und lebendig erscheint, obwohl ich zuhause viel am PC arbeite.<\/p>\n<p>Der Platz beim Einhorn ber\u00fchrt mich ganz besonders und ich bin so dankbar, dass es solche heiligen Orte gibt.<\/p>\n<p>Liebe Gr\u00fc\u00dfe A.K. aus Offenburg<\/p>\n<p>Seit Jahren kommen wir gerne in den Lemuria Park.<\/p>\n<p>Anfangs kamen auch unsere Kinder mit und wir zelteten viele gl\u00fccklichen Wochenenden unterm hier so klaren Sternenzelt.<\/p>\n<p>Die Kids sind fl\u00fcgge geworden und so fahren wir oft spontan mit dem Camper in den Lemuria Park und geniessen die Ruhe und die feine Kraft im Steinkreis.<\/p>\n<p>Durch meine Ausbildung zum Geomantie-Berater und meine Ausbildungen an der Sirlima Akademie kann ich sehr gut an mir und meiner Frau feststellen, wie rasch hier unsere Lebensenergie &#8222;nachgef\u00fcllt&#8220; wird.<\/p>\n<p>Deshalb kommen wir. Es ist wie &#8222;abtauchen&#8220; zu sich selbst.<\/p>\n<p>Liebe Gr\u00fc\u00dfe, S. und A. aus Renchen<\/p>\n<p>27.02.2023\u00a0\u00a0\u00a0 Hallo liebes Lemuria Park Team,<br \/>\nes hat uns sehr gut gefallen bei Euch, war auch sehr hilfreich.<br \/>\nDie Zimmer sind sehr liebevoll und durchdacht eingerichtet, die Betten f\u00fcr uns super.<br \/>\nWir hatten ja K\u00fcche\/Essplatz sogar ganz f\u00fcr uns \u2013 so gesehen, perfekt!<br \/>\nAuch die super ausgestattete Einbauk\u00fcche hat uns tolle Dienste geleistet, so war Spezialverpflegung f\u00fcr mich kein Problem.<\/p>\n<p>Das Au\u00dfengel\u00e4nde ist einfach wundervoll, auch das liebevoll eingerichtete Bistro hat uns sehr gut gefallen.<\/p>\n<p>Die hohe Liebes-Energie-Schwingung ist deutlich wahrnehmbar.<\/p>\n<p>Herzlichen Dank nochmals f\u00fcr alles.<\/p>\n<p>Brigitte P. und Joachim B.<\/p>","protected":false},"excerpt":{"rendered":"<p>G\u00e4stehaus Zwergenlicht Das G\u00e4stehaus Zwergenlicht bietet 4 separate Doppelzimmer. Mit Naturmaterialien baubiologisch 2020 saniert, Allergiker geeignet, ruhig und gesund. Zwei der Zimmer sind mit Biobettsystem Dormiente und Naturlatexmatratzen ausgestattet. F\u00fcr gesunden Schlaf, wie im Himmel. Die Zimmer sind voll ausgestattet mit Doppel-Bett (180x200cm), Massivholz Schrank, Baumwoll- Bettw\u00e4sche, Handt\u00fcchern, Haarf\u00f6n, kleinem Tisch und zwei bequemen Stuhlsesseln&#8230;.<\/p>","protected":false},"author":9,"featured_media":0,"parent":0,"menu_order":10,"comment_status":"closed","ping_status":"closed","template":"elementor_header_footer","meta":{"_acf_changed":false,"_kad_post_transparent":"","_kad_post_title":"hide","_kad_post_layout":"fullwidth","_kad_post_sidebar_id":"","_kad_post_content_style":"unboxed","_kad_post_vertical_padding":"hide","_kad_post_feature":"hide","_kad_post_feature_position":"","_kad_post_header":false,"_kad_post_footer":false,"_kad_post_classname":"","footnotes":""},"class_list":["post-2197","page","type-page","status-publish","hentry"],"acf":[],"yoast_head":"<!-- This site is optimized with the Yoast SEO plugin v27.4 - https:\/\/yoast.com\/product\/yoast-seo-wordpress\/ -->\n<title>Energie-Therapie Resort - Lemuria Institut by Dunia Anandara<\/title>\n<meta name=\"description\" content=\"Erholung im G\u00e4stehaus Zwergenlicht. 2021 baubiologisch renovierte 4 Doppelzimmer mit neuer Gemeinschafts-K\u00fcche f\u00fcr Veggie-Selbsversorger. Ruhig, erholsam, energetisch fein.\" \/>\n<meta name=\"robots\" content=\"index, follow, max-snippet:-1, max-image-preview:large, max-video-preview:-1\" \/>\n<link rel=\"canonical\" href=\"https:\/\/sirlima.eu\/en\/selbst-therapie-resort\/\" \/>\n<meta property=\"og:locale\" content=\"en_GB\" \/>\n<meta property=\"og:type\" content=\"article\" \/>\n<meta property=\"og:title\" content=\"Energie-Therapie Resort - Lemuria Institut by Dunia Anandara\" \/>\n<meta property=\"og:description\" content=\"Erholung im G\u00e4stehaus Zwergenlicht. 2021 baubiologisch renovierte 4 Doppelzimmer mit neuer Gemeinschafts-K\u00fcche f\u00fcr Veggie-Selbsversorger. Ruhig, erholsam, energetisch fein.\" \/>\n<meta property=\"og:url\" content=\"https:\/\/sirlima.eu\/en\/selbst-therapie-resort\/\" \/>\n<meta property=\"og:site_name\" content=\"Lemuria Institut by Dunia Anandara\" \/>\n<meta property=\"article:modified_time\" content=\"2024-08-28T19:24:27+00:00\" \/>\n<meta property=\"og:image\" content=\"https:\/\/sirlima.eu\/wp-content\/uploads\/2024\/08\/Eingang-Zwergenlicht-Gaestehaus-200x300.jpg\" \/>\n<meta name=\"twitter:card\" content=\"summary_large_image\" \/>\n<meta name=\"twitter:label1\" content=\"Estimated reading time\" \/>\n\t<meta name=\"twitter:data1\" content=\"1 minute\" \/>\n<script type=\"application\/ld+json\" class=\"yoast-schema-graph\">{\"@context\":\"https:\\\/\\\/schema.org\",\"@graph\":[{\"@type\":\"WebPage\",\"@id\":\"https:\\\/\\\/sirlima.eu\\\/selbst-therapie-resort\\\/\",\"url\":\"https:\\\/\\\/sirlima.eu\\\/selbst-therapie-resort\\\/\",\"name\":\"Energie-Therapie Resort - Lemuria Institut by Dunia Anandara\",\"isPartOf\":{\"@id\":\"https:\\\/\\\/sirlima.eu\\\/#website\"},\"primaryImageOfPage\":{\"@id\":\"https:\\\/\\\/sirlima.eu\\\/selbst-therapie-resort\\\/#primaryimage\"},\"image\":{\"@id\":\"https:\\\/\\\/sirlima.eu\\\/selbst-therapie-resort\\\/#primaryimage\"},\"thumbnailUrl\":\"https:\\\/\\\/sirlima.eu\\\/wp-content\\\/uploads\\\/2024\\\/08\\\/Eingang-Zwergenlicht-Gaestehaus-200x300.jpg\",\"datePublished\":\"2021-06-12T15:44:15+00:00\",\"dateModified\":\"2024-08-28T19:24:27+00:00\",\"description\":\"Erholung im G\u00e4stehaus Zwergenlicht. 2021 baubiologisch renovierte 4 Doppelzimmer mit neuer Gemeinschafts-K\u00fcche f\u00fcr Veggie-Selbsversorger. Ruhig, erholsam, energetisch fein.\",\"breadcrumb\":{\"@id\":\"https:\\\/\\\/sirlima.eu\\\/selbst-therapie-resort\\\/#breadcrumb\"},\"inLanguage\":\"en-GB\",\"potentialAction\":[{\"@type\":\"ReadAction\",\"target\":[\"https:\\\/\\\/sirlima.eu\\\/selbst-therapie-resort\\\/\"]}]},{\"@type\":\"ImageObject\",\"inLanguage\":\"en-GB\",\"@id\":\"https:\\\/\\\/sirlima.eu\\\/selbst-therapie-resort\\\/#primaryimage\",\"url\":\"https:\\\/\\\/sirlima.eu\\\/wp-content\\\/uploads\\\/2024\\\/08\\\/Eingang-Zwergenlicht-Gaestehaus-200x300.jpg\",\"contentUrl\":\"https:\\\/\\\/sirlima.eu\\\/wp-content\\\/uploads\\\/2024\\\/08\\\/Eingang-Zwergenlicht-Gaestehaus-200x300.jpg\"},{\"@type\":\"BreadcrumbList\",\"@id\":\"https:\\\/\\\/sirlima.eu\\\/selbst-therapie-resort\\\/#breadcrumb\",\"itemListElement\":[{\"@type\":\"ListItem\",\"position\":1,\"name\":\"Home\",\"item\":\"https:\\\/\\\/sirlima.eu\\\/\"},{\"@type\":\"ListItem\",\"position\":2,\"name\":\"Energie-Therapie Resort\"}]},{\"@type\":\"WebSite\",\"@id\":\"https:\\\/\\\/sirlima.eu\\\/#website\",\"url\":\"https:\\\/\\\/sirlima.eu\\\/\",\"name\":\"Lemuria Institut by Dunia Anandara\",\"description\":\"Energetic-Natural-Spiritual Lemuria Lifestyle\",\"publisher\":{\"@id\":\"https:\\\/\\\/sirlima.eu\\\/#organization\"},\"potentialAction\":[{\"@type\":\"SearchAction\",\"target\":{\"@type\":\"EntryPoint\",\"urlTemplate\":\"https:\\\/\\\/sirlima.eu\\\/?s={search_term_string}\"},\"query-input\":{\"@type\":\"PropertyValueSpecification\",\"valueRequired\":true,\"valueName\":\"search_term_string\"}}],\"inLanguage\":\"en-GB\"},{\"@type\":\"Organization\",\"@id\":\"https:\\\/\\\/sirlima.eu\\\/#organization\",\"name\":\"Sirlima Lebensr\u00e4ume GbR\",\"url\":\"https:\\\/\\\/sirlima.eu\\\/\",\"logo\":{\"@type\":\"ImageObject\",\"inLanguage\":\"en-GB\",\"@id\":\"https:\\\/\\\/sirlima.eu\\\/#\\\/schema\\\/logo\\\/image\\\/\",\"url\":\"https:\\\/\\\/sirlima.eu\\\/wp-content\\\/uploads\\\/2021\\\/06\\\/cropped-2021-02-Logo-Sirlima.jpg\",\"contentUrl\":\"https:\\\/\\\/sirlima.eu\\\/wp-content\\\/uploads\\\/2021\\\/06\\\/cropped-2021-02-Logo-Sirlima.jpg\",\"width\":676,\"height\":443,\"caption\":\"Sirlima Lebensr\u00e4ume GbR\"},\"image\":{\"@id\":\"https:\\\/\\\/sirlima.eu\\\/#\\\/schema\\\/logo\\\/image\\\/\"}}]}<\/script>\n<!-- \/ Yoast SEO plugin. -->","yoast_head_json":{"title":"Energie-Therapie Resort - Lemuria Institut by Dunia Anandara","description":"Erholung im G\u00e4stehaus Zwergenlicht. 2021 baubiologisch renovierte 4 Doppelzimmer mit neuer Gemeinschafts-K\u00fcche f\u00fcr Veggie-Selbsversorger. Ruhig, erholsam, energetisch fein.","robots":{"index":"index","follow":"follow","max-snippet":"max-snippet:-1","max-image-preview":"max-image-preview:large","max-video-preview":"max-video-preview:-1"},"canonical":"https:\/\/sirlima.eu\/en\/selbst-therapie-resort\/","og_locale":"en_GB","og_type":"article","og_title":"Energie-Therapie Resort - Lemuria Institut by Dunia Anandara","og_description":"Erholung im G\u00e4stehaus Zwergenlicht. 2021 baubiologisch renovierte 4 Doppelzimmer mit neuer Gemeinschafts-K\u00fcche f\u00fcr Veggie-Selbsversorger. Ruhig, erholsam, energetisch fein.","og_url":"https:\/\/sirlima.eu\/en\/selbst-therapie-resort\/","og_site_name":"Lemuria Institut by Dunia Anandara","article_modified_time":"2024-08-28T19:24:27+00:00","og_image":[{"url":"https:\/\/sirlima.eu\/wp-content\/uploads\/2024\/08\/Eingang-Zwergenlicht-Gaestehaus-200x300.jpg","type":"","width":"","height":""}],"twitter_card":"summary_large_image","twitter_misc":{"Estimated reading time":"1 minute"},"schema":{"@context":"https:\/\/schema.org","@graph":[{"@type":"WebPage","@id":"https:\/\/sirlima.eu\/selbst-therapie-resort\/","url":"https:\/\/sirlima.eu\/selbst-therapie-resort\/","name":"Energie-Therapie Resort - Lemuria Institut by Dunia Anandara","isPartOf":{"@id":"https:\/\/sirlima.eu\/#website"},"primaryImageOfPage":{"@id":"https:\/\/sirlima.eu\/selbst-therapie-resort\/#primaryimage"},"image":{"@id":"https:\/\/sirlima.eu\/selbst-therapie-resort\/#primaryimage"},"thumbnailUrl":"https:\/\/sirlima.eu\/wp-content\/uploads\/2024\/08\/Eingang-Zwergenlicht-Gaestehaus-200x300.jpg","datePublished":"2021-06-12T15:44:15+00:00","dateModified":"2024-08-28T19:24:27+00:00","description":"Erholung im G\u00e4stehaus Zwergenlicht. 2021 baubiologisch renovierte 4 Doppelzimmer mit neuer Gemeinschafts-K\u00fcche f\u00fcr Veggie-Selbsversorger. Ruhig, erholsam, energetisch fein.","breadcrumb":{"@id":"https:\/\/sirlima.eu\/selbst-therapie-resort\/#breadcrumb"},"inLanguage":"en-GB","potentialAction":[{"@type":"ReadAction","target":["https:\/\/sirlima.eu\/selbst-therapie-resort\/"]}]},{"@type":"ImageObject","inLanguage":"en-GB","@id":"https:\/\/sirlima.eu\/selbst-therapie-resort\/#primaryimage","url":"https:\/\/sirlima.eu\/wp-content\/uploads\/2024\/08\/Eingang-Zwergenlicht-Gaestehaus-200x300.jpg","contentUrl":"https:\/\/sirlima.eu\/wp-content\/uploads\/2024\/08\/Eingang-Zwergenlicht-Gaestehaus-200x300.jpg"},{"@type":"BreadcrumbList","@id":"https:\/\/sirlima.eu\/selbst-therapie-resort\/#breadcrumb","itemListElement":[{"@type":"ListItem","position":1,"name":"Home","item":"https:\/\/sirlima.eu\/"},{"@type":"ListItem","position":2,"name":"Energie-Therapie Resort"}]},{"@type":"WebSite","@id":"https:\/\/sirlima.eu\/#website","url":"https:\/\/sirlima.eu\/","name":"Lemuria Institut by Dunia Anandara","description":"Energetic-Natural-Spiritual Lemuria Lifestyle","publisher":{"@id":"https:\/\/sirlima.eu\/#organization"},"potentialAction":[{"@type":"SearchAction","target":{"@type":"EntryPoint","urlTemplate":"https:\/\/sirlima.eu\/?s={search_term_string}"},"query-input":{"@type":"PropertyValueSpecification","valueRequired":true,"valueName":"search_term_string"}}],"inLanguage":"en-GB"},{"@type":"Organization","@id":"https:\/\/sirlima.eu\/#organization","name":"Sirlima Lebensr\u00e4ume GbR","url":"https:\/\/sirlima.eu\/","logo":{"@type":"ImageObject","inLanguage":"en-GB","@id":"https:\/\/sirlima.eu\/#\/schema\/logo\/image\/","url":"https:\/\/sirlima.eu\/wp-content\/uploads\/2021\/06\/cropped-2021-02-Logo-Sirlima.jpg","contentUrl":"https:\/\/sirlima.eu\/wp-content\/uploads\/2021\/06\/cropped-2021-02-Logo-Sirlima.jpg","width":676,"height":443,"caption":"Sirlima Lebensr\u00e4ume GbR"},"image":{"@id":"https:\/\/sirlima.eu\/#\/schema\/logo\/image\/"}}]}},"_links":{"self":[{"href":"https:\/\/sirlima.eu\/en\/wp-json\/wp\/v2\/pages\/2197","targetHints":{"allow":["GET"]}}],"collection":[{"href":"https:\/\/sirlima.eu\/en\/wp-json\/wp\/v2\/pages"}],"about":[{"href":"https:\/\/sirlima.eu\/en\/wp-json\/wp\/v2\/types\/page"}],"author":[{"embeddable":true,"href":"https:\/\/sirlima.eu\/en\/wp-json\/wp\/v2\/users\/9"}],"replies":[{"embeddable":true,"href":"https:\/\/sirlima.eu\/en\/wp-json\/wp\/v2\/comments?post=2197"}],"version-history":[{"count":61,"href":"https:\/\/sirlima.eu\/en\/wp-json\/wp\/v2\/pages\/2197\/revisions"}],"predecessor-version":[{"id":19501,"href":"https:\/\/sirlima.eu\/en\/wp-json\/wp\/v2\/pages\/2197\/revisions\/19501"}],"wp:attachment":[{"href":"https:\/\/sirlima.eu\/en\/wp-json\/wp\/v2\/media?parent=2197"}],"curies":[{"name":"wp","href":"https:\/\/api.w.org\/{rel}","templated":true}]}}