{"id":2195,"date":"2021-06-12T17:44:14","date_gmt":"2021-06-12T16:44:14","guid":{"rendered":"https:\/\/sirlima.eu\/park-buchen\/"},"modified":"2022-07-03T19:02:36","modified_gmt":"2022-07-03T17:02:36","slug":"lemuria-park-ticket-buchen","status":"publish","type":"page","link":"https:\/\/sirlima.eu\/en\/lemuria-park-ticket-buchen\/","title":{"rendered":"Ticket buchen"},"content":{"rendered":"<div data-elementor-type=\"wp-page\" data-elementor-id=\"2195\" class=\"elementor elementor-2195\" data-elementor-post-type=\"page\">\n\t\t\t\t\t\t<section class=\"elementor-section elementor-top-section elementor-element elementor-element-4a361f3 elementor-section-boxed elementor-section-height-default elementor-section-height-default\" data-id=\"4a361f3\" data-element_type=\"section\">\n\t\t\t\t\t\t<div class=\"elementor-container elementor-column-gap-default\">\n\t\t\t\t\t<div class=\"elementor-column elementor-col-100 elementor-top-column elementor-element elementor-element-657341b fullw\" data-id=\"657341b\" data-element_type=\"column\">\n\t\t\t<div class=\"elementor-widget-wrap elementor-element-populated\">\n\t\t\t\t\t\t<div class=\"elementor-element elementor-element-87adb15 elementor--h-position-center elementor--v-position-middle elementor-arrows-position-inside elementor-pagination-position-inside elementor-widget elementor-widget-slides\" data-id=\"87adb15\" data-element_type=\"widget\" data-settings=\"{&quot;navigation&quot;:&quot;both&quot;,&quot;autoplay&quot;:&quot;yes&quot;,&quot;pause_on_hover&quot;:&quot;yes&quot;,&quot;pause_on_interaction&quot;:&quot;yes&quot;,&quot;autoplay_speed&quot;:5000,&quot;infinite&quot;:&quot;yes&quot;,&quot;transition&quot;:&quot;slide&quot;,&quot;transition_speed&quot;:500}\" data-widget_type=\"slides.default\">\n\t\t\t\t<div class=\"elementor-widget-container\">\n\t\t\t\t\t\t\t<div class=\"elementor-swiper\">\n\t\t\t<div class=\"elementor-slides-wrapper elementor-main-swiper swiper-container\" dir=\"ltr\" data-animation=\"fadeInUp\">\n\t\t\t\t<div class=\"swiper-wrapper elementor-slides\">\n\t\t\t\t\t\t\t\t\t\t<div class=\"elementor-repeater-item-b126d6a swiper-slide\"><div class=\"swiper-slide-bg elementor-ken-burns elementor-ken-burns--in\" role=\"img\"><\/div><div class=\"elementor-background-overlay\"><\/div><div class=\"swiper-slide-inner\" ><div class=\"swiper-slide-contents\"><div class=\"elementor-slide-heading\">Lemuria Park. Jetzt buchen.<\/div><div class=\"elementor-slide-description\">Entdecken Sie die wundersch\u00f6ne Schw\u00e4bische Alb mit einzigartigen Kraftpl\u00e4tzen im Lemuria Weltfriedens- Park.\n\nInmitten unber\u00fchrter Natur.<\/div><\/div><\/div><\/div>\t\t\t\t<\/div>\n\t\t\t\t\t\t\t<\/div>\n\t\t<\/div>\n\t\t\t\t\t\t<\/div>\n\t\t\t\t<\/div>\n\t\t\t\t\t<\/div>\n\t\t<\/div>\n\t\t\t\t\t<\/div>\n\t\t<\/section>\n\t\t\t\t<section class=\"elementor-section elementor-top-section elementor-element elementor-element-1d1b771 elementor-section-boxed elementor-section-height-default elementor-section-height-default\" data-id=\"1d1b771\" data-element_type=\"section\">\n\t\t\t\t\t\t<div class=\"elementor-container elementor-column-gap-default\">\n\t\t\t\t\t<div class=\"elementor-column elementor-col-100 elementor-top-column elementor-element elementor-element-787459d\" data-id=\"787459d\" data-element_type=\"column\">\n\t\t\t<div class=\"elementor-widget-wrap elementor-element-populated\">\n\t\t\t\t\t\t<div class=\"elementor-element elementor-element-3dd6825 elementor-widget elementor-widget-heading\" data-id=\"3dd6825\" data-element_type=\"widget\" data-widget_type=\"heading.default\">\n\t\t\t\t<div class=\"elementor-widget-container\">\n\t\t\t\t\t<h1 class=\"elementor-heading-title elementor-size-default\">Gef\u00fchrte Touren im Lemuria Weltfriedens-Park<\/h1>\t\t\t\t<\/div>\n\t\t\t\t<\/div>\n\t\t\t\t\t<\/div>\n\t\t<\/div>\n\t\t\t\t\t<\/div>\n\t\t<\/section>\n\t\t\t\t<section class=\"elementor-section elementor-top-section elementor-element elementor-element-a5c45e3 elementor-section-boxed elementor-section-height-default elementor-section-height-default\" data-id=\"a5c45e3\" data-element_type=\"section\">\n\t\t\t\t\t\t<div class=\"elementor-container elementor-column-gap-default\">\n\t\t\t\t\t<div class=\"elementor-column elementor-col-100 elementor-top-column elementor-element elementor-element-3b416bb\" data-id=\"3b416bb\" data-element_type=\"column\">\n\t\t\t<div class=\"elementor-widget-wrap elementor-element-populated\">\n\t\t\t\t\t\t<div class=\"elementor-element elementor-element-25b2177 elementor-widget elementor-widget-text-editor\" data-id=\"25b2177\" data-element_type=\"widget\" data-widget_type=\"text-editor.default\">\n\t\t\t\t<div class=\"elementor-widget-container\">\n\t\t\t\t\t\t\t\t\t<p style=\"text-align: center;\">Sie tr\u00e4umen schon lange von einer energetisch ber\u00fchrenden und einzigartigen Tour, die Sie nie vergessen werden?<\/p>\n<p>Mit unseren Lemuria Park-Guides erleben Sie die positiven energetischen Wirkfelder<br>und feinstofflichen M\u00f6glichkeiten direkt, authentisch und echt.<br>Denn wir zeigen Ihnen, wie Sie die 5.dimensionale Schwingung f\u00fcr sich und Ihre Lebensziele nutzen k\u00f6nnen.<\/p>\n<p>Machen Sie einen Ausflug im Au\u00dfen in den Lemuria Park<br>und erleben Sie im eigenen Inneren die Anderswelt mit ihren Bewohnern.<br> <br>Sie bezaubert, ber\u00fchrt und hebt die Lebensenergie und Freude sp\u00fcrbar an.<br> Einzigartige Erlebnisse in wilder Naturumgebung und ionengeladener Luft f\u00fcr Ihre maximale Revitalisierung<br> &#8211; so ganz nebenbei. Und inklusive.<\/p>\n<p>Dauer 60-90 Minuten.<br> Ab 2 Menschen. Start beim Lemuria Park Info Center.<br> Ab 18,- pro Teilnehmer\/in.<\/p>\t\t\t\t\t\t\t\t<\/div>\n\t\t\t\t<\/div>\n\t\t\t\t\t<\/div>\n\t\t<\/div>\n\t\t\t\t\t<\/div>\n\t\t<\/section>\n\t\t\t\t<section class=\"elementor-section elementor-top-section elementor-element elementor-element-65f8ed5 elementor-section-boxed elementor-section-height-default elementor-section-height-default\" data-id=\"65f8ed5\" data-element_type=\"section\">\n\t\t\t\t\t\t<div class=\"elementor-container elementor-column-gap-default\">\n\t\t\t\t\t<div class=\"elementor-column elementor-col-100 elementor-top-column elementor-element elementor-element-49d3583\" data-id=\"49d3583\" data-element_type=\"column\">\n\t\t\t<div class=\"elementor-widget-wrap elementor-element-populated\">\n\t\t\t\t\t\t<div class=\"elementor-element elementor-element-d72473f elementor-align-center elementor-widget elementor-widget-button\" data-id=\"d72473f\" data-element_type=\"widget\" data-widget_type=\"button.default\">\n\t\t\t\t<div class=\"elementor-widget-container\">\n\t\t\t\t\t\t\t\t\t<div class=\"elementor-button-wrapper\">\n\t\t\t\t\t<a class=\"elementor-button elementor-button-link elementor-size-lg\" href=\"https:\/\/sirlima.eu\/en\/kontakt-anfahrt\/\">\n\t\t\t\t\t\t<span class=\"elementor-button-content-wrapper\">\n\t\t\t\t\t\t\t\t\t<span class=\"elementor-button-text\">Anmelden f\u00fcr eine gef\u00fchrte Tour<\/span>\n\t\t\t\t\t<\/span>\n\t\t\t\t\t<\/a>\n\t\t\t\t<\/div>\n\t\t\t\t\t\t\t\t<\/div>\n\t\t\t\t<\/div>\n\t\t\t\t\t<\/div>\n\t\t<\/div>\n\t\t\t\t\t<\/div>\n\t\t<\/section>\n\t\t\t\t<section class=\"elementor-section elementor-top-section elementor-element elementor-element-4c8a1e3 elementor-section-boxed elementor-section-height-default elementor-section-height-default\" data-id=\"4c8a1e3\" data-element_type=\"section\">\n\t\t\t\t\t\t<div class=\"elementor-container elementor-column-gap-default\">\n\t\t\t\t\t<div class=\"elementor-column elementor-col-100 elementor-top-column elementor-element elementor-element-faef371\" data-id=\"faef371\" data-element_type=\"column\">\n\t\t\t<div class=\"elementor-widget-wrap elementor-element-populated\">\n\t\t\t\t\t\t<div class=\"elementor-element elementor-element-6da3f41 elementor-widget elementor-widget-spacer\" data-id=\"6da3f41\" data-element_type=\"widget\" data-widget_type=\"spacer.default\">\n\t\t\t\t<div class=\"elementor-widget-container\">\n\t\t\t\t\t\t\t<div class=\"elementor-spacer\">\n\t\t\t<div class=\"elementor-spacer-inner\"><\/div>\n\t\t<\/div>\n\t\t\t\t\t\t<\/div>\n\t\t\t\t<\/div>\n\t\t\t\t\t<\/div>\n\t\t<\/div>\n\t\t\t\t\t<\/div>\n\t\t<\/section>\n\t\t\t\t<\/div>","protected":false},"excerpt":{"rendered":"<p>Lemuria Park. Jetzt buchen.Entdecken Sie die wundersch\u00f6ne Schw\u00e4bische Alb mit einzigartigen Kraftpl\u00e4tzen im Lemuria Weltfriedens- Park. Inmitten unber\u00fchrter Natur. Gef\u00fchrte Touren im Lemuria Weltfriedens-Park Sie tr\u00e4umen schon lange von einer energetisch ber\u00fchrenden und einzigartigen Tour, die Sie nie vergessen werden? Mit unseren Lemuria Park-Guides erleben Sie die positiven energetischen Wirkfelderund feinstofflichen M\u00f6glichkeiten direkt, authentisch und&#8230;<\/p>","protected":false},"author":9,"featured_media":0,"parent":0,"menu_order":8,"comment_status":"closed","ping_status":"closed","template":"elementor_header_footer","meta":{"_acf_changed":false,"_kad_post_transparent":"","_kad_post_title":"hide","_kad_post_layout":"fullwidth","_kad_post_sidebar_id":"","_kad_post_content_style":"unboxed","_kad_post_vertical_padding":"hide","_kad_post_feature":"hide","_kad_post_feature_position":"","_kad_post_header":false,"_kad_post_footer":false,"_kad_post_classname":"","footnotes":""},"class_list":["post-2195","page","type-page","status-publish","hentry"],"acf":[],"yoast_head":"<!-- This site is optimized with the Yoast SEO plugin v27.5 - https:\/\/yoast.com\/product\/yoast-seo-wordpress\/ -->\n<title>Ticket buchen - Lemuria Institut by Dunia Anandara<\/title>\n<meta name=\"description\" content=\"Einzigartige energetische Kraftpl\u00e4tze und 5D Energie-Fokus-Orte erleben. Die Lemuria Guides zeigen einen inneren Zugang zur Natur und ihren Wesen.\" \/>\n<meta name=\"robots\" content=\"index, follow, max-snippet:-1, max-image-preview:large, max-video-preview:-1\" \/>\n<link rel=\"canonical\" href=\"https:\/\/sirlima.eu\/en\/lemuria-park-ticket-buchen\/\" \/>\n<meta property=\"og:locale\" content=\"en_GB\" \/>\n<meta property=\"og:type\" content=\"article\" \/>\n<meta property=\"og:title\" content=\"Ticket buchen - Lemuria Institut by Dunia Anandara\" \/>\n<meta property=\"og:description\" content=\"Einzigartige energetische Kraftpl\u00e4tze und 5D Energie-Fokus-Orte erleben. Die Lemuria Guides zeigen einen inneren Zugang zur Natur und ihren Wesen.\" \/>\n<meta property=\"og:url\" content=\"https:\/\/sirlima.eu\/en\/lemuria-park-ticket-buchen\/\" \/>\n<meta property=\"og:site_name\" content=\"Lemuria Institut by Dunia Anandara\" \/>\n<meta property=\"article:modified_time\" content=\"2022-07-03T17:02:36+00:00\" \/>\n<meta name=\"twitter:card\" content=\"summary_large_image\" \/>\n<meta name=\"twitter:label1\" content=\"Estimated reading time\" \/>\n\t<meta name=\"twitter:data1\" content=\"1 minute\" \/>\n<script type=\"application\/ld+json\" class=\"yoast-schema-graph\">{\"@context\":\"https:\\\/\\\/schema.org\",\"@graph\":[{\"@type\":\"WebPage\",\"@id\":\"https:\\\/\\\/sirlima.eu\\\/lemuria-park-ticket-buchen\\\/\",\"url\":\"https:\\\/\\\/sirlima.eu\\\/lemuria-park-ticket-buchen\\\/\",\"name\":\"Ticket buchen - Lemuria Institut by Dunia Anandara\",\"isPartOf\":{\"@id\":\"https:\\\/\\\/sirlima.eu\\\/#website\"},\"datePublished\":\"2021-06-12T16:44:14+00:00\",\"dateModified\":\"2022-07-03T17:02:36+00:00\",\"description\":\"Einzigartige energetische Kraftpl\u00e4tze und 5D Energie-Fokus-Orte erleben. Die Lemuria Guides zeigen einen inneren Zugang zur Natur und ihren Wesen.\",\"breadcrumb\":{\"@id\":\"https:\\\/\\\/sirlima.eu\\\/lemuria-park-ticket-buchen\\\/#breadcrumb\"},\"inLanguage\":\"en-GB\",\"potentialAction\":[{\"@type\":\"ReadAction\",\"target\":[\"https:\\\/\\\/sirlima.eu\\\/lemuria-park-ticket-buchen\\\/\"]}]},{\"@type\":\"BreadcrumbList\",\"@id\":\"https:\\\/\\\/sirlima.eu\\\/lemuria-park-ticket-buchen\\\/#breadcrumb\",\"itemListElement\":[{\"@type\":\"ListItem\",\"position\":1,\"name\":\"Home\",\"item\":\"https:\\\/\\\/sirlima.eu\\\/\"},{\"@type\":\"ListItem\",\"position\":2,\"name\":\"Ticket buchen\"}]},{\"@type\":\"WebSite\",\"@id\":\"https:\\\/\\\/sirlima.eu\\\/#website\",\"url\":\"https:\\\/\\\/sirlima.eu\\\/\",\"name\":\"Lemuria Institut by Dunia Anandara\",\"description\":\"Energetic-Natural-Spiritual Lemuria Lifestyle\",\"publisher\":{\"@id\":\"https:\\\/\\\/sirlima.eu\\\/#organization\"},\"potentialAction\":[{\"@type\":\"SearchAction\",\"target\":{\"@type\":\"EntryPoint\",\"urlTemplate\":\"https:\\\/\\\/sirlima.eu\\\/?s={search_term_string}\"},\"query-input\":{\"@type\":\"PropertyValueSpecification\",\"valueRequired\":true,\"valueName\":\"search_term_string\"}}],\"inLanguage\":\"en-GB\"},{\"@type\":\"Organization\",\"@id\":\"https:\\\/\\\/sirlima.eu\\\/#organization\",\"name\":\"Sirlima Lebensr\u00e4ume GbR\",\"url\":\"https:\\\/\\\/sirlima.eu\\\/\",\"logo\":{\"@type\":\"ImageObject\",\"inLanguage\":\"en-GB\",\"@id\":\"https:\\\/\\\/sirlima.eu\\\/#\\\/schema\\\/logo\\\/image\\\/\",\"url\":\"https:\\\/\\\/sirlima.eu\\\/wp-content\\\/uploads\\\/2021\\\/06\\\/cropped-2021-02-Logo-Sirlima.jpg\",\"contentUrl\":\"https:\\\/\\\/sirlima.eu\\\/wp-content\\\/uploads\\\/2021\\\/06\\\/cropped-2021-02-Logo-Sirlima.jpg\",\"width\":676,\"height\":443,\"caption\":\"Sirlima Lebensr\u00e4ume GbR\"},\"image\":{\"@id\":\"https:\\\/\\\/sirlima.eu\\\/#\\\/schema\\\/logo\\\/image\\\/\"}}]}<\/script>\n<!-- \/ Yoast SEO plugin. -->","yoast_head_json":{"title":"Ticket buchen - Lemuria Institut by Dunia Anandara","description":"Einzigartige energetische Kraftpl\u00e4tze und 5D Energie-Fokus-Orte erleben. Die Lemuria Guides zeigen einen inneren Zugang zur Natur und ihren Wesen.","robots":{"index":"index","follow":"follow","max-snippet":"max-snippet:-1","max-image-preview":"max-image-preview:large","max-video-preview":"max-video-preview:-1"},"canonical":"https:\/\/sirlima.eu\/en\/lemuria-park-ticket-buchen\/","og_locale":"en_GB","og_type":"article","og_title":"Ticket buchen - Lemuria Institut by Dunia Anandara","og_description":"Einzigartige energetische Kraftpl\u00e4tze und 5D Energie-Fokus-Orte erleben. Die Lemuria Guides zeigen einen inneren Zugang zur Natur und ihren Wesen.","og_url":"https:\/\/sirlima.eu\/en\/lemuria-park-ticket-buchen\/","og_site_name":"Lemuria Institut by Dunia Anandara","article_modified_time":"2022-07-03T17:02:36+00:00","twitter_card":"summary_large_image","twitter_misc":{"Estimated reading time":"1 minute"},"schema":{"@context":"https:\/\/schema.org","@graph":[{"@type":"WebPage","@id":"https:\/\/sirlima.eu\/lemuria-park-ticket-buchen\/","url":"https:\/\/sirlima.eu\/lemuria-park-ticket-buchen\/","name":"Ticket buchen - Lemuria Institut by Dunia Anandara","isPartOf":{"@id":"https:\/\/sirlima.eu\/#website"},"datePublished":"2021-06-12T16:44:14+00:00","dateModified":"2022-07-03T17:02:36+00:00","description":"Einzigartige energetische Kraftpl\u00e4tze und 5D Energie-Fokus-Orte erleben. Die Lemuria Guides zeigen einen inneren Zugang zur Natur und ihren Wesen.","breadcrumb":{"@id":"https:\/\/sirlima.eu\/lemuria-park-ticket-buchen\/#breadcrumb"},"inLanguage":"en-GB","potentialAction":[{"@type":"ReadAction","target":["https:\/\/sirlima.eu\/lemuria-park-ticket-buchen\/"]}]},{"@type":"BreadcrumbList","@id":"https:\/\/sirlima.eu\/lemuria-park-ticket-buchen\/#breadcrumb","itemListElement":[{"@type":"ListItem","position":1,"name":"Home","item":"https:\/\/sirlima.eu\/"},{"@type":"ListItem","position":2,"name":"Ticket buchen"}]},{"@type":"WebSite","@id":"https:\/\/sirlima.eu\/#website","url":"https:\/\/sirlima.eu\/","name":"Lemuria Institut by Dunia Anandara","description":"Energetic-Natural-Spiritual Lemuria Lifestyle","publisher":{"@id":"https:\/\/sirlima.eu\/#organization"},"potentialAction":[{"@type":"SearchAction","target":{"@type":"EntryPoint","urlTemplate":"https:\/\/sirlima.eu\/?s={search_term_string}"},"query-input":{"@type":"PropertyValueSpecification","valueRequired":true,"valueName":"search_term_string"}}],"inLanguage":"en-GB"},{"@type":"Organization","@id":"https:\/\/sirlima.eu\/#organization","name":"Sirlima Lebensr\u00e4ume GbR","url":"https:\/\/sirlima.eu\/","logo":{"@type":"ImageObject","inLanguage":"en-GB","@id":"https:\/\/sirlima.eu\/#\/schema\/logo\/image\/","url":"https:\/\/sirlima.eu\/wp-content\/uploads\/2021\/06\/cropped-2021-02-Logo-Sirlima.jpg","contentUrl":"https:\/\/sirlima.eu\/wp-content\/uploads\/2021\/06\/cropped-2021-02-Logo-Sirlima.jpg","width":676,"height":443,"caption":"Sirlima Lebensr\u00e4ume GbR"},"image":{"@id":"https:\/\/sirlima.eu\/#\/schema\/logo\/image\/"}}]}},"_links":{"self":[{"href":"https:\/\/sirlima.eu\/en\/wp-json\/wp\/v2\/pages\/2195","targetHints":{"allow":["GET"]}}],"collection":[{"href":"https:\/\/sirlima.eu\/en\/wp-json\/wp\/v2\/pages"}],"about":[{"href":"https:\/\/sirlima.eu\/en\/wp-json\/wp\/v2\/types\/page"}],"author":[{"embeddable":true,"href":"https:\/\/sirlima.eu\/en\/wp-json\/wp\/v2\/users\/9"}],"replies":[{"embeddable":true,"href":"https:\/\/sirlima.eu\/en\/wp-json\/wp\/v2\/comments?post=2195"}],"version-history":[{"count":3,"href":"https:\/\/sirlima.eu\/en\/wp-json\/wp\/v2\/pages\/2195\/revisions"}],"predecessor-version":[{"id":9006,"href":"https:\/\/sirlima.eu\/en\/wp-json\/wp\/v2\/pages\/2195\/revisions\/9006"}],"wp:attachment":[{"href":"https:\/\/sirlima.eu\/en\/wp-json\/wp\/v2\/media?parent=2195"}],"curies":[{"name":"wp","href":"https:\/\/api.w.org\/{rel}","templated":true}]}}