{"id":1339,"date":"2021-03-11T18:25:01","date_gmt":"2021-03-11T18:25:01","guid":{"rendered":"https:\/\/sirlima.eu\/allgemeine_geschaeftsbedingungen\/"},"modified":"2025-11-04T15:20:00","modified_gmt":"2025-11-04T14:20:00","slug":"agb","status":"publish","type":"page","link":"https:\/\/sirlima.eu\/en\/agb\/","title":{"rendered":"Allgemeine Gesch\u00e4ftsbedingungen"},"content":{"rendered":"<ol>\n<li><b>Geltungsbereich<\/b><\/li>\n<\/ol>\n<p><span style=\"font-weight: 400;\">F\u00fcr alle Bestellungen \u00fcber unseren Online-Shop durch Verbraucher und Unternehmer gelten die nachfolgenden AGB.<\/span><\/p>\n<p><span style=\"font-weight: 400;\">Verbraucher ist jede nat\u00fcrliche Person, die ein Rechtsgesch\u00e4ft zu Zwecken abschlie\u00dft, die \u00fcberwiegend weder ihrer gewerblichen noch ihrer selbst\u00e4ndigen beruflichen T\u00e4tigkeit zugerechnet werden k\u00f6nnen. Unternehmer ist eine nat\u00fcrliche oder juristische Person oder eine rechtsf\u00e4hige Personengesellschaft, die bei Abschluss eines Rechtsgesch\u00e4fts in Aus\u00fcbung ihrer gewerblichen oder selbst\u00e4ndigen beruflichen T\u00e4tigkeit handelt.\u00a0<\/span><\/p>\n<p><span style=\"font-weight: 400;\">Gegen\u00fcber Unternehmern gilt: Verwendet der Unternehmer entgegenstehende oder erg\u00e4nzende Allgemeine Gesch\u00e4ftsbedingungen, wird deren Geltung hiermit widersprochen; sie werden nur dann Vertragsbestandteil, wenn wir dem ausdr\u00fccklich zugestimmt haben.\u00a0<\/span><\/p>\n<ol start=\"2\">\n<li><b>Vertragspartner, Vertragsschluss<\/b><\/li>\n<\/ol>\n<p><span style=\"font-weight: 400;\">Der Kaufvertrag kommt zustande mit dem Verein<br \/>\nLemuria Lebensr\u00e4ume-Institut f\u00fcr Frieden auf Erden<br \/>\ndurch Kooperation mit Mensch, Tier und Naturwesen<br \/>\nS<\/span><span style=\"font-weight: 400;\">itz: A-1070 Wien, Lederergasse 28\/20<br \/>\nZVR-Zahl 1250508752<br \/>\n<\/span><\/p>\n<p><span style=\"font-weight: 400;\">Die Darstellung der Produkte im Online-Shop stellt kein rechtlich bindendes Angebot, sondern einen unverbindlichen Online-Katalog dar. Sie k\u00f6nnen unsere Produkte zun\u00e4chst unverbindlich in den Warenkorb legen und Ihre Eingaben vor Absenden Ihrer verbindlichen Bestellung jederzeit korrigieren, indem Sie die hierf\u00fcr im Bestellablauf vorgesehenen und erl\u00e4uterten Korrekturhilfen nutzen. Durch Anklicken des Bestellbuttons geben Sie eine verbindliche Bestellung der im Warenkorb enthaltenen Waren ab. Nach Pr\u00fcfung der Liefertermine erfolgt die Best\u00e4tigung Ihrer Bestellung per E-Mail.<\/span><\/p>\n<p><span style=\"font-weight: 400;\">Wann der Vertrag mit uns zustande kommt, richtet sich nach der von Ihnen gew\u00e4hlten Zahlungsart:<\/span><\/p>\n<p><b>Kreditkarte<\/b><span style=\"font-weight: 400;\"><br \/>\n<\/span><span style=\"font-weight: 400;\">Mit Abgabe der Bestellung geben Sie Ihre Kreditkartendaten an und das Kreditkartenunternehmen f\u00fchrt eine Autorisierungspr\u00fcfung durch. Nach Ihrer Legitimation als rechtm\u00e4\u00dfiger Karteninhaber wird die Zahlungstransaktion automatisch eingeleitet und Ihre Kreditkarte bei Abgabe der Bestellung belastet. Zum Zeitpunkt der Kreditkartenbelastung kommt der Vertrag mit uns zustande.<\/span><\/p>\n<p><b>PayPal Plus<\/b><span style=\"font-weight: 400;\"><br \/>\n<\/span><span style=\"font-weight: 400;\">Im Rahmen des Zahlungsdienstes PayPal Plus bieten wir Ihnen verschiedene Zahlungsmethoden als PayPal Services an. Nach Abgabe der Bestellung werden Sie auf die Webseite des Online-Anbieters PayPal weitergeleitet. Dort k\u00f6nnen Sie Ihre Zahlungsdaten angeben und die Zahlungsanweisung an PayPal best\u00e4tigen. Dadurch kommt der Vertrag mit uns zustande.<\/span><\/p>\n<ol start=\"3\">\n<li><b>Vertragssprache, Vertragstextspeicherung<\/b><\/li>\n<\/ol>\n<p><span style=\"font-weight: 400;\">Die f\u00fcr den Vertragsschluss zur Verf\u00fcgung stehende(n) Sprache(n): Deutsch<\/span><\/p>\n<p><span style=\"font-weight: 400;\">Wir speichern den Vertragstext und senden Ihnen die Bestelldaten und unsere AGB in Textform zu. Den Vertragstext k\u00f6nnen Sie in unserem Kunden-Login einsehen.<\/span><\/p>\n<ol start=\"4\">\n<li><b>Lieferbedingungen<\/b><\/li>\n<\/ol>\n<p><span style=\"font-weight: 400;\">Zuz\u00fcglich zu den angegebenen Produktpreisen kommen noch Versandkosten hinzu. N\u00e4heres zur H\u00f6he der Versandkosten erfahren Sie bei den Angeboten.<\/span><\/p>\n<p><span style=\"font-weight: 400;\">Wir liefern nicht an Packstationen.<\/span><\/p>\n<ol start=\"5\">\n<li><b>Bezahlung<\/b><\/li>\n<\/ol>\n<p><span style=\"font-weight: 400;\">In unserem Shop stehen Ihnen grunds\u00e4tzlich die folgenden Zahlungsarten zur Verf\u00fcgung:<\/span><\/p>\n<p><b>Kreditkarte<\/b><span style=\"font-weight: 400;\"><br \/>\n<\/span><span style=\"font-weight: 400;\">Mit Abgabe der Bestellung geben Sie Ihre Kreditkartendaten an. Nach Ihrer Legitimation als rechtm\u00e4\u00dfiger Karteninhaber wird die Zahlungstransaktion automatisch durchgef\u00fchrt und Ihre Karte belastet.\u00a0<\/span><\/p>\n<p><b>PayPal<\/b><\/p>\n<p><span style=\"font-weight: 400;\">Wenn Sie die Zahlungsart <\/span><b>PayPal<\/b><span style=\"font-weight: 400;\"> gew\u00e4hlt haben, m\u00fcssen Sie, um den Rechnungsbetrag bezahlen zu k\u00f6nnen, dort registriert sein bzw. sich erst registrieren und mit Ihren Zugangsdaten legitimieren. Die Zahlungstransaktion wird von PayPal unmittelbar nach Best\u00e4tigung der Zahlungsanweisung automatisch durchgef\u00fchrt. Weitere Hinweise erhalten Sie beim Bestellvorgang.<\/span><\/p>\n<p><b>Kreditkarte \u00fcber PayPal<\/b><span style=\"font-weight: 400;\"><br \/>\n<\/span><span style=\"font-weight: 400;\">Wenn Sie die Zahlungsart Kreditkarte gew\u00e4hlt haben, m\u00fcssen Sie, um den Rechnungsbetrag bezahlen zu k\u00f6nnen, bei PayPal nicht registriert sein. Die Zahlungstransaktion wird unmittelbar nach Best\u00e4tigung der Zahlungsanweisung und nach Ihrer Legitimation als rechtm\u00e4\u00dfiger Karteninhaber von Ihrem Kreditkartenunternehmen auf Aufforderung von PayPal durchgef\u00fchrt und Ihre Karte belastet. Weitere Hinweise erhalten Sie beim Bestellvorgang.<\/span><\/p>\n<ol start=\"6\">\n<li><b>Widerrufsrecht<\/b><\/li>\n<\/ol>\n<p><span style=\"font-weight: 400;\">Verbrauchern steht das gesetzliche Widerrufsrecht, wie in der Widerrufsbelehrung beschrieben, zu. Unternehmern wird kein freiwilliges Widerrufsrecht einger\u00e4umt.<\/span><\/p>\n<ol start=\"7\">\n<li><b>Eigentumsvorbehalt<\/b><\/li>\n<\/ol>\n<p><span style=\"font-weight: 400;\">Die Ware bleibt bis zur vollst\u00e4ndigen Bezahlung unser Eigentum. <\/span><span style=\"font-weight: 400;\"><br \/>\n<\/span><span style=\"font-weight: 400;\">F\u00fcr Unternehmer gilt erg\u00e4nzend: Wir behalten uns das Eigentum an der Ware bis zur vollst\u00e4ndigen Begleichung aller Forderungen aus einer laufenden Gesch\u00e4ftsbeziehung vor. Sie d\u00fcrfen die Vorbehaltsware im ordentlichen Gesch\u00e4ftsbetrieb weiterver\u00e4u\u00dfern; s\u00e4mtliche aus diesem Weiterverkauf entstehenden Forderungen treten Sie \u2013 unabh\u00e4ngig von einer Verbindung oder Vermischung der Vorbehaltsware mit einer neuen Sache &#8211; in H\u00f6he des Rechnungsbetrages an uns im Voraus ab, und wir nehmen diese Abtretung an. Sie bleiben zur Einziehung der Forderungen erm\u00e4chtigt, wir d\u00fcrfen Forderungen jedoch auch selbst einziehen, soweit Sie Ihren Zahlungsverpflichtungen nicht nachkommen.\u00a0<\/span><\/p>\n<ol start=\"8\">\n<li><b>Transportsch\u00e4den<\/b><\/li>\n<\/ol>\n<p><span style=\"font-weight: 400;\">F\u00fcr Verbraucher gilt: Werden Waren mit offensichtlichen Transportsch\u00e4den angeliefert, so reklamieren Sie solche Fehler bitte m\u00f6glichst sofort beim Zusteller und nehmen Sie bitte unverz\u00fcglich Kontakt zu uns auf. Die Vers\u00e4umung einer Reklamation oder Kontaktaufnahme hat f\u00fcr Ihre gesetzlichen Anspr\u00fcche und deren Durchsetzung, insbesondere Ihre Gew\u00e4hrleistungsrechte, keinerlei Konsequenzen. Sie helfen uns aber, unsere eigenen Anspr\u00fcche gegen\u00fcber dem Frachtf\u00fchrer bzw. der Transportversicherung geltend machen zu k\u00f6nnen.<\/span><\/p>\n<p><span style=\"font-weight: 400;\">F\u00fcr Unternehmer gilt: Die Gefahr des zuf\u00e4lligen Untergangs und der zuf\u00e4lligen Verschlechterung geht auf Sie \u00fcber, sobald wir die Sache dem Spediteur, dem Frachtf\u00fchrer oder der sonst zur Ausf\u00fchrung der Versendung bestimmten Person oder Anstalt ausgeliefert haben. Unter Kaufleuten gilt die in \u00a7 377 HGB geregelte Untersuchungs- und R\u00fcgepflicht. Unterlassen Sie die dort geregelte Anzeige, so gilt die Ware als genehmigt, es sei denn, dass es sich um einen Mangel handelt, der bei der Untersuchung nicht erkennbar war. Dies gilt nicht, falls wir einen Mangel arglistig verschwiegen haben.\u00a0<\/span><\/p>\n<ol start=\"9\">\n<li><b>Gew\u00e4hrleistung und Garantien<\/b><\/li>\n<\/ol>\n<p><span style=\"font-weight: 400;\">Soweit nicht nachstehend ausdr\u00fccklich anders vereinbart, gilt das gesetzliche M\u00e4ngelhaftungsrecht. <\/span><span style=\"font-weight: 400;\"><br \/>\n<\/span><span style=\"font-weight: 400;\">Beim Kauf gebrauchter Waren durch Verbraucher gilt: wenn der Mangel nach Ablauf eines Jahres ab Ablieferung der Ware auftritt, sind die M\u00e4ngelanspr\u00fcche ausgeschlossen. M\u00e4ngel, die innerhalb eines Jahres ab Ablieferung der Ware auftreten, k\u00f6nnen im Rahmen der gesetzlichen Verj\u00e4hrungsfrist von zwei Jahren ab Ablieferung der Ware geltend gemacht werden. <\/span><span style=\"font-weight: 400;\"><br \/>\n<\/span><span style=\"font-weight: 400;\">F\u00fcr Unternehmer betr\u00e4gt die Verj\u00e4hrungsfrist f\u00fcr M\u00e4ngelanspr\u00fcche bei neu hergestellten Sachen ein Jahr ab Gefahr\u00fcbergang. Der Verkauf gebrauchter Waren erfolgt unter Ausschluss jeglicher Gew\u00e4hrleistung. Die gesetzlichen Verj\u00e4hrungsfristen f\u00fcr den R\u00fcckgriffsanspruch nach \u00a7 445a BGB bleiben unber\u00fchrt.<\/span><span style=\"font-weight: 400;\"><br \/>\n<\/span><span style=\"font-weight: 400;\">Gegen\u00fcber Unternehmern gelten als Vereinbarung \u00fcber die Beschaffenheit der Ware nur unsere eigenen Angaben und die Produktbeschreibungen des Herstellers, die in den Vertrag einbezogen wurden; f\u00fcr \u00f6ffentliche \u00c4u\u00dferungen des Herstellers oder sonstige Werbeaussagen \u00fcbernehmen wir keine Haftung. <\/span><span style=\"font-weight: 400;\"><br \/>\n<\/span><span style=\"font-weight: 400;\">Ist die gelieferte Sache mangelhaft, leisten wir gegen\u00fcber Unternehmern zun\u00e4chst nach unserer Wahl Gew\u00e4hr durch Beseitigung des Mangels (Nachbesserung) oder durch Lieferung einer mangelfreien Sache (Ersatzlieferung). <\/span><span style=\"font-weight: 400;\"><br \/>\n<\/span><span style=\"font-weight: 400;\">Die vorstehenden Einschr\u00e4nkungen und Fristverk\u00fcrzungen gelten nicht f\u00fcr Anspr\u00fcche aufgrund von Sch\u00e4den, die durch uns, unsere gesetzlichen Vertreter oder Erf\u00fcllungsgehilfen verursacht wurden<\/span><span style=\"font-weight: 400;\"><br \/>\n<\/span><span style=\"font-weight: 400;\">\u2022 bei Verletzung des Lebens, des K\u00f6rpers oder der Gesundheit<\/span><span style=\"font-weight: 400;\"><br \/>\n<\/span><span style=\"font-weight: 400;\">\u2022 bei vors\u00e4tzlicher oder grob fahrl\u00e4ssiger Pflichtverletzung sowie Arglist<\/span><span style=\"font-weight: 400;\"><br \/>\n<\/span><span style=\"font-weight: 400;\">\u2022 bei Verletzung wesentlicher Vertragspflichten, deren Erf\u00fcllung die ordnungsgem\u00e4\u00dfe Durchf\u00fchrung des Vertrages \u00fcberhaupt erst erm\u00f6glicht und auf deren Einhaltung der Vertragspartner regelm\u00e4\u00dfig vertrauen darf (Kardinalpflichten)<\/span><span style=\"font-weight: 400;\"><br \/>\n<\/span><span style=\"font-weight: 400;\">\u2022 im Rahmen eines Garantieversprechens, soweit vereinbart<\/span><span style=\"font-weight: 400;\"><br \/>\n<\/span><span style=\"font-weight: 400;\">\u2022 soweit der Anwendungsbereich des Produkthaftungsgesetzes er\u00f6ffnet ist.<\/span><span style=\"font-weight: 400;\"><br \/>\n<\/span><span style=\"font-weight: 400;\">Informationen zu gegebenenfalls geltenden zus\u00e4tzlichen Garantien und deren genaue Bedingungen finden Sie jeweils beim Produkt und auf besonderen Informationsseiten im Online-Shop.<\/span><\/p>\n<p><span style=\"font-weight: 400;\">Kundendienst: Unser Kundendienst f\u00fcr Fragen, Reklamationen und Beanstandungen steht per E-Mail unter xx zur Verf\u00fcgung.<\/span><\/p>\n<ol start=\"10\">\n<li><b>Haftung<\/b><\/li>\n<\/ol>\n<p><span style=\"font-weight: 400;\">F\u00fcr Anspr\u00fcche aufgrund von Sch\u00e4den, die durch uns, unsere gesetzlichen Vertreter oder Erf\u00fcllungsgehilfen verursacht wurden, haften wir stets unbeschr\u00e4nkt<\/span><span style=\"font-weight: 400;\"><br \/>\n<\/span><span style=\"font-weight: 400;\">\u2022 bei Verletzung des Lebens, des K\u00f6rpers oder der Gesundheit<\/span><span style=\"font-weight: 400;\"><br \/>\n<\/span><span style=\"font-weight: 400;\">\u2022 bei vors\u00e4tzlicher oder grob fahrl\u00e4ssiger Pflichtverletzung<\/span><span style=\"font-weight: 400;\"><br \/>\n<\/span><span style=\"font-weight: 400;\">\u2022 bei Garantieversprechen, soweit vereinbart, oder<\/span><span style=\"font-weight: 400;\"><br \/>\n<\/span><span style=\"font-weight: 400;\">\u2022 soweit der Anwendungsbereich des Produkthaftungsgesetzes er\u00f6ffnet ist.<\/span><span style=\"font-weight: 400;\"><br \/>\n<\/span><span style=\"font-weight: 400;\">Bei Verletzung wesentlicher Vertragspflichten, deren Erf\u00fcllung die ordnungsgem\u00e4\u00dfe Durchf\u00fchrung des Vertrages \u00fcberhaupt erst erm\u00f6glicht und auf deren Einhaltung der Vertragspartner regelm\u00e4\u00dfig vertrauen darf, (Kardinalpflichten) durch leichte Fahrl\u00e4ssigkeit von uns, unseren gesetzlichen Vertretern oder Erf\u00fcllungsgehilfen ist die Haftung der H\u00f6he nach auf den bei Vertragsschluss vorhersehbaren Schaden begrenzt, mit dessen Entstehung typischerweise gerechnet werden muss. <\/span><span style=\"font-weight: 400;\"><br \/>\n<\/span><span style=\"font-weight: 400;\">Im \u00dcbrigen sind Anspr\u00fcche auf Schadensersatz ausgeschlossen.<\/span><\/p>\n<ol start=\"11\">\n<li><b>Streitbeilegung<\/b><\/li>\n<\/ol>\n<p><span style=\"font-weight: 400;\">Die Europ\u00e4ische Kommission stellt eine Plattform zur Online-Streitbeilegung (OS) bereit, die Sie <\/span><a href=\"https:\/\/ec.europa.eu\/consumers\/odr\/\"><span style=\"font-weight: 400;\">hier<\/span><\/a><span style=\"font-weight: 400;\"> finden. Zur Teilnahme an einem Streitbeilegungsverfahren vor einer Verbraucherschlichtungsstelle sind wir nicht verpflichtet und nicht bereit.\u00a0<\/span><\/p>\n<ol start=\"12\">\n<li><b>Schlussbestimmungen<\/b><\/li>\n<\/ol>\n<p><span style=\"font-weight: 400;\">Sind Sie Unternehmer, dann gilt deutsches Recht unter Ausschluss des UN-Kaufrechts.<\/span><\/p>\n<p><span style=\"font-weight: 400;\">Sind Sie Kaufmann im Sinne des Handelsgesetzbuches, juristische Person des \u00f6ffentlichen Rechts oder \u00f6ffentlich-rechtliches Sonderverm\u00f6gen, ist ausschlie\u00dflicher Gerichtsstand f\u00fcr alle Streitigkeiten aus Vertragsverh\u00e4ltnissen zwischen uns und Ihnen unser Vereinssitz.\u00a0<\/span><\/p>\n<p>Bei \u00dcberweisungen bitte die <strong>Belegnummer im Verwendungszweck<\/strong> angeben.<\/p>\n<p>Nach Ihrer Anmeldung erhalten Sie automatisch per Email eine<br \/>\nBest\u00e4tigung und ggf. die Zoom-Zugangsdaten mit dem Ticket.<\/p>\n<p>Seminarleiter, Vermieter der R\u00e4umlichkeiten und Veranstalter,<br \/>\nk\u00f6nnen weder f\u00fcr Haftungs-, noch f\u00fcr Schadenersatzanspr\u00fcche<br \/>\nverantwortlich gemacht werden. Teilnehmer ab 16 Jahre,<br \/>\ngerne mit schriftlicher Zustimmung der Erziehungsberechtigten.<\/p>\n<p><strong>Bei R\u00fccktritt<\/strong>\u00a0<strong>oder STORNO<\/strong><br \/>\n-bis 6 Werktage vor Seminarbeginn<br \/>\nberechnen wir eine Bearbeitungsgeb\u00fchr von 25,- Euro.<br \/>\n-weniger als 6 Werktage vor Beginn,<br \/>\nberechnen wir 30% der Seminargeb\u00fchr<br \/>\n-weniger als 3 Tagen vor Seminarbeginn,<br \/>\nberechnen wir 80% der Seminargeb\u00fchr<\/p>\n<p>F\u00fcr Umbuchung, Storno oder sonstige \u00c4nderungen bei Meditationen<br \/>\nspenden Sie bitte 12,00 EUR in die Vereinskasse.<\/p>\n<p>Dies gilt auch bei m\u00fcndlichen und telefonischen Anmeldungen.<\/p>\n<p><strong>Voraussetzung f\u00fcr die Teilnahme an allen Angeboten ist Ihre<br \/>\ngeistige Gesundheit.\u00a0<\/strong><strong>Es wird weder Diagnose, weder Theapie,<br \/>\nnoch Heilkunst im Sinne der deutschen Rechtsprechung\u00a0<\/strong><strong>und des<br \/>\ndeutschen Heilpraktiker-Gesetzes ausge\u00fcbt.<br \/>\nDie Teilnahme an unseren Angeboten\u00a0<\/strong><strong>ersetzt keine \u00e4rztliche<br \/>\nBehandlung oder Therapie. Im Zweifel konsultieren Sie bitte\u00a0<\/strong><strong>vorher<br \/>\nIhren Arzt oder Heilpraktiker Ihres Vertrauens.<\/strong><\/p>\n<p>Unsere Vereinsaktivit\u00e4ten dienen Ihrer Gesundheitserhaltung,<br \/>\nwirken aktivierend und st\u00e4rken die energetischen Selbstheilungskr\u00e4fte<br \/>\nIhres Organismus. Diese Wirkungen sind wissenschaftlich noch nicht<br \/>\nanerkannt. Es werden auch keine Heilversprechen abgegeben.<\/p>\n<p>Seminarleiter, Vermieter der R\u00e4umlichkeiten und die Veranstalter k\u00f6nnen<br \/>\nweder f\u00fcr Haftungs-, noch f\u00fcr Schadenersatzanspr\u00fcche verantwortlich<br \/>\ngemacht werden.<\/p>\n<p>Teilnehmer ab 16 Jahre, sind gerne mit schriftlicher Zustimmung der<br \/>\nErziehungsberechtigten willkommen.<br \/>\nVielen Dank f\u00fcr Ihr Interesse an unseren Vereins-Angeboten!<\/p>\n<p>Zu den Datenschutzbestimmungen lesen Sie bitte auch unser\u00a0<a href=\"https:\/\/www.sirlima.de\/impressum\/\">Impressum<\/a><br \/>\nund <a href=\"https:\/\/sirlima.eu\/en\/datenschutz\/\">Datenschutz-Infos<\/a> f\u00fcr weitere Details der Datenspeicherung und der<br \/>\nAnbieter Google, facebook und Instagram.<\/p>","protected":false},"excerpt":{"rendered":"<p>Geltungsbereich F\u00fcr alle Bestellungen \u00fcber unseren Online-Shop durch Verbraucher und Unternehmer gelten die nachfolgenden AGB. Verbraucher ist jede nat\u00fcrliche Person, die ein Rechtsgesch\u00e4ft zu Zwecken abschlie\u00dft, die \u00fcberwiegend weder ihrer gewerblichen noch ihrer selbst\u00e4ndigen beruflichen T\u00e4tigkeit zugerechnet werden k\u00f6nnen. Unternehmer ist eine nat\u00fcrliche oder juristische Person oder eine rechtsf\u00e4hige Personengesellschaft, die bei Abschluss eines Rechtsgesch\u00e4fts&#8230;<\/p>","protected":false},"author":958,"featured_media":0,"parent":0,"menu_order":0,"comment_status":"closed","ping_status":"closed","template":"","meta":{"_acf_changed":false,"_kad_post_transparent":"","_kad_post_title":"","_kad_post_layout":"","_kad_post_sidebar_id":"","_kad_post_content_style":"","_kad_post_vertical_padding":"","_kad_post_feature":"","_kad_post_feature_position":"","_kad_post_header":false,"_kad_post_footer":false,"_kad_post_classname":"","footnotes":""},"class_list":["post-1339","page","type-page","status-publish","hentry"],"acf":[],"yoast_head":"<!-- This site is optimized with the Yoast SEO plugin v27.4 - https:\/\/yoast.com\/product\/yoast-seo-wordpress\/ -->\n<title>Allgemeine Gesch\u00e4ftsbedingungen - Lemuria Institut by Dunia Anandara<\/title>\n<meta name=\"description\" content=\"Mediale und mehrdimensional hellsichtige Seelen-Matrix-Lesung. Karma-Heilarbeit, Heiler Ausbildung, Negative Energie und Geist Reinigung und Coaching .\" \/>\n<meta name=\"robots\" content=\"index, follow, max-snippet:-1, max-image-preview:large, max-video-preview:-1\" \/>\n<link rel=\"canonical\" href=\"https:\/\/sirlima.eu\/en\/agb\/\" \/>\n<meta property=\"og:locale\" content=\"en_GB\" \/>\n<meta property=\"og:type\" content=\"article\" \/>\n<meta property=\"og:title\" content=\"Allgemeine Gesch\u00e4ftsbedingungen - Lemuria Institut by Dunia Anandara\" \/>\n<meta property=\"og:description\" content=\"Mediale und mehrdimensional hellsichtige Seelen-Matrix-Lesung. Karma-Heilarbeit, Heiler Ausbildung, Negative Energie und Geist Reinigung und Coaching .\" \/>\n<meta property=\"og:url\" content=\"https:\/\/sirlima.eu\/en\/agb\/\" \/>\n<meta property=\"og:site_name\" content=\"Lemuria Institut by Dunia Anandara\" \/>\n<meta property=\"article:modified_time\" content=\"2025-11-04T14:20:00+00:00\" \/>\n<meta name=\"twitter:card\" content=\"summary_large_image\" \/>\n<meta name=\"twitter:label1\" content=\"Estimated reading time\" \/>\n\t<meta name=\"twitter:data1\" content=\"8 minutes\" \/>\n<script type=\"application\/ld+json\" class=\"yoast-schema-graph\">{\"@context\":\"https:\\\/\\\/schema.org\",\"@graph\":[{\"@type\":\"WebPage\",\"@id\":\"https:\\\/\\\/sirlima.eu\\\/agb\\\/\",\"url\":\"https:\\\/\\\/sirlima.eu\\\/agb\\\/\",\"name\":\"Allgemeine Gesch\u00e4ftsbedingungen - Lemuria Institut by Dunia Anandara\",\"isPartOf\":{\"@id\":\"https:\\\/\\\/sirlima.eu\\\/#website\"},\"datePublished\":\"2021-03-11T18:25:01+00:00\",\"dateModified\":\"2025-11-04T14:20:00+00:00\",\"description\":\"Mediale und mehrdimensional hellsichtige Seelen-Matrix-Lesung. Karma-Heilarbeit, Heiler Ausbildung, Negative Energie und Geist Reinigung und Coaching .\",\"breadcrumb\":{\"@id\":\"https:\\\/\\\/sirlima.eu\\\/agb\\\/#breadcrumb\"},\"inLanguage\":\"en-GB\",\"potentialAction\":[{\"@type\":\"ReadAction\",\"target\":[\"https:\\\/\\\/sirlima.eu\\\/agb\\\/\"]}]},{\"@type\":\"BreadcrumbList\",\"@id\":\"https:\\\/\\\/sirlima.eu\\\/agb\\\/#breadcrumb\",\"itemListElement\":[{\"@type\":\"ListItem\",\"position\":1,\"name\":\"Home\",\"item\":\"https:\\\/\\\/sirlima.eu\\\/\"},{\"@type\":\"ListItem\",\"position\":2,\"name\":\"Allgemeine Gesch\u00e4ftsbedingungen\"}]},{\"@type\":\"WebSite\",\"@id\":\"https:\\\/\\\/sirlima.eu\\\/#website\",\"url\":\"https:\\\/\\\/sirlima.eu\\\/\",\"name\":\"Lemuria Institut by Dunia Anandara\",\"description\":\"Energetic-Natural-Spiritual Lemuria Lifestyle\",\"publisher\":{\"@id\":\"https:\\\/\\\/sirlima.eu\\\/#organization\"},\"potentialAction\":[{\"@type\":\"SearchAction\",\"target\":{\"@type\":\"EntryPoint\",\"urlTemplate\":\"https:\\\/\\\/sirlima.eu\\\/?s={search_term_string}\"},\"query-input\":{\"@type\":\"PropertyValueSpecification\",\"valueRequired\":true,\"valueName\":\"search_term_string\"}}],\"inLanguage\":\"en-GB\"},{\"@type\":\"Organization\",\"@id\":\"https:\\\/\\\/sirlima.eu\\\/#organization\",\"name\":\"Sirlima Lebensr\u00e4ume GbR\",\"url\":\"https:\\\/\\\/sirlima.eu\\\/\",\"logo\":{\"@type\":\"ImageObject\",\"inLanguage\":\"en-GB\",\"@id\":\"https:\\\/\\\/sirlima.eu\\\/#\\\/schema\\\/logo\\\/image\\\/\",\"url\":\"https:\\\/\\\/sirlima.eu\\\/wp-content\\\/uploads\\\/2021\\\/06\\\/cropped-2021-02-Logo-Sirlima.jpg\",\"contentUrl\":\"https:\\\/\\\/sirlima.eu\\\/wp-content\\\/uploads\\\/2021\\\/06\\\/cropped-2021-02-Logo-Sirlima.jpg\",\"width\":676,\"height\":443,\"caption\":\"Sirlima Lebensr\u00e4ume GbR\"},\"image\":{\"@id\":\"https:\\\/\\\/sirlima.eu\\\/#\\\/schema\\\/logo\\\/image\\\/\"}}]}<\/script>\n<!-- \/ Yoast SEO plugin. -->","yoast_head_json":{"title":"Allgemeine Gesch\u00e4ftsbedingungen - Lemuria Institut by Dunia Anandara","description":"Mediale und mehrdimensional hellsichtige Seelen-Matrix-Lesung. Karma-Heilarbeit, Heiler Ausbildung, Negative Energie und Geist Reinigung und Coaching .","robots":{"index":"index","follow":"follow","max-snippet":"max-snippet:-1","max-image-preview":"max-image-preview:large","max-video-preview":"max-video-preview:-1"},"canonical":"https:\/\/sirlima.eu\/en\/agb\/","og_locale":"en_GB","og_type":"article","og_title":"Allgemeine Gesch\u00e4ftsbedingungen - Lemuria Institut by Dunia Anandara","og_description":"Mediale und mehrdimensional hellsichtige Seelen-Matrix-Lesung. Karma-Heilarbeit, Heiler Ausbildung, Negative Energie und Geist Reinigung und Coaching .","og_url":"https:\/\/sirlima.eu\/en\/agb\/","og_site_name":"Lemuria Institut by Dunia Anandara","article_modified_time":"2025-11-04T14:20:00+00:00","twitter_card":"summary_large_image","twitter_misc":{"Estimated reading time":"8 minutes"},"schema":{"@context":"https:\/\/schema.org","@graph":[{"@type":"WebPage","@id":"https:\/\/sirlima.eu\/agb\/","url":"https:\/\/sirlima.eu\/agb\/","name":"Allgemeine Gesch\u00e4ftsbedingungen - Lemuria Institut by Dunia Anandara","isPartOf":{"@id":"https:\/\/sirlima.eu\/#website"},"datePublished":"2021-03-11T18:25:01+00:00","dateModified":"2025-11-04T14:20:00+00:00","description":"Mediale und mehrdimensional hellsichtige Seelen-Matrix-Lesung. Karma-Heilarbeit, Heiler Ausbildung, Negative Energie und Geist Reinigung und Coaching .","breadcrumb":{"@id":"https:\/\/sirlima.eu\/agb\/#breadcrumb"},"inLanguage":"en-GB","potentialAction":[{"@type":"ReadAction","target":["https:\/\/sirlima.eu\/agb\/"]}]},{"@type":"BreadcrumbList","@id":"https:\/\/sirlima.eu\/agb\/#breadcrumb","itemListElement":[{"@type":"ListItem","position":1,"name":"Home","item":"https:\/\/sirlima.eu\/"},{"@type":"ListItem","position":2,"name":"Allgemeine Gesch\u00e4ftsbedingungen"}]},{"@type":"WebSite","@id":"https:\/\/sirlima.eu\/#website","url":"https:\/\/sirlima.eu\/","name":"Lemuria Institut by Dunia Anandara","description":"Energetic-Natural-Spiritual Lemuria Lifestyle","publisher":{"@id":"https:\/\/sirlima.eu\/#organization"},"potentialAction":[{"@type":"SearchAction","target":{"@type":"EntryPoint","urlTemplate":"https:\/\/sirlima.eu\/?s={search_term_string}"},"query-input":{"@type":"PropertyValueSpecification","valueRequired":true,"valueName":"search_term_string"}}],"inLanguage":"en-GB"},{"@type":"Organization","@id":"https:\/\/sirlima.eu\/#organization","name":"Sirlima Lebensr\u00e4ume GbR","url":"https:\/\/sirlima.eu\/","logo":{"@type":"ImageObject","inLanguage":"en-GB","@id":"https:\/\/sirlima.eu\/#\/schema\/logo\/image\/","url":"https:\/\/sirlima.eu\/wp-content\/uploads\/2021\/06\/cropped-2021-02-Logo-Sirlima.jpg","contentUrl":"https:\/\/sirlima.eu\/wp-content\/uploads\/2021\/06\/cropped-2021-02-Logo-Sirlima.jpg","width":676,"height":443,"caption":"Sirlima Lebensr\u00e4ume GbR"},"image":{"@id":"https:\/\/sirlima.eu\/#\/schema\/logo\/image\/"}}]}},"_links":{"self":[{"href":"https:\/\/sirlima.eu\/en\/wp-json\/wp\/v2\/pages\/1339","targetHints":{"allow":["GET"]}}],"collection":[{"href":"https:\/\/sirlima.eu\/en\/wp-json\/wp\/v2\/pages"}],"about":[{"href":"https:\/\/sirlima.eu\/en\/wp-json\/wp\/v2\/types\/page"}],"author":[{"embeddable":true,"href":"https:\/\/sirlima.eu\/en\/wp-json\/wp\/v2\/users\/958"}],"replies":[{"embeddable":true,"href":"https:\/\/sirlima.eu\/en\/wp-json\/wp\/v2\/comments?post=1339"}],"version-history":[{"count":9,"href":"https:\/\/sirlima.eu\/en\/wp-json\/wp\/v2\/pages\/1339\/revisions"}],"predecessor-version":[{"id":24728,"href":"https:\/\/sirlima.eu\/en\/wp-json\/wp\/v2\/pages\/1339\/revisions\/24728"}],"wp:attachment":[{"href":"https:\/\/sirlima.eu\/en\/wp-json\/wp\/v2\/media?parent=1339"}],"curies":[{"name":"wp","href":"https:\/\/api.w.org\/{rel}","templated":true}]}}