{"id":1332,"date":"2021-03-11T18:25:01","date_gmt":"2021-03-11T18:25:01","guid":{"rendered":"https:\/\/sirlima.eu\/impressum\/"},"modified":"2024-12-20T21:08:33","modified_gmt":"2024-12-20T20:08:33","slug":"impressum","status":"publish","type":"page","link":"https:\/\/sirlima.eu\/en\/impressum\/","title":{"rendered":"Impressum"},"content":{"rendered":"<p>Lemuria Lebensr\u00e4ume Institut<br \/>\nZVR 1250508752<br \/>\nLederergasse 28\/20<br \/>\n1070 Wien, \u00d6sterreich<\/p>\n<p><u><a href=\"mailto:info@sirlima.de\">orga@lemuria-akademie.club<\/a><\/u><\/p>\n<p><strong>Vertreten durch:<\/strong><\/p>\n<p>Roland Seybold (Vereins-Pr\u00e4sident)<\/p>\n<p><strong>Bankverbindung<br \/>\n<\/strong><\/p>\n<p>BRD: Gestalterbank Volksbank eG<br \/>\nPaypal: orga (@) lemuria-akademie.club<\/p>\n<p><strong>Umsatzsteuer-ID:<\/strong><br \/>\nGemeinn\u00fctzig<\/p>\n<p><strong>Bildrechte:<\/strong><\/p>\n<p>Fotolia<br \/>\ndiverse<br \/>\n<u><a href=\"https:\/\/de.fotolia.com\/\">https:\/\/de.fotolia.com<\/a><\/p>\n<p><\/u>Roland Seybold<\/p>\n<p><strong>Disclaimer \u2013 rechtliche Hinweise<\/strong><\/p>\n<p><strong>Auskunfts- und Widerrufsrecht<\/strong><\/p>\n<p>Sie haben jederzeit das Recht, sich unentgeltlich und unverz\u00fcglich \u00fcber die zu Ihrer Person erhobenen Daten zu erkundigen. Ebenfalls k\u00f6nnen Sie Ihre Zustimmung zur Verwendung Ihrer angegebenen pers\u00f6nlichen Daten mit Wirkung f\u00fcr die Zukunft widerrufen. Hierf\u00fcr wenden Sie sich bitte an den im Impressum angegebenen Diensteanbieter.<\/p>\n<p>Plattform der Europ\u00e4ischen Kommission zur Online-Streitbeilegung (OS) f\u00fcr Verbraucher: https:\/\/ec.europa.eu\/consumers\/odr\/. Wir sind nicht bereit und nicht verpflichtet an einem Streitbeilegungsverfahren vor einer Verbraucherschlichtungsstelle teilzunehmen.<\/p>","protected":false},"excerpt":{"rendered":"<p>Lemuria Lebensr\u00e4ume Institut ZVR 1250508752 Lederergasse 28\/20 1070 Wien, \u00d6sterreich orga@lemuria-akademie.club Vertreten durch: Roland Seybold (Vereins-Pr\u00e4sident) Bankverbindung BRD: Gestalterbank Volksbank eG Paypal: orga (@) lemuria-akademie.club Umsatzsteuer-ID: Gemeinn\u00fctzig Bildrechte: Fotolia diverse https:\/\/de.fotolia.com Roland Seybold Disclaimer \u2013 rechtliche Hinweise Auskunfts- und Widerrufsrecht Sie haben jederzeit das Recht, sich unentgeltlich und unverz\u00fcglich \u00fcber die zu Ihrer Person erhobenen&#8230;<\/p>","protected":false},"author":958,"featured_media":0,"parent":0,"menu_order":0,"comment_status":"closed","ping_status":"closed","template":"","meta":{"_acf_changed":false,"_kad_post_transparent":"","_kad_post_title":"","_kad_post_layout":"default","_kad_post_sidebar_id":"","_kad_post_content_style":"","_kad_post_vertical_padding":"","_kad_post_feature":"","_kad_post_feature_position":"","_kad_post_header":false,"_kad_post_footer":false,"_kad_post_classname":"","footnotes":""},"class_list":["post-1332","page","type-page","status-publish","hentry"],"acf":[],"yoast_head":"<!-- This site is optimized with the Yoast SEO plugin v27.5 - https:\/\/yoast.com\/product\/yoast-seo-wordpress\/ -->\n<title>Impressum - Lemuria Institut by Dunia Anandara<\/title>\n<meta name=\"description\" content=\"Lemuria Institut f\u00fcr Frieden auf Erden. Beratung, Schulung und Friedensprojekte. Lemuria Akademie f\u00fcr 5.-dimensionale Forschung\" \/>\n<meta name=\"robots\" content=\"index, follow, max-snippet:-1, max-image-preview:large, max-video-preview:-1\" \/>\n<link rel=\"canonical\" href=\"https:\/\/sirlima.eu\/en\/impressum\/\" \/>\n<meta property=\"og:locale\" content=\"en_GB\" \/>\n<meta property=\"og:type\" content=\"article\" \/>\n<meta property=\"og:title\" content=\"Impressum - Lemuria Institut by Dunia Anandara\" \/>\n<meta property=\"og:description\" content=\"Lemuria Institut f\u00fcr Frieden auf Erden. Beratung, Schulung und Friedensprojekte. Lemuria Akademie f\u00fcr 5.-dimensionale Forschung\" \/>\n<meta property=\"og:url\" content=\"https:\/\/sirlima.eu\/en\/impressum\/\" \/>\n<meta property=\"og:site_name\" content=\"Lemuria Institut by Dunia Anandara\" \/>\n<meta property=\"article:modified_time\" content=\"2024-12-20T20:08:33+00:00\" \/>\n<meta name=\"twitter:card\" content=\"summary_large_image\" \/>\n<meta name=\"twitter:label1\" content=\"Estimated reading time\" \/>\n\t<meta name=\"twitter:data1\" content=\"1 minute\" \/>\n<script type=\"application\/ld+json\" class=\"yoast-schema-graph\">{\"@context\":\"https:\\\/\\\/schema.org\",\"@graph\":[{\"@type\":\"WebPage\",\"@id\":\"https:\\\/\\\/sirlima.eu\\\/impressum\\\/\",\"url\":\"https:\\\/\\\/sirlima.eu\\\/impressum\\\/\",\"name\":\"Impressum - Lemuria Institut by Dunia Anandara\",\"isPartOf\":{\"@id\":\"https:\\\/\\\/sirlima.eu\\\/#website\"},\"datePublished\":\"2021-03-11T18:25:01+00:00\",\"dateModified\":\"2024-12-20T20:08:33+00:00\",\"description\":\"Lemuria Institut f\u00fcr Frieden auf Erden. Beratung, Schulung und Friedensprojekte. Lemuria Akademie f\u00fcr 5.-dimensionale Forschung\",\"breadcrumb\":{\"@id\":\"https:\\\/\\\/sirlima.eu\\\/impressum\\\/#breadcrumb\"},\"inLanguage\":\"en-GB\",\"potentialAction\":[{\"@type\":\"ReadAction\",\"target\":[\"https:\\\/\\\/sirlima.eu\\\/impressum\\\/\"]}]},{\"@type\":\"BreadcrumbList\",\"@id\":\"https:\\\/\\\/sirlima.eu\\\/impressum\\\/#breadcrumb\",\"itemListElement\":[{\"@type\":\"ListItem\",\"position\":1,\"name\":\"Home\",\"item\":\"https:\\\/\\\/sirlima.eu\\\/\"},{\"@type\":\"ListItem\",\"position\":2,\"name\":\"Impressum\"}]},{\"@type\":\"WebSite\",\"@id\":\"https:\\\/\\\/sirlima.eu\\\/#website\",\"url\":\"https:\\\/\\\/sirlima.eu\\\/\",\"name\":\"Lemuria Institut by Dunia Anandara\",\"description\":\"Energetic-Natural-Spiritual Lemuria Lifestyle\",\"publisher\":{\"@id\":\"https:\\\/\\\/sirlima.eu\\\/#organization\"},\"potentialAction\":[{\"@type\":\"SearchAction\",\"target\":{\"@type\":\"EntryPoint\",\"urlTemplate\":\"https:\\\/\\\/sirlima.eu\\\/?s={search_term_string}\"},\"query-input\":{\"@type\":\"PropertyValueSpecification\",\"valueRequired\":true,\"valueName\":\"search_term_string\"}}],\"inLanguage\":\"en-GB\"},{\"@type\":\"Organization\",\"@id\":\"https:\\\/\\\/sirlima.eu\\\/#organization\",\"name\":\"Sirlima Lebensr\u00e4ume GbR\",\"url\":\"https:\\\/\\\/sirlima.eu\\\/\",\"logo\":{\"@type\":\"ImageObject\",\"inLanguage\":\"en-GB\",\"@id\":\"https:\\\/\\\/sirlima.eu\\\/#\\\/schema\\\/logo\\\/image\\\/\",\"url\":\"https:\\\/\\\/sirlima.eu\\\/wp-content\\\/uploads\\\/2021\\\/06\\\/cropped-2021-02-Logo-Sirlima.jpg\",\"contentUrl\":\"https:\\\/\\\/sirlima.eu\\\/wp-content\\\/uploads\\\/2021\\\/06\\\/cropped-2021-02-Logo-Sirlima.jpg\",\"width\":676,\"height\":443,\"caption\":\"Sirlima Lebensr\u00e4ume GbR\"},\"image\":{\"@id\":\"https:\\\/\\\/sirlima.eu\\\/#\\\/schema\\\/logo\\\/image\\\/\"}}]}<\/script>\n<!-- \/ Yoast SEO plugin. -->","yoast_head_json":{"title":"Impressum - Lemuria Institut by Dunia Anandara","description":"Lemuria Institut f\u00fcr Frieden auf Erden. Beratung, Schulung und Friedensprojekte. Lemuria Akademie f\u00fcr 5.-dimensionale Forschung","robots":{"index":"index","follow":"follow","max-snippet":"max-snippet:-1","max-image-preview":"max-image-preview:large","max-video-preview":"max-video-preview:-1"},"canonical":"https:\/\/sirlima.eu\/en\/impressum\/","og_locale":"en_GB","og_type":"article","og_title":"Impressum - Lemuria Institut by Dunia Anandara","og_description":"Lemuria Institut f\u00fcr Frieden auf Erden. Beratung, Schulung und Friedensprojekte. Lemuria Akademie f\u00fcr 5.-dimensionale Forschung","og_url":"https:\/\/sirlima.eu\/en\/impressum\/","og_site_name":"Lemuria Institut by Dunia Anandara","article_modified_time":"2024-12-20T20:08:33+00:00","twitter_card":"summary_large_image","twitter_misc":{"Estimated reading time":"1 minute"},"schema":{"@context":"https:\/\/schema.org","@graph":[{"@type":"WebPage","@id":"https:\/\/sirlima.eu\/impressum\/","url":"https:\/\/sirlima.eu\/impressum\/","name":"Impressum - Lemuria Institut by Dunia Anandara","isPartOf":{"@id":"https:\/\/sirlima.eu\/#website"},"datePublished":"2021-03-11T18:25:01+00:00","dateModified":"2024-12-20T20:08:33+00:00","description":"Lemuria Institut f\u00fcr Frieden auf Erden. Beratung, Schulung und Friedensprojekte. Lemuria Akademie f\u00fcr 5.-dimensionale Forschung","breadcrumb":{"@id":"https:\/\/sirlima.eu\/impressum\/#breadcrumb"},"inLanguage":"en-GB","potentialAction":[{"@type":"ReadAction","target":["https:\/\/sirlima.eu\/impressum\/"]}]},{"@type":"BreadcrumbList","@id":"https:\/\/sirlima.eu\/impressum\/#breadcrumb","itemListElement":[{"@type":"ListItem","position":1,"name":"Home","item":"https:\/\/sirlima.eu\/"},{"@type":"ListItem","position":2,"name":"Impressum"}]},{"@type":"WebSite","@id":"https:\/\/sirlima.eu\/#website","url":"https:\/\/sirlima.eu\/","name":"Lemuria Institut by Dunia Anandara","description":"Energetic-Natural-Spiritual Lemuria Lifestyle","publisher":{"@id":"https:\/\/sirlima.eu\/#organization"},"potentialAction":[{"@type":"SearchAction","target":{"@type":"EntryPoint","urlTemplate":"https:\/\/sirlima.eu\/?s={search_term_string}"},"query-input":{"@type":"PropertyValueSpecification","valueRequired":true,"valueName":"search_term_string"}}],"inLanguage":"en-GB"},{"@type":"Organization","@id":"https:\/\/sirlima.eu\/#organization","name":"Sirlima Lebensr\u00e4ume GbR","url":"https:\/\/sirlima.eu\/","logo":{"@type":"ImageObject","inLanguage":"en-GB","@id":"https:\/\/sirlima.eu\/#\/schema\/logo\/image\/","url":"https:\/\/sirlima.eu\/wp-content\/uploads\/2021\/06\/cropped-2021-02-Logo-Sirlima.jpg","contentUrl":"https:\/\/sirlima.eu\/wp-content\/uploads\/2021\/06\/cropped-2021-02-Logo-Sirlima.jpg","width":676,"height":443,"caption":"Sirlima Lebensr\u00e4ume GbR"},"image":{"@id":"https:\/\/sirlima.eu\/#\/schema\/logo\/image\/"}}]}},"_links":{"self":[{"href":"https:\/\/sirlima.eu\/en\/wp-json\/wp\/v2\/pages\/1332","targetHints":{"allow":["GET"]}}],"collection":[{"href":"https:\/\/sirlima.eu\/en\/wp-json\/wp\/v2\/pages"}],"about":[{"href":"https:\/\/sirlima.eu\/en\/wp-json\/wp\/v2\/types\/page"}],"author":[{"embeddable":true,"href":"https:\/\/sirlima.eu\/en\/wp-json\/wp\/v2\/users\/958"}],"replies":[{"embeddable":true,"href":"https:\/\/sirlima.eu\/en\/wp-json\/wp\/v2\/comments?post=1332"}],"version-history":[{"count":1,"href":"https:\/\/sirlima.eu\/en\/wp-json\/wp\/v2\/pages\/1332\/revisions"}],"predecessor-version":[{"id":20670,"href":"https:\/\/sirlima.eu\/en\/wp-json\/wp\/v2\/pages\/1332\/revisions\/20670"}],"wp:attachment":[{"href":"https:\/\/sirlima.eu\/en\/wp-json\/wp\/v2\/media?parent=1332"}],"curies":[{"name":"wp","href":"https:\/\/api.w.org\/{rel}","templated":true}]}}